{"id":23663,"date":"2025-04-28T11:20:27","date_gmt":"2025-04-28T15:20:27","guid":{"rendered":"https:\/\/af.ca\/ottawa\/?page_id=23663"},"modified":"2025-04-29T11:03:53","modified_gmt":"2025-04-29T15:03:53","slug":"eurovision","status":"publish","type":"page","link":"https:\/\/af.ca\/ottawa\/eurovision\/","title":{"rendered":"Eurovision"},"content":{"rendered":"<p><a href=\"https:\/\/af.ca\/ottawa\/wp-content\/uploads\/2025\/04\/eurovision-4.25-x-5.5-in.png\"><img loading=\"lazy\" decoding=\"async\" class=\"alignnone wp-image-23666\" src=\"https:\/\/af.ca\/ottawa\/wp-content\/uploads\/2025\/04\/eurovision-4.25-x-5.5-in-232x300.png\" alt=\"\" width=\"317\" height=\"410\" srcset=\"https:\/\/af.ca\/ottawa\/wp-content\/uploads\/2025\/04\/eurovision-4.25-x-5.5-in-232x300.png 232w, https:\/\/af.ca\/ottawa\/wp-content\/uploads\/2025\/04\/eurovision-4.25-x-5.5-in-791x1024.png 791w, https:\/\/af.ca\/ottawa\/wp-content\/uploads\/2025\/04\/eurovision-4.25-x-5.5-in-768x994.png 768w, https:\/\/af.ca\/ottawa\/wp-content\/uploads\/2025\/04\/eurovision-4.25-x-5.5-in-1187x1536.png 1187w, https:\/\/af.ca\/ottawa\/wp-content\/uploads\/2025\/04\/eurovision-4.25-x-5.5-in.png 1275w\" sizes=\"auto, (max-width: 317px) 100vw, 317px\" \/><\/a><\/p>\n<div data-olk-copy-source=\"MessageBody\">Vivez le Concours Eurovision de la chanson en direct au Club SAW avec la fabuleuse drag queen acadienne Sami Landri, connu surtout pour ses capsules humoristiques sur les r\u00e9seaux sociaux, o\u00f9 il compte plus de 400 000 abonn\u00e9s. Le DJ Matelot Max va mettre l\u2019ambiance avec un karaok\u00e9 pop-up tout au long de l&rsquo;\u00e9v\u00e9nement. Des heures de folie vous attendent, entre performances, karaok\u00e9 et bingo !<\/div>\n<div data-olk-copy-source=\"MessageBody\"><\/div>\n<div>Billets en pr\u00e9vente 20 $<\/div>\n<div><\/div>\n<div data-olk-copy-source=\"MessageBody\">Pr\u00e9sent\u00e9 par : Alliance Fran\u00e7aise + SAW<br \/>\nOfficial Beer Sponsor \/ Commanditaire officiel de bi\u00e8re : Dominion City Brewing Co.<br \/>\nPartners \/ Partenaires : Embassy of Switzerland in Canada \/ Ambassade de Suisse au Canada, Goethe-Institut Ottawa, Austrian Cultural Forum Ottawa + Embassy of Denmark \/ Ambassade du Danemark<\/div>\n<p>&nbsp;<\/p>\n<p><a href=\"https:\/\/www.eventbrite.ca\/e\/eurovision-tickets-1312146769309?aff=oddtdtcreator\"><img loading=\"lazy\" decoding=\"async\" class=\"alignnone wp-image-18690\" src=\"https:\/\/af.ca\/ottawa\/wp-content\/uploads\/2022\/08\/Bouton-site-internet-fr-300x47.png\" sizes=\"auto, (max-width: 377px) 100vw, 377px\" srcset=\"https:\/\/af.ca\/ottawa\/wp-content\/uploads\/2022\/08\/Bouton-site-internet-fr-300x47.png 300w, https:\/\/af.ca\/ottawa\/wp-content\/uploads\/2022\/08\/Bouton-site-internet-fr-768x120.png 768w, https:\/\/af.ca\/ottawa\/wp-content\/uploads\/2022\/08\/Bouton-site-internet-fr.png 827w\" alt=\"\" width=\"377\" height=\"59\" \/><\/a><\/p>\n<p>&nbsp;<\/p>\n<p>&nbsp;<\/p>\n","protected":false},"excerpt":{"rendered":"<p>Vivez le Concours Eurovision de la chanson en direct au Club SAW avec la fabuleuse drag queen acadienne Sami Landri, connu surtout pour ses capsules humoristiques sur les r\u00e9seaux sociaux, o\u00f9 il compte plus de 400 000 abonn\u00e9s. Le DJ Matelot Max va mettre l\u2019ambiance avec un karaok\u00e9 pop-up tout au long de l&rsquo;\u00e9v\u00e9nement. Des&#8230;<\/p>\n<p><a class=\"button invert-primary\" href=\"https:\/\/af.ca\/ottawa\/eurovision\/\">En savoir plus<\/a><\/p>\n","protected":false},"author":3,"featured_media":0,"parent":0,"menu_order":5,"comment_status":"closed","ping_status":"closed","template":"","meta":{"_acf_changed":false,"om_disable_all_campaigns":false,"_monsterinsights_skip_tracking":false,"_monsterinsights_sitenote_active":false,"_monsterinsights_sitenote_note":"","_monsterinsights_sitenote_category":0,"footnotes":""},"class_list":["post-23663","page","type-page","status-publish","hentry"],"acf":[],"yoast_head":"<!-- This site is optimized with the Yoast SEO plugin v27.4 - https:\/\/yoast.com\/product\/yoast-seo-wordpress\/ -->\n<title>Eurovision - Alliance Fran\u00e7aise Ottawa<\/title>\n<meta name=\"robots\" content=\"index, follow, max-snippet:-1, max-image-preview:large, max-video-preview:-1\" \/>\n<link rel=\"canonical\" href=\"https:\/\/af.ca\/ottawa\/eurovision\/\" \/>\n<meta property=\"og:locale\" content=\"fr_FR\" \/>\n<meta property=\"og:type\" content=\"article\" \/>\n<meta property=\"og:title\" content=\"Eurovision - Alliance Fran\u00e7aise Ottawa\" \/>\n<meta property=\"og:description\" content=\"Vivez le Concours Eurovision de la chanson en direct au Club SAW avec la fabuleuse drag queen acadienne Sami Landri, connu surtout pour ses capsules humoristiques sur les r\u00e9seaux sociaux, o\u00f9 il compte plus de 400 000 abonn\u00e9s. Le DJ Matelot Max va mettre l\u2019ambiance avec un karaok\u00e9 pop-up tout au long de l&rsquo;\u00e9v\u00e9nement. Des...En savoir plus\" \/>\n<meta property=\"og:url\" content=\"https:\/\/af.ca\/ottawa\/eurovision\/\" \/>\n<meta property=\"og:site_name\" content=\"Alliance Fran\u00e7aise Ottawa\" \/>\n<meta property=\"article:modified_time\" content=\"2025-04-29T15:03:53+00:00\" \/>\n<meta property=\"og:image\" content=\"https:\/\/af.ca\/ottawa\/wp-content\/uploads\/2025\/04\/eurovision-4.25-x-5.5-in-791x1024.png\" \/>\n\t<meta property=\"og:image:width\" content=\"791\" \/>\n\t<meta property=\"og:image:height\" content=\"1024\" \/>\n\t<meta property=\"og:image:type\" content=\"image\/png\" \/>\n<meta name=\"twitter:card\" content=\"summary_large_image\" \/>\n<meta name=\"twitter:label1\" content=\"Dur\u00e9e de lecture estim\u00e9e\" \/>\n\t<meta name=\"twitter:data1\" content=\"1 minute\" \/>\n<script type=\"application\/ld+json\" class=\"yoast-schema-graph\">{\"@context\":\"https:\\\/\\\/schema.org\",\"@graph\":[{\"@type\":\"WebPage\",\"@id\":\"https:\\\/\\\/af.ca\\\/ottawa\\\/eurovision\\\/\",\"url\":\"https:\\\/\\\/af.ca\\\/ottawa\\\/eurovision\\\/\",\"name\":\"Eurovision - Alliance Fran\u00e7aise Ottawa\",\"isPartOf\":{\"@id\":\"https:\\\/\\\/af.ca\\\/ottawa\\\/#website\"},\"primaryImageOfPage\":{\"@id\":\"https:\\\/\\\/af.ca\\\/ottawa\\\/eurovision\\\/#primaryimage\"},\"image\":{\"@id\":\"https:\\\/\\\/af.ca\\\/ottawa\\\/eurovision\\\/#primaryimage\"},\"thumbnailUrl\":\"https:\\\/\\\/af.ca\\\/ottawa\\\/wp-content\\\/uploads\\\/2025\\\/04\\\/eurovision-4.25-x-5.5-in-232x300.png\",\"datePublished\":\"2025-04-28T15:20:27+00:00\",\"dateModified\":\"2025-04-29T15:03:53+00:00\",\"breadcrumb\":{\"@id\":\"https:\\\/\\\/af.ca\\\/ottawa\\\/eurovision\\\/#breadcrumb\"},\"inLanguage\":\"fr-FR\",\"potentialAction\":[{\"@type\":\"ReadAction\",\"target\":[\"https:\\\/\\\/af.ca\\\/ottawa\\\/eurovision\\\/\"]}]},{\"@type\":\"ImageObject\",\"inLanguage\":\"fr-FR\",\"@id\":\"https:\\\/\\\/af.ca\\\/ottawa\\\/eurovision\\\/#primaryimage\",\"url\":\"https:\\\/\\\/af.ca\\\/ottawa\\\/wp-content\\\/uploads\\\/2025\\\/04\\\/eurovision-4.25-x-5.5-in.png\",\"contentUrl\":\"https:\\\/\\\/af.ca\\\/ottawa\\\/wp-content\\\/uploads\\\/2025\\\/04\\\/eurovision-4.25-x-5.5-in.png\",\"width\":1275,\"height\":1650},{\"@type\":\"BreadcrumbList\",\"@id\":\"https:\\\/\\\/af.ca\\\/ottawa\\\/eurovision\\\/#breadcrumb\",\"itemListElement\":[{\"@type\":\"ListItem\",\"position\":1,\"name\":\"Home\",\"item\":\"https:\\\/\\\/af.ca\\\/ottawa\\\/\"},{\"@type\":\"ListItem\",\"position\":2,\"name\":\"Eurovision\"}]},{\"@type\":\"WebSite\",\"@id\":\"https:\\\/\\\/af.ca\\\/ottawa\\\/#website\",\"url\":\"https:\\\/\\\/af.ca\\\/ottawa\\\/\",\"name\":\"Alliance Fran\u00e7aise Ottawa\",\"description\":\"\u00c9cole de langue fran\u00e7aise et centre culturel\",\"potentialAction\":[{\"@type\":\"SearchAction\",\"target\":{\"@type\":\"EntryPoint\",\"urlTemplate\":\"https:\\\/\\\/af.ca\\\/ottawa\\\/?s={search_term_string}\"},\"query-input\":{\"@type\":\"PropertyValueSpecification\",\"valueRequired\":true,\"valueName\":\"search_term_string\"}}],\"inLanguage\":\"fr-FR\"}]}<\/script>\n<!-- \/ Yoast SEO plugin. -->","yoast_head_json":{"title":"Eurovision - Alliance Fran\u00e7aise Ottawa","robots":{"index":"index","follow":"follow","max-snippet":"max-snippet:-1","max-image-preview":"max-image-preview:large","max-video-preview":"max-video-preview:-1"},"canonical":"https:\/\/af.ca\/ottawa\/eurovision\/","og_locale":"fr_FR","og_type":"article","og_title":"Eurovision - Alliance Fran\u00e7aise Ottawa","og_description":"Vivez le Concours Eurovision de la chanson en direct au Club SAW avec la fabuleuse drag queen acadienne Sami Landri, connu surtout pour ses capsules humoristiques sur les r\u00e9seaux sociaux, o\u00f9 il compte plus de 400 000 abonn\u00e9s. Le DJ Matelot Max va mettre l\u2019ambiance avec un karaok\u00e9 pop-up tout au long de l&rsquo;\u00e9v\u00e9nement. Des...En savoir plus","og_url":"https:\/\/af.ca\/ottawa\/eurovision\/","og_site_name":"Alliance Fran\u00e7aise Ottawa","article_modified_time":"2025-04-29T15:03:53+00:00","og_image":[{"width":791,"height":1024,"url":"https:\/\/af.ca\/ottawa\/wp-content\/uploads\/2025\/04\/eurovision-4.25-x-5.5-in-791x1024.png","type":"image\/png"}],"twitter_card":"summary_large_image","twitter_misc":{"Dur\u00e9e de lecture estim\u00e9e":"1 minute"},"schema":{"@context":"https:\/\/schema.org","@graph":[{"@type":"WebPage","@id":"https:\/\/af.ca\/ottawa\/eurovision\/","url":"https:\/\/af.ca\/ottawa\/eurovision\/","name":"Eurovision - Alliance Fran\u00e7aise Ottawa","isPartOf":{"@id":"https:\/\/af.ca\/ottawa\/#website"},"primaryImageOfPage":{"@id":"https:\/\/af.ca\/ottawa\/eurovision\/#primaryimage"},"image":{"@id":"https:\/\/af.ca\/ottawa\/eurovision\/#primaryimage"},"thumbnailUrl":"https:\/\/af.ca\/ottawa\/wp-content\/uploads\/2025\/04\/eurovision-4.25-x-5.5-in-232x300.png","datePublished":"2025-04-28T15:20:27+00:00","dateModified":"2025-04-29T15:03:53+00:00","breadcrumb":{"@id":"https:\/\/af.ca\/ottawa\/eurovision\/#breadcrumb"},"inLanguage":"fr-FR","potentialAction":[{"@type":"ReadAction","target":["https:\/\/af.ca\/ottawa\/eurovision\/"]}]},{"@type":"ImageObject","inLanguage":"fr-FR","@id":"https:\/\/af.ca\/ottawa\/eurovision\/#primaryimage","url":"https:\/\/af.ca\/ottawa\/wp-content\/uploads\/2025\/04\/eurovision-4.25-x-5.5-in.png","contentUrl":"https:\/\/af.ca\/ottawa\/wp-content\/uploads\/2025\/04\/eurovision-4.25-x-5.5-in.png","width":1275,"height":1650},{"@type":"BreadcrumbList","@id":"https:\/\/af.ca\/ottawa\/eurovision\/#breadcrumb","itemListElement":[{"@type":"ListItem","position":1,"name":"Home","item":"https:\/\/af.ca\/ottawa\/"},{"@type":"ListItem","position":2,"name":"Eurovision"}]},{"@type":"WebSite","@id":"https:\/\/af.ca\/ottawa\/#website","url":"https:\/\/af.ca\/ottawa\/","name":"Alliance Fran\u00e7aise Ottawa","description":"\u00c9cole de langue fran\u00e7aise et centre culturel","potentialAction":[{"@type":"SearchAction","target":{"@type":"EntryPoint","urlTemplate":"https:\/\/af.ca\/ottawa\/?s={search_term_string}"},"query-input":{"@type":"PropertyValueSpecification","valueRequired":true,"valueName":"search_term_string"}}],"inLanguage":"fr-FR"}]}},"blog_post_layout_featured_media_urls":{"thumbnail":"","full":""},"categories_names":null,"comments_number":"0","_links":{"self":[{"href":"https:\/\/af.ca\/ottawa\/wp-json\/wp\/v2\/pages\/23663","targetHints":{"allow":["GET"]}}],"collection":[{"href":"https:\/\/af.ca\/ottawa\/wp-json\/wp\/v2\/pages"}],"about":[{"href":"https:\/\/af.ca\/ottawa\/wp-json\/wp\/v2\/types\/page"}],"author":[{"embeddable":true,"href":"https:\/\/af.ca\/ottawa\/wp-json\/wp\/v2\/users\/3"}],"replies":[{"embeddable":true,"href":"https:\/\/af.ca\/ottawa\/wp-json\/wp\/v2\/comments?post=23663"}],"version-history":[{"count":5,"href":"https:\/\/af.ca\/ottawa\/wp-json\/wp\/v2\/pages\/23663\/revisions"}],"predecessor-version":[{"id":23690,"href":"https:\/\/af.ca\/ottawa\/wp-json\/wp\/v2\/pages\/23663\/revisions\/23690"}],"wp:attachment":[{"href":"https:\/\/af.ca\/ottawa\/wp-json\/wp\/v2\/media?parent=23663"}],"curies":[{"name":"wp","href":"https:\/\/api.w.org\/{rel}","templated":true}]}}