{"id":2375,"date":"2024-03-19T13:51:51","date_gmt":"2024-03-19T17:51:51","guid":{"rendered":"https:\/\/af.ca\/ottawa\/?page_id=2375"},"modified":"2026-03-31T10:45:43","modified_gmt":"2026-03-31T14:45:43","slug":"cours-de-francais","status":"publish","type":"page","link":"https:\/\/af.ca\/ottawa\/cours-de-francais\/","title":{"rendered":"Cours de fran\u00e7ais"},"content":{"rendered":"\r\n<p>&nbsp;<\/p>\r\n\r\n<h2>Apprendre le fran\u00e7ais \u00e0 l\u2019Alliance Fran\u00e7aise Ottawa<\/h2>\r\n<p>&nbsp;<\/p>\r\n<p><span style=\"color: #ff0000;\"><strong>\u00a0CALENDRIERS :<\/strong><\/span><\/p>\r\n<ul>\r\n<li><span style=\"color: #ff0000;\"><a style=\"color: #ff0000;\" href=\"https:\/\/af.ca\/ottawa\/wp-content\/uploads\/2026\/03\/Calendrier-General-French-SPRING-2-2026-VF.pdf\"><strong>COURS DE FRAN\u00c7AIS G\u00c9N\u00c9RAL DE LA SESSION SPRING 2- 2026<\/strong><\/a><\/span><\/li>\r\n<li><span style=\"color: #ff0000;\"><a style=\"color: #ff0000;\" href=\"https:\/\/af.ca\/ottawa\/wp-content\/uploads\/2026\/03\/Calendrier-Ateliers-SPRING-2-2026-VF.pdf\"><strong>ATELIERS SPRING 2- 2026<\/strong><\/a><\/span><\/li>\r\n<\/ul>\r\n<h3><a href=\"https:\/\/af.ca\/ottawa\/wp-content\/uploads\/2021\/07\/02I20740.jpg\"><img loading=\"lazy\" decoding=\"async\" class=\"wp-image-15351 alignnone\" src=\"https:\/\/af.ca\/ottawa\/wp-content\/uploads\/2021\/07\/02I20740.jpg\" alt=\"cours de fran\u00e7ais\" width=\"328\" height=\"133\" srcset=\"https:\/\/af.ca\/ottawa\/wp-content\/uploads\/2021\/07\/02I20740.jpg 414w, https:\/\/af.ca\/ottawa\/wp-content\/uploads\/2021\/07\/02I20740-300x122.jpg 300w\" sizes=\"auto, (max-width: 328px) 100vw, 328px\" \/><\/a><\/h3>\r\n<p>L&rsquo;Alliance Fran\u00e7aise Ottawa offre une <strong>gamme \u00e9tendue de cours de fran\u00e7ais en ligne<\/strong> pour tous les apprenants, <strong>du niveau d\u00e9butant au niveau avanc\u00e9<\/strong>. Que vous cherchiez \u00e0 apprendre le fran\u00e7ais, \u00e0 vous perfectionner dans une comp\u00e9tence sp\u00e9cifique, \u00e0 maintenir votre niveau de fran\u00e7ais, ou \u00e0 pratiquer avant un examen, nos cours de fran\u00e7ais sont faits pour vous.<\/p>\r\n<p><a href=\"https:\/\/af.ca\/ottawa\/wp-content\/uploads\/2026\/03\/Screenshot-2026-03-31-104456.png\"><img loading=\"lazy\" decoding=\"async\" class=\"alignnone  wp-image-25309\" src=\"https:\/\/af.ca\/ottawa\/wp-content\/uploads\/2026\/03\/Screenshot-2026-03-31-104456-300x125.png\" alt=\"\" width=\"1303\" height=\"543\" srcset=\"https:\/\/af.ca\/ottawa\/wp-content\/uploads\/2026\/03\/Screenshot-2026-03-31-104456-300x125.png 300w, https:\/\/af.ca\/ottawa\/wp-content\/uploads\/2026\/03\/Screenshot-2026-03-31-104456-1024x427.png 1024w, https:\/\/af.ca\/ottawa\/wp-content\/uploads\/2026\/03\/Screenshot-2026-03-31-104456-768x320.png 768w, https:\/\/af.ca\/ottawa\/wp-content\/uploads\/2026\/03\/Screenshot-2026-03-31-104456.png 1277w\" sizes=\"auto, (max-width: 1303px) 100vw, 1303px\" \/><\/a><\/p>\r\n<p>&nbsp;<\/p>\r\n<h2>Programmes reconnus internationalement pour apprendre le fran\u00e7ais<\/h2>\r\n<p>Nos cours sont align\u00e9s sur le <a href=\"https:\/\/www.coe.int\/fr\/web\/common-european-framework-reference-languages\/level-descriptions\" target=\"_blank\" rel=\"noopener noreferrer\">Cadre Europ\u00e9en Commun de R\u00e9f\u00e9rence pour les Langues (CECR)<\/a>, outil de r\u00e9f\u00e9rence dans les domaines de l\u2019apprentissage et de l\u2019enseignement des langues partout dans le monde, adopt\u00e9 par des institutions reconnues telles que le British Council, le Goethe Institut et L\u2019Instituto Cervantes.<\/p>\r\n<h2>Des enseignants qualifi\u00e9s et exp\u00e9riment\u00e9s pour apprendre le fran\u00e7ais<\/h2>\r\n<p>L\u2019Alliance Fran\u00e7aise Ottawa offre un <strong>enseignement de qualit\u00e9<\/strong>, dispens\u00e9 par des enseignants s\u00e9lectionn\u00e9s avec soin, hautement qualifi\u00e9s, passionn\u00e9s de langue fran\u00e7aise, et experts en \u00e9ducation et enseignement fran\u00e7ais langue seconde. Ils utilisent au quotidien tous les <strong>outils num\u00e9riques<\/strong> modernes qui favorisent l\u2019apprentissage : tableaux num\u00e9riques interactifs, tablettes, plateformes d\u2019apprentissage en ligne, ressources num\u00e9riques, etc.<\/p>\r\n<h2>Des programmes de qualit\u00e9 pour apprendre le fran\u00e7ais<\/h2>\r\n<p>L\u2019Alliance Fran\u00e7aise Ottawa propose un <strong>apprentissage bas\u00e9 sur la communication<\/strong>, pour progresser dans les quatre comp\u00e9tences de <strong>communication<\/strong>\u00a0(parler, \u00e9couter, \u00e9crire et lire), des <strong>ateliers sp\u00e9cifiques<\/strong> pour approfondir certains aspects langagiers ou de communication orale (<a href=\"https:\/\/af.ca\/ottawa\/cours\/les-ateliers-de-conversation-en-francais\/\" target=\"_blank\" rel=\"noopener\">la conversation<\/a>, <a href=\"https:\/\/af.ca\/ottawa\/cours\/atelier-de-conversation-en-francais\/#\/\" target=\"_blank\" rel=\"noopener\">la grammaire<\/a>, <a href=\"https:\/\/af.ca\/ottawa\/cours\/atelier-de-conversation-en-francais\/#\/\" target=\"_blank\" rel=\"noopener\">B2 avanc\u00e9<\/a>) et des <a href=\"https:\/\/af.ca\/ottawa\/fonction-publique\/cours-de-preparation-aux-test-federaux\/\" target=\"_blank\" rel=\"noopener\">cours de pr\u00e9paration aux examens<\/a> (tests de comp\u00e9tences en fran\u00e7ais langue seconde pour la fonction publique canadienne). Pour favoriser la communication, l\u2019interaction entre apprenants et assurer des cours de qualit\u00e9, nos classes se composent de groupes de taille r\u00e9duite.<\/p>\r\n<p>L&rsquo;Alliance Fran\u00e7aise Ottawa est un <a href=\"https:\/\/af.ca\/ottawa\/tests-et-examens\/\" target=\"_blank\" rel=\"noopener\"><strong>centre d&rsquo;examen officiel <\/strong><\/a><strong>pour plusieurs tests de dipl\u00f4mes<\/strong> internationalement reconnus, et peut vous apporter son expertise dans l&rsquo;\u00e9valuation du niveau de comp\u00e9tence en fran\u00e7ais.<\/p>\r\n<h2>M\u00e9diath\u00e8que<\/h2>\r\n<p>Acc\u00e8s gratuit \u00e0 la <a href=\"https:\/\/af.ca\/ottawa\/culture\/mediatheque\/\" target=\"_blank\" rel=\"noopener\">m\u00e9diath\u00e8que<\/a> pour consulter et emprunter livres d\u2019apprentissage, \u0153uvres litt\u00e9raires et DVDs, mais aussi pour \u00e9tudier dans un espace de vie convivial.<\/p>\r\n<p>Acc\u00e8s gratuit \u00e9galement \u00e0 la biblioth\u00e8que num\u00e9rique <a href=\"https:\/\/af.ca\/ottawa\/culture\/culturetheque\/\" target=\"_blank\" rel=\"noopener\"><em>Cultureth\u00e8que<\/em><\/a> : grands titres de la presse fran\u00e7aise, bandes dessin\u00e9es, albums de musique, romans, et bien plus ! Toutes les \u0153uvres sont disponibles en acc\u00e8s en ligne de mani\u00e8re permanente et certaines. Tous les livres sont accessibles en t\u00e9l\u00e9chargement. Toute la biblioth\u00e8que est accessible via smartphone, tablette, liseuse ou n&rsquo;importe quel ordinateur. Ces acc\u00e8s sont inclus dans votre inscription aux cours.<\/p>\r\n<h2>Alliance Fran\u00e7aise, un organisme canadien \u00e0 but non lucratif<\/h2>\r\n<p>Les frais d\u2019inscription aux cours de fran\u00e7ais \u00e0 l\u2019Alliance Fran\u00e7aise Ottawa donnent droit \u00e0 des d\u00e9ductions d\u2019imp\u00f4ts. La facture de vos cours suffit et vous pouvez la joindre \u00e0 vos d\u00e9clarations de revenus.<\/p>\r\n<h2>Et bien plus encore\u2026<\/h2>\r\n<p>L\u2019Alliance Fran\u00e7aise Ottawa est aussi un centre culturel et vous propose tout au long de l\u2019ann\u00e9e, <a href=\"https:\/\/af.ca\/ottawa\/culture\/agenda\/\" target=\"_blank\" rel=\"noopener\">diff\u00e9rentes activit\u00e9s<\/a>\u00a0! Entre s\u00e9ances de cin\u00e9ma, concerts, conf\u00e9rences, soir\u00e9es jeux et expositions\u00a0; entre \u0153uvres classiques, faits historiques et \u0153uvres contemporaines, l\u2019Alliance Fran\u00e7aise Ottawa vous donne l\u2019occasion de pratiquer le fran\u00e7ais autrement !<\/p>","protected":false},"excerpt":{"rendered":"<p>&nbsp; Apprendre le fran\u00e7ais \u00e0 l\u2019Alliance Fran\u00e7aise Ottawa &nbsp; \u00a0CALENDRIERS : COURS DE FRAN\u00c7AIS G\u00c9N\u00c9RAL DE LA SESSION SPRING 2- 2026 ATELIERS SPRING 2- 2026 L&rsquo;Alliance Fran\u00e7aise Ottawa offre une gamme \u00e9tendue de cours de fran\u00e7ais en ligne pour tous les apprenants, du niveau d\u00e9butant au niveau avanc\u00e9. Que vous cherchiez \u00e0 apprendre le fran\u00e7ais,&#8230;<\/p>\n<p><a class=\"button invert-primary\" href=\"https:\/\/af.ca\/ottawa\/cours-de-francais\/\">En savoir plus<\/a><\/p>\n","protected":false},"author":6,"featured_media":2628,"parent":0,"menu_order":224,"comment_status":"closed","ping_status":"closed","template":"templates\/sections-cours.php","meta":{"_acf_changed":false,"om_disable_all_campaigns":false,"_monsterinsights_skip_tracking":false,"_monsterinsights_sitenote_active":false,"_monsterinsights_sitenote_note":"","_monsterinsights_sitenote_category":0,"footnotes":""},"class_list":["post-2375","page","type-page","status-publish","has-post-thumbnail","hentry"],"acf":[],"yoast_head":"<!-- This site is optimized with the Yoast SEO plugin v27.3 - https:\/\/yoast.com\/product\/yoast-seo-wordpress\/ -->\n<title>Cours de Fran\u00e7ais - Apprendre le Fran\u00e7ais - Alliance Fran\u00e7aise Ottawa<\/title>\n<meta name=\"description\" content=\"Cours de fran\u00e7ais. Apprendre le fran\u00e7ais \u00e0 l&#039;Alliance Fran\u00e7aise Ottawa est un bon choix pour ma\u00eetriser le fran\u00e7ais. Parler fran\u00e7ais avec aisance.\" \/>\n<meta name=\"robots\" content=\"index, follow, max-snippet:-1, max-image-preview:large, max-video-preview:-1\" \/>\n<link rel=\"canonical\" href=\"https:\/\/af.ca\/ottawa\/cours-de-francais\/\" \/>\n<meta property=\"og:locale\" content=\"fr_FR\" \/>\n<meta property=\"og:type\" content=\"article\" \/>\n<meta property=\"og:title\" content=\"Learn French in Ottawa\" \/>\n<meta property=\"og:description\" content=\"Learn French with the Alliance Francaise Ottawa\" \/>\n<meta property=\"og:url\" content=\"https:\/\/af.ca\/ottawa\/cours-de-francais\/\" \/>\n<meta property=\"og:site_name\" content=\"Alliance Fran\u00e7aise Ottawa\" \/>\n<meta property=\"article:modified_time\" content=\"2026-03-31T14:45:43+00:00\" \/>\n<meta property=\"og:image\" content=\"https:\/\/af.ca\/ottawa\/wp-content\/uploads\/2022\/07\/Learn-French-Ottawa.png\" \/>\n\t<meta property=\"og:image:width\" content=\"1080\" \/>\n\t<meta property=\"og:image:height\" content=\"1080\" \/>\n\t<meta property=\"og:image:type\" content=\"image\/png\" \/>\n<meta name=\"twitter:card\" content=\"summary_large_image\" \/>\n<meta name=\"twitter:title\" content=\"Learn French in Ottawa\" \/>\n<meta name=\"twitter:description\" content=\"Learn French with the Alliance Francaise Ottawa\" \/>\n<meta name=\"twitter:image\" content=\"https:\/\/af.ca\/ottawa\/wp-content\/uploads\/2022\/07\/Learn-French-Ottawa.png\" \/>\n<meta name=\"twitter:label1\" content=\"Dur\u00e9e de lecture estim\u00e9e\" \/>\n\t<meta name=\"twitter:data1\" content=\"3 minutes\" \/>\n<script type=\"application\/ld+json\" class=\"yoast-schema-graph\">{\"@context\":\"https:\\\/\\\/schema.org\",\"@graph\":[{\"@type\":\"WebPage\",\"@id\":\"https:\\\/\\\/af.ca\\\/ottawa\\\/cours-de-francais\\\/\",\"url\":\"https:\\\/\\\/af.ca\\\/ottawa\\\/cours-de-francais\\\/\",\"name\":\"Cours de Fran\u00e7ais - Apprendre le Fran\u00e7ais - Alliance Fran\u00e7aise Ottawa\",\"isPartOf\":{\"@id\":\"https:\\\/\\\/af.ca\\\/ottawa\\\/#website\"},\"primaryImageOfPage\":{\"@id\":\"https:\\\/\\\/af.ca\\\/ottawa\\\/cours-de-francais\\\/#primaryimage\"},\"image\":{\"@id\":\"https:\\\/\\\/af.ca\\\/ottawa\\\/cours-de-francais\\\/#primaryimage\"},\"thumbnailUrl\":\"https:\\\/\\\/af.ca\\\/ottawa\\\/wp-content\\\/uploads\\\/2018\\\/08\\\/header.jpg\",\"datePublished\":\"2024-03-19T17:51:51+00:00\",\"dateModified\":\"2026-03-31T14:45:43+00:00\",\"description\":\"Cours de fran\u00e7ais. Apprendre le fran\u00e7ais \u00e0 l'Alliance Fran\u00e7aise Ottawa est un bon choix pour ma\u00eetriser le fran\u00e7ais. Parler fran\u00e7ais avec aisance.\",\"breadcrumb\":{\"@id\":\"https:\\\/\\\/af.ca\\\/ottawa\\\/cours-de-francais\\\/#breadcrumb\"},\"inLanguage\":\"fr-FR\",\"potentialAction\":[{\"@type\":\"ReadAction\",\"target\":[\"https:\\\/\\\/af.ca\\\/ottawa\\\/cours-de-francais\\\/\"]}]},{\"@type\":\"ImageObject\",\"inLanguage\":\"fr-FR\",\"@id\":\"https:\\\/\\\/af.ca\\\/ottawa\\\/cours-de-francais\\\/#primaryimage\",\"url\":\"https:\\\/\\\/af.ca\\\/ottawa\\\/wp-content\\\/uploads\\\/2018\\\/08\\\/header.jpg\",\"contentUrl\":\"https:\\\/\\\/af.ca\\\/ottawa\\\/wp-content\\\/uploads\\\/2018\\\/08\\\/header.jpg\",\"width\":1500,\"height\":168},{\"@type\":\"BreadcrumbList\",\"@id\":\"https:\\\/\\\/af.ca\\\/ottawa\\\/cours-de-francais\\\/#breadcrumb\",\"itemListElement\":[{\"@type\":\"ListItem\",\"position\":1,\"name\":\"Home\",\"item\":\"https:\\\/\\\/af.ca\\\/ottawa\\\/\"},{\"@type\":\"ListItem\",\"position\":2,\"name\":\"Cours de fran\u00e7ais\"}]},{\"@type\":\"WebSite\",\"@id\":\"https:\\\/\\\/af.ca\\\/ottawa\\\/#website\",\"url\":\"https:\\\/\\\/af.ca\\\/ottawa\\\/\",\"name\":\"Alliance Fran\u00e7aise Ottawa\",\"description\":\"\u00c9cole de langue fran\u00e7aise et centre culturel\",\"potentialAction\":[{\"@type\":\"SearchAction\",\"target\":{\"@type\":\"EntryPoint\",\"urlTemplate\":\"https:\\\/\\\/af.ca\\\/ottawa\\\/?s={search_term_string}\"},\"query-input\":{\"@type\":\"PropertyValueSpecification\",\"valueRequired\":true,\"valueName\":\"search_term_string\"}}],\"inLanguage\":\"fr-FR\"}]}<\/script>\n<!-- \/ Yoast SEO plugin. -->","yoast_head_json":{"title":"Cours de Fran\u00e7ais - Apprendre le Fran\u00e7ais - Alliance Fran\u00e7aise Ottawa","description":"Cours de fran\u00e7ais. Apprendre le fran\u00e7ais \u00e0 l'Alliance Fran\u00e7aise Ottawa est un bon choix pour ma\u00eetriser le fran\u00e7ais. Parler fran\u00e7ais avec aisance.","robots":{"index":"index","follow":"follow","max-snippet":"max-snippet:-1","max-image-preview":"max-image-preview:large","max-video-preview":"max-video-preview:-1"},"canonical":"https:\/\/af.ca\/ottawa\/cours-de-francais\/","og_locale":"fr_FR","og_type":"article","og_title":"Learn French in Ottawa","og_description":"Learn French with the Alliance Francaise Ottawa","og_url":"https:\/\/af.ca\/ottawa\/cours-de-francais\/","og_site_name":"Alliance Fran\u00e7aise Ottawa","article_modified_time":"2026-03-31T14:45:43+00:00","og_image":[{"width":1080,"height":1080,"url":"https:\/\/af.ca\/ottawa\/wp-content\/uploads\/2022\/07\/Learn-French-Ottawa.png","type":"image\/png"}],"twitter_card":"summary_large_image","twitter_title":"Learn French in Ottawa","twitter_description":"Learn French with the Alliance Francaise Ottawa","twitter_image":"https:\/\/af.ca\/ottawa\/wp-content\/uploads\/2022\/07\/Learn-French-Ottawa.png","twitter_misc":{"Dur\u00e9e de lecture estim\u00e9e":"3 minutes"},"schema":{"@context":"https:\/\/schema.org","@graph":[{"@type":"WebPage","@id":"https:\/\/af.ca\/ottawa\/cours-de-francais\/","url":"https:\/\/af.ca\/ottawa\/cours-de-francais\/","name":"Cours de Fran\u00e7ais - Apprendre le Fran\u00e7ais - Alliance Fran\u00e7aise Ottawa","isPartOf":{"@id":"https:\/\/af.ca\/ottawa\/#website"},"primaryImageOfPage":{"@id":"https:\/\/af.ca\/ottawa\/cours-de-francais\/#primaryimage"},"image":{"@id":"https:\/\/af.ca\/ottawa\/cours-de-francais\/#primaryimage"},"thumbnailUrl":"https:\/\/af.ca\/ottawa\/wp-content\/uploads\/2018\/08\/header.jpg","datePublished":"2024-03-19T17:51:51+00:00","dateModified":"2026-03-31T14:45:43+00:00","description":"Cours de fran\u00e7ais. Apprendre le fran\u00e7ais \u00e0 l'Alliance Fran\u00e7aise Ottawa est un bon choix pour ma\u00eetriser le fran\u00e7ais. Parler fran\u00e7ais avec aisance.","breadcrumb":{"@id":"https:\/\/af.ca\/ottawa\/cours-de-francais\/#breadcrumb"},"inLanguage":"fr-FR","potentialAction":[{"@type":"ReadAction","target":["https:\/\/af.ca\/ottawa\/cours-de-francais\/"]}]},{"@type":"ImageObject","inLanguage":"fr-FR","@id":"https:\/\/af.ca\/ottawa\/cours-de-francais\/#primaryimage","url":"https:\/\/af.ca\/ottawa\/wp-content\/uploads\/2018\/08\/header.jpg","contentUrl":"https:\/\/af.ca\/ottawa\/wp-content\/uploads\/2018\/08\/header.jpg","width":1500,"height":168},{"@type":"BreadcrumbList","@id":"https:\/\/af.ca\/ottawa\/cours-de-francais\/#breadcrumb","itemListElement":[{"@type":"ListItem","position":1,"name":"Home","item":"https:\/\/af.ca\/ottawa\/"},{"@type":"ListItem","position":2,"name":"Cours de fran\u00e7ais"}]},{"@type":"WebSite","@id":"https:\/\/af.ca\/ottawa\/#website","url":"https:\/\/af.ca\/ottawa\/","name":"Alliance Fran\u00e7aise Ottawa","description":"\u00c9cole de langue fran\u00e7aise et centre culturel","potentialAction":[{"@type":"SearchAction","target":{"@type":"EntryPoint","urlTemplate":"https:\/\/af.ca\/ottawa\/?s={search_term_string}"},"query-input":{"@type":"PropertyValueSpecification","valueRequired":true,"valueName":"search_term_string"}}],"inLanguage":"fr-FR"}]}},"blog_post_layout_featured_media_urls":{"thumbnail":["https:\/\/af.ca\/ottawa\/wp-content\/uploads\/2018\/08\/header-150x150.jpg",150,150,true],"full":["https:\/\/af.ca\/ottawa\/wp-content\/uploads\/2018\/08\/header.jpg",1500,168,false]},"categories_names":null,"comments_number":"0","_links":{"self":[{"href":"https:\/\/af.ca\/ottawa\/wp-json\/wp\/v2\/pages\/2375","targetHints":{"allow":["GET"]}}],"collection":[{"href":"https:\/\/af.ca\/ottawa\/wp-json\/wp\/v2\/pages"}],"about":[{"href":"https:\/\/af.ca\/ottawa\/wp-json\/wp\/v2\/types\/page"}],"author":[{"embeddable":true,"href":"https:\/\/af.ca\/ottawa\/wp-json\/wp\/v2\/users\/6"}],"replies":[{"embeddable":true,"href":"https:\/\/af.ca\/ottawa\/wp-json\/wp\/v2\/comments?post=2375"}],"version-history":[{"count":7,"href":"https:\/\/af.ca\/ottawa\/wp-json\/wp\/v2\/pages\/2375\/revisions"}],"predecessor-version":[{"id":25308,"href":"https:\/\/af.ca\/ottawa\/wp-json\/wp\/v2\/pages\/2375\/revisions\/25308"}],"wp:featuredmedia":[{"embeddable":true,"href":"https:\/\/af.ca\/ottawa\/wp-json\/wp\/v2\/media\/2628"}],"wp:attachment":[{"href":"https:\/\/af.ca\/ottawa\/wp-json\/wp\/v2\/media?parent=2375"}],"curies":[{"name":"wp","href":"https:\/\/api.w.org\/{rel}","templated":true}]}}