{"id":2377,"date":"2024-03-19T14:24:43","date_gmt":"2024-03-19T18:24:43","guid":{"rendered":"https:\/\/af.ca\/ottawa\/?page_id=2377"},"modified":"2026-03-31T09:50:27","modified_gmt":"2026-03-31T13:50:27","slug":"fonction-publique","status":"publish","type":"page","link":"https:\/\/af.ca\/ottawa\/fonction-publique\/","title":{"rendered":"COURS DE PR\u00c9PARATION \u00c0 L\u2019\u00c9VALUATION DE LANGUE SECONDE POUR LA FONCTION PUBLIQUE F\u00c9D\u00c9RALE"},"content":{"rendered":"<p>&nbsp;<\/p>\n<p><em><strong><span class=\"TextRun SCXW229483258 BCX0\" lang=\"FR-CA\" xml:lang=\"FR-CA\" data-contrast=\"auto\"><span class=\"NormalTextRun SCXW229483258 BCX0\">Afin de garantir la sant\u00e9 des \u00e9tudiants et enseignants de l\u2019Alliance Fran\u00e7aise Ottawa, nos cours de pr\u00e9paration aux tests f\u00e9d\u00e9raux ont lieu\u202f<\/span><\/span><span style=\"text-decoration: underline;\"><span class=\"TextRun Underlined SCXW229483258 BCX0\" lang=\"FR-CA\" xml:lang=\"FR-CA\" data-contrast=\"auto\"><span class=\"NormalTextRun SCXW229483258 BCX0\">en ligne.<\/span><\/span><\/span><span class=\"EOP SCXW229483258 BCX0\" style=\"color: #ff0000;\" data-ccp-props=\"{&quot;201341983&quot;:0,&quot;335551550&quot;:6,&quot;335551620&quot;:6,&quot;335559739&quot;:160,&quot;335559740&quot;:259}\">\u00a0<\/span><\/strong><\/em><\/p>\n<p><span style=\"color: #ff0000;\"><strong><a style=\"color: #ff0000;\" href=\"https:\/\/af.ca\/ottawa\/wp-content\/uploads\/2026\/03\/Calendrier-SLE-SPRING-2-2026-VF-1.pdf\">CALENDRIER DES COURS ELS (SPRING 2 &#8211; 2026)<\/a><\/strong><\/span><\/p>\n<p><a href=\"https:\/\/af.ca\/ottawa\/wp-content\/uploads\/2021\/03\/Format-Insta-carre.png\"><img loading=\"lazy\" decoding=\"async\" class=\"alignnone wp-image-12913\" src=\"https:\/\/af.ca\/ottawa\/wp-content\/uploads\/2021\/03\/Format-Insta-carre.png\" alt=\"tests de fran\u00e7ais pour la fonction publique\" width=\"191\" height=\"191\" srcset=\"https:\/\/af.ca\/ottawa\/wp-content\/uploads\/2021\/03\/Format-Insta-carre.png 1080w, https:\/\/af.ca\/ottawa\/wp-content\/uploads\/2021\/03\/Format-Insta-carre-300x300.png 300w, https:\/\/af.ca\/ottawa\/wp-content\/uploads\/2021\/03\/Format-Insta-carre-1024x1024.png 1024w, https:\/\/af.ca\/ottawa\/wp-content\/uploads\/2021\/03\/Format-Insta-carre-150x150.png 150w, https:\/\/af.ca\/ottawa\/wp-content\/uploads\/2021\/03\/Format-Insta-carre-768x768.png 768w, https:\/\/af.ca\/ottawa\/wp-content\/uploads\/2021\/03\/Format-Insta-carre-125x125.png 125w\" sizes=\"auto, (max-width: 191px) 100vw, 191px\" \/><\/a><\/p>\n<p><span data-contrast=\"auto\">Pr\u00e9parez-vous aux tests de langue seconde de la fonction publique canadienne gr\u00e2ce \u00e0 l&rsquo;Alliance Fran\u00e7aise Ottawa !<\/span><span data-ccp-props=\"{&quot;201341983&quot;:0,&quot;335551550&quot;:6,&quot;335551620&quot;:6,&quot;335559739&quot;:160,&quot;335559740&quot;:259}\">\u00a0<\/span><\/p>\n<p><span data-contrast=\"auto\">Vous \u00eates employ\u00e9 de la fonction publique f\u00e9d\u00e9rale ou \u00eates en processus d&#8217;embauche ? Les <a href=\"https:\/\/www.canada.ca\/fr\/commission-fonction-publique\/services\/evaluation-langue-seconde.html\">\u00e9valuations de langue seconde<\/a> vous attendent, et nous sommes l\u00e0 pour vous aider \u00e0 les r\u00e9ussir !<\/span><span data-ccp-props=\"{&quot;201341983&quot;:0,&quot;335551550&quot;:6,&quot;335551620&quot;:6,&quot;335559739&quot;:160,&quot;335559740&quot;:259}\">\u00a0<\/span><\/p>\n<p><span data-contrast=\"auto\">D\u00e9couvrez nos cours dynamiques et novateurs, sp\u00e9cialement con\u00e7us pour vous pr\u00e9parer aux tests d&rsquo;expression \u00e9crite, de compr\u00e9hension de l&rsquo;\u00e9crit et \u00e0 l&rsquo;\u00e9valuation linguistique \u00e0 l&rsquo;oral de la Commission de la fonction publique canadienne.<\/span><span data-ccp-props=\"{&quot;201341983&quot;:0,&quot;335551550&quot;:6,&quot;335551620&quot;:6,&quot;335559739&quot;:160,&quot;335559740&quot;:259}\">\u00a0<\/span><\/p>\n<p>&nbsp;<\/p>\n<h2>Rejoignez nos groupes \u00e0 temps partiel, adapt\u00e9s \u00e0 vos besoins :<\/h2>\n<ul>\n<li data-leveltext=\"\uf0b7\" data-font=\"Symbol\" data-listid=\"4\" data-list-defn-props=\"{&quot;335552541&quot;:1,&quot;335559684&quot;:-2,&quot;335559685&quot;:720,&quot;335559991&quot;:360,&quot;469769226&quot;:&quot;Symbol&quot;,&quot;469769242&quot;:[8226],&quot;469777803&quot;:&quot;left&quot;,&quot;469777804&quot;:&quot;\uf0b7&quot;,&quot;469777815&quot;:&quot;hybridMultilevel&quot;}\" aria-setsize=\"-1\" data-aria-posinset=\"1\" data-aria-level=\"1\"><span style=\"color: #ff0000;\"><a style=\"color: #ff0000;\" href=\"https:\/\/af.ca\/ottawa\/preparation-sle-pour-le-niveau-bbb\/#\/\"><b>Cours de pr\u00e9paration au Niveau BBB<\/b><\/a><\/span><span data-contrast=\"auto\"><span style=\"color: #ff0000;\"> :<\/span> Boostez vos comp\u00e9tences linguistiques !<\/span><span data-ccp-props=\"{&quot;201341983&quot;:0,&quot;335559739&quot;:160,&quot;335559740&quot;:259}\">\u00a0<\/span><\/li>\n<li data-leveltext=\"\uf0b7\" data-font=\"Symbol\" data-listid=\"4\" data-list-defn-props=\"{&quot;335552541&quot;:1,&quot;335559684&quot;:-2,&quot;335559685&quot;:720,&quot;335559991&quot;:360,&quot;469769226&quot;:&quot;Symbol&quot;,&quot;469769242&quot;:[8226],&quot;469777803&quot;:&quot;left&quot;,&quot;469777804&quot;:&quot;\uf0b7&quot;,&quot;469777815&quot;:&quot;hybridMultilevel&quot;}\" aria-setsize=\"-1\" data-aria-posinset=\"2\" data-aria-level=\"1\"><span style=\"color: #ff0000;\"><a style=\"color: #ff0000;\" href=\"https:\/\/af.ca\/ottawa\/preparation-a-levaluation-du-francais-langue-seconde-niveau-cbc\/#\/\"><b>Cours de pr\u00e9paration au Niveau CBC\/CCC<\/b><\/a><\/span><span data-contrast=\"auto\"><span style=\"color: #ff0000;\"> :<\/span> Atteignez l&rsquo;excellence linguistique !<\/span><span data-ccp-props=\"{&quot;201341983&quot;:0,&quot;335559739&quot;:160,&quot;335559740&quot;:259}\">\u00a0<\/span><\/li>\n<li data-leveltext=\"\uf0b7\" data-font=\"Symbol\" data-listid=\"4\" data-list-defn-props=\"{&quot;335552541&quot;:1,&quot;335559684&quot;:-2,&quot;335559685&quot;:720,&quot;335559991&quot;:360,&quot;469769226&quot;:&quot;Symbol&quot;,&quot;469769242&quot;:[8226],&quot;469777803&quot;:&quot;left&quot;,&quot;469777804&quot;:&quot;\uf0b7&quot;,&quot;469777815&quot;:&quot;hybridMultilevel&quot;}\" aria-setsize=\"-1\" data-aria-posinset=\"2\" data-aria-level=\"1\"><span style=\"color: #ff0000;\"><a style=\"color: #ff0000;\" href=\"https:\/\/af.ca\/ottawa\/test-de-competence-orale-niveau-b-et-ou-c\/#\/\"><b>Cours de pr\u00e9paration \u00e0 l\u2019\u00c9valuation linguistique \u00e0 l&rsquo;oral<\/b><\/a><\/span><span data-contrast=\"auto\"><span style=\"color: #ff0000;\">\u202f:<\/span> Soyez pr\u00eat pour l&rsquo;oral B \/ oral C !<\/span><span data-ccp-props=\"{&quot;201341983&quot;:0,&quot;335559739&quot;:160,&quot;335559740&quot;:259}\">\u00a0<\/span><\/li>\n<li data-leveltext=\"\uf0b7\" data-font=\"Symbol\" data-listid=\"4\" data-list-defn-props=\"{&quot;335552541&quot;:1,&quot;335559684&quot;:-2,&quot;335559685&quot;:720,&quot;335559991&quot;:360,&quot;469769226&quot;:&quot;Symbol&quot;,&quot;469769242&quot;:[8226],&quot;469777803&quot;:&quot;left&quot;,&quot;469777804&quot;:&quot;\uf0b7&quot;,&quot;469777815&quot;:&quot;hybridMultilevel&quot;}\" aria-setsize=\"-1\" data-aria-posinset=\"2\" data-aria-level=\"1\"><span style=\"color: #ff0000;\"><a style=\"color: #ff0000;\" href=\"https:\/\/af.ca\/ottawa\/preparation-en-ligne-aux-tests-ecrits-de-la-fonction-publique\/#\/\"><b>Cours de pr\u00e9paration aux tests \u00e9crits<\/b><\/a><\/span><span data-contrast=\"auto\"><span style=\"color: #ff0000;\"> :<\/span> Perfectionnez votre ma\u00eetrise du niveau C !<\/span><\/li>\n<\/ul>\n<p><span data-contrast=\"auto\">Nos enseignants exp\u00e9riment\u00e9s vous guideront tout au long du processus, vous permettant ainsi d\u2019obtenir ou renouveler vos niveaux de comp\u00e9tence linguistique.<\/span><span data-ccp-props=\"{&quot;201341983&quot;:0,&quot;335551550&quot;:6,&quot;335551620&quot;:6,&quot;335559739&quot;:160,&quot;335559740&quot;:259}\">\u00a0<\/span><\/p>\n<p><span data-contrast=\"auto\">Ne laissez pas les tests de langue seconde vous freiner dans votre parcours professionnel. Rejoignez l&rsquo;Alliance Fran\u00e7aise Ottawa d\u00e8s aujourd&rsquo;hui et franchissez les obstacles avec succ\u00e8s !<\/span><span data-ccp-props=\"{&quot;201341983&quot;:0,&quot;335551550&quot;:6,&quot;335551620&quot;:6,&quot;335559739&quot;:160,&quot;335559740&quot;:259}\">\u00a0<\/span><\/p>\n<p><strong><span class=\"TextRun SCXW118344602 BCX0\" lang=\"FR-CA\" xml:lang=\"FR-CA\" data-contrast=\"auto\"><span class=\"NormalTextRun SCXW118344602 BCX0\">Si vous souhaitez apprendre les bases du fran\u00e7ais ou maintenir votre niveau, que ce soit \u00e0 des fins professionnelles ou personnelles, d\u00e9couvr<\/span><span class=\"NormalTextRun SCXW118344602 BCX0\">ez<\/span><span class=\"NormalTextRun SCXW118344602 BCX0\"> les autres programmes propos\u00e9s par l&rsquo;Alliance Fran\u00e7aise Ottawa :<\/span><\/span><span class=\"EOP SCXW118344602 BCX0\" data-ccp-props=\"{&quot;201341983&quot;:0,&quot;335551550&quot;:6,&quot;335551620&quot;:6,&quot;335559739&quot;:160,&quot;335559740&quot;:259}\">\u00a0<\/span><\/strong><\/p>\n<ul>\n<li><span style=\"color: #ff0000;\"><a style=\"color: #ff0000;\" href=\"https:\/\/af.ca\/ottawa\/cours\/cours-de-groupe-de-francais\/\" target=\"_blank\" rel=\"noopener\">Cours de groupe de fran\u00e7ais pour adultes<\/a><\/span><\/li>\n<li data-leveltext=\"\uf0b7\" data-font=\"Symbol\" data-listid=\"12\" data-list-defn-props=\"{&quot;335552541&quot;:1,&quot;335559684&quot;:-2,&quot;335559685&quot;:720,&quot;335559991&quot;:360,&quot;469769226&quot;:&quot;Symbol&quot;,&quot;469769242&quot;:[8226],&quot;469777803&quot;:&quot;left&quot;,&quot;469777804&quot;:&quot;\uf0b7&quot;,&quot;469777815&quot;:&quot;hybridMultilevel&quot;}\" aria-setsize=\"-1\" data-aria-posinset=\"2\" data-aria-level=\"1\"><span style=\"color: #ff0000;\"><a style=\"color: #ff0000;\" href=\"https:\/\/af.ca\/ottawa\/cours\/atelier-de-conversation-en-francais\/#\/\">Atelier de Grammaire fran\u00e7aise A2 et B1\u00a0<\/a><\/span><\/li>\n<li data-leveltext=\"\uf0b7\" data-font=\"Symbol\" data-listid=\"12\" data-list-defn-props=\"{&quot;335552541&quot;:1,&quot;335559684&quot;:-2,&quot;335559685&quot;:720,&quot;335559991&quot;:360,&quot;469769226&quot;:&quot;Symbol&quot;,&quot;469769242&quot;:[8226],&quot;469777803&quot;:&quot;left&quot;,&quot;469777804&quot;:&quot;\uf0b7&quot;,&quot;469777815&quot;:&quot;hybridMultilevel&quot;}\" aria-setsize=\"-1\" data-aria-posinset=\"3\" data-aria-level=\"1\"><span style=\"color: #ff0000;\"><a style=\"color: #ff0000;\" href=\"https:\/\/af.ca\/ottawa\/cours\/atelier-de-conversation-en-francais\/#\/\">Atelier d&rsquo;Oral A2, B1 et B2 en fran\u00e7ais\u00a0<\/a><\/span><\/li>\n<li><span style=\"color: #ff0000;\"><a style=\"color: #ff0000;\" href=\"https:\/\/af.ca\/ottawa\/cours\/cours-prives-et-semi-prives\/\" target=\"_blank\" rel=\"noopener\">Cours priv\u00e9s et semi-priv\u00e9s<\/a><\/span><\/li>\n<li><span style=\"color: #ff0000;\"><a style=\"color: #ff0000;\" href=\"https:\/\/af.ca\/ottawa\/cours\/cours-de-francais-en-ligne\/\" target=\"_blank\" rel=\"noopener\">Mon Cours en ligne<\/a><\/span><\/li>\n<\/ul>\n<p><span class=\"TextRun SCXW167898066 BCX0\" lang=\"FR-CA\" xml:lang=\"FR-CA\" data-contrast=\"auto\"><span class=\"NormalTextRun SCXW167898066 BCX0\">Ces diff\u00e9rentes options vous offriront une gamme vari\u00e9e d&rsquo;opportunit\u00e9s pour progresser dans la langue fran\u00e7aise selon vos besoins et objectifs sp\u00e9cifiques.<\/span><\/span><span class=\"EOP SCXW167898066 BCX0\" data-ccp-props=\"{&quot;201341983&quot;:0,&quot;335551550&quot;:6,&quot;335551620&quot;:6,&quot;335559739&quot;:160,&quot;335559740&quot;:259}\">\u00a0<\/span><\/p>\n","protected":false},"excerpt":{"rendered":"<p>&nbsp; Afin de garantir la sant\u00e9 des \u00e9tudiants et enseignants de l\u2019Alliance Fran\u00e7aise Ottawa, nos cours de pr\u00e9paration aux tests f\u00e9d\u00e9raux ont lieu\u202fen ligne.\u00a0 CALENDRIER DES COURS ELS (SPRING 2 &#8211; 2026) Pr\u00e9parez-vous aux tests de langue seconde de la fonction publique canadienne gr\u00e2ce \u00e0 l&rsquo;Alliance Fran\u00e7aise Ottawa !\u00a0 Vous \u00eates employ\u00e9 de la fonction&#8230;<\/p>\n<p><a class=\"button invert-primary\" href=\"https:\/\/af.ca\/ottawa\/fonction-publique\/\">En savoir plus<\/a><\/p>\n","protected":false},"author":6,"featured_media":0,"parent":0,"menu_order":259,"comment_status":"closed","ping_status":"closed","template":"templates\/cours.php","meta":{"_acf_changed":false,"om_disable_all_campaigns":false,"_monsterinsights_skip_tracking":false,"_monsterinsights_sitenote_active":false,"_monsterinsights_sitenote_note":"","_monsterinsights_sitenote_category":0,"footnotes":""},"class_list":["post-2377","page","type-page","status-publish","hentry"],"acf":[],"yoast_head":"<!-- This site is optimized with the Yoast SEO plugin v27.4 - https:\/\/yoast.com\/product\/yoast-seo-wordpress\/ -->\n<title>Tests de fran\u00e7ais pour la fonction publique - Pr\u00e9paration \u00e0 l&#039;\u00e9valuation de la langue seconde<\/title>\n<meta name=\"description\" content=\"COURS DE PR\u00c9PARATION \u00c0 L\u2019\u00c9VALUATION DE LANGUE SECONDE POUR LA FONCTION PUBLIQUE F\u00c9D\u00c9RALE. Pr\u00e9parez-vous \u00e0 l\u2019\u00e9valuation en fran\u00e7ais langue seconde de la fonction publique.\" \/>\n<meta name=\"robots\" content=\"index, follow, max-snippet:-1, max-image-preview:large, max-video-preview:-1\" \/>\n<link rel=\"canonical\" href=\"https:\/\/af.ca\/ottawa\/fonction-publique\/\" \/>\n<meta property=\"og:locale\" content=\"fr_FR\" \/>\n<meta property=\"og:type\" content=\"article\" \/>\n<meta property=\"og:title\" content=\"Tests de fran\u00e7ais pour la fonction publique - Pr\u00e9paration \u00e0 l&#039;\u00e9valuation de la langue seconde\" \/>\n<meta property=\"og:description\" content=\"COURS DE PR\u00c9PARATION \u00c0 L\u2019\u00c9VALUATION DE LANGUE SECONDE POUR LA FONCTION PUBLIQUE F\u00c9D\u00c9RALE. Pr\u00e9parez-vous \u00e0 l\u2019\u00e9valuation en fran\u00e7ais langue seconde de la fonction publique.\" \/>\n<meta property=\"og:url\" content=\"https:\/\/af.ca\/ottawa\/fonction-publique\/\" \/>\n<meta property=\"og:site_name\" content=\"Alliance Fran\u00e7aise Ottawa\" \/>\n<meta property=\"article:modified_time\" content=\"2026-03-31T13:50:27+00:00\" \/>\n<meta property=\"og:image\" content=\"https:\/\/af.ca\/ottawa\/wp-content\/uploads\/2021\/03\/Format-Insta-carre.png\" \/>\n\t<meta property=\"og:image:width\" content=\"1080\" \/>\n\t<meta property=\"og:image:height\" content=\"1080\" \/>\n\t<meta property=\"og:image:type\" content=\"image\/png\" \/>\n<meta name=\"twitter:card\" content=\"summary_large_image\" \/>\n<meta name=\"twitter:label1\" content=\"Dur\u00e9e de lecture estim\u00e9e\" \/>\n\t<meta name=\"twitter:data1\" content=\"2 minutes\" \/>\n<script type=\"application\/ld+json\" class=\"yoast-schema-graph\">{\"@context\":\"https:\\\/\\\/schema.org\",\"@graph\":[{\"@type\":\"WebPage\",\"@id\":\"https:\\\/\\\/af.ca\\\/ottawa\\\/fonction-publique\\\/\",\"url\":\"https:\\\/\\\/af.ca\\\/ottawa\\\/fonction-publique\\\/\",\"name\":\"Tests de fran\u00e7ais pour la fonction publique - Pr\u00e9paration \u00e0 l'\u00e9valuation de la langue seconde\",\"isPartOf\":{\"@id\":\"https:\\\/\\\/af.ca\\\/ottawa\\\/#website\"},\"primaryImageOfPage\":{\"@id\":\"https:\\\/\\\/af.ca\\\/ottawa\\\/fonction-publique\\\/#primaryimage\"},\"image\":{\"@id\":\"https:\\\/\\\/af.ca\\\/ottawa\\\/fonction-publique\\\/#primaryimage\"},\"thumbnailUrl\":\"https:\\\/\\\/af.ca\\\/ottawa\\\/wp-content\\\/uploads\\\/2021\\\/03\\\/Format-Insta-carre.png\",\"datePublished\":\"2024-03-19T18:24:43+00:00\",\"dateModified\":\"2026-03-31T13:50:27+00:00\",\"description\":\"COURS DE PR\u00c9PARATION \u00c0 L\u2019\u00c9VALUATION DE LANGUE SECONDE POUR LA FONCTION PUBLIQUE F\u00c9D\u00c9RALE. Pr\u00e9parez-vous \u00e0 l\u2019\u00e9valuation en fran\u00e7ais langue seconde de la fonction publique.\",\"breadcrumb\":{\"@id\":\"https:\\\/\\\/af.ca\\\/ottawa\\\/fonction-publique\\\/#breadcrumb\"},\"inLanguage\":\"fr-FR\",\"potentialAction\":[{\"@type\":\"ReadAction\",\"target\":[\"https:\\\/\\\/af.ca\\\/ottawa\\\/fonction-publique\\\/\"]}]},{\"@type\":\"ImageObject\",\"inLanguage\":\"fr-FR\",\"@id\":\"https:\\\/\\\/af.ca\\\/ottawa\\\/fonction-publique\\\/#primaryimage\",\"url\":\"https:\\\/\\\/af.ca\\\/ottawa\\\/wp-content\\\/uploads\\\/2021\\\/03\\\/Format-Insta-carre.png\",\"contentUrl\":\"https:\\\/\\\/af.ca\\\/ottawa\\\/wp-content\\\/uploads\\\/2021\\\/03\\\/Format-Insta-carre.png\",\"width\":1080,\"height\":1080,\"caption\":\"tests de fran\u00e7ais pour la fonction publique\"},{\"@type\":\"BreadcrumbList\",\"@id\":\"https:\\\/\\\/af.ca\\\/ottawa\\\/fonction-publique\\\/#breadcrumb\",\"itemListElement\":[{\"@type\":\"ListItem\",\"position\":1,\"name\":\"Home\",\"item\":\"https:\\\/\\\/af.ca\\\/ottawa\\\/\"},{\"@type\":\"ListItem\",\"position\":2,\"name\":\"COURS DE PR\u00c9PARATION \u00c0 L\u2019\u00c9VALUATION DE LANGUE SECONDE POUR LA FONCTION PUBLIQUE F\u00c9D\u00c9RALE\"}]},{\"@type\":\"WebSite\",\"@id\":\"https:\\\/\\\/af.ca\\\/ottawa\\\/#website\",\"url\":\"https:\\\/\\\/af.ca\\\/ottawa\\\/\",\"name\":\"Alliance Fran\u00e7aise Ottawa\",\"description\":\"\u00c9cole de langue fran\u00e7aise et centre culturel\",\"potentialAction\":[{\"@type\":\"SearchAction\",\"target\":{\"@type\":\"EntryPoint\",\"urlTemplate\":\"https:\\\/\\\/af.ca\\\/ottawa\\\/?s={search_term_string}\"},\"query-input\":{\"@type\":\"PropertyValueSpecification\",\"valueRequired\":true,\"valueName\":\"search_term_string\"}}],\"inLanguage\":\"fr-FR\"}]}<\/script>\n<!-- \/ Yoast SEO plugin. -->","yoast_head_json":{"title":"Tests de fran\u00e7ais pour la fonction publique - Pr\u00e9paration \u00e0 l'\u00e9valuation de la langue seconde","description":"COURS DE PR\u00c9PARATION \u00c0 L\u2019\u00c9VALUATION DE LANGUE SECONDE POUR LA FONCTION PUBLIQUE F\u00c9D\u00c9RALE. Pr\u00e9parez-vous \u00e0 l\u2019\u00e9valuation en fran\u00e7ais langue seconde de la fonction publique.","robots":{"index":"index","follow":"follow","max-snippet":"max-snippet:-1","max-image-preview":"max-image-preview:large","max-video-preview":"max-video-preview:-1"},"canonical":"https:\/\/af.ca\/ottawa\/fonction-publique\/","og_locale":"fr_FR","og_type":"article","og_title":"Tests de fran\u00e7ais pour la fonction publique - Pr\u00e9paration \u00e0 l'\u00e9valuation de la langue seconde","og_description":"COURS DE PR\u00c9PARATION \u00c0 L\u2019\u00c9VALUATION DE LANGUE SECONDE POUR LA FONCTION PUBLIQUE F\u00c9D\u00c9RALE. Pr\u00e9parez-vous \u00e0 l\u2019\u00e9valuation en fran\u00e7ais langue seconde de la fonction publique.","og_url":"https:\/\/af.ca\/ottawa\/fonction-publique\/","og_site_name":"Alliance Fran\u00e7aise Ottawa","article_modified_time":"2026-03-31T13:50:27+00:00","og_image":[{"width":1080,"height":1080,"url":"https:\/\/af.ca\/ottawa\/wp-content\/uploads\/2021\/03\/Format-Insta-carre.png","type":"image\/png"}],"twitter_card":"summary_large_image","twitter_misc":{"Dur\u00e9e de lecture estim\u00e9e":"2 minutes"},"schema":{"@context":"https:\/\/schema.org","@graph":[{"@type":"WebPage","@id":"https:\/\/af.ca\/ottawa\/fonction-publique\/","url":"https:\/\/af.ca\/ottawa\/fonction-publique\/","name":"Tests de fran\u00e7ais pour la fonction publique - Pr\u00e9paration \u00e0 l'\u00e9valuation de la langue seconde","isPartOf":{"@id":"https:\/\/af.ca\/ottawa\/#website"},"primaryImageOfPage":{"@id":"https:\/\/af.ca\/ottawa\/fonction-publique\/#primaryimage"},"image":{"@id":"https:\/\/af.ca\/ottawa\/fonction-publique\/#primaryimage"},"thumbnailUrl":"https:\/\/af.ca\/ottawa\/wp-content\/uploads\/2021\/03\/Format-Insta-carre.png","datePublished":"2024-03-19T18:24:43+00:00","dateModified":"2026-03-31T13:50:27+00:00","description":"COURS DE PR\u00c9PARATION \u00c0 L\u2019\u00c9VALUATION DE LANGUE SECONDE POUR LA FONCTION PUBLIQUE F\u00c9D\u00c9RALE. Pr\u00e9parez-vous \u00e0 l\u2019\u00e9valuation en fran\u00e7ais langue seconde de la fonction publique.","breadcrumb":{"@id":"https:\/\/af.ca\/ottawa\/fonction-publique\/#breadcrumb"},"inLanguage":"fr-FR","potentialAction":[{"@type":"ReadAction","target":["https:\/\/af.ca\/ottawa\/fonction-publique\/"]}]},{"@type":"ImageObject","inLanguage":"fr-FR","@id":"https:\/\/af.ca\/ottawa\/fonction-publique\/#primaryimage","url":"https:\/\/af.ca\/ottawa\/wp-content\/uploads\/2021\/03\/Format-Insta-carre.png","contentUrl":"https:\/\/af.ca\/ottawa\/wp-content\/uploads\/2021\/03\/Format-Insta-carre.png","width":1080,"height":1080,"caption":"tests de fran\u00e7ais pour la fonction publique"},{"@type":"BreadcrumbList","@id":"https:\/\/af.ca\/ottawa\/fonction-publique\/#breadcrumb","itemListElement":[{"@type":"ListItem","position":1,"name":"Home","item":"https:\/\/af.ca\/ottawa\/"},{"@type":"ListItem","position":2,"name":"COURS DE PR\u00c9PARATION \u00c0 L\u2019\u00c9VALUATION DE LANGUE SECONDE POUR LA FONCTION PUBLIQUE F\u00c9D\u00c9RALE"}]},{"@type":"WebSite","@id":"https:\/\/af.ca\/ottawa\/#website","url":"https:\/\/af.ca\/ottawa\/","name":"Alliance Fran\u00e7aise Ottawa","description":"\u00c9cole de langue fran\u00e7aise et centre culturel","potentialAction":[{"@type":"SearchAction","target":{"@type":"EntryPoint","urlTemplate":"https:\/\/af.ca\/ottawa\/?s={search_term_string}"},"query-input":{"@type":"PropertyValueSpecification","valueRequired":true,"valueName":"search_term_string"}}],"inLanguage":"fr-FR"}]}},"blog_post_layout_featured_media_urls":{"thumbnail":"","full":""},"categories_names":null,"comments_number":"0","_links":{"self":[{"href":"https:\/\/af.ca\/ottawa\/wp-json\/wp\/v2\/pages\/2377","targetHints":{"allow":["GET"]}}],"collection":[{"href":"https:\/\/af.ca\/ottawa\/wp-json\/wp\/v2\/pages"}],"about":[{"href":"https:\/\/af.ca\/ottawa\/wp-json\/wp\/v2\/types\/page"}],"author":[{"embeddable":true,"href":"https:\/\/af.ca\/ottawa\/wp-json\/wp\/v2\/users\/6"}],"replies":[{"embeddable":true,"href":"https:\/\/af.ca\/ottawa\/wp-json\/wp\/v2\/comments?post=2377"}],"version-history":[{"count":5,"href":"https:\/\/af.ca\/ottawa\/wp-json\/wp\/v2\/pages\/2377\/revisions"}],"predecessor-version":[{"id":25289,"href":"https:\/\/af.ca\/ottawa\/wp-json\/wp\/v2\/pages\/2377\/revisions\/25289"}],"wp:attachment":[{"href":"https:\/\/af.ca\/ottawa\/wp-json\/wp\/v2\/media?parent=2377"}],"curies":[{"name":"wp","href":"https:\/\/api.w.org\/{rel}","templated":true}]}}