{"id":23873,"date":"2025-07-17T10:32:46","date_gmt":"2025-07-17T14:32:46","guid":{"rendered":"https:\/\/af.ca\/ottawa\/?page_id=23873"},"modified":"2025-10-17T09:22:55","modified_gmt":"2025-10-17T13:22:55","slug":"gala120ans","status":"publish","type":"page","link":"https:\/\/af.ca\/ottawa\/gala120ans\/","title":{"rendered":"Gala 120 ans"},"content":{"rendered":"<p>\ud83d\udcc5 <strong>8 novembre 2025<\/strong> \u2013 d\u00e8s 18h<br \/>\n\ud83d\udccd <strong>H\u00f4tel de Ville d\u2019Ottawa, 110 Laurier Ave O, Ottawa, ON K1P 1J1, Canada<\/strong><\/p>\n<p data-start=\"166\" data-end=\"558\">Rejoignez-nous le 8 novembre pour une soir\u00e9e de Gala unique c\u00e9l\u00e9brant les 120 ans de l\u2019Alliance Fran\u00e7aise Ottawa. Entre gastronomie raffin\u00e9e, vins d\u2019exception et performances artistiques, vivez une exp\u00e9rience culturelle m\u00e9morable <strong data-start=\"396\" data-end=\"556\">et contribuez \u00e0 ouvrir de nouvelles portes gr\u00e2ce \u00e0 notre programme de bourses destin\u00e9 \u00e0 soutenir les apprenants de fran\u00e7ais dans leur parcours linguistique.<\/strong><\/p>\n<p data-start=\"166\" data-end=\"558\">Un billet, un impact: <strong>45 $<\/strong> (billet plein tarif) ou<strong> 30 $<\/strong> (billet membre) seront revers\u00e9s directement \u00e0 nos bourses de fran\u00e7ais. Re\u00e7u d\u2019imp\u00f4t inclus car l\u2019Alliance Fran\u00e7aise Ottawa est un organisme de bienfaisance enregistr\u00e9 aupr\u00e8s de l&rsquo;ARC.<\/p>\n<p data-start=\"560\" data-end=\"903\">La danseuse et artiste algonquine de Pikw\u00e0kanag\u00e0n <strong>Jos\u00e9e Bourgeois<\/strong>, accompagn\u00e9e du <strong>Eagle River Drum Group <\/strong>de Kitigan Zibi, ouvrira la soir\u00e9e avec une performance puissante et porteuse de m\u00e9moire. Ensemble, ils ont partag\u00e9 leurs connaissances, leurs chants et leurs danses lors de plus de 150 spectacles dans le territoire algonquin, \u00e0 Ottawa.<\/p>\n<p data-start=\"905\" data-end=\"1018\">L\u2019ambiance musicale sera assur\u00e9e par le <strong>Ottawa Pocket Jazz Band<\/strong>, qui proposera un r\u00e9pertoire \u00e9l\u00e9gant et feutr\u00e9.<\/p>\n<p data-start=\"1020\" data-end=\"1228\">Tout au long de la soir\u00e9e :<br data-start=\"1047\" data-end=\"1050\" \/>\ud83c\udf77 D\u00e9gustation de vins d\u2019exception s\u00e9l\u00e9ctionn\u00e9es par Marie-France Champagne, sommeli\u00e8re experte et Vice-Pr\u00e9sidente de la Guilde des Sommeliers de La Capitale Nationale<br data-start=\"1084\" data-end=\"1087\" \/>\ud83c\udf7d\ufe0f Service gastronomique par <strong>Le Cordon Bleu Ottawa<\/strong><br data-start=\"1138\" data-end=\"1141\" \/>\ud83d\udcf8 Photobooth pour immortaliser ce moment unique<br data-start=\"1189\" data-end=\"1192\" \/>\ud83c\udfa4 Prises de parole et t\u00e9moignages<\/p>\n<p data-start=\"1020\" data-end=\"1228\">\u2728 Nous remercions chaleureusement nos pr\u00e9cieux partenaires: Mus\u00e9oparc Vanier, R\u00e9seau Ontario, Le Cordon Bleu Ottawa, UFE,\u00a0 La Maison de la Francophonie, RGA, Lyc\u00e9e Claudel Ottawa, TFO et Desjardins.<\/p>\n<p>&nbsp;<\/p>\n<p><a href=\"https:\/\/af.ca\/ottawa\/details-de-levenement\/?eventId=1165#\/\"><img loading=\"lazy\" decoding=\"async\" class=\"alignnone wp-image-18690\" src=\"https:\/\/af.ca\/ottawa\/wp-content\/uploads\/2022\/08\/Bouton-site-internet-fr-300x47.png\" sizes=\"auto, (max-width: 377px) 100vw, 377px\" srcset=\"https:\/\/af.ca\/ottawa\/wp-content\/uploads\/2022\/08\/Bouton-site-internet-fr-300x47.png 300w, https:\/\/af.ca\/ottawa\/wp-content\/uploads\/2022\/08\/Bouton-site-internet-fr-768x120.png 768w, https:\/\/af.ca\/ottawa\/wp-content\/uploads\/2022\/08\/Bouton-site-internet-fr.png 827w\" alt=\"\" width=\"377\" height=\"59\" \/><\/a><\/p>\n<p>&nbsp;<\/p>\n<p>&nbsp;<\/p>\n","protected":false},"excerpt":{"rendered":"<p>\ud83d\udcc5 8 novembre 2025 \u2013 d\u00e8s 18h \ud83d\udccd H\u00f4tel de Ville d\u2019Ottawa, 110 Laurier Ave O, Ottawa, ON K1P 1J1, Canada Rejoignez-nous le 8 novembre pour une soir\u00e9e de Gala unique c\u00e9l\u00e9brant les 120 ans de l\u2019Alliance Fran\u00e7aise Ottawa. Entre gastronomie raffin\u00e9e, vins d\u2019exception et performances artistiques, vivez une exp\u00e9rience culturelle m\u00e9morable et contribuez \u00e0&#8230;<\/p>\n<p><a class=\"button invert-primary\" href=\"https:\/\/af.ca\/ottawa\/gala120ans\/\">En savoir plus<\/a><\/p>\n","protected":false},"author":3,"featured_media":0,"parent":0,"menu_order":6,"comment_status":"closed","ping_status":"closed","template":"","meta":{"_acf_changed":false,"om_disable_all_campaigns":false,"_monsterinsights_skip_tracking":false,"_monsterinsights_sitenote_active":false,"_monsterinsights_sitenote_note":"","_monsterinsights_sitenote_category":0,"footnotes":""},"class_list":["post-23873","page","type-page","status-publish","hentry"],"acf":[],"yoast_head":"<!-- This site is optimized with the Yoast SEO plugin v27.4 - https:\/\/yoast.com\/product\/yoast-seo-wordpress\/ -->\n<title>Gala 120 ans - Alliance Fran\u00e7aise Ottawa<\/title>\n<meta name=\"robots\" content=\"index, follow, max-snippet:-1, max-image-preview:large, max-video-preview:-1\" \/>\n<link rel=\"canonical\" href=\"https:\/\/af.ca\/ottawa\/gala120ans\/\" \/>\n<meta property=\"og:locale\" content=\"fr_FR\" \/>\n<meta property=\"og:type\" content=\"article\" \/>\n<meta property=\"og:title\" content=\"Gala 120 ans - Alliance Fran\u00e7aise Ottawa\" \/>\n<meta property=\"og:description\" content=\"\ud83d\udcc5 8 novembre 2025 \u2013 d\u00e8s 18h \ud83d\udccd H\u00f4tel de Ville d\u2019Ottawa, 110 Laurier Ave O, Ottawa, ON K1P 1J1, Canada Rejoignez-nous le 8 novembre pour une soir\u00e9e de Gala unique c\u00e9l\u00e9brant les 120 ans de l\u2019Alliance Fran\u00e7aise Ottawa. Entre gastronomie raffin\u00e9e, vins d\u2019exception et performances artistiques, vivez une exp\u00e9rience culturelle m\u00e9morable et contribuez \u00e0...En savoir plus\" \/>\n<meta property=\"og:url\" content=\"https:\/\/af.ca\/ottawa\/gala120ans\/\" \/>\n<meta property=\"og:site_name\" content=\"Alliance Fran\u00e7aise Ottawa\" \/>\n<meta property=\"article:modified_time\" content=\"2025-10-17T13:22:55+00:00\" \/>\n<meta property=\"og:image\" content=\"https:\/\/af.ca\/ottawa\/wp-content\/uploads\/2022\/08\/Bouton-site-internet-fr.png\" \/>\n\t<meta property=\"og:image:width\" content=\"827\" \/>\n\t<meta property=\"og:image:height\" content=\"129\" \/>\n\t<meta property=\"og:image:type\" content=\"image\/png\" \/>\n<meta name=\"twitter:card\" content=\"summary_large_image\" \/>\n<meta name=\"twitter:label1\" content=\"Dur\u00e9e de lecture estim\u00e9e\" \/>\n\t<meta name=\"twitter:data1\" content=\"2 minutes\" \/>\n<script type=\"application\/ld+json\" class=\"yoast-schema-graph\">{\"@context\":\"https:\\\/\\\/schema.org\",\"@graph\":[{\"@type\":\"WebPage\",\"@id\":\"https:\\\/\\\/af.ca\\\/ottawa\\\/gala120ans\\\/\",\"url\":\"https:\\\/\\\/af.ca\\\/ottawa\\\/gala120ans\\\/\",\"name\":\"Gala 120 ans - Alliance Fran\u00e7aise Ottawa\",\"isPartOf\":{\"@id\":\"https:\\\/\\\/af.ca\\\/ottawa\\\/#website\"},\"primaryImageOfPage\":{\"@id\":\"https:\\\/\\\/af.ca\\\/ottawa\\\/gala120ans\\\/#primaryimage\"},\"image\":{\"@id\":\"https:\\\/\\\/af.ca\\\/ottawa\\\/gala120ans\\\/#primaryimage\"},\"thumbnailUrl\":\"https:\\\/\\\/af.ca\\\/ottawa\\\/wp-content\\\/uploads\\\/2022\\\/08\\\/Bouton-site-internet-fr-300x47.png\",\"datePublished\":\"2025-07-17T14:32:46+00:00\",\"dateModified\":\"2025-10-17T13:22:55+00:00\",\"breadcrumb\":{\"@id\":\"https:\\\/\\\/af.ca\\\/ottawa\\\/gala120ans\\\/#breadcrumb\"},\"inLanguage\":\"fr-FR\",\"potentialAction\":[{\"@type\":\"ReadAction\",\"target\":[\"https:\\\/\\\/af.ca\\\/ottawa\\\/gala120ans\\\/\"]}]},{\"@type\":\"ImageObject\",\"inLanguage\":\"fr-FR\",\"@id\":\"https:\\\/\\\/af.ca\\\/ottawa\\\/gala120ans\\\/#primaryimage\",\"url\":\"https:\\\/\\\/af.ca\\\/ottawa\\\/wp-content\\\/uploads\\\/2022\\\/08\\\/Bouton-site-internet-fr.png\",\"contentUrl\":\"https:\\\/\\\/af.ca\\\/ottawa\\\/wp-content\\\/uploads\\\/2022\\\/08\\\/Bouton-site-internet-fr.png\",\"width\":827,\"height\":129},{\"@type\":\"BreadcrumbList\",\"@id\":\"https:\\\/\\\/af.ca\\\/ottawa\\\/gala120ans\\\/#breadcrumb\",\"itemListElement\":[{\"@type\":\"ListItem\",\"position\":1,\"name\":\"Home\",\"item\":\"https:\\\/\\\/af.ca\\\/ottawa\\\/\"},{\"@type\":\"ListItem\",\"position\":2,\"name\":\"Gala 120 ans\"}]},{\"@type\":\"WebSite\",\"@id\":\"https:\\\/\\\/af.ca\\\/ottawa\\\/#website\",\"url\":\"https:\\\/\\\/af.ca\\\/ottawa\\\/\",\"name\":\"Alliance Fran\u00e7aise Ottawa\",\"description\":\"\u00c9cole de langue fran\u00e7aise et centre culturel\",\"potentialAction\":[{\"@type\":\"SearchAction\",\"target\":{\"@type\":\"EntryPoint\",\"urlTemplate\":\"https:\\\/\\\/af.ca\\\/ottawa\\\/?s={search_term_string}\"},\"query-input\":{\"@type\":\"PropertyValueSpecification\",\"valueRequired\":true,\"valueName\":\"search_term_string\"}}],\"inLanguage\":\"fr-FR\"}]}<\/script>\n<!-- \/ Yoast SEO plugin. -->","yoast_head_json":{"title":"Gala 120 ans - Alliance Fran\u00e7aise Ottawa","robots":{"index":"index","follow":"follow","max-snippet":"max-snippet:-1","max-image-preview":"max-image-preview:large","max-video-preview":"max-video-preview:-1"},"canonical":"https:\/\/af.ca\/ottawa\/gala120ans\/","og_locale":"fr_FR","og_type":"article","og_title":"Gala 120 ans - Alliance Fran\u00e7aise Ottawa","og_description":"\ud83d\udcc5 8 novembre 2025 \u2013 d\u00e8s 18h \ud83d\udccd H\u00f4tel de Ville d\u2019Ottawa, 110 Laurier Ave O, Ottawa, ON K1P 1J1, Canada Rejoignez-nous le 8 novembre pour une soir\u00e9e de Gala unique c\u00e9l\u00e9brant les 120 ans de l\u2019Alliance Fran\u00e7aise Ottawa. Entre gastronomie raffin\u00e9e, vins d\u2019exception et performances artistiques, vivez une exp\u00e9rience culturelle m\u00e9morable et contribuez \u00e0...En savoir plus","og_url":"https:\/\/af.ca\/ottawa\/gala120ans\/","og_site_name":"Alliance Fran\u00e7aise Ottawa","article_modified_time":"2025-10-17T13:22:55+00:00","og_image":[{"width":827,"height":129,"url":"https:\/\/af.ca\/ottawa\/wp-content\/uploads\/2022\/08\/Bouton-site-internet-fr.png","type":"image\/png"}],"twitter_card":"summary_large_image","twitter_misc":{"Dur\u00e9e de lecture estim\u00e9e":"2 minutes"},"schema":{"@context":"https:\/\/schema.org","@graph":[{"@type":"WebPage","@id":"https:\/\/af.ca\/ottawa\/gala120ans\/","url":"https:\/\/af.ca\/ottawa\/gala120ans\/","name":"Gala 120 ans - Alliance Fran\u00e7aise Ottawa","isPartOf":{"@id":"https:\/\/af.ca\/ottawa\/#website"},"primaryImageOfPage":{"@id":"https:\/\/af.ca\/ottawa\/gala120ans\/#primaryimage"},"image":{"@id":"https:\/\/af.ca\/ottawa\/gala120ans\/#primaryimage"},"thumbnailUrl":"https:\/\/af.ca\/ottawa\/wp-content\/uploads\/2022\/08\/Bouton-site-internet-fr-300x47.png","datePublished":"2025-07-17T14:32:46+00:00","dateModified":"2025-10-17T13:22:55+00:00","breadcrumb":{"@id":"https:\/\/af.ca\/ottawa\/gala120ans\/#breadcrumb"},"inLanguage":"fr-FR","potentialAction":[{"@type":"ReadAction","target":["https:\/\/af.ca\/ottawa\/gala120ans\/"]}]},{"@type":"ImageObject","inLanguage":"fr-FR","@id":"https:\/\/af.ca\/ottawa\/gala120ans\/#primaryimage","url":"https:\/\/af.ca\/ottawa\/wp-content\/uploads\/2022\/08\/Bouton-site-internet-fr.png","contentUrl":"https:\/\/af.ca\/ottawa\/wp-content\/uploads\/2022\/08\/Bouton-site-internet-fr.png","width":827,"height":129},{"@type":"BreadcrumbList","@id":"https:\/\/af.ca\/ottawa\/gala120ans\/#breadcrumb","itemListElement":[{"@type":"ListItem","position":1,"name":"Home","item":"https:\/\/af.ca\/ottawa\/"},{"@type":"ListItem","position":2,"name":"Gala 120 ans"}]},{"@type":"WebSite","@id":"https:\/\/af.ca\/ottawa\/#website","url":"https:\/\/af.ca\/ottawa\/","name":"Alliance Fran\u00e7aise Ottawa","description":"\u00c9cole de langue fran\u00e7aise et centre culturel","potentialAction":[{"@type":"SearchAction","target":{"@type":"EntryPoint","urlTemplate":"https:\/\/af.ca\/ottawa\/?s={search_term_string}"},"query-input":{"@type":"PropertyValueSpecification","valueRequired":true,"valueName":"search_term_string"}}],"inLanguage":"fr-FR"}]}},"blog_post_layout_featured_media_urls":{"thumbnail":"","full":""},"categories_names":null,"comments_number":"0","_links":{"self":[{"href":"https:\/\/af.ca\/ottawa\/wp-json\/wp\/v2\/pages\/23873","targetHints":{"allow":["GET"]}}],"collection":[{"href":"https:\/\/af.ca\/ottawa\/wp-json\/wp\/v2\/pages"}],"about":[{"href":"https:\/\/af.ca\/ottawa\/wp-json\/wp\/v2\/types\/page"}],"author":[{"embeddable":true,"href":"https:\/\/af.ca\/ottawa\/wp-json\/wp\/v2\/users\/3"}],"replies":[{"embeddable":true,"href":"https:\/\/af.ca\/ottawa\/wp-json\/wp\/v2\/comments?post=23873"}],"version-history":[{"count":5,"href":"https:\/\/af.ca\/ottawa\/wp-json\/wp\/v2\/pages\/23873\/revisions"}],"predecessor-version":[{"id":24407,"href":"https:\/\/af.ca\/ottawa\/wp-json\/wp\/v2\/pages\/23873\/revisions\/24407"}],"wp:attachment":[{"href":"https:\/\/af.ca\/ottawa\/wp-json\/wp\/v2\/media?parent=23873"}],"curies":[{"name":"wp","href":"https:\/\/api.w.org\/{rel}","templated":true}]}}