{"id":2389,"date":"2024-05-13T12:56:49","date_gmt":"2024-05-13T16:56:49","guid":{"rendered":"https:\/\/af.ca\/ottawa\/?page_id=2389"},"modified":"2024-09-12T15:29:09","modified_gmt":"2024-09-12T19:29:09","slug":"tests-et-examens","status":"publish","type":"page","link":"https:\/\/af.ca\/ottawa\/tests-et-examens\/","title":{"rendered":"Tests et examens officiels de fran\u00e7ais"},"content":{"rendered":"<p style=\"text-align: center;\"><a href=\"https:\/\/af.ca\/ottawa\/wp-content\/uploads\/2018\/08\/Pas-de-date-disponible-900-\u00d7-150-px-1.png\"><img loading=\"lazy\" decoding=\"async\" class=\"alignnone size-full wp-image-17351\" src=\"https:\/\/af.ca\/ottawa\/wp-content\/uploads\/2018\/08\/Pas-de-date-disponible-900-\u00d7-150-px-1.png\" alt=\"\" width=\"900\" height=\"150\" srcset=\"https:\/\/af.ca\/ottawa\/wp-content\/uploads\/2018\/08\/Pas-de-date-disponible-900-\u00d7-150-px-1.png 900w, https:\/\/af.ca\/ottawa\/wp-content\/uploads\/2018\/08\/Pas-de-date-disponible-900-\u00d7-150-px-1-300x50.png 300w, https:\/\/af.ca\/ottawa\/wp-content\/uploads\/2018\/08\/Pas-de-date-disponible-900-\u00d7-150-px-1-768x128.png 768w\" sizes=\"auto, (max-width: 900px) 100vw, 900px\" \/><\/a><\/p>\r\n<p style=\"text-align: center;\"><a href=\"https:\/\/afottawa.extranet-aec.com\/examinations\/view\/all#\/\" target=\"_blank\" rel=\"noopener\"><strong><span style=\"text-decoration: underline; color: #ff0000;\">Inscription en ligne<\/span><\/strong><\/a><\/p>\r\n<p><span style=\"font-size: inherit;\">L&rsquo;Alliance Fran\u00e7aise Ottawa est un centre d&rsquo;examens officiellement reconnu depuis plus de 10 ans pour la passation de tests et examens officiels adapt\u00e9s \u00e0 tous vos besoins de certifications et dipl\u00f4mes internationaux. Pour \u00e9valuer votre niveau de fran\u00e7ais \u00e0 l&rsquo;oral ou \u00e0 l&rsquo;\u00e9crit, l\u2019Alliance Fran\u00e7aise Ottawa vous propose diff\u00e9rentes options:<\/span><\/p>\r\n","protected":false},"excerpt":{"rendered":"<p>Inscription en ligne L&rsquo;Alliance Fran\u00e7aise Ottawa est un centre d&rsquo;examens officiellement reconnu depuis plus de 10 ans pour la passation de tests et examens officiels adapt\u00e9s \u00e0 tous vos besoins de certifications et dipl\u00f4mes internationaux. Pour \u00e9valuer votre niveau de fran\u00e7ais \u00e0 l&rsquo;oral ou \u00e0 l&rsquo;\u00e9crit, l\u2019Alliance Fran\u00e7aise Ottawa vous propose diff\u00e9rentes options:<\/p>\n","protected":false},"author":6,"featured_media":2673,"parent":0,"menu_order":283,"comment_status":"closed","ping_status":"closed","template":"templates\/sections-tests-examens.php","meta":{"_acf_changed":false,"om_disable_all_campaigns":false,"_monsterinsights_skip_tracking":false,"_monsterinsights_sitenote_active":false,"_monsterinsights_sitenote_note":"","_monsterinsights_sitenote_category":0,"footnotes":""},"class_list":["post-2389","page","type-page","status-publish","has-post-thumbnail","hentry"],"acf":[],"yoast_head":"<!-- This site is optimized with the Yoast SEO plugin v27.3 - https:\/\/yoast.com\/product\/yoast-seo-wordpress\/ -->\n<title>Tests et examens officiels de fran\u00e7ais - Alliance Fran\u00e7aise Ottawa<\/title>\n<meta name=\"description\" content=\"L&#039; Alliance Fran\u00e7aise Ottawa est un centre d&#039;examens officiellement reconnu depuis plus de 10 ans pour la passation de tests et examens officiels\" \/>\n<meta name=\"robots\" content=\"index, follow, max-snippet:-1, max-image-preview:large, max-video-preview:-1\" \/>\n<link rel=\"canonical\" href=\"https:\/\/af.ca\/ottawa\/tests-et-examens\/\" \/>\n<meta property=\"og:locale\" content=\"fr_FR\" \/>\n<meta property=\"og:type\" content=\"article\" \/>\n<meta property=\"og:title\" content=\"Tests et examens officiels de fran\u00e7ais - Alliance Fran\u00e7aise Ottawa\" \/>\n<meta property=\"og:description\" content=\"L&#039; Alliance Fran\u00e7aise Ottawa est un centre d&#039;examens officiellement reconnu depuis plus de 10 ans pour la passation de tests et examens officiels\" \/>\n<meta property=\"og:url\" content=\"https:\/\/af.ca\/ottawa\/tests-et-examens\/\" \/>\n<meta property=\"og:site_name\" content=\"Alliance Fran\u00e7aise Ottawa\" \/>\n<meta property=\"article:modified_time\" content=\"2024-09-12T19:29:09+00:00\" \/>\n<meta property=\"og:image\" content=\"https:\/\/af.ca\/ottawa\/wp-content\/uploads\/2018\/08\/books.jpg\" \/>\n\t<meta property=\"og:image:width\" content=\"3000\" \/>\n\t<meta property=\"og:image:height\" content=\"336\" \/>\n\t<meta property=\"og:image:type\" content=\"image\/jpeg\" \/>\n<meta name=\"twitter:card\" content=\"summary_large_image\" \/>\n<meta name=\"twitter:label1\" content=\"Dur\u00e9e de lecture estim\u00e9e\" \/>\n\t<meta name=\"twitter:data1\" content=\"1 minute\" \/>\n<script type=\"application\/ld+json\" class=\"yoast-schema-graph\">{\"@context\":\"https:\\\/\\\/schema.org\",\"@graph\":[{\"@type\":\"WebPage\",\"@id\":\"https:\\\/\\\/af.ca\\\/ottawa\\\/tests-et-examens\\\/\",\"url\":\"https:\\\/\\\/af.ca\\\/ottawa\\\/tests-et-examens\\\/\",\"name\":\"Tests et examens officiels de fran\u00e7ais - Alliance Fran\u00e7aise Ottawa\",\"isPartOf\":{\"@id\":\"https:\\\/\\\/af.ca\\\/ottawa\\\/#website\"},\"primaryImageOfPage\":{\"@id\":\"https:\\\/\\\/af.ca\\\/ottawa\\\/tests-et-examens\\\/#primaryimage\"},\"image\":{\"@id\":\"https:\\\/\\\/af.ca\\\/ottawa\\\/tests-et-examens\\\/#primaryimage\"},\"thumbnailUrl\":\"https:\\\/\\\/af.ca\\\/ottawa\\\/wp-content\\\/uploads\\\/2018\\\/08\\\/books.jpg\",\"datePublished\":\"2024-05-13T16:56:49+00:00\",\"dateModified\":\"2024-09-12T19:29:09+00:00\",\"description\":\"L' Alliance Fran\u00e7aise Ottawa est un centre d'examens officiellement reconnu depuis plus de 10 ans pour la passation de tests et examens officiels\",\"breadcrumb\":{\"@id\":\"https:\\\/\\\/af.ca\\\/ottawa\\\/tests-et-examens\\\/#breadcrumb\"},\"inLanguage\":\"fr-FR\",\"potentialAction\":[{\"@type\":\"ReadAction\",\"target\":[\"https:\\\/\\\/af.ca\\\/ottawa\\\/tests-et-examens\\\/\"]}]},{\"@type\":\"ImageObject\",\"inLanguage\":\"fr-FR\",\"@id\":\"https:\\\/\\\/af.ca\\\/ottawa\\\/tests-et-examens\\\/#primaryimage\",\"url\":\"https:\\\/\\\/af.ca\\\/ottawa\\\/wp-content\\\/uploads\\\/2018\\\/08\\\/books.jpg\",\"contentUrl\":\"https:\\\/\\\/af.ca\\\/ottawa\\\/wp-content\\\/uploads\\\/2018\\\/08\\\/books.jpg\",\"width\":3000,\"height\":336},{\"@type\":\"BreadcrumbList\",\"@id\":\"https:\\\/\\\/af.ca\\\/ottawa\\\/tests-et-examens\\\/#breadcrumb\",\"itemListElement\":[{\"@type\":\"ListItem\",\"position\":1,\"name\":\"Home\",\"item\":\"https:\\\/\\\/af.ca\\\/ottawa\\\/\"},{\"@type\":\"ListItem\",\"position\":2,\"name\":\"Tests et examens officiels de fran\u00e7ais\"}]},{\"@type\":\"WebSite\",\"@id\":\"https:\\\/\\\/af.ca\\\/ottawa\\\/#website\",\"url\":\"https:\\\/\\\/af.ca\\\/ottawa\\\/\",\"name\":\"Alliance Fran\u00e7aise Ottawa\",\"description\":\"\u00c9cole de langue fran\u00e7aise et centre culturel\",\"potentialAction\":[{\"@type\":\"SearchAction\",\"target\":{\"@type\":\"EntryPoint\",\"urlTemplate\":\"https:\\\/\\\/af.ca\\\/ottawa\\\/?s={search_term_string}\"},\"query-input\":{\"@type\":\"PropertyValueSpecification\",\"valueRequired\":true,\"valueName\":\"search_term_string\"}}],\"inLanguage\":\"fr-FR\"}]}<\/script>\n<!-- \/ Yoast SEO plugin. -->","yoast_head_json":{"title":"Tests et examens officiels de fran\u00e7ais - Alliance Fran\u00e7aise Ottawa","description":"L' Alliance Fran\u00e7aise Ottawa est un centre d'examens officiellement reconnu depuis plus de 10 ans pour la passation de tests et examens officiels","robots":{"index":"index","follow":"follow","max-snippet":"max-snippet:-1","max-image-preview":"max-image-preview:large","max-video-preview":"max-video-preview:-1"},"canonical":"https:\/\/af.ca\/ottawa\/tests-et-examens\/","og_locale":"fr_FR","og_type":"article","og_title":"Tests et examens officiels de fran\u00e7ais - Alliance Fran\u00e7aise Ottawa","og_description":"L' Alliance Fran\u00e7aise Ottawa est un centre d'examens officiellement reconnu depuis plus de 10 ans pour la passation de tests et examens officiels","og_url":"https:\/\/af.ca\/ottawa\/tests-et-examens\/","og_site_name":"Alliance Fran\u00e7aise Ottawa","article_modified_time":"2024-09-12T19:29:09+00:00","og_image":[{"width":3000,"height":336,"url":"https:\/\/af.ca\/ottawa\/wp-content\/uploads\/2018\/08\/books.jpg","type":"image\/jpeg"}],"twitter_card":"summary_large_image","twitter_misc":{"Dur\u00e9e de lecture estim\u00e9e":"1 minute"},"schema":{"@context":"https:\/\/schema.org","@graph":[{"@type":"WebPage","@id":"https:\/\/af.ca\/ottawa\/tests-et-examens\/","url":"https:\/\/af.ca\/ottawa\/tests-et-examens\/","name":"Tests et examens officiels de fran\u00e7ais - Alliance Fran\u00e7aise Ottawa","isPartOf":{"@id":"https:\/\/af.ca\/ottawa\/#website"},"primaryImageOfPage":{"@id":"https:\/\/af.ca\/ottawa\/tests-et-examens\/#primaryimage"},"image":{"@id":"https:\/\/af.ca\/ottawa\/tests-et-examens\/#primaryimage"},"thumbnailUrl":"https:\/\/af.ca\/ottawa\/wp-content\/uploads\/2018\/08\/books.jpg","datePublished":"2024-05-13T16:56:49+00:00","dateModified":"2024-09-12T19:29:09+00:00","description":"L' Alliance Fran\u00e7aise Ottawa est un centre d'examens officiellement reconnu depuis plus de 10 ans pour la passation de tests et examens officiels","breadcrumb":{"@id":"https:\/\/af.ca\/ottawa\/tests-et-examens\/#breadcrumb"},"inLanguage":"fr-FR","potentialAction":[{"@type":"ReadAction","target":["https:\/\/af.ca\/ottawa\/tests-et-examens\/"]}]},{"@type":"ImageObject","inLanguage":"fr-FR","@id":"https:\/\/af.ca\/ottawa\/tests-et-examens\/#primaryimage","url":"https:\/\/af.ca\/ottawa\/wp-content\/uploads\/2018\/08\/books.jpg","contentUrl":"https:\/\/af.ca\/ottawa\/wp-content\/uploads\/2018\/08\/books.jpg","width":3000,"height":336},{"@type":"BreadcrumbList","@id":"https:\/\/af.ca\/ottawa\/tests-et-examens\/#breadcrumb","itemListElement":[{"@type":"ListItem","position":1,"name":"Home","item":"https:\/\/af.ca\/ottawa\/"},{"@type":"ListItem","position":2,"name":"Tests et examens officiels de fran\u00e7ais"}]},{"@type":"WebSite","@id":"https:\/\/af.ca\/ottawa\/#website","url":"https:\/\/af.ca\/ottawa\/","name":"Alliance Fran\u00e7aise Ottawa","description":"\u00c9cole de langue fran\u00e7aise et centre culturel","potentialAction":[{"@type":"SearchAction","target":{"@type":"EntryPoint","urlTemplate":"https:\/\/af.ca\/ottawa\/?s={search_term_string}"},"query-input":{"@type":"PropertyValueSpecification","valueRequired":true,"valueName":"search_term_string"}}],"inLanguage":"fr-FR"}]}},"blog_post_layout_featured_media_urls":{"thumbnail":["https:\/\/af.ca\/ottawa\/wp-content\/uploads\/2018\/08\/books-150x150.jpg",150,150,true],"full":["https:\/\/af.ca\/ottawa\/wp-content\/uploads\/2018\/08\/books.jpg",3000,336,false]},"categories_names":null,"comments_number":"0","_links":{"self":[{"href":"https:\/\/af.ca\/ottawa\/wp-json\/wp\/v2\/pages\/2389","targetHints":{"allow":["GET"]}}],"collection":[{"href":"https:\/\/af.ca\/ottawa\/wp-json\/wp\/v2\/pages"}],"about":[{"href":"https:\/\/af.ca\/ottawa\/wp-json\/wp\/v2\/types\/page"}],"author":[{"embeddable":true,"href":"https:\/\/af.ca\/ottawa\/wp-json\/wp\/v2\/users\/6"}],"replies":[{"embeddable":true,"href":"https:\/\/af.ca\/ottawa\/wp-json\/wp\/v2\/comments?post=2389"}],"version-history":[{"count":0,"href":"https:\/\/af.ca\/ottawa\/wp-json\/wp\/v2\/pages\/2389\/revisions"}],"wp:featuredmedia":[{"embeddable":true,"href":"https:\/\/af.ca\/ottawa\/wp-json\/wp\/v2\/media\/2673"}],"wp:attachment":[{"href":"https:\/\/af.ca\/ottawa\/wp-json\/wp\/v2\/media?parent=2389"}],"curies":[{"name":"wp","href":"https:\/\/api.w.org\/{rel}","templated":true}]}}