{"id":24012,"date":"2025-07-29T08:53:09","date_gmt":"2025-07-29T12:53:09","guid":{"rendered":"https:\/\/af.ca\/ottawa\/?page_id=24012"},"modified":"2026-04-08T09:17:08","modified_gmt":"2026-04-08T13:17:08","slug":"cours-danglais-sle","status":"publish","type":"page","link":"https:\/\/af.ca\/ottawa\/cours-danglais-sle\/","title":{"rendered":"Cours d&rsquo;anglais SLE"},"content":{"rendered":"<p>&nbsp;<\/p>\n<p><a href=\"https:\/\/af.ca\/ottawa\/wp-content\/uploads\/2026\/01\/FR-AN.png\"><img loading=\"lazy\" decoding=\"async\" class=\"alignnone wp-image-24702\" src=\"https:\/\/af.ca\/ottawa\/wp-content\/uploads\/2026\/01\/FR-AN-300x111.png\" alt=\"\" width=\"1130\" height=\"418\" srcset=\"https:\/\/af.ca\/ottawa\/wp-content\/uploads\/2026\/01\/FR-AN-300x111.png 300w, https:\/\/af.ca\/ottawa\/wp-content\/uploads\/2026\/01\/FR-AN-768x284.png 768w, https:\/\/af.ca\/ottawa\/wp-content\/uploads\/2026\/01\/FR-AN.png 851w\" sizes=\"auto, (max-width: 1130px) 100vw, 1130px\" \/><\/a><\/p>\n<p><span style=\"color: #ff0000;\"><strong><a style=\"color: #ff0000;\" href=\"https:\/\/af.ca\/ottawa\/wp-content\/uploads\/2026\/03\/Calendrier-SLE-SPRING-2-2026-VF-1.pdf\">CALENDRIER DES COURS ELS (SPRING 2 <\/a><a style=\"color: #ff0000;\" href=\"https:\/\/af.ca\/ottawa\/wp-content\/uploads\/2025\/11\/Calendrier-SLE-WINTER-2026.pdf\">&#8211; 2026<\/a><strong style=\"color: #ff0000;\"><a style=\"color: #ff0000;\" href=\"https:\/\/af.ca\/ottawa\/wp-content\/uploads\/2025\/09\/Calendriers-SLE-FALL-2-2025.pdf\">)<\/a><\/strong><\/strong><\/span><\/p>\n<p>Vous travaillez pour le gouvernement du Canada et souhaitez obtenir ou maintenir un profil linguistique BBB en anglais langue seconde ?<\/p>\n<p>Nos <strong>cours d\u2019anglais sp\u00e9cialis\u00e9s<\/strong> sont con\u00e7us <strong>sur mesure pour les fonctionnaires<\/strong> : pr\u00e9paration cibl\u00e9e aux trois tests de la Commission de la fonction publique (compr\u00e9hension de l&rsquo;\u00e9crit, expression \u00e9crite, interaction orale), renforcement du vocabulaire professionnel, strat\u00e9gies d\u2019examen, et plus encore.<\/p>\n<p>\u2705 Cours en ligne via Zoom<br \/>\n\u2705 Petits groupes pour un suivi personnalis\u00e9<br \/>\n\u2705 Enseignants exp\u00e9riment\u00e9s dans la pr\u00e9paration des tests SLE<br \/>\n\u2705 Acc\u00e8s \u00e0 notre plateforme d\u2019exercices en ligne<\/p>\n<p><strong>Rejoignez nos cours de groupe ! <\/strong>\u00a0N\u2019attendez pas la date limite du test pour vous pr\u00e9parer. Contactez-nous d\u00e8s maintenant pour r\u00e9server votre place !<\/p>\n<p><a href=\"https:\/\/af.ca\/ottawa\/quel-est-mon-niveau\/#\/\"><strong>Test d\u2019orientation obligatoire <\/strong><\/a><strong>pour les nouveaux \u00e9tudiants.<\/strong><\/p>\n<p>&nbsp;<\/p>\n","protected":false},"excerpt":{"rendered":"<p>&nbsp; CALENDRIER DES COURS ELS (SPRING 2 &#8211; 2026) Vous travaillez pour le gouvernement du Canada et souhaitez obtenir ou maintenir un profil linguistique BBB en anglais langue seconde ? Nos cours d\u2019anglais sp\u00e9cialis\u00e9s sont con\u00e7us sur mesure pour les fonctionnaires : pr\u00e9paration cibl\u00e9e aux trois tests de la Commission de la fonction publique (compr\u00e9hension&#8230;<\/p>\n<p><a class=\"button invert-primary\" href=\"https:\/\/af.ca\/ottawa\/cours-danglais-sle\/\">En savoir plus<\/a><\/p>\n","protected":false},"author":3,"featured_media":0,"parent":0,"menu_order":18,"comment_status":"closed","ping_status":"closed","template":"templates\/cours.php","meta":{"_acf_changed":false,"om_disable_all_campaigns":false,"_monsterinsights_skip_tracking":false,"_monsterinsights_sitenote_active":false,"_monsterinsights_sitenote_note":"","_monsterinsights_sitenote_category":0,"footnotes":""},"class_list":["post-24012","page","type-page","status-publish","hentry"],"acf":[],"yoast_head":"<!-- This site is optimized with the Yoast SEO plugin v27.3 - https:\/\/yoast.com\/product\/yoast-seo-wordpress\/ -->\n<title>Cours d&#039;anglais SLE - Alliance Fran\u00e7aise Ottawa<\/title>\n<meta name=\"description\" content=\"Renforcez vos comp\u00e9tences orales ou am\u00e9liorez votre communication dans des situations professionnelles complexes gr\u00e2ce \u00e0 nos ateliers d&#039;anglais professionnel.\" \/>\n<meta name=\"robots\" content=\"index, follow, max-snippet:-1, max-image-preview:large, max-video-preview:-1\" \/>\n<link rel=\"canonical\" href=\"https:\/\/af.ca\/ottawa\/cours-danglais-sle\/\" \/>\n<meta property=\"og:locale\" content=\"fr_FR\" \/>\n<meta property=\"og:type\" content=\"article\" \/>\n<meta property=\"og:title\" content=\"Ateliers d\u2019anglais professionnel\" \/>\n<meta property=\"og:description\" content=\"Renforcez vos comp\u00e9tences orales ou am\u00e9liorez votre communication dans des situations professionnelles complexes gr\u00e2ce \u00e0 nos ateliers d&#039;anglais professionnel.\" \/>\n<meta property=\"og:url\" content=\"https:\/\/af.ca\/ottawa\/cours-danglais-sle\/\" \/>\n<meta property=\"og:site_name\" content=\"Alliance Fran\u00e7aise Ottawa\" \/>\n<meta property=\"article:modified_time\" content=\"2026-04-08T13:17:08+00:00\" \/>\n<meta property=\"og:image\" content=\"https:\/\/af.ca\/ottawa\/wp-content\/uploads\/2024\/07\/fgjhepee-1024x576.png\" \/>\n\t<meta property=\"og:image:width\" content=\"1024\" \/>\n\t<meta property=\"og:image:height\" content=\"576\" \/>\n\t<meta property=\"og:image:type\" content=\"image\/png\" \/>\n<meta name=\"twitter:card\" content=\"summary_large_image\" \/>\n<meta name=\"twitter:label1\" content=\"Dur\u00e9e de lecture estim\u00e9e\" \/>\n\t<meta name=\"twitter:data1\" content=\"1 minute\" \/>\n<script type=\"application\/ld+json\" class=\"yoast-schema-graph\">{\"@context\":\"https:\\\/\\\/schema.org\",\"@graph\":[{\"@type\":\"WebPage\",\"@id\":\"https:\\\/\\\/af.ca\\\/ottawa\\\/cours-danglais-sle\\\/\",\"url\":\"https:\\\/\\\/af.ca\\\/ottawa\\\/cours-danglais-sle\\\/\",\"name\":\"Cours d'anglais SLE - Alliance Fran\u00e7aise Ottawa\",\"isPartOf\":{\"@id\":\"https:\\\/\\\/af.ca\\\/ottawa\\\/#website\"},\"primaryImageOfPage\":{\"@id\":\"https:\\\/\\\/af.ca\\\/ottawa\\\/cours-danglais-sle\\\/#primaryimage\"},\"image\":{\"@id\":\"https:\\\/\\\/af.ca\\\/ottawa\\\/cours-danglais-sle\\\/#primaryimage\"},\"thumbnailUrl\":\"https:\\\/\\\/af.ca\\\/ottawa\\\/wp-content\\\/uploads\\\/2026\\\/01\\\/FR-AN-300x111.png\",\"datePublished\":\"2025-07-29T12:53:09+00:00\",\"dateModified\":\"2026-04-08T13:17:08+00:00\",\"description\":\"Renforcez vos comp\u00e9tences orales ou am\u00e9liorez votre communication dans des situations professionnelles complexes gr\u00e2ce \u00e0 nos ateliers d'anglais professionnel.\",\"breadcrumb\":{\"@id\":\"https:\\\/\\\/af.ca\\\/ottawa\\\/cours-danglais-sle\\\/#breadcrumb\"},\"inLanguage\":\"fr-FR\",\"potentialAction\":[{\"@type\":\"ReadAction\",\"target\":[\"https:\\\/\\\/af.ca\\\/ottawa\\\/cours-danglais-sle\\\/\"]}]},{\"@type\":\"ImageObject\",\"inLanguage\":\"fr-FR\",\"@id\":\"https:\\\/\\\/af.ca\\\/ottawa\\\/cours-danglais-sle\\\/#primaryimage\",\"url\":\"https:\\\/\\\/af.ca\\\/ottawa\\\/wp-content\\\/uploads\\\/2026\\\/01\\\/FR-AN.png\",\"contentUrl\":\"https:\\\/\\\/af.ca\\\/ottawa\\\/wp-content\\\/uploads\\\/2026\\\/01\\\/FR-AN.png\",\"width\":851,\"height\":315},{\"@type\":\"BreadcrumbList\",\"@id\":\"https:\\\/\\\/af.ca\\\/ottawa\\\/cours-danglais-sle\\\/#breadcrumb\",\"itemListElement\":[{\"@type\":\"ListItem\",\"position\":1,\"name\":\"Home\",\"item\":\"https:\\\/\\\/af.ca\\\/ottawa\\\/\"},{\"@type\":\"ListItem\",\"position\":2,\"name\":\"Cours d&#8217;anglais SLE\"}]},{\"@type\":\"WebSite\",\"@id\":\"https:\\\/\\\/af.ca\\\/ottawa\\\/#website\",\"url\":\"https:\\\/\\\/af.ca\\\/ottawa\\\/\",\"name\":\"Alliance Fran\u00e7aise Ottawa\",\"description\":\"\u00c9cole de langue fran\u00e7aise et centre culturel\",\"potentialAction\":[{\"@type\":\"SearchAction\",\"target\":{\"@type\":\"EntryPoint\",\"urlTemplate\":\"https:\\\/\\\/af.ca\\\/ottawa\\\/?s={search_term_string}\"},\"query-input\":{\"@type\":\"PropertyValueSpecification\",\"valueRequired\":true,\"valueName\":\"search_term_string\"}}],\"inLanguage\":\"fr-FR\"}]}<\/script>\n<!-- \/ Yoast SEO plugin. -->","yoast_head_json":{"title":"Cours d'anglais SLE - Alliance Fran\u00e7aise Ottawa","description":"Renforcez vos comp\u00e9tences orales ou am\u00e9liorez votre communication dans des situations professionnelles complexes gr\u00e2ce \u00e0 nos ateliers d'anglais professionnel.","robots":{"index":"index","follow":"follow","max-snippet":"max-snippet:-1","max-image-preview":"max-image-preview:large","max-video-preview":"max-video-preview:-1"},"canonical":"https:\/\/af.ca\/ottawa\/cours-danglais-sle\/","og_locale":"fr_FR","og_type":"article","og_title":"Ateliers d\u2019anglais professionnel","og_description":"Renforcez vos comp\u00e9tences orales ou am\u00e9liorez votre communication dans des situations professionnelles complexes gr\u00e2ce \u00e0 nos ateliers d'anglais professionnel.","og_url":"https:\/\/af.ca\/ottawa\/cours-danglais-sle\/","og_site_name":"Alliance Fran\u00e7aise Ottawa","article_modified_time":"2026-04-08T13:17:08+00:00","og_image":[{"width":1024,"height":576,"url":"https:\/\/af.ca\/ottawa\/wp-content\/uploads\/2024\/07\/fgjhepee-1024x576.png","type":"image\/png"}],"twitter_card":"summary_large_image","twitter_misc":{"Dur\u00e9e de lecture estim\u00e9e":"1 minute"},"schema":{"@context":"https:\/\/schema.org","@graph":[{"@type":"WebPage","@id":"https:\/\/af.ca\/ottawa\/cours-danglais-sle\/","url":"https:\/\/af.ca\/ottawa\/cours-danglais-sle\/","name":"Cours d'anglais SLE - Alliance Fran\u00e7aise Ottawa","isPartOf":{"@id":"https:\/\/af.ca\/ottawa\/#website"},"primaryImageOfPage":{"@id":"https:\/\/af.ca\/ottawa\/cours-danglais-sle\/#primaryimage"},"image":{"@id":"https:\/\/af.ca\/ottawa\/cours-danglais-sle\/#primaryimage"},"thumbnailUrl":"https:\/\/af.ca\/ottawa\/wp-content\/uploads\/2026\/01\/FR-AN-300x111.png","datePublished":"2025-07-29T12:53:09+00:00","dateModified":"2026-04-08T13:17:08+00:00","description":"Renforcez vos comp\u00e9tences orales ou am\u00e9liorez votre communication dans des situations professionnelles complexes gr\u00e2ce \u00e0 nos ateliers d'anglais professionnel.","breadcrumb":{"@id":"https:\/\/af.ca\/ottawa\/cours-danglais-sle\/#breadcrumb"},"inLanguage":"fr-FR","potentialAction":[{"@type":"ReadAction","target":["https:\/\/af.ca\/ottawa\/cours-danglais-sle\/"]}]},{"@type":"ImageObject","inLanguage":"fr-FR","@id":"https:\/\/af.ca\/ottawa\/cours-danglais-sle\/#primaryimage","url":"https:\/\/af.ca\/ottawa\/wp-content\/uploads\/2026\/01\/FR-AN.png","contentUrl":"https:\/\/af.ca\/ottawa\/wp-content\/uploads\/2026\/01\/FR-AN.png","width":851,"height":315},{"@type":"BreadcrumbList","@id":"https:\/\/af.ca\/ottawa\/cours-danglais-sle\/#breadcrumb","itemListElement":[{"@type":"ListItem","position":1,"name":"Home","item":"https:\/\/af.ca\/ottawa\/"},{"@type":"ListItem","position":2,"name":"Cours d&#8217;anglais SLE"}]},{"@type":"WebSite","@id":"https:\/\/af.ca\/ottawa\/#website","url":"https:\/\/af.ca\/ottawa\/","name":"Alliance Fran\u00e7aise Ottawa","description":"\u00c9cole de langue fran\u00e7aise et centre culturel","potentialAction":[{"@type":"SearchAction","target":{"@type":"EntryPoint","urlTemplate":"https:\/\/af.ca\/ottawa\/?s={search_term_string}"},"query-input":{"@type":"PropertyValueSpecification","valueRequired":true,"valueName":"search_term_string"}}],"inLanguage":"fr-FR"}]}},"blog_post_layout_featured_media_urls":{"thumbnail":"","full":""},"categories_names":null,"comments_number":"0","_links":{"self":[{"href":"https:\/\/af.ca\/ottawa\/wp-json\/wp\/v2\/pages\/24012","targetHints":{"allow":["GET"]}}],"collection":[{"href":"https:\/\/af.ca\/ottawa\/wp-json\/wp\/v2\/pages"}],"about":[{"href":"https:\/\/af.ca\/ottawa\/wp-json\/wp\/v2\/types\/page"}],"author":[{"embeddable":true,"href":"https:\/\/af.ca\/ottawa\/wp-json\/wp\/v2\/users\/3"}],"replies":[{"embeddable":true,"href":"https:\/\/af.ca\/ottawa\/wp-json\/wp\/v2\/comments?post=24012"}],"version-history":[{"count":6,"href":"https:\/\/af.ca\/ottawa\/wp-json\/wp\/v2\/pages\/24012\/revisions"}],"predecessor-version":[{"id":24017,"href":"https:\/\/af.ca\/ottawa\/wp-json\/wp\/v2\/pages\/24012\/revisions\/24017"}],"wp:attachment":[{"href":"https:\/\/af.ca\/ottawa\/wp-json\/wp\/v2\/media?parent=24012"}],"curies":[{"name":"wp","href":"https:\/\/api.w.org\/{rel}","templated":true}]}}