{"id":2404,"date":"2022-08-18T15:36:38","date_gmt":"2022-08-18T19:36:38","guid":{"rendered":"https:\/\/af.ca\/ottawa\/?page_id=2404"},"modified":"2022-08-18T15:42:48","modified_gmt":"2022-08-18T19:42:48","slug":"devenez_membre","status":"publish","type":"page","link":"https:\/\/af.ca\/ottawa\/culture\/devenez_membre\/","title":{"rendered":"devenir membre de l&rsquo;Alliance Fran\u00e7aise Ottawa"},"content":{"rendered":"<h4 style=\"text-align: center;\"><span style=\"color: #6b0505;\">Les membres de l\u2019Alliance Fran\u00e7aise Ottawa font partie d\u2019une communaut\u00e9 de francophones et de francophiles, amis de la langue et de la culture fran\u00e7aises ici \u00e0 Ottawa.<\/span><\/h4>\r\n<table style=\"height: 596px; width: 100.691%; border-collapse: collapse; border-color: #000000; border-style: none;\" cellspacing=\"0\">\r\n<tbody>\r\n<tr style=\"height: 87px;\">\r\n<th style=\"width: 36.7029%; border-color: #ffffff; background-color: #ffffff; text-align: center; vertical-align: middle; height: 87px;\">\r\n<h4>\u00a0<\/h4>\r\n<\/th>\r\n<th style=\"width: 63.2971%; background-color: #ffffff; border-color: #ffffff; height: 87px; text-align: left;\">\r\n<h2>Les avantages<\/h2>\r\n<\/th>\r\n<\/tr>\r\n<tr style=\"height: 113px;\">\r\n<td style=\"width: 36.7029%; border-color: #ffffff; background-color: #ffffff; text-align: center; vertical-align: middle; height: 113px;\">\r\n<h4><strong><a href=\"https:\/\/af.ca\/ottawa\/culture\/mediatheque\/\"><img loading=\"lazy\" decoding=\"async\" class=\"aligncenter wp-image-6702 size-medium\" src=\"https:\/\/af.ca\/ottawa\/wp-content\/uploads\/2019\/10\/72112355_413946415977260_2723201714558599168_n-300x225.jpg\" alt=\"\" width=\"300\" height=\"225\" \/><\/a><\/strong><\/h4>\r\n<\/td>\r\n<td style=\"width: 63.2971%; background-color: #ffffff; height: 113px; border-color: #ffffff; text-align: left;\">\r\n<h4><strong>Libre acc\u00e8s \u00e0 la <a href=\"https:\/\/af.ca\/ottawa\/culture\/mediatheque\/\" target=\"_blank\" rel=\"noopener noreferrer\"><span style=\"color: #ff0000;\">M\u00e9diath\u00e8que<\/span><\/a> de l\u2019Alliance Fran\u00e7aise Ottawa et \u00e0 ses ressources : vous pourrez vous relaxer et d\u00e9couvrir notre collection de livres audios, de romans, de films, etc.<\/strong><\/h4>\r\n<\/td>\r\n<\/tr>\r\n<tr style=\"height: 43px;\">\r\n<td style=\"width: 36.7029%; height: 43px; border-color: #ffffff; background-color: #ffffff; text-align: center; vertical-align: middle;\"><strong><a href=\"https:\/\/af.ca\/ottawa\/culture\/agenda\/\"><img loading=\"lazy\" decoding=\"async\" class=\"wp-image-6805 size-medium alignright\" src=\"https:\/\/af.ca\/ottawa\/wp-content\/uploads\/2019\/10\/PAGE-AGENDA-SITE-300x234.png\" alt=\"\" width=\"300\" height=\"234\" srcset=\"https:\/\/af.ca\/ottawa\/wp-content\/uploads\/2019\/10\/PAGE-AGENDA-SITE-300x234.png 300w, https:\/\/af.ca\/ottawa\/wp-content\/uploads\/2019\/10\/PAGE-AGENDA-SITE.png 500w\" sizes=\"auto, (max-width: 300px) 100vw, 300px\" \/><\/a><\/strong><\/td>\r\n<td style=\"width: 63.2971%; height: 43px; border-color: #ffffff; background-color: #ffffff; vertical-align: middle; text-align: left;\">\r\n<h4><strong><span style=\"font-size: inherit;\"><strong>Des prix r\u00e9duits ou la gratuit\u00e9 pour nos <\/strong><span style=\"color: #ff0000;\"><strong><a style=\"color: #ff0000;\" href=\"https:\/\/af.ca\/ottawa\/culture\/agenda\/\">\u00e9v\u00e9nements culturels<\/a>.<\/strong><\/span><\/span><\/strong><\/h4>\r\n<h4><strong><span style=\"font-size: inherit;\">Pour plus d&rsquo;informations, inscrivez-vous \u00e0 notre <span style=\"color: #ff0000;\"><a style=\"color: #ff0000;\" href=\"https:\/\/8125a431.sibforms.com\/serve\/MUIEAOkB_5Lon2dPVn75fCqgW4GOh6DCnfb99Ot_XJOo96PeZD9-J_pRDayK4mCIcQCPeqojAz2vLq_PLxmnZAg0wpIu8otH1nTlBtGFogO0mTkPg71LCfXg1mY2F5dPjDu5daTTzMbxPTRUgFiDPyvHX7KuIdyKfk1pqqvMvqZxJbGOHmvSxFU0Br9WSjXaCgpQhcvvjnRF_t_f\" target=\"_blank\" rel=\"noopener\">infolettre<\/a><\/span> ! <\/span><\/strong><\/h4>\r\n<h4>\u00a0<\/h4>\r\n<\/td>\r\n<\/tr>\r\n<tr style=\"height: 83px;\">\r\n<td style=\"width: 36.7029%; height: 83px; border-color: #ffffff; background-color: #ffffff; text-align: center; vertical-align: middle;\"><a href=\"https:\/\/www.culturetheque.com\/\"><img loading=\"lazy\" decoding=\"async\" class=\"aligncenter wp-image-6717 size-medium\" src=\"https:\/\/af.ca\/ottawa\/wp-content\/uploads\/2019\/10\/culturetheque-grand1-1-300x94.jpg\" alt=\"\" width=\"300\" height=\"94\" srcset=\"https:\/\/af.ca\/ottawa\/wp-content\/uploads\/2019\/10\/culturetheque-grand1-1-300x94.jpg 300w, https:\/\/af.ca\/ottawa\/wp-content\/uploads\/2019\/10\/culturetheque-grand1-1-768x240.jpg 768w, https:\/\/af.ca\/ottawa\/wp-content\/uploads\/2019\/10\/culturetheque-grand1-1-1024x320.jpg 1024w\" sizes=\"auto, (max-width: 300px) 100vw, 300px\" \/><\/a><\/td>\r\n<td style=\"width: 63.2971%; height: 83px; border-color: #ffffff; background-color: #ffffff; vertical-align: middle;\">\r\n<h4><span style=\"font-size: inherit;\">Libre acc\u00e8s \u00e0 la <\/span><a style=\"font-size: inherit;\" href=\"https:\/\/af.ca\/ottawa\/culture\/culturetheque\/\"><span style=\"color: #ff0000;\">Cultureth\u00e8que<\/span><\/a><span style=\"font-size: inherit;\">, la biblioth\u00e8que en ligne du r\u00e9seau culturel fran\u00e7ais, et \u00e0 ses quelques 200 000 ressources, accessibles partout et \u00e0 tout moment !<\/span><\/h4>\r\n<\/td>\r\n<\/tr>\r\n<tr style=\"height: 62px;\">\r\n<td style=\"width: 36.7029%; height: 62px; border-color: #ffffff; background-color: #ffffff; text-align: center; vertical-align: middle;\"><a href=\"https:\/\/af.ca\/ottawa\/wp-content\/uploads\/2021\/12\/NAC_logo.jpg\"><img loading=\"lazy\" decoding=\"async\" class=\"size-full wp-image-16699 alignleft\" src=\"https:\/\/af.ca\/ottawa\/wp-content\/uploads\/2021\/12\/NAC_logo.jpg\" alt=\"\" width=\"700\" height=\"215\" srcset=\"https:\/\/af.ca\/ottawa\/wp-content\/uploads\/2021\/12\/NAC_logo.jpg 700w, https:\/\/af.ca\/ottawa\/wp-content\/uploads\/2021\/12\/NAC_logo-300x92.jpg 300w\" sizes=\"auto, (max-width: 700px) 100vw, 700px\" \/><\/a><\/td>\r\n<td style=\"width: 63.2971%; height: 62px; border-color: #ffffff; background-color: #ffffff; vertical-align: middle;\">\r\n<h4><strong>-50% pour le Th\u00e9\u00e2tre Fran\u00e7ais du CNA\u00a0<\/strong><\/h4>\r\n<\/td>\r\n<\/tr>\r\n<tr style=\"height: 78px;\">\r\n<td style=\"width: 36.7029%; height: 78px; border-color: #ffffff; background-color: #ffffff; text-align: center; vertical-align: middle;\">\r\n<p><strong><a href=\"http:\/\/pilatesspace.com\/\"><img loading=\"lazy\" decoding=\"async\" class=\"aligncenter wp-image-6712 size-thumbnail\" src=\"https:\/\/af.ca\/ottawa\/wp-content\/uploads\/2019\/10\/pilates-150x150.jpg\" alt=\"\" width=\"150\" height=\"150\" srcset=\"https:\/\/af.ca\/ottawa\/wp-content\/uploads\/2019\/10\/pilates-150x150.jpg 150w, https:\/\/af.ca\/ottawa\/wp-content\/uploads\/2019\/10\/pilates-300x300.jpg 300w, https:\/\/af.ca\/ottawa\/wp-content\/uploads\/2019\/10\/pilates-125x125.jpg 125w, https:\/\/af.ca\/ottawa\/wp-content\/uploads\/2019\/10\/pilates.jpg 639w\" sizes=\"auto, (max-width: 150px) 100vw, 150px\" \/><\/a><\/strong><\/p>\r\n<\/td>\r\n<td style=\"width: 63.2971%; height: 78px; border-color: #ffffff; background-color: #ffffff; vertical-align: middle;\">\r\n<h4><strong>-20%<\/strong> pour toute commande cours de groupe chez <span style=\"color: #ff0000;\"><a style=\"color: #ff0000;\" href=\"http:\/\/pilatesspace.com\/\">Pilates Space<\/a><\/span><\/h4>\r\n<p>&nbsp;<\/p>\r\n<h4>\u00a0<\/h4>\r\n<h4>\u00a0<\/h4>\r\n<\/td>\r\n<\/tr>\r\n<tr style=\"height: 86px;\">\r\n<td style=\"width: 36.7029%; height: 86px; border-color: #ffffff; background-color: #ffffff; text-align: center; vertical-align: middle;\"><strong><a href=\"https:\/\/quelque-chose.ca\/\"><img loading=\"lazy\" decoding=\"async\" class=\"aligncenter wp-image-6714 size-thumbnail\" src=\"https:\/\/af.ca\/ottawa\/wp-content\/uploads\/2019\/10\/thumbnail_large-150x150.png\" alt=\"\" width=\"150\" height=\"150\" srcset=\"https:\/\/af.ca\/ottawa\/wp-content\/uploads\/2019\/10\/thumbnail_large-150x150.png 150w, https:\/\/af.ca\/ottawa\/wp-content\/uploads\/2019\/10\/thumbnail_large-125x125.png 125w, https:\/\/af.ca\/ottawa\/wp-content\/uploads\/2019\/10\/thumbnail_large.png 250w\" sizes=\"auto, (max-width: 150px) 100vw, 150px\" \/><\/a><\/strong><\/td>\r\n<td style=\"width: 63.2971%; height: 86px; border-color: #ffffff; background-color: #ffffff; vertical-align: middle;\">\r\n<h4><strong> -10%<\/strong> pour toute commande chez <span style=\"color: #ff0000;\"><a style=\"color: #ff0000;\" href=\"https:\/\/quelque-chose.ca\/\">Quelque chose<\/a><\/span><\/h4>\r\n<\/td>\r\n<\/tr>\r\n<tr style=\"height: 141px;\">\r\n<td style=\"width: 36.7029%; border-color: #ffffff; background-color: #ffffff; text-align: center; vertical-align: middle; height: 44px;\">\u00a0<\/td>\r\n<td style=\"width: 63.2971%; border-color: #ffffff; background-color: #ffffff; vertical-align: middle; height: 44px;\">\u00a0<\/td>\r\n<\/tr>\r\n<\/tbody>\r\n<\/table>\r\n<h2><span style=\"color: #000000;\">Quels sont les tarifs pour adh\u00e9rer\u00a0?<\/span><\/h2>\r\n<p>&nbsp;<\/p>\r\n<ul>\r\n<li>L\u2019adh\u00e9sion individuelle \u00e0 l\u2019Alliance Fran\u00e7aise Ottawa est de $30.<\/li>\r\n<li>L\u2019adh\u00e9sion famille (\u00e0 partir de deux personnes) \u00e0 l\u2019Alliance Fran\u00e7aise Ottawa est de $50.<\/li>\r\n<li>Votre adh\u00e9sion deviendra effective d\u00e8s r\u00e9ception du montant de la cotisation et sera\u00a0valable pour une ann\u00e9e (date \u00e0 date).<\/li>\r\n<\/ul>\r\n<hr \/>\r\n<h2><span style=\"color: #000000;\">Comment devenir membre de l\u2019Alliance Fran\u00e7aise Ottawa\u00a0?<\/span><\/h2>\r\n<h2><span style=\"background-color: #ffff99;\"><strong>3 options :<\/strong><\/span><\/h2>\r\n<h4>&#8211; En personne \u00e0 la r\u00e9ception de l\u2019Alliance Fran\u00e7aise Ottawa au 352 rue MacLaren Street<\/h4>\r\n<h4>&#8211; Par t\u00e9l\u00e9phone au 613-234-9470<\/h4>\r\n<h4>&#8211; En ligne :\u200b<\/h4>\r\n<table style=\"border-collapse: collapse; width: 100%; height: 197px;\">\r\n<tbody>\r\n<tr style=\"height: 135px;\">\r\n<td style=\"width: 50%; height: 135px;\">\r\n<p style=\"text-align: center;\"><strong>Adh\u00e9sion individuelle<\/strong><\/p>\r\n<p style=\"text-align: center;\">$30 par an<\/p>\r\n<\/td>\r\n<td style=\"width: 50%; height: 135px;\">\r\n<p style=\"text-align: center;\"><strong>Adh\u00e9sion famille<\/strong><\/p>\r\n<p style=\"text-align: center;\">$50 par an<\/p>\r\n<\/td>\r\n<\/tr>\r\n<tr style=\"height: 62px;\">\r\n<td style=\"width: 50%; text-align: center; height: 62px;\"><a href=\"https:\/\/afottawa.extranet-aec.com\/products\/view\/4-ADHESIONS\"><img loading=\"lazy\" decoding=\"async\" class=\"alignnone size-full wp-image-9172\" src=\"https:\/\/af.ca\/ottawa\/wp-content\/uploads\/2020\/04\/Sans-titre-8.png\" alt=\"\" width=\"171\" height=\"47\" \/><\/a><\/td>\r\n<td style=\"width: 50%; text-align: center; height: 62px;\"><a href=\"https:\/\/afottawa.extranet-aec.com\/products\/view\/4-ADHESIONS\"><img loading=\"lazy\" decoding=\"async\" class=\"alignnone size-full wp-image-9172\" src=\"https:\/\/af.ca\/ottawa\/wp-content\/uploads\/2020\/04\/Sans-titre-8.png\" alt=\"\" width=\"171\" height=\"47\" \/><\/a><\/td>\r\n<\/tr>\r\n<\/tbody>\r\n<\/table>\r\n","protected":false},"excerpt":{"rendered":"<p>Les membres de l\u2019Alliance Fran\u00e7aise Ottawa font partie d\u2019une communaut\u00e9 de francophones et de francophiles, amis de la langue et de la culture fran\u00e7aises ici \u00e0 Ottawa. \u00a0 Les avantages Libre acc\u00e8s \u00e0 la M\u00e9diath\u00e8que de l\u2019Alliance Fran\u00e7aise Ottawa et \u00e0 ses ressources : vous pourrez vous relaxer et d\u00e9couvrir notre collection de livres audios,&#8230;<\/p>\n<p><a class=\"button invert-primary\" href=\"https:\/\/af.ca\/ottawa\/culture\/devenez_membre\/\">En savoir plus<\/a><\/p>\n","protected":false},"author":6,"featured_media":0,"parent":2392,"menu_order":241,"comment_status":"closed","ping_status":"closed","template":"","meta":{"_acf_changed":false,"om_disable_all_campaigns":false,"_monsterinsights_skip_tracking":false,"_monsterinsights_sitenote_active":false,"_monsterinsights_sitenote_note":"","_monsterinsights_sitenote_category":0,"footnotes":""},"class_list":["post-2404","page","type-page","status-publish","hentry"],"acf":[],"yoast_head":"<!-- This site is optimized with the Yoast SEO plugin v27.3 - https:\/\/yoast.com\/product\/yoast-seo-wordpress\/ -->\n<title>Devenez membre - Alliance Fran\u00e7aise Ottawa<\/title>\n<meta name=\"description\" content=\"Devenir membre de l\u2019Alliance Fran\u00e7aise Ottawa signifie faire partie int\u00e9grante d\u2019une communaut\u00e9 de francophones et de francophiles \u00e0 Ottawa !\" \/>\n<meta name=\"robots\" content=\"index, follow, max-snippet:-1, max-image-preview:large, max-video-preview:-1\" \/>\n<link rel=\"canonical\" href=\"https:\/\/af.ca\/ottawa\/culture\/devenez_membre\/\" \/>\n<meta property=\"og:locale\" content=\"fr_FR\" \/>\n<meta property=\"og:type\" content=\"article\" \/>\n<meta property=\"og:title\" content=\"Devenez membre - Alliance Fran\u00e7aise Ottawa\" \/>\n<meta property=\"og:description\" content=\"Devenir membre de l\u2019Alliance Fran\u00e7aise Ottawa signifie faire partie int\u00e9grante d\u2019une communaut\u00e9 de francophones et de francophiles \u00e0 Ottawa !\" \/>\n<meta property=\"og:url\" content=\"https:\/\/af.ca\/ottawa\/culture\/devenez_membre\/\" \/>\n<meta property=\"og:site_name\" content=\"Alliance Fran\u00e7aise Ottawa\" \/>\n<meta property=\"article:modified_time\" content=\"2022-08-18T19:42:48+00:00\" \/>\n<meta property=\"og:image\" content=\"https:\/\/af.ca\/ottawa\/wp-content\/uploads\/2019\/10\/72112355_413946415977260_2723201714558599168_n-300x225.jpg\" \/>\n<meta name=\"twitter:card\" content=\"summary_large_image\" \/>\n<meta name=\"twitter:label1\" content=\"Dur\u00e9e de lecture estim\u00e9e\" \/>\n\t<meta name=\"twitter:data1\" content=\"3 minutes\" \/>\n<script type=\"application\/ld+json\" class=\"yoast-schema-graph\">{\"@context\":\"https:\\\/\\\/schema.org\",\"@graph\":[{\"@type\":\"WebPage\",\"@id\":\"https:\\\/\\\/af.ca\\\/ottawa\\\/culture\\\/devenez_membre\\\/\",\"url\":\"https:\\\/\\\/af.ca\\\/ottawa\\\/culture\\\/devenez_membre\\\/\",\"name\":\"Devenez membre - Alliance Fran\u00e7aise Ottawa\",\"isPartOf\":{\"@id\":\"https:\\\/\\\/af.ca\\\/ottawa\\\/#website\"},\"primaryImageOfPage\":{\"@id\":\"https:\\\/\\\/af.ca\\\/ottawa\\\/culture\\\/devenez_membre\\\/#primaryimage\"},\"image\":{\"@id\":\"https:\\\/\\\/af.ca\\\/ottawa\\\/culture\\\/devenez_membre\\\/#primaryimage\"},\"thumbnailUrl\":\"https:\\\/\\\/af.ca\\\/ottawa\\\/wp-content\\\/uploads\\\/2019\\\/10\\\/72112355_413946415977260_2723201714558599168_n-300x225.jpg\",\"datePublished\":\"2022-08-18T19:36:38+00:00\",\"dateModified\":\"2022-08-18T19:42:48+00:00\",\"description\":\"Devenir membre de l\u2019Alliance Fran\u00e7aise Ottawa signifie faire partie int\u00e9grante d\u2019une communaut\u00e9 de francophones et de francophiles \u00e0 Ottawa !\",\"breadcrumb\":{\"@id\":\"https:\\\/\\\/af.ca\\\/ottawa\\\/culture\\\/devenez_membre\\\/#breadcrumb\"},\"inLanguage\":\"fr-FR\",\"potentialAction\":[{\"@type\":\"ReadAction\",\"target\":[\"https:\\\/\\\/af.ca\\\/ottawa\\\/culture\\\/devenez_membre\\\/\"]}]},{\"@type\":\"ImageObject\",\"inLanguage\":\"fr-FR\",\"@id\":\"https:\\\/\\\/af.ca\\\/ottawa\\\/culture\\\/devenez_membre\\\/#primaryimage\",\"url\":\"https:\\\/\\\/af.ca\\\/ottawa\\\/wp-content\\\/uploads\\\/2019\\\/10\\\/72112355_413946415977260_2723201714558599168_n-300x225.jpg\",\"contentUrl\":\"https:\\\/\\\/af.ca\\\/ottawa\\\/wp-content\\\/uploads\\\/2019\\\/10\\\/72112355_413946415977260_2723201714558599168_n-300x225.jpg\"},{\"@type\":\"BreadcrumbList\",\"@id\":\"https:\\\/\\\/af.ca\\\/ottawa\\\/culture\\\/devenez_membre\\\/#breadcrumb\",\"itemListElement\":[{\"@type\":\"ListItem\",\"position\":1,\"name\":\"Home\",\"item\":\"https:\\\/\\\/af.ca\\\/ottawa\\\/\"},{\"@type\":\"ListItem\",\"position\":2,\"name\":\"Culture\",\"item\":\"https:\\\/\\\/af.ca\\\/ottawa\\\/culture\\\/\"},{\"@type\":\"ListItem\",\"position\":3,\"name\":\"devenir membre de l&#8217;Alliance Fran\u00e7aise Ottawa\"}]},{\"@type\":\"WebSite\",\"@id\":\"https:\\\/\\\/af.ca\\\/ottawa\\\/#website\",\"url\":\"https:\\\/\\\/af.ca\\\/ottawa\\\/\",\"name\":\"Alliance Fran\u00e7aise Ottawa\",\"description\":\"\u00c9cole de langue fran\u00e7aise et centre culturel\",\"potentialAction\":[{\"@type\":\"SearchAction\",\"target\":{\"@type\":\"EntryPoint\",\"urlTemplate\":\"https:\\\/\\\/af.ca\\\/ottawa\\\/?s={search_term_string}\"},\"query-input\":{\"@type\":\"PropertyValueSpecification\",\"valueRequired\":true,\"valueName\":\"search_term_string\"}}],\"inLanguage\":\"fr-FR\"}]}<\/script>\n<!-- \/ Yoast SEO plugin. -->","yoast_head_json":{"title":"Devenez membre - Alliance Fran\u00e7aise Ottawa","description":"Devenir membre de l\u2019Alliance Fran\u00e7aise Ottawa signifie faire partie int\u00e9grante d\u2019une communaut\u00e9 de francophones et de francophiles \u00e0 Ottawa !","robots":{"index":"index","follow":"follow","max-snippet":"max-snippet:-1","max-image-preview":"max-image-preview:large","max-video-preview":"max-video-preview:-1"},"canonical":"https:\/\/af.ca\/ottawa\/culture\/devenez_membre\/","og_locale":"fr_FR","og_type":"article","og_title":"Devenez membre - Alliance Fran\u00e7aise Ottawa","og_description":"Devenir membre de l\u2019Alliance Fran\u00e7aise Ottawa signifie faire partie int\u00e9grante d\u2019une communaut\u00e9 de francophones et de francophiles \u00e0 Ottawa !","og_url":"https:\/\/af.ca\/ottawa\/culture\/devenez_membre\/","og_site_name":"Alliance Fran\u00e7aise Ottawa","article_modified_time":"2022-08-18T19:42:48+00:00","og_image":[{"url":"https:\/\/af.ca\/ottawa\/wp-content\/uploads\/2019\/10\/72112355_413946415977260_2723201714558599168_n-300x225.jpg","type":"","width":"","height":""}],"twitter_card":"summary_large_image","twitter_misc":{"Dur\u00e9e de lecture estim\u00e9e":"3 minutes"},"schema":{"@context":"https:\/\/schema.org","@graph":[{"@type":"WebPage","@id":"https:\/\/af.ca\/ottawa\/culture\/devenez_membre\/","url":"https:\/\/af.ca\/ottawa\/culture\/devenez_membre\/","name":"Devenez membre - Alliance Fran\u00e7aise Ottawa","isPartOf":{"@id":"https:\/\/af.ca\/ottawa\/#website"},"primaryImageOfPage":{"@id":"https:\/\/af.ca\/ottawa\/culture\/devenez_membre\/#primaryimage"},"image":{"@id":"https:\/\/af.ca\/ottawa\/culture\/devenez_membre\/#primaryimage"},"thumbnailUrl":"https:\/\/af.ca\/ottawa\/wp-content\/uploads\/2019\/10\/72112355_413946415977260_2723201714558599168_n-300x225.jpg","datePublished":"2022-08-18T19:36:38+00:00","dateModified":"2022-08-18T19:42:48+00:00","description":"Devenir membre de l\u2019Alliance Fran\u00e7aise Ottawa signifie faire partie int\u00e9grante d\u2019une communaut\u00e9 de francophones et de francophiles \u00e0 Ottawa !","breadcrumb":{"@id":"https:\/\/af.ca\/ottawa\/culture\/devenez_membre\/#breadcrumb"},"inLanguage":"fr-FR","potentialAction":[{"@type":"ReadAction","target":["https:\/\/af.ca\/ottawa\/culture\/devenez_membre\/"]}]},{"@type":"ImageObject","inLanguage":"fr-FR","@id":"https:\/\/af.ca\/ottawa\/culture\/devenez_membre\/#primaryimage","url":"https:\/\/af.ca\/ottawa\/wp-content\/uploads\/2019\/10\/72112355_413946415977260_2723201714558599168_n-300x225.jpg","contentUrl":"https:\/\/af.ca\/ottawa\/wp-content\/uploads\/2019\/10\/72112355_413946415977260_2723201714558599168_n-300x225.jpg"},{"@type":"BreadcrumbList","@id":"https:\/\/af.ca\/ottawa\/culture\/devenez_membre\/#breadcrumb","itemListElement":[{"@type":"ListItem","position":1,"name":"Home","item":"https:\/\/af.ca\/ottawa\/"},{"@type":"ListItem","position":2,"name":"Culture","item":"https:\/\/af.ca\/ottawa\/culture\/"},{"@type":"ListItem","position":3,"name":"devenir membre de l&#8217;Alliance Fran\u00e7aise Ottawa"}]},{"@type":"WebSite","@id":"https:\/\/af.ca\/ottawa\/#website","url":"https:\/\/af.ca\/ottawa\/","name":"Alliance Fran\u00e7aise Ottawa","description":"\u00c9cole de langue fran\u00e7aise et centre culturel","potentialAction":[{"@type":"SearchAction","target":{"@type":"EntryPoint","urlTemplate":"https:\/\/af.ca\/ottawa\/?s={search_term_string}"},"query-input":{"@type":"PropertyValueSpecification","valueRequired":true,"valueName":"search_term_string"}}],"inLanguage":"fr-FR"}]}},"blog_post_layout_featured_media_urls":{"thumbnail":"","full":""},"categories_names":null,"comments_number":"0","_links":{"self":[{"href":"https:\/\/af.ca\/ottawa\/wp-json\/wp\/v2\/pages\/2404","targetHints":{"allow":["GET"]}}],"collection":[{"href":"https:\/\/af.ca\/ottawa\/wp-json\/wp\/v2\/pages"}],"about":[{"href":"https:\/\/af.ca\/ottawa\/wp-json\/wp\/v2\/types\/page"}],"author":[{"embeddable":true,"href":"https:\/\/af.ca\/ottawa\/wp-json\/wp\/v2\/users\/6"}],"replies":[{"embeddable":true,"href":"https:\/\/af.ca\/ottawa\/wp-json\/wp\/v2\/comments?post=2404"}],"version-history":[{"count":0,"href":"https:\/\/af.ca\/ottawa\/wp-json\/wp\/v2\/pages\/2404\/revisions"}],"up":[{"embeddable":true,"href":"https:\/\/af.ca\/ottawa\/wp-json\/wp\/v2\/pages\/2392"}],"wp:attachment":[{"href":"https:\/\/af.ca\/ottawa\/wp-json\/wp\/v2\/media?parent=2404"}],"curies":[{"name":"wp","href":"https:\/\/api.w.org\/{rel}","templated":true}]}}