{"id":2408,"date":"2023-11-03T11:48:29","date_gmt":"2023-11-03T15:48:29","guid":{"rendered":"https:\/\/af.ca\/ottawa\/?page_id=2408"},"modified":"2026-03-09T10:50:20","modified_gmt":"2026-03-09T14:50:20","slug":"mediatheque","status":"publish","type":"page","link":"https:\/\/af.ca\/ottawa\/culture\/mediatheque\/","title":{"rendered":"M\u00e9diath\u00e8que"},"content":{"rendered":"<p>&nbsp;<\/p>\n<p>Situ\u00e9e au rez-de-chauss\u00e9e de l\u2019Alliance Fran\u00e7aise Ottawa, au 352 rue Maclaren, la m\u00e9diath\u00e8que est un espace convivial dans lequel vous pourrez \u00e9tudier, vous relaxer et d\u00e9couvrir nos collections de livres, films, CDs ainsi que de nombreux livres p\u00e9dagogiques pour pratiquer votre fran\u00e7ais ! Notre mission est de vous donner envie d\u2019apprendre, de rencontrer d\u2019autres apprenants et d&rsquo;\u00e9veiller votre curiosit\u00e9\u2026 Le tout en fran\u00e7ais !<\/p>\n<p><img loading=\"lazy\" decoding=\"async\" class=\"aligncenter wp-image-6702 size-full\" src=\"https:\/\/af.ca\/ottawa\/wp-content\/uploads\/2019\/10\/72112355_413946415977260_2723201714558599168_n-e1571856568679.jpg\" alt=\"\" width=\"2048\" height=\"1290\" srcset=\"https:\/\/af.ca\/ottawa\/wp-content\/uploads\/2019\/10\/72112355_413946415977260_2723201714558599168_n-e1571856568679.jpg 2048w, https:\/\/af.ca\/ottawa\/wp-content\/uploads\/2019\/10\/72112355_413946415977260_2723201714558599168_n-e1571856568679-300x189.jpg 300w, https:\/\/af.ca\/ottawa\/wp-content\/uploads\/2019\/10\/72112355_413946415977260_2723201714558599168_n-e1571856568679-768x484.jpg 768w, https:\/\/af.ca\/ottawa\/wp-content\/uploads\/2019\/10\/72112355_413946415977260_2723201714558599168_n-e1571856568679-1024x645.jpg 1024w\" sizes=\"auto, (max-width: 2048px) 100vw, 2048px\" \/><\/p>\n<p>La m\u00e9diath\u00e8que est un espace de vie ouvert \u00e0 nos \u00e9tudiants et \u00e0 nos membres. L\u2019abonnement \u00e0 la m\u00e9diath\u00e8que est inclus dans vos frais d\u2019inscription. Vous n&rsquo;\u00eates pas <strong>\u00e9tudiant<\/strong> ou <strong>membre<\/strong> ? N&rsquo;attendez plus, devenez membre d\u00e8s \u00e0 pr\u00e9sent : <strong><a href=\"https:\/\/af.ca\/ottawa\/culture\/devenez_membre\/\">cliquez ici<\/a><\/strong><\/p>\n<p>Nous sommes disponibles pour vous aider \u00e0 trouver ce que vous cherchez.<\/p>\n<p>Le renouvellement partiel du fond a \u00e9t\u00e9 r\u00e9alis\u00e9 gr\u00e2ce au soutien de l\u2019Institut fran\u00e7ais.<strong>\u00a0 \u00a0 \u00a0 \u00a0 \u00a0 \u00a0<\/strong><\/p>\n<p><strong><a href=\"https:\/\/af.ca\/ottawa\/wp-content\/uploads\/2019\/12\/CARROUSSEL-SITE-6.png\"><img loading=\"lazy\" decoding=\"async\" class=\"size-full wp-image-7676 aligncenter\" src=\"https:\/\/af.ca\/ottawa\/wp-content\/uploads\/2019\/12\/CARROUSSEL-SITE-6.png\" alt=\"\" width=\"1500\" height=\"530\" srcset=\"https:\/\/af.ca\/ottawa\/wp-content\/uploads\/2019\/12\/CARROUSSEL-SITE-6.png 1500w, https:\/\/af.ca\/ottawa\/wp-content\/uploads\/2019\/12\/CARROUSSEL-SITE-6-300x106.png 300w, https:\/\/af.ca\/ottawa\/wp-content\/uploads\/2019\/12\/CARROUSSEL-SITE-6-1024x362.png 1024w, https:\/\/af.ca\/ottawa\/wp-content\/uploads\/2019\/12\/CARROUSSEL-SITE-6-768x271.png 768w\" sizes=\"auto, (max-width: 1500px) 100vw, 1500px\" \/><\/a>\u00a0 \u00a0 \u00a0<\/strong><\/p>\n<h2>Horaires et informations<\/h2>\n<p>Lundi au jeudi : 9h00 \u00e0 18h00<\/p>\n<p>Vendredi : 9h00 \u00e0 16h30<\/p>\n<p>Samedi: de 9h00 \u00e0 12h00 &amp; de 13h00 \u00e0 16h00<\/p>\n<p>Ferm\u00e9 le dimanche<\/p>\n<p>Nous serons ravis de vous informer \u00e0 l\u2019adresse courriel <a href=\"mailto:media@af.ca\">media@af.ca<\/a> ou au num\u00e9ro 613-234-9470\/225.<\/p>\n","protected":false},"excerpt":{"rendered":"<p>&nbsp; Situ\u00e9e au rez-de-chauss\u00e9e de l\u2019Alliance Fran\u00e7aise Ottawa, au 352 rue Maclaren, la m\u00e9diath\u00e8que est un espace convivial dans lequel vous pourrez \u00e9tudier, vous relaxer et d\u00e9couvrir nos collections de livres, films, CDs ainsi que de nombreux livres p\u00e9dagogiques pour pratiquer votre fran\u00e7ais ! Notre mission est de vous donner envie d\u2019apprendre, de rencontrer d\u2019autres&#8230;<\/p>\n<p><a class=\"button invert-primary\" href=\"https:\/\/af.ca\/ottawa\/culture\/mediatheque\/\">En savoir plus<\/a><\/p>\n","protected":false},"author":6,"featured_media":0,"parent":2392,"menu_order":245,"comment_status":"closed","ping_status":"closed","template":"templates\/cours.php","meta":{"_acf_changed":false,"om_disable_all_campaigns":false,"_monsterinsights_skip_tracking":false,"_monsterinsights_sitenote_active":false,"_monsterinsights_sitenote_note":"","_monsterinsights_sitenote_category":0,"footnotes":""},"class_list":["post-2408","page","type-page","status-publish","hentry"],"acf":[],"yoast_head":"<!-- This site is optimized with the Yoast SEO plugin v27.4 - https:\/\/yoast.com\/product\/yoast-seo-wordpress\/ -->\n<title>Biblioth\u00e8que en fran\u00e7ais - Alliance Fran\u00e7aise Ottawa<\/title>\n<meta name=\"description\" content=\"la m\u00e9diath\u00e8que\/biblioth\u00e8que fran\u00e7aise est un espace convivial pour \u00e9tudier, se relaxer et d\u00e9couvrir les collections de livres, films, CDs\" \/>\n<meta name=\"robots\" content=\"index, follow, max-snippet:-1, max-image-preview:large, max-video-preview:-1\" \/>\n<link rel=\"canonical\" href=\"https:\/\/af.ca\/ottawa\/culture\/mediatheque\/\" \/>\n<meta property=\"og:locale\" content=\"fr_FR\" \/>\n<meta property=\"og:type\" content=\"article\" \/>\n<meta property=\"og:title\" content=\"Biblioth\u00e8que en fran\u00e7ais - Alliance Fran\u00e7aise Ottawa\" \/>\n<meta property=\"og:description\" content=\"la m\u00e9diath\u00e8que\/biblioth\u00e8que fran\u00e7aise est un espace convivial pour \u00e9tudier, se relaxer et d\u00e9couvrir les collections de livres, films, CDs\" \/>\n<meta property=\"og:url\" content=\"https:\/\/af.ca\/ottawa\/culture\/mediatheque\/\" \/>\n<meta property=\"og:site_name\" content=\"Alliance Fran\u00e7aise Ottawa\" \/>\n<meta property=\"article:modified_time\" content=\"2026-03-09T14:50:20+00:00\" \/>\n<meta property=\"og:image\" content=\"https:\/\/af.ca\/ottawa\/wp-content\/uploads\/2019\/10\/72112355_413946415977260_2723201714558599168_n-e1571856568679.jpg\" \/>\n\t<meta property=\"og:image:width\" content=\"2048\" \/>\n\t<meta property=\"og:image:height\" content=\"1290\" \/>\n\t<meta property=\"og:image:type\" content=\"image\/jpeg\" \/>\n<meta name=\"twitter:card\" content=\"summary_large_image\" \/>\n<meta name=\"twitter:label1\" content=\"Dur\u00e9e de lecture estim\u00e9e\" \/>\n\t<meta name=\"twitter:data1\" content=\"2 minutes\" \/>\n<script type=\"application\/ld+json\" class=\"yoast-schema-graph\">{\"@context\":\"https:\\\/\\\/schema.org\",\"@graph\":[{\"@type\":\"WebPage\",\"@id\":\"https:\\\/\\\/af.ca\\\/ottawa\\\/culture\\\/mediatheque\\\/\",\"url\":\"https:\\\/\\\/af.ca\\\/ottawa\\\/culture\\\/mediatheque\\\/\",\"name\":\"Biblioth\u00e8que en fran\u00e7ais - Alliance Fran\u00e7aise Ottawa\",\"isPartOf\":{\"@id\":\"https:\\\/\\\/af.ca\\\/ottawa\\\/#website\"},\"primaryImageOfPage\":{\"@id\":\"https:\\\/\\\/af.ca\\\/ottawa\\\/culture\\\/mediatheque\\\/#primaryimage\"},\"image\":{\"@id\":\"https:\\\/\\\/af.ca\\\/ottawa\\\/culture\\\/mediatheque\\\/#primaryimage\"},\"thumbnailUrl\":\"https:\\\/\\\/af.ca\\\/ottawa\\\/wp-content\\\/uploads\\\/2019\\\/10\\\/72112355_413946415977260_2723201714558599168_n-e1571856568679.jpg\",\"datePublished\":\"2023-11-03T15:48:29+00:00\",\"dateModified\":\"2026-03-09T14:50:20+00:00\",\"description\":\"la m\u00e9diath\u00e8que\\\/biblioth\u00e8que fran\u00e7aise est un espace convivial pour \u00e9tudier, se relaxer et d\u00e9couvrir les collections de livres, films, CDs\",\"breadcrumb\":{\"@id\":\"https:\\\/\\\/af.ca\\\/ottawa\\\/culture\\\/mediatheque\\\/#breadcrumb\"},\"inLanguage\":\"fr-FR\",\"potentialAction\":[{\"@type\":\"ReadAction\",\"target\":[\"https:\\\/\\\/af.ca\\\/ottawa\\\/culture\\\/mediatheque\\\/\"]}]},{\"@type\":\"ImageObject\",\"inLanguage\":\"fr-FR\",\"@id\":\"https:\\\/\\\/af.ca\\\/ottawa\\\/culture\\\/mediatheque\\\/#primaryimage\",\"url\":\"https:\\\/\\\/af.ca\\\/ottawa\\\/wp-content\\\/uploads\\\/2019\\\/10\\\/72112355_413946415977260_2723201714558599168_n-e1571856568679.jpg\",\"contentUrl\":\"https:\\\/\\\/af.ca\\\/ottawa\\\/wp-content\\\/uploads\\\/2019\\\/10\\\/72112355_413946415977260_2723201714558599168_n-e1571856568679.jpg\",\"width\":2048,\"height\":1290},{\"@type\":\"BreadcrumbList\",\"@id\":\"https:\\\/\\\/af.ca\\\/ottawa\\\/culture\\\/mediatheque\\\/#breadcrumb\",\"itemListElement\":[{\"@type\":\"ListItem\",\"position\":1,\"name\":\"Home\",\"item\":\"https:\\\/\\\/af.ca\\\/ottawa\\\/\"},{\"@type\":\"ListItem\",\"position\":2,\"name\":\"Culture\",\"item\":\"https:\\\/\\\/af.ca\\\/ottawa\\\/culture\\\/\"},{\"@type\":\"ListItem\",\"position\":3,\"name\":\"M\u00e9diath\u00e8que\"}]},{\"@type\":\"WebSite\",\"@id\":\"https:\\\/\\\/af.ca\\\/ottawa\\\/#website\",\"url\":\"https:\\\/\\\/af.ca\\\/ottawa\\\/\",\"name\":\"Alliance Fran\u00e7aise Ottawa\",\"description\":\"\u00c9cole de langue fran\u00e7aise et centre culturel\",\"potentialAction\":[{\"@type\":\"SearchAction\",\"target\":{\"@type\":\"EntryPoint\",\"urlTemplate\":\"https:\\\/\\\/af.ca\\\/ottawa\\\/?s={search_term_string}\"},\"query-input\":{\"@type\":\"PropertyValueSpecification\",\"valueRequired\":true,\"valueName\":\"search_term_string\"}}],\"inLanguage\":\"fr-FR\"}]}<\/script>\n<!-- \/ Yoast SEO plugin. -->","yoast_head_json":{"title":"Biblioth\u00e8que en fran\u00e7ais - Alliance Fran\u00e7aise Ottawa","description":"la m\u00e9diath\u00e8que\/biblioth\u00e8que fran\u00e7aise est un espace convivial pour \u00e9tudier, se relaxer et d\u00e9couvrir les collections de livres, films, CDs","robots":{"index":"index","follow":"follow","max-snippet":"max-snippet:-1","max-image-preview":"max-image-preview:large","max-video-preview":"max-video-preview:-1"},"canonical":"https:\/\/af.ca\/ottawa\/culture\/mediatheque\/","og_locale":"fr_FR","og_type":"article","og_title":"Biblioth\u00e8que en fran\u00e7ais - Alliance Fran\u00e7aise Ottawa","og_description":"la m\u00e9diath\u00e8que\/biblioth\u00e8que fran\u00e7aise est un espace convivial pour \u00e9tudier, se relaxer et d\u00e9couvrir les collections de livres, films, CDs","og_url":"https:\/\/af.ca\/ottawa\/culture\/mediatheque\/","og_site_name":"Alliance Fran\u00e7aise Ottawa","article_modified_time":"2026-03-09T14:50:20+00:00","og_image":[{"width":2048,"height":1290,"url":"https:\/\/af.ca\/ottawa\/wp-content\/uploads\/2019\/10\/72112355_413946415977260_2723201714558599168_n-e1571856568679.jpg","type":"image\/jpeg"}],"twitter_card":"summary_large_image","twitter_misc":{"Dur\u00e9e de lecture estim\u00e9e":"2 minutes"},"schema":{"@context":"https:\/\/schema.org","@graph":[{"@type":"WebPage","@id":"https:\/\/af.ca\/ottawa\/culture\/mediatheque\/","url":"https:\/\/af.ca\/ottawa\/culture\/mediatheque\/","name":"Biblioth\u00e8que en fran\u00e7ais - Alliance Fran\u00e7aise Ottawa","isPartOf":{"@id":"https:\/\/af.ca\/ottawa\/#website"},"primaryImageOfPage":{"@id":"https:\/\/af.ca\/ottawa\/culture\/mediatheque\/#primaryimage"},"image":{"@id":"https:\/\/af.ca\/ottawa\/culture\/mediatheque\/#primaryimage"},"thumbnailUrl":"https:\/\/af.ca\/ottawa\/wp-content\/uploads\/2019\/10\/72112355_413946415977260_2723201714558599168_n-e1571856568679.jpg","datePublished":"2023-11-03T15:48:29+00:00","dateModified":"2026-03-09T14:50:20+00:00","description":"la m\u00e9diath\u00e8que\/biblioth\u00e8que fran\u00e7aise est un espace convivial pour \u00e9tudier, se relaxer et d\u00e9couvrir les collections de livres, films, CDs","breadcrumb":{"@id":"https:\/\/af.ca\/ottawa\/culture\/mediatheque\/#breadcrumb"},"inLanguage":"fr-FR","potentialAction":[{"@type":"ReadAction","target":["https:\/\/af.ca\/ottawa\/culture\/mediatheque\/"]}]},{"@type":"ImageObject","inLanguage":"fr-FR","@id":"https:\/\/af.ca\/ottawa\/culture\/mediatheque\/#primaryimage","url":"https:\/\/af.ca\/ottawa\/wp-content\/uploads\/2019\/10\/72112355_413946415977260_2723201714558599168_n-e1571856568679.jpg","contentUrl":"https:\/\/af.ca\/ottawa\/wp-content\/uploads\/2019\/10\/72112355_413946415977260_2723201714558599168_n-e1571856568679.jpg","width":2048,"height":1290},{"@type":"BreadcrumbList","@id":"https:\/\/af.ca\/ottawa\/culture\/mediatheque\/#breadcrumb","itemListElement":[{"@type":"ListItem","position":1,"name":"Home","item":"https:\/\/af.ca\/ottawa\/"},{"@type":"ListItem","position":2,"name":"Culture","item":"https:\/\/af.ca\/ottawa\/culture\/"},{"@type":"ListItem","position":3,"name":"M\u00e9diath\u00e8que"}]},{"@type":"WebSite","@id":"https:\/\/af.ca\/ottawa\/#website","url":"https:\/\/af.ca\/ottawa\/","name":"Alliance Fran\u00e7aise Ottawa","description":"\u00c9cole de langue fran\u00e7aise et centre culturel","potentialAction":[{"@type":"SearchAction","target":{"@type":"EntryPoint","urlTemplate":"https:\/\/af.ca\/ottawa\/?s={search_term_string}"},"query-input":{"@type":"PropertyValueSpecification","valueRequired":true,"valueName":"search_term_string"}}],"inLanguage":"fr-FR"}]}},"blog_post_layout_featured_media_urls":{"thumbnail":"","full":""},"categories_names":null,"comments_number":"0","_links":{"self":[{"href":"https:\/\/af.ca\/ottawa\/wp-json\/wp\/v2\/pages\/2408","targetHints":{"allow":["GET"]}}],"collection":[{"href":"https:\/\/af.ca\/ottawa\/wp-json\/wp\/v2\/pages"}],"about":[{"href":"https:\/\/af.ca\/ottawa\/wp-json\/wp\/v2\/types\/page"}],"author":[{"embeddable":true,"href":"https:\/\/af.ca\/ottawa\/wp-json\/wp\/v2\/users\/6"}],"replies":[{"embeddable":true,"href":"https:\/\/af.ca\/ottawa\/wp-json\/wp\/v2\/comments?post=2408"}],"version-history":[{"count":2,"href":"https:\/\/af.ca\/ottawa\/wp-json\/wp\/v2\/pages\/2408\/revisions"}],"predecessor-version":[{"id":25204,"href":"https:\/\/af.ca\/ottawa\/wp-json\/wp\/v2\/pages\/2408\/revisions\/25204"}],"up":[{"embeddable":true,"href":"https:\/\/af.ca\/ottawa\/wp-json\/wp\/v2\/pages\/2392"}],"wp:attachment":[{"href":"https:\/\/af.ca\/ottawa\/wp-json\/wp\/v2\/media?parent=2408"}],"curies":[{"name":"wp","href":"https:\/\/api.w.org\/{rel}","templated":true}]}}