{"id":2410,"date":"2023-11-03T11:29:17","date_gmt":"2023-11-03T15:29:17","guid":{"rendered":"https:\/\/af.ca\/ottawa\/?page_id=2410"},"modified":"2026-03-31T09:31:58","modified_gmt":"2026-03-31T13:31:58","slug":"contact","status":"publish","type":"page","link":"https:\/\/af.ca\/ottawa\/contact\/","title":{"rendered":"Contact"},"content":{"rendered":"<p>Contact :<\/p>\n<ul>\n<li><strong>Cours de fran\u00e7ais et demandes d\u2019informations :<\/strong>\u00a0<a href=\"mailto:info@af.ca\">info@af.ca<\/a> \/ 613-234-9470<\/li>\n<li><a href=\"https:\/\/af.ca\/ottawa\/location-despace\/\"><strong>Louer nos locaux<\/strong><\/a> : <a href=\"mailto:info@af.ca\">info@af.ca<\/a> \/ 613-234-9470<\/li>\n<\/ul>\n<p><img loading=\"lazy\" decoding=\"async\" class=\"alignnone wp-image-3279 size-medium\" src=\"https:\/\/af.ca\/ottawa\/wp-content\/uploads\/2018\/10\/afo_photo-location-225x300.jpg\" alt=\"Location de locaux\" width=\"225\" height=\"300\" srcset=\"https:\/\/af.ca\/ottawa\/wp-content\/uploads\/2018\/10\/afo_photo-location-225x300.jpg 225w, https:\/\/af.ca\/ottawa\/wp-content\/uploads\/2018\/10\/afo_photo-location-768x1024.jpg 768w, https:\/\/af.ca\/ottawa\/wp-content\/uploads\/2018\/10\/afo_photo-location.jpg 1512w\" sizes=\"auto, (max-width: 225px) 100vw, 225px\" \/><\/p>\n","protected":false},"excerpt":{"rendered":"<p>Contact : Cours de fran\u00e7ais et demandes d\u2019informations :\u00a0info@af.ca \/ 613-234-9470 Louer nos locaux : info@af.ca \/ 613-234-9470<\/p>\n","protected":false},"author":6,"featured_media":2650,"parent":0,"menu_order":223,"comment_status":"closed","ping_status":"closed","template":"templates\/contact.php","meta":{"_acf_changed":false,"om_disable_all_campaigns":false,"_monsterinsights_skip_tracking":false,"_monsterinsights_sitenote_active":false,"_monsterinsights_sitenote_note":"","_monsterinsights_sitenote_category":0,"footnotes":""},"class_list":["post-2410","page","type-page","status-publish","has-post-thumbnail","hentry"],"acf":[],"yoast_head":"<!-- This site is optimized with the Yoast SEO plugin v27.4 - https:\/\/yoast.com\/product\/yoast-seo-wordpress\/ -->\n<title>Contact - Alliance Fran\u00e7aise Ottawa<\/title>\n<meta name=\"description\" content=\"Contact - Contactez l&#039; Alliance Fran\u00e7aise Ottawa par courriel info@af.ca ou par t\u00e9l\u00e9phone 613-234-9470.\" \/>\n<meta name=\"robots\" content=\"index, follow, max-snippet:-1, max-image-preview:large, max-video-preview:-1\" \/>\n<link rel=\"canonical\" href=\"https:\/\/af.ca\/ottawa\/contact\/\" \/>\n<meta property=\"og:locale\" content=\"fr_FR\" \/>\n<meta property=\"og:type\" content=\"article\" \/>\n<meta property=\"og:title\" content=\"Contact - Alliance Fran\u00e7aise Ottawa\" \/>\n<meta property=\"og:description\" content=\"Contact - Contactez l&#039; Alliance Fran\u00e7aise Ottawa par courriel info@af.ca ou par t\u00e9l\u00e9phone 613-234-9470.\" \/>\n<meta property=\"og:url\" content=\"https:\/\/af.ca\/ottawa\/contact\/\" \/>\n<meta property=\"og:site_name\" content=\"Alliance Fran\u00e7aise Ottawa\" \/>\n<meta property=\"article:modified_time\" content=\"2026-03-31T13:31:58+00:00\" \/>\n<meta property=\"og:image\" content=\"https:\/\/af.ca\/ottawa\/wp-content\/uploads\/2018\/08\/contact-header.jpg\" \/>\n\t<meta property=\"og:image:width\" content=\"3002\" \/>\n\t<meta property=\"og:image:height\" content=\"336\" \/>\n\t<meta property=\"og:image:type\" content=\"image\/jpeg\" \/>\n<meta name=\"twitter:card\" content=\"summary_large_image\" \/>\n<meta name=\"twitter:label1\" content=\"Dur\u00e9e de lecture estim\u00e9e\" \/>\n\t<meta name=\"twitter:data1\" content=\"1 minute\" \/>\n<script type=\"application\/ld+json\" class=\"yoast-schema-graph\">{\"@context\":\"https:\\\/\\\/schema.org\",\"@graph\":[{\"@type\":\"WebPage\",\"@id\":\"https:\\\/\\\/af.ca\\\/ottawa\\\/contact\\\/\",\"url\":\"https:\\\/\\\/af.ca\\\/ottawa\\\/contact\\\/\",\"name\":\"Contact - Alliance Fran\u00e7aise Ottawa\",\"isPartOf\":{\"@id\":\"https:\\\/\\\/af.ca\\\/ottawa\\\/#website\"},\"primaryImageOfPage\":{\"@id\":\"https:\\\/\\\/af.ca\\\/ottawa\\\/contact\\\/#primaryimage\"},\"image\":{\"@id\":\"https:\\\/\\\/af.ca\\\/ottawa\\\/contact\\\/#primaryimage\"},\"thumbnailUrl\":\"https:\\\/\\\/af.ca\\\/ottawa\\\/wp-content\\\/uploads\\\/2018\\\/08\\\/contact-header.jpg\",\"datePublished\":\"2023-11-03T15:29:17+00:00\",\"dateModified\":\"2026-03-31T13:31:58+00:00\",\"description\":\"Contact - Contactez l' Alliance Fran\u00e7aise Ottawa par courriel info@af.ca ou par t\u00e9l\u00e9phone 613-234-9470.\",\"breadcrumb\":{\"@id\":\"https:\\\/\\\/af.ca\\\/ottawa\\\/contact\\\/#breadcrumb\"},\"inLanguage\":\"fr-FR\",\"potentialAction\":[{\"@type\":\"ReadAction\",\"target\":[\"https:\\\/\\\/af.ca\\\/ottawa\\\/contact\\\/\"]}]},{\"@type\":\"ImageObject\",\"inLanguage\":\"fr-FR\",\"@id\":\"https:\\\/\\\/af.ca\\\/ottawa\\\/contact\\\/#primaryimage\",\"url\":\"https:\\\/\\\/af.ca\\\/ottawa\\\/wp-content\\\/uploads\\\/2018\\\/08\\\/contact-header.jpg\",\"contentUrl\":\"https:\\\/\\\/af.ca\\\/ottawa\\\/wp-content\\\/uploads\\\/2018\\\/08\\\/contact-header.jpg\",\"width\":3002,\"height\":336},{\"@type\":\"BreadcrumbList\",\"@id\":\"https:\\\/\\\/af.ca\\\/ottawa\\\/contact\\\/#breadcrumb\",\"itemListElement\":[{\"@type\":\"ListItem\",\"position\":1,\"name\":\"Home\",\"item\":\"https:\\\/\\\/af.ca\\\/ottawa\\\/\"},{\"@type\":\"ListItem\",\"position\":2,\"name\":\"Contact\"}]},{\"@type\":\"WebSite\",\"@id\":\"https:\\\/\\\/af.ca\\\/ottawa\\\/#website\",\"url\":\"https:\\\/\\\/af.ca\\\/ottawa\\\/\",\"name\":\"Alliance Fran\u00e7aise Ottawa\",\"description\":\"\u00c9cole de langue fran\u00e7aise et centre culturel\",\"potentialAction\":[{\"@type\":\"SearchAction\",\"target\":{\"@type\":\"EntryPoint\",\"urlTemplate\":\"https:\\\/\\\/af.ca\\\/ottawa\\\/?s={search_term_string}\"},\"query-input\":{\"@type\":\"PropertyValueSpecification\",\"valueRequired\":true,\"valueName\":\"search_term_string\"}}],\"inLanguage\":\"fr-FR\"}]}<\/script>\n<!-- \/ Yoast SEO plugin. -->","yoast_head_json":{"title":"Contact - Alliance Fran\u00e7aise Ottawa","description":"Contact - Contactez l' Alliance Fran\u00e7aise Ottawa par courriel info@af.ca ou par t\u00e9l\u00e9phone 613-234-9470.","robots":{"index":"index","follow":"follow","max-snippet":"max-snippet:-1","max-image-preview":"max-image-preview:large","max-video-preview":"max-video-preview:-1"},"canonical":"https:\/\/af.ca\/ottawa\/contact\/","og_locale":"fr_FR","og_type":"article","og_title":"Contact - Alliance Fran\u00e7aise Ottawa","og_description":"Contact - Contactez l' Alliance Fran\u00e7aise Ottawa par courriel info@af.ca ou par t\u00e9l\u00e9phone 613-234-9470.","og_url":"https:\/\/af.ca\/ottawa\/contact\/","og_site_name":"Alliance Fran\u00e7aise Ottawa","article_modified_time":"2026-03-31T13:31:58+00:00","og_image":[{"width":3002,"height":336,"url":"https:\/\/af.ca\/ottawa\/wp-content\/uploads\/2018\/08\/contact-header.jpg","type":"image\/jpeg"}],"twitter_card":"summary_large_image","twitter_misc":{"Dur\u00e9e de lecture estim\u00e9e":"1 minute"},"schema":{"@context":"https:\/\/schema.org","@graph":[{"@type":"WebPage","@id":"https:\/\/af.ca\/ottawa\/contact\/","url":"https:\/\/af.ca\/ottawa\/contact\/","name":"Contact - Alliance Fran\u00e7aise Ottawa","isPartOf":{"@id":"https:\/\/af.ca\/ottawa\/#website"},"primaryImageOfPage":{"@id":"https:\/\/af.ca\/ottawa\/contact\/#primaryimage"},"image":{"@id":"https:\/\/af.ca\/ottawa\/contact\/#primaryimage"},"thumbnailUrl":"https:\/\/af.ca\/ottawa\/wp-content\/uploads\/2018\/08\/contact-header.jpg","datePublished":"2023-11-03T15:29:17+00:00","dateModified":"2026-03-31T13:31:58+00:00","description":"Contact - Contactez l' Alliance Fran\u00e7aise Ottawa par courriel info@af.ca ou par t\u00e9l\u00e9phone 613-234-9470.","breadcrumb":{"@id":"https:\/\/af.ca\/ottawa\/contact\/#breadcrumb"},"inLanguage":"fr-FR","potentialAction":[{"@type":"ReadAction","target":["https:\/\/af.ca\/ottawa\/contact\/"]}]},{"@type":"ImageObject","inLanguage":"fr-FR","@id":"https:\/\/af.ca\/ottawa\/contact\/#primaryimage","url":"https:\/\/af.ca\/ottawa\/wp-content\/uploads\/2018\/08\/contact-header.jpg","contentUrl":"https:\/\/af.ca\/ottawa\/wp-content\/uploads\/2018\/08\/contact-header.jpg","width":3002,"height":336},{"@type":"BreadcrumbList","@id":"https:\/\/af.ca\/ottawa\/contact\/#breadcrumb","itemListElement":[{"@type":"ListItem","position":1,"name":"Home","item":"https:\/\/af.ca\/ottawa\/"},{"@type":"ListItem","position":2,"name":"Contact"}]},{"@type":"WebSite","@id":"https:\/\/af.ca\/ottawa\/#website","url":"https:\/\/af.ca\/ottawa\/","name":"Alliance Fran\u00e7aise Ottawa","description":"\u00c9cole de langue fran\u00e7aise et centre culturel","potentialAction":[{"@type":"SearchAction","target":{"@type":"EntryPoint","urlTemplate":"https:\/\/af.ca\/ottawa\/?s={search_term_string}"},"query-input":{"@type":"PropertyValueSpecification","valueRequired":true,"valueName":"search_term_string"}}],"inLanguage":"fr-FR"}]}},"blog_post_layout_featured_media_urls":{"thumbnail":["https:\/\/af.ca\/ottawa\/wp-content\/uploads\/2018\/08\/contact-header-150x150.jpg",150,150,true],"full":["https:\/\/af.ca\/ottawa\/wp-content\/uploads\/2018\/08\/contact-header.jpg",3002,336,false]},"categories_names":null,"comments_number":"0","_links":{"self":[{"href":"https:\/\/af.ca\/ottawa\/wp-json\/wp\/v2\/pages\/2410","targetHints":{"allow":["GET"]}}],"collection":[{"href":"https:\/\/af.ca\/ottawa\/wp-json\/wp\/v2\/pages"}],"about":[{"href":"https:\/\/af.ca\/ottawa\/wp-json\/wp\/v2\/types\/page"}],"author":[{"embeddable":true,"href":"https:\/\/af.ca\/ottawa\/wp-json\/wp\/v2\/users\/6"}],"replies":[{"embeddable":true,"href":"https:\/\/af.ca\/ottawa\/wp-json\/wp\/v2\/comments?post=2410"}],"version-history":[{"count":5,"href":"https:\/\/af.ca\/ottawa\/wp-json\/wp\/v2\/pages\/2410\/revisions"}],"predecessor-version":[{"id":25274,"href":"https:\/\/af.ca\/ottawa\/wp-json\/wp\/v2\/pages\/2410\/revisions\/25274"}],"wp:featuredmedia":[{"embeddable":true,"href":"https:\/\/af.ca\/ottawa\/wp-json\/wp\/v2\/media\/2650"}],"wp:attachment":[{"href":"https:\/\/af.ca\/ottawa\/wp-json\/wp\/v2\/media?parent=2410"}],"curies":[{"name":"wp","href":"https:\/\/api.w.org\/{rel}","templated":true}]}}