{"id":2412,"date":"2024-05-08T12:26:29","date_gmt":"2024-05-08T16:26:29","guid":{"rendered":"https:\/\/af.ca\/ottawa\/?page_id=2412"},"modified":"2026-02-17T16:09:57","modified_gmt":"2026-02-17T21:09:57","slug":"nous-soutenir","status":"publish","type":"page","link":"https:\/\/af.ca\/ottawa\/qui-sommes-nous\/nous-soutenir\/","title":{"rendered":"Nous soutenir"},"content":{"rendered":"<p>Comme toutes les Alliances Fran\u00e7aises, l\u2019<a href=\"https:\/\/af.ca\/ottawa\/qui-sommes-nous\/\">Alliance Fran\u00e7aise Ottawa<\/a> est un organisme \u00e0 but non lucratif de droit local, apolitique et non religieux. Elle se finance essentiellement par les cours de fran\u00e7ais propos\u00e9s et ne re\u00e7oit pas de subventions gouvernementales.<\/p>\n<p>Ainsi, pour ses missions de promotion des cultures fran\u00e7aises et francophones, votre aide et votre g\u00e9n\u00e9rosit\u00e9 nous sont pr\u00e9cieuses.<\/p>\n<p>Vos dons nous permettent d\u2019organiser toujours plus d\u2019\u00e9v\u00e9nements culturels et contribuent \u00e0 faire aimer les cultures francophones\u00a0!<\/p>\n<p>L\u2019Alliance Fran\u00e7aise Ottawa entretient des relations \u00e9troites avec les institutions culturelles et \u00e9ducatives locales, contribuant ainsi au dynamisme culturel de la r\u00e9gion de la capitale nationale. Elle s\u2019attache \u00e0 mettre en pratique une coop\u00e9ration de qualit\u00e9 avec les services \u00e9ducatifs, les mairies, les institutions et acteurs culturels locaux.<\/p>\n<h2>Faites un don, donnez en confiance<\/h2>\n<p>Organisme \u00e0 but non lucratif, l&rsquo;Alliance Fran\u00e7aise Ottawa repose sur la g\u00e9n\u00e9rosit\u00e9 de ces donateurs individuels, entreprise ou institutionnels pour continuer \u00e0 offrir des services et activit\u00e9s innovantes \u00e0 Ottawa. Nous remettons un re\u00e7u \u00e0 titre d&rsquo;imp\u00f4t apr\u00e8s chaque don.<\/p>\n<p>Ces dons contribueront en grande partie \u00e0 notre <a href=\"https:\/\/af.ca\/ottawa\/programme-de-bourses\/#\/\"><strong><span style=\"color: #ff0000;\">programme de bourses<\/span><\/strong><\/a>\u00a0pour soutenir l&rsquo;apprentissage du fran\u00e7ais pour tous.<\/p>\n<p>Envoyez un courriel \u00e0 <a href=\"mailto:payment@af.ca\">payment@af.ca<\/a> pour plus d\u2019informations et pour faire un don.<\/p>\n","protected":false},"excerpt":{"rendered":"<p>Comme toutes les Alliances Fran\u00e7aises, l\u2019Alliance Fran\u00e7aise Ottawa est un organisme \u00e0 but non lucratif de droit local, apolitique et non religieux. Elle se finance essentiellement par les cours de fran\u00e7ais propos\u00e9s et ne re\u00e7oit pas de subventions gouvernementales. Ainsi, pour ses missions de promotion des cultures fran\u00e7aises et francophones, votre aide et votre g\u00e9n\u00e9rosit\u00e9&#8230;<\/p>\n<p><a class=\"button invert-primary\" href=\"https:\/\/af.ca\/ottawa\/qui-sommes-nous\/nous-soutenir\/\">En savoir plus<\/a><\/p>\n","protected":false},"author":6,"featured_media":0,"parent":2437,"menu_order":263,"comment_status":"closed","ping_status":"closed","template":"","meta":{"_acf_changed":false,"om_disable_all_campaigns":false,"_monsterinsights_skip_tracking":false,"_monsterinsights_sitenote_active":false,"_monsterinsights_sitenote_note":"","_monsterinsights_sitenote_category":0,"footnotes":""},"class_list":["post-2412","page","type-page","status-publish","hentry"],"acf":[],"yoast_head":"<!-- This site is optimized with the Yoast SEO plugin v27.4 - https:\/\/yoast.com\/product\/yoast-seo-wordpress\/ -->\n<title>Fa\u00eetes un don, donnez en confiance - Alliance Fran\u00e7aise Ottawa<\/title>\n<meta name=\"description\" content=\"l\u2019Alliance Fran\u00e7aise Ottawa est un organisme \u00e0 but non lucratif Canadien, apolitique et non religieux. Elle ne re\u00e7oit pas de subventions gouvernementales.\" \/>\n<meta name=\"robots\" content=\"index, follow, max-snippet:-1, max-image-preview:large, max-video-preview:-1\" \/>\n<link rel=\"canonical\" href=\"https:\/\/af.ca\/ottawa\/qui-sommes-nous\/nous-soutenir\/\" \/>\n<meta property=\"og:locale\" content=\"fr_FR\" \/>\n<meta property=\"og:type\" content=\"article\" \/>\n<meta property=\"og:title\" content=\"Fa\u00eetes un don, donnez en confiance - Alliance Fran\u00e7aise Ottawa\" \/>\n<meta property=\"og:description\" content=\"l\u2019Alliance Fran\u00e7aise Ottawa est un organisme \u00e0 but non lucratif Canadien, apolitique et non religieux. Elle ne re\u00e7oit pas de subventions gouvernementales.\" \/>\n<meta property=\"og:url\" content=\"https:\/\/af.ca\/ottawa\/qui-sommes-nous\/nous-soutenir\/\" \/>\n<meta property=\"og:site_name\" content=\"Alliance Fran\u00e7aise Ottawa\" \/>\n<meta property=\"article:modified_time\" content=\"2026-02-17T21:09:57+00:00\" \/>\n<meta name=\"twitter:card\" content=\"summary_large_image\" \/>\n<meta name=\"twitter:label1\" content=\"Dur\u00e9e de lecture estim\u00e9e\" \/>\n\t<meta name=\"twitter:data1\" content=\"1 minute\" \/>\n<script type=\"application\/ld+json\" class=\"yoast-schema-graph\">{\"@context\":\"https:\\\/\\\/schema.org\",\"@graph\":[{\"@type\":\"WebPage\",\"@id\":\"https:\\\/\\\/af.ca\\\/ottawa\\\/qui-sommes-nous\\\/nous-soutenir\\\/\",\"url\":\"https:\\\/\\\/af.ca\\\/ottawa\\\/qui-sommes-nous\\\/nous-soutenir\\\/\",\"name\":\"Fa\u00eetes un don, donnez en confiance - Alliance Fran\u00e7aise Ottawa\",\"isPartOf\":{\"@id\":\"https:\\\/\\\/af.ca\\\/ottawa\\\/#website\"},\"datePublished\":\"2024-05-08T16:26:29+00:00\",\"dateModified\":\"2026-02-17T21:09:57+00:00\",\"description\":\"l\u2019Alliance Fran\u00e7aise Ottawa est un organisme \u00e0 but non lucratif Canadien, apolitique et non religieux. Elle ne re\u00e7oit pas de subventions gouvernementales.\",\"breadcrumb\":{\"@id\":\"https:\\\/\\\/af.ca\\\/ottawa\\\/qui-sommes-nous\\\/nous-soutenir\\\/#breadcrumb\"},\"inLanguage\":\"fr-FR\",\"potentialAction\":[{\"@type\":\"ReadAction\",\"target\":[\"https:\\\/\\\/af.ca\\\/ottawa\\\/qui-sommes-nous\\\/nous-soutenir\\\/\"]}]},{\"@type\":\"BreadcrumbList\",\"@id\":\"https:\\\/\\\/af.ca\\\/ottawa\\\/qui-sommes-nous\\\/nous-soutenir\\\/#breadcrumb\",\"itemListElement\":[{\"@type\":\"ListItem\",\"position\":1,\"name\":\"Home\",\"item\":\"https:\\\/\\\/af.ca\\\/ottawa\\\/\"},{\"@type\":\"ListItem\",\"position\":2,\"name\":\"Qui sommes-nous?\",\"item\":\"https:\\\/\\\/af.ca\\\/ottawa\\\/qui-sommes-nous\\\/\"},{\"@type\":\"ListItem\",\"position\":3,\"name\":\"Nous soutenir\"}]},{\"@type\":\"WebSite\",\"@id\":\"https:\\\/\\\/af.ca\\\/ottawa\\\/#website\",\"url\":\"https:\\\/\\\/af.ca\\\/ottawa\\\/\",\"name\":\"Alliance Fran\u00e7aise Ottawa\",\"description\":\"\u00c9cole de langue fran\u00e7aise et centre culturel\",\"potentialAction\":[{\"@type\":\"SearchAction\",\"target\":{\"@type\":\"EntryPoint\",\"urlTemplate\":\"https:\\\/\\\/af.ca\\\/ottawa\\\/?s={search_term_string}\"},\"query-input\":{\"@type\":\"PropertyValueSpecification\",\"valueRequired\":true,\"valueName\":\"search_term_string\"}}],\"inLanguage\":\"fr-FR\"}]}<\/script>\n<!-- \/ Yoast SEO plugin. -->","yoast_head_json":{"title":"Fa\u00eetes un don, donnez en confiance - Alliance Fran\u00e7aise Ottawa","description":"l\u2019Alliance Fran\u00e7aise Ottawa est un organisme \u00e0 but non lucratif Canadien, apolitique et non religieux. Elle ne re\u00e7oit pas de subventions gouvernementales.","robots":{"index":"index","follow":"follow","max-snippet":"max-snippet:-1","max-image-preview":"max-image-preview:large","max-video-preview":"max-video-preview:-1"},"canonical":"https:\/\/af.ca\/ottawa\/qui-sommes-nous\/nous-soutenir\/","og_locale":"fr_FR","og_type":"article","og_title":"Fa\u00eetes un don, donnez en confiance - Alliance Fran\u00e7aise Ottawa","og_description":"l\u2019Alliance Fran\u00e7aise Ottawa est un organisme \u00e0 but non lucratif Canadien, apolitique et non religieux. Elle ne re\u00e7oit pas de subventions gouvernementales.","og_url":"https:\/\/af.ca\/ottawa\/qui-sommes-nous\/nous-soutenir\/","og_site_name":"Alliance Fran\u00e7aise Ottawa","article_modified_time":"2026-02-17T21:09:57+00:00","twitter_card":"summary_large_image","twitter_misc":{"Dur\u00e9e de lecture estim\u00e9e":"1 minute"},"schema":{"@context":"https:\/\/schema.org","@graph":[{"@type":"WebPage","@id":"https:\/\/af.ca\/ottawa\/qui-sommes-nous\/nous-soutenir\/","url":"https:\/\/af.ca\/ottawa\/qui-sommes-nous\/nous-soutenir\/","name":"Fa\u00eetes un don, donnez en confiance - Alliance Fran\u00e7aise Ottawa","isPartOf":{"@id":"https:\/\/af.ca\/ottawa\/#website"},"datePublished":"2024-05-08T16:26:29+00:00","dateModified":"2026-02-17T21:09:57+00:00","description":"l\u2019Alliance Fran\u00e7aise Ottawa est un organisme \u00e0 but non lucratif Canadien, apolitique et non religieux. Elle ne re\u00e7oit pas de subventions gouvernementales.","breadcrumb":{"@id":"https:\/\/af.ca\/ottawa\/qui-sommes-nous\/nous-soutenir\/#breadcrumb"},"inLanguage":"fr-FR","potentialAction":[{"@type":"ReadAction","target":["https:\/\/af.ca\/ottawa\/qui-sommes-nous\/nous-soutenir\/"]}]},{"@type":"BreadcrumbList","@id":"https:\/\/af.ca\/ottawa\/qui-sommes-nous\/nous-soutenir\/#breadcrumb","itemListElement":[{"@type":"ListItem","position":1,"name":"Home","item":"https:\/\/af.ca\/ottawa\/"},{"@type":"ListItem","position":2,"name":"Qui sommes-nous?","item":"https:\/\/af.ca\/ottawa\/qui-sommes-nous\/"},{"@type":"ListItem","position":3,"name":"Nous soutenir"}]},{"@type":"WebSite","@id":"https:\/\/af.ca\/ottawa\/#website","url":"https:\/\/af.ca\/ottawa\/","name":"Alliance Fran\u00e7aise Ottawa","description":"\u00c9cole de langue fran\u00e7aise et centre culturel","potentialAction":[{"@type":"SearchAction","target":{"@type":"EntryPoint","urlTemplate":"https:\/\/af.ca\/ottawa\/?s={search_term_string}"},"query-input":{"@type":"PropertyValueSpecification","valueRequired":true,"valueName":"search_term_string"}}],"inLanguage":"fr-FR"}]}},"blog_post_layout_featured_media_urls":{"thumbnail":"","full":""},"categories_names":null,"comments_number":"0","_links":{"self":[{"href":"https:\/\/af.ca\/ottawa\/wp-json\/wp\/v2\/pages\/2412","targetHints":{"allow":["GET"]}}],"collection":[{"href":"https:\/\/af.ca\/ottawa\/wp-json\/wp\/v2\/pages"}],"about":[{"href":"https:\/\/af.ca\/ottawa\/wp-json\/wp\/v2\/types\/page"}],"author":[{"embeddable":true,"href":"https:\/\/af.ca\/ottawa\/wp-json\/wp\/v2\/users\/6"}],"replies":[{"embeddable":true,"href":"https:\/\/af.ca\/ottawa\/wp-json\/wp\/v2\/comments?post=2412"}],"version-history":[{"count":4,"href":"https:\/\/af.ca\/ottawa\/wp-json\/wp\/v2\/pages\/2412\/revisions"}],"predecessor-version":[{"id":25114,"href":"https:\/\/af.ca\/ottawa\/wp-json\/wp\/v2\/pages\/2412\/revisions\/25114"}],"up":[{"embeddable":true,"href":"https:\/\/af.ca\/ottawa\/wp-json\/wp\/v2\/pages\/2437"}],"wp:attachment":[{"href":"https:\/\/af.ca\/ottawa\/wp-json\/wp\/v2\/media?parent=2412"}],"curies":[{"name":"wp","href":"https:\/\/api.w.org\/{rel}","templated":true}]}}