{"id":2418,"date":"2018-08-15T15:46:09","date_gmt":"2018-08-15T15:46:09","guid":{"rendered":"https:\/\/af.ca\/ottawa\/?page_id=2418"},"modified":"2021-09-20T13:47:23","modified_gmt":"2021-09-20T17:47:23","slug":"location-despace","status":"publish","type":"page","link":"https:\/\/af.ca\/ottawa\/location-despace\/","title":{"rendered":"Location d&rsquo;espace"},"content":{"rendered":"<p>Vous cherchez une salle quelques heures pour organiser vos r\u00e9unions ou vos conseils d\u2019administration ?<\/p>\n<p>Un espace en soir\u00e9e pour vos Rvs communautaires ou pour des projections cin\u00e9ma\u00a0?<\/p>\n<p>L\u2019Alliance fran\u00e7aise Ottawa loue sa galerie\u00a0: 650 pieds carr\u00e9s en plein c\u0153ur de la Ville, totalement r\u00e9nov\u00e9s en 2018, modulables et fonctionnels.<\/p>\n<p>Sont fournis avec la location\u00a0: tables, chaises, \u00e9cran et vid\u00e9oprojecteur<\/p>\n<p>Prix\u00a0: sur demande<\/p>\n<p>N\u2019h\u00e9sitez pas \u00e0 nous consulter <a href=\"mailto:info@af.ca\">info@af.ca<\/a> ou 613-234-9470<\/p>\n","protected":false},"excerpt":{"rendered":"<p>Vous cherchez une salle quelques heures pour organiser vos r\u00e9unions ou vos conseils d\u2019administration ? Un espace en soir\u00e9e pour vos Rvs communautaires ou pour des projections cin\u00e9ma\u00a0? L\u2019Alliance fran\u00e7aise Ottawa loue sa galerie\u00a0: 650 pieds carr\u00e9s en plein c\u0153ur de la Ville, totalement r\u00e9nov\u00e9s en 2018, modulables et fonctionnels. Sont fournis avec la location\u00a0:&#8230;<\/p>\n<p><a class=\"button invert-primary\" href=\"https:\/\/af.ca\/ottawa\/location-despace\/\">En savoir plus<\/a><\/p>\n","protected":false},"author":6,"featured_media":0,"parent":0,"menu_order":250,"comment_status":"closed","ping_status":"closed","template":"","meta":{"_acf_changed":false,"om_disable_all_campaigns":false,"_monsterinsights_skip_tracking":false,"_monsterinsights_sitenote_active":false,"_monsterinsights_sitenote_note":"","_monsterinsights_sitenote_category":0,"footnotes":""},"class_list":["post-2418","page","type-page","status-publish","hentry"],"acf":[],"yoast_head":"<!-- This site is optimized with the Yoast SEO plugin v27.3 - https:\/\/yoast.com\/product\/yoast-seo-wordpress\/ -->\n<title>Location d&#039;espace - Alliance Fran\u00e7aise Ottawa<\/title>\n<meta name=\"robots\" content=\"index, follow, max-snippet:-1, max-image-preview:large, max-video-preview:-1\" \/>\n<link rel=\"canonical\" href=\"https:\/\/af.ca\/ottawa\/location-despace\/\" \/>\n<meta property=\"og:locale\" content=\"fr_FR\" \/>\n<meta property=\"og:type\" content=\"article\" \/>\n<meta property=\"og:title\" content=\"Location d&#039;espace - Alliance Fran\u00e7aise Ottawa\" \/>\n<meta property=\"og:description\" content=\"Vous cherchez une salle quelques heures pour organiser vos r\u00e9unions ou vos conseils d\u2019administration ? Un espace en soir\u00e9e pour vos Rvs communautaires ou pour des projections cin\u00e9ma\u00a0? L\u2019Alliance fran\u00e7aise Ottawa loue sa galerie\u00a0: 650 pieds carr\u00e9s en plein c\u0153ur de la Ville, totalement r\u00e9nov\u00e9s en 2018, modulables et fonctionnels. Sont fournis avec la location\u00a0:...En savoir plus\" \/>\n<meta property=\"og:url\" content=\"https:\/\/af.ca\/ottawa\/location-despace\/\" \/>\n<meta property=\"og:site_name\" content=\"Alliance Fran\u00e7aise Ottawa\" \/>\n<meta property=\"article:modified_time\" content=\"2021-09-20T17:47:23+00:00\" \/>\n<meta name=\"twitter:card\" content=\"summary_large_image\" \/>\n<meta name=\"twitter:label1\" content=\"Dur\u00e9e de lecture estim\u00e9e\" \/>\n\t<meta name=\"twitter:data1\" content=\"1 minute\" \/>\n<script type=\"application\/ld+json\" class=\"yoast-schema-graph\">{\"@context\":\"https:\\\/\\\/schema.org\",\"@graph\":[{\"@type\":\"WebPage\",\"@id\":\"https:\\\/\\\/af.ca\\\/ottawa\\\/location-despace\\\/\",\"url\":\"https:\\\/\\\/af.ca\\\/ottawa\\\/location-despace\\\/\",\"name\":\"Location d'espace - Alliance Fran\u00e7aise Ottawa\",\"isPartOf\":{\"@id\":\"https:\\\/\\\/af.ca\\\/ottawa\\\/#website\"},\"datePublished\":\"2018-08-15T15:46:09+00:00\",\"dateModified\":\"2021-09-20T17:47:23+00:00\",\"breadcrumb\":{\"@id\":\"https:\\\/\\\/af.ca\\\/ottawa\\\/location-despace\\\/#breadcrumb\"},\"inLanguage\":\"fr-FR\",\"potentialAction\":[{\"@type\":\"ReadAction\",\"target\":[\"https:\\\/\\\/af.ca\\\/ottawa\\\/location-despace\\\/\"]}]},{\"@type\":\"BreadcrumbList\",\"@id\":\"https:\\\/\\\/af.ca\\\/ottawa\\\/location-despace\\\/#breadcrumb\",\"itemListElement\":[{\"@type\":\"ListItem\",\"position\":1,\"name\":\"Home\",\"item\":\"https:\\\/\\\/af.ca\\\/ottawa\\\/\"},{\"@type\":\"ListItem\",\"position\":2,\"name\":\"Location d&rsquo;espace\"}]},{\"@type\":\"WebSite\",\"@id\":\"https:\\\/\\\/af.ca\\\/ottawa\\\/#website\",\"url\":\"https:\\\/\\\/af.ca\\\/ottawa\\\/\",\"name\":\"Alliance Fran\u00e7aise Ottawa\",\"description\":\"\u00c9cole de langue fran\u00e7aise et centre culturel\",\"potentialAction\":[{\"@type\":\"SearchAction\",\"target\":{\"@type\":\"EntryPoint\",\"urlTemplate\":\"https:\\\/\\\/af.ca\\\/ottawa\\\/?s={search_term_string}\"},\"query-input\":{\"@type\":\"PropertyValueSpecification\",\"valueRequired\":true,\"valueName\":\"search_term_string\"}}],\"inLanguage\":\"fr-FR\"}]}<\/script>\n<!-- \/ Yoast SEO plugin. -->","yoast_head_json":{"title":"Location d'espace - Alliance Fran\u00e7aise Ottawa","robots":{"index":"index","follow":"follow","max-snippet":"max-snippet:-1","max-image-preview":"max-image-preview:large","max-video-preview":"max-video-preview:-1"},"canonical":"https:\/\/af.ca\/ottawa\/location-despace\/","og_locale":"fr_FR","og_type":"article","og_title":"Location d'espace - Alliance Fran\u00e7aise Ottawa","og_description":"Vous cherchez une salle quelques heures pour organiser vos r\u00e9unions ou vos conseils d\u2019administration ? Un espace en soir\u00e9e pour vos Rvs communautaires ou pour des projections cin\u00e9ma\u00a0? L\u2019Alliance fran\u00e7aise Ottawa loue sa galerie\u00a0: 650 pieds carr\u00e9s en plein c\u0153ur de la Ville, totalement r\u00e9nov\u00e9s en 2018, modulables et fonctionnels. Sont fournis avec la location\u00a0:...En savoir plus","og_url":"https:\/\/af.ca\/ottawa\/location-despace\/","og_site_name":"Alliance Fran\u00e7aise Ottawa","article_modified_time":"2021-09-20T17:47:23+00:00","twitter_card":"summary_large_image","twitter_misc":{"Dur\u00e9e de lecture estim\u00e9e":"1 minute"},"schema":{"@context":"https:\/\/schema.org","@graph":[{"@type":"WebPage","@id":"https:\/\/af.ca\/ottawa\/location-despace\/","url":"https:\/\/af.ca\/ottawa\/location-despace\/","name":"Location d'espace - Alliance Fran\u00e7aise Ottawa","isPartOf":{"@id":"https:\/\/af.ca\/ottawa\/#website"},"datePublished":"2018-08-15T15:46:09+00:00","dateModified":"2021-09-20T17:47:23+00:00","breadcrumb":{"@id":"https:\/\/af.ca\/ottawa\/location-despace\/#breadcrumb"},"inLanguage":"fr-FR","potentialAction":[{"@type":"ReadAction","target":["https:\/\/af.ca\/ottawa\/location-despace\/"]}]},{"@type":"BreadcrumbList","@id":"https:\/\/af.ca\/ottawa\/location-despace\/#breadcrumb","itemListElement":[{"@type":"ListItem","position":1,"name":"Home","item":"https:\/\/af.ca\/ottawa\/"},{"@type":"ListItem","position":2,"name":"Location d&rsquo;espace"}]},{"@type":"WebSite","@id":"https:\/\/af.ca\/ottawa\/#website","url":"https:\/\/af.ca\/ottawa\/","name":"Alliance Fran\u00e7aise Ottawa","description":"\u00c9cole de langue fran\u00e7aise et centre culturel","potentialAction":[{"@type":"SearchAction","target":{"@type":"EntryPoint","urlTemplate":"https:\/\/af.ca\/ottawa\/?s={search_term_string}"},"query-input":{"@type":"PropertyValueSpecification","valueRequired":true,"valueName":"search_term_string"}}],"inLanguage":"fr-FR"}]}},"blog_post_layout_featured_media_urls":{"thumbnail":"","full":""},"categories_names":null,"comments_number":"0","_links":{"self":[{"href":"https:\/\/af.ca\/ottawa\/wp-json\/wp\/v2\/pages\/2418","targetHints":{"allow":["GET"]}}],"collection":[{"href":"https:\/\/af.ca\/ottawa\/wp-json\/wp\/v2\/pages"}],"about":[{"href":"https:\/\/af.ca\/ottawa\/wp-json\/wp\/v2\/types\/page"}],"author":[{"embeddable":true,"href":"https:\/\/af.ca\/ottawa\/wp-json\/wp\/v2\/users\/6"}],"replies":[{"embeddable":true,"href":"https:\/\/af.ca\/ottawa\/wp-json\/wp\/v2\/comments?post=2418"}],"version-history":[{"count":0,"href":"https:\/\/af.ca\/ottawa\/wp-json\/wp\/v2\/pages\/2418\/revisions"}],"wp:attachment":[{"href":"https:\/\/af.ca\/ottawa\/wp-json\/wp\/v2\/media?parent=2418"}],"curies":[{"name":"wp","href":"https:\/\/api.w.org\/{rel}","templated":true}]}}