{"id":2439,"date":"2024-06-18T10:08:57","date_gmt":"2024-06-18T14:08:57","guid":{"rendered":"https:\/\/af.ca\/ottawa\/lequipe\/"},"modified":"2026-03-12T14:13:15","modified_gmt":"2026-03-12T18:13:15","slug":"lequipe","status":"publish","type":"page","link":"https:\/\/af.ca\/ottawa\/qui-sommes-nous\/lequipe\/","title":{"rendered":"L&rsquo;\u00e9quipe"},"content":{"rendered":"<h2>\u00c9quipe administrative\u200b<\/h2>\r\n<table style=\"border-collapse: collapse; width: 0%; height: 3134px;\" border=\"1\">\r\n<tbody>\r\n<tr style=\"height: 111px;\">\r\n<th style=\"width: 4.92611%; text-align: center; height: 95px;\" colspan=\"5\">\r\n<h2><strong><span style=\"color: #800000;\">Direction G\u00e9n\u00e9rale<\/span><\/strong><\/h2>\r\n<\/th>\r\n<\/tr>\r\n<tr style=\"height: 372px;\">\r\n<th style=\"text-align: left; width: 4.92611%; height: 372px;\" colspan=\"5\">\r\n<p style=\"text-align: center;\">\u00a0<\/p>\r\n<p style=\"text-align: center;\"><span style=\"color: #000000;\"><strong>Samuel Coeytaux<\/strong><\/span><\/p>\r\n<p style=\"text-align: center;\"><span style=\"color: #333333;\"><strong>Directeur de l\u2019Alliance Fran\u00e7aise Ottawa<\/strong><\/span><\/p>\r\n<p style=\"text-align: center;\"><a href=\"mailto:direction@af.ca\">direction@af.ca<\/a><\/p>\r\n<\/th>\r\n<\/tr>\r\n<tr style=\"height: 147px;\">\r\n<th style=\"text-align: left; width: 4.92611%; height: 141px;\" colspan=\"5\">\r\n<h2 style=\"text-align: center;\"><strong><span style=\"color: #800000;\">Relation client \/ Administration \/ Comptabilit\u00e9<\/span><\/strong><\/h2>\r\n<\/th>\r\n<\/tr>\r\n<tr style=\"height: 552px;\">\r\n<th style=\"text-align: left; width: 4.92611%; height: 10px;\" colspan=\"5\">\r\n<p style=\"text-align: center;\">\u00a0<\/p>\r\n<p>&nbsp;<\/p>\r\n<p style=\"text-align: center;\"><span style=\"color: #000000;\" data-teams=\"true\"><span class=\"ui-provider a b c d e f g h i j k l m n o p q r s t u v w x y z ab ac ae af ag ah ai aj ak\" dir=\"ltr\">Youssra Elbouanani\u00a0<\/span><\/span><\/p>\r\n<p style=\"text-align: center;\">Coordinatrice de la Relation Clients<\/p>\r\n<p style=\"text-align: center;\"><a href=\"mailto:payment@af.ca\">payment@af.ca<\/a><\/p>\r\n<p style=\"text-align: center;\"><span style=\"color: #000000;\">613-234-9470<\/span><\/p>\r\n<p style=\"text-align: center;\">\u00a0<\/p>\r\n<p>&nbsp;<\/p>\r\n<p style=\"text-align: center;\"><span style=\"color: #000000;\" data-teams=\"true\">Achour Hebib\u00a0<\/span><\/p>\r\n<p style=\"text-align: center;\"><span style=\"color: #333333;\">Charg\u00e9 au service \u00e0 la client\u00e8le<\/span><\/p>\r\n<p style=\"text-align: center;\"><a href=\"mailto:payment@af.ca\">info@af.ca<\/a><\/p>\r\n<p style=\"text-align: center;\"><span style=\"color: #000000;\">613-234-9470<\/span><\/p>\r\n<p>&nbsp;<\/p>\r\n<\/th>\r\n<\/tr>\r\n<tr style=\"height: 200px;\">\r\n<th style=\"text-align: center; width: 4.92611%; height: 183px;\" colspan=\"5\">\r\n<p><span style=\"color: #000000;\"><strong>Val Stills<\/strong><\/span><\/p>\r\n<div><span style=\"color: #333333;\">Directeur Administratif<\/span><\/div>\r\n<p><a href=\"admin@af.ca\">admin@af.ca<\/a><\/p>\r\n<p>&nbsp;<\/p>\r\n<p><span style=\"color: #000000;\">Sami Atallah<\/span><\/p>\r\n<p><span style=\"color: #000000;\">Responsable Comptabilit\u00e9<\/span><\/p>\r\n<p><a href=\"mailto:compta@af.ca\">compta@af.ca<\/a><\/p>\r\n<\/th>\r\n<\/tr>\r\n<tr style=\"height: 147px;\">\r\n<th style=\"text-align: center; width: 4.92611%; height: 147px;\" colspan=\"5\">\r\n<h2><span style=\"color: #800000;\">P\u00e9dagogie \/ Cours \/ Examens<\/span><\/h2>\r\n<\/th>\r\n<\/tr>\r\n<tr style=\"height: 448px;\">\r\n<th style=\"text-align: center; width: 4.92611%; height: 448px;\" colspan=\"5\">\r\n<p><span style=\"color: #000000;\">Camille Meynier<\/span><\/p>\r\n<p><span style=\"color: #333333;\">Directrice des cours<\/span><\/p>\r\n<p><a href=\"mailto:direction.cours@af.ca\">direction.cours@af.ca<\/a><\/p>\r\n<p>&nbsp;<\/p>\r\n<hr \/>\r\n<p>&nbsp;<\/p>\r\n<p><span style=\"color: #000000;\" data-teams=\"true\">Evgeniya Kvon<\/span><\/p>\r\n<p><span style=\"color: #333333;\">Responsable p\u00e9dagogique ELS<\/span><\/p>\r\n<p><a href=\"pedagogie@af.ca\">pedagogie@af.ca<\/a><\/p>\r\n<\/th>\r\n<\/tr>\r\n<tr style=\"height: 316px;\">\r\n<th style=\"text-align: center; width: 4.92611%; height: 316px;\" colspan=\"5\">\r\n<p><span style=\"color: #000000;\">Amelle Azzimani<\/span><\/p>\r\n<p><span style=\"color: #333333;\">Responsable c<\/span><span style=\"color: #333333;\">ertifications et p\u00e9dagogie\u00a0<\/span><\/p>\r\n<p><a href=\"mailto:certifications@af.ca\">certifications@af.ca<\/a><\/p>\r\n<\/th>\r\n<\/tr>\r\n<tr style=\"height: 348px;\">\r\n<th style=\"text-align: center; height: 348px; width: 4.92611%;\" colspan=\"5\">\r\n<p><span style=\"color: #000000;\">Marie Fougy<\/span><\/p>\r\n<p><span data-olk-copy-source=\"MessageBody\">Responsable cours priv\u00e9s et d\u00e9veloppement p\u00e9dagogique<\/span><\/p>\r\n<p><a href=\"mailto:privatecourses@af.ca\">privatecourses@af.ca<\/a><\/p>\r\n<p>&nbsp;<\/p>\r\n<hr \/>\r\n<p>&nbsp;<\/p>\r\n<p><span style=\"color: #000000;\" data-teams=\"true\">Kaoutar Sahibeddine<\/span><\/p>\r\n<p><span data-olk-copy-source=\"MessageBody\">Responsable d\u00e9veloppement p\u00e9dagogique<\/span><\/p>\r\n<p><a href=\"mailto:dev.pedagogie@af.ca\">dev.pedagogie@af.ca<\/a><\/p>\r\n<p><span data-teams=\"true\"><span class=\"ui-provider a b c d e f g h i j k l m n o p q r s t u v w x y z ab ac ae af ag ah ai aj ak\" dir=\"ltr\">\u00a0<\/span><\/span><\/p>\r\n<\/th>\r\n<\/tr>\r\n<tr style=\"height: 111px;\">\r\n<th style=\"text-align: center; width: 4.92611%; height: 88px;\" colspan=\"5\">\r\n<h2><span style=\"color: #800000;\">Communication \/ Marketing<\/span><\/h2>\r\n<\/th>\r\n<\/tr>\r\n<tr style=\"height: 420px;\">\r\n<th style=\"text-align: center; height: 374px; width: 4.92611%;\" colspan=\"5\">\r\n<p><span style=\"color: #000000;\">Emira Cherif<\/span><\/p>\r\n<p><span style=\"color: #333333;\">Responsable communication &amp; marketing\u00a0<\/span><\/p>\r\n<p><a href=\"mailto:com@af.ca\">com@af.ca<\/a><\/p>\r\n<\/th>\r\n<\/tr>\r\n<tr style=\"height: 75px;\">\r\n<th style=\"text-align: center; width: 4.92611%; height: 31px;\" colspan=\"5\">\r\n<h2><span style=\"color: #800000;\">Culture<\/span><\/h2>\r\n<\/th>\r\n<\/tr>\r\n<tr style=\"height: 389px;\">\r\n<th style=\"text-align: center; height: 359px; width: 4.92611%;\" colspan=\"5\">\r\n<p>&nbsp;<\/p>\r\n<p><span style=\"color: #000000;\">Ma\u00ebl Blavier<\/span><\/p>\r\n<p><span style=\"color: #333333;\">Responsable culture<\/span>\u00a0<\/p>\r\n<p><a href=\"culture@af.ca\">culture@af.ca<\/a><\/p>\r\n<\/th>\r\n<\/tr>\r\n<tr style=\"height: 75px;\">\r\n<th style=\"text-align: center; height: 75px; width: 4.92611%;\" colspan=\"5\">\r\n<h2><span style=\"color: #800000;\">Service civique <\/span><\/h2>\r\n<\/th>\r\n<\/tr>\r\n<tr style=\"height: 160px;\">\r\n<th style=\"width: 4.92611%; text-align: center; height: 147px;\" colspan=\"5\">\r\n<p><span style=\"color: #000000;\" data-teams=\"true\"><span class=\"ui-provider a b c d e f g h i j k l m n o p q r s t u v w x y z ab ac ae af ag ah ai aj ak\" dir=\"ltr\">Orpha Truy-Fahem<\/span><\/span><\/p>\r\n<p><span style=\"color: #333333;\">Communication, Culture &amp; M\u00e9diath\u00e8que<\/span><\/p>\r\n<p><a href=\"mailto:media@af.ca\" target=\"_blank\" rel=\"noopener\">media@af.ca<\/a><\/p>\r\n<p>&nbsp;<\/p>\r\n<p><span style=\"color: #000000;\" data-teams=\"true\"><span class=\"ui-provider a b c d e f g h i j k l m n o p q r s t u v w x y z ab ac ae af ag ah ai aj ak\" dir=\"ltr\">Donia El Hakour<\/span><\/span><\/p>\r\n<p><span style=\"color: #000000;\">\u00c9cologie<\/span><\/p>\r\n<p><a href=\"mailto:ecologie@af.ca\">ecologie@af.ca<\/a><\/p>\r\n<\/th>\r\n<\/tr>\r\n<\/tbody>\r\n<\/table>\r\n<p><span style=\"font-size: inherit;\"><br \/>Information g\u00e9n\u00e9rale: <\/span><a style=\"font-size: inherit;\" href=\"mailto:info@af.ca\">info@af.ca<\/a><\/p>\r\n<p>Emplois, stages et candidatures : <a href=\"mailto:com@af.ca\">direction@af.ca<\/a><\/p>\r\n<p>Candidatures emplois et stages \u00ab\u00a0Enseignement du FLE\u00a0\u00bb : <a href=\"mailto:candidature_fle@af.ca\">candidature_fle@af.ca<\/a><\/p>\r\n<p>Candidatures emplois et stages (hors enseignement FLE) :<a href=\"mailto:direction@af.ca\"> direction@af.ca<\/a><\/p>\r\n<p>&nbsp;<\/p>\r\n<h2>\u00c9quipe p\u00e9dagogique<\/h2>\r\n<p>Depuis 1905, l\u2019Alliance fran\u00e7aise de la R\u00e9gion de la Capitale Nationale a construit son succ\u00e8s sur la <strong>qualit\u00e9 de son enseignement du fran\u00e7ais. <\/strong>La diversit\u00e9 de la langue fran\u00e7aise y est repr\u00e9sent\u00e9e. Nos enseignants ont une <strong>formation initiale de Fran\u00e7ais langue \u00e9trang\u00e8re<\/strong> (FLE) et Fran\u00e7ais langue seconde (FLS) qui leur permet de :<\/p>\r\n<ul>\r\n<li>r\u00e9fl\u00e9chir sur leur propre pratique de classe<\/li>\r\n<li>acqu\u00e9rir de nouvelles comp\u00e9tences<\/li>\r\n<li>renforcer leurs techniques p\u00e9dagogiques<\/li>\r\n<li>cr\u00e9er des cours dynamiques et innovants<\/li>\r\n<li>utiliser des documents et supports vari\u00e9s<\/li>\r\n<li>travailler selon une approche communicative li\u00e9e aux situations de la vie quotidienne et professionnelles<\/li>\r\n<li>\u00e9valuer les capacit\u00e9s de compr\u00e9hension et d\u2019expression des \u00e9tudiants<\/li>\r\n<li>\u00e9valuer les besoins des \u00e9tudiants<\/li>\r\n<li>avoir une approche personnalis\u00e9e selon le mode d\u2019apprentissage des \u00e9tudiants<\/li>\r\n<\/ul>\r\n<p>Bref, leur professionnalisme et d\u00e9vouement sont essentiels \u00e0 votre succ\u00e8s.<\/p>\r\n<h2>\u00c9quipe des b\u00e9n\u00e9voles<\/h2>\r\n<p>L\u2019Alliance Fran\u00e7aise Ottawa remercie l\u2019ensemble des b\u00e9n\u00e9voles qui contribuent par leur engagement \u00e0 la bonne marche de l\u2019\u00e9tablissement. Quelle joie de recevoir cette aide si pr\u00e9cieuse!<\/p>\r\n<p>Pour devenir b\u00e9n\u00e9vole, veuillez nous \u00e9crire \u00e0 <a href=\"mailto:direction@af.ca\">direction@af.ca<\/a><\/p>\r\n","protected":false},"excerpt":{"rendered":"<p>\u00c9quipe administrative\u200b Direction G\u00e9n\u00e9rale \u00a0 Samuel Coeytaux Directeur de l\u2019Alliance Fran\u00e7aise Ottawa direction@af.ca Relation client \/ Administration \/ Comptabilit\u00e9 \u00a0 &nbsp; Youssra Elbouanani\u00a0 Coordinatrice de la Relation Clients payment@af.ca 613-234-9470 \u00a0 &nbsp; Achour Hebib\u00a0 Charg\u00e9 au service \u00e0 la client\u00e8le info@af.ca 613-234-9470 &nbsp; Val Stills Directeur Administratif admin@af.ca &nbsp; Sami Atallah Responsable Comptabilit\u00e9 compta@af.ca P\u00e9dagogie&#8230;<\/p>\n<p><a class=\"button invert-primary\" href=\"https:\/\/af.ca\/ottawa\/qui-sommes-nous\/lequipe\/\">En savoir plus<\/a><\/p>\n","protected":false},"author":6,"featured_media":0,"parent":2437,"menu_order":251,"comment_status":"closed","ping_status":"closed","template":"","meta":{"_acf_changed":false,"om_disable_all_campaigns":false,"_monsterinsights_skip_tracking":false,"_monsterinsights_sitenote_active":false,"_monsterinsights_sitenote_note":"","_monsterinsights_sitenote_category":0,"footnotes":""},"class_list":["post-2439","page","type-page","status-publish","hentry"],"acf":[],"yoast_head":"<!-- This site is optimized with the Yoast SEO plugin v27.3 - https:\/\/yoast.com\/product\/yoast-seo-wordpress\/ -->\n<title>L&#039;\u00e9quipe - Alliance Fran\u00e7aise Ottawa<\/title>\n<meta name=\"robots\" content=\"index, follow, max-snippet:-1, max-image-preview:large, max-video-preview:-1\" \/>\n<link rel=\"canonical\" href=\"https:\/\/af.ca\/ottawa\/qui-sommes-nous\/lequipe\/\" \/>\n<meta property=\"og:locale\" content=\"fr_FR\" \/>\n<meta property=\"og:type\" content=\"article\" \/>\n<meta property=\"og:title\" content=\"L&#039;\u00e9quipe - Alliance Fran\u00e7aise Ottawa\" \/>\n<meta property=\"og:description\" content=\"\u00c9quipe administrative\u200b Direction G\u00e9n\u00e9rale \u00a0 Samuel Coeytaux Directeur de l\u2019Alliance Fran\u00e7aise Ottawa direction@af.ca Relation client \/ Administration \/ Comptabilit\u00e9 \u00a0 &nbsp; Youssra Elbouanani\u00a0 Coordinatrice de la Relation Clients payment@af.ca 613-234-9470 \u00a0 &nbsp; Achour Hebib\u00a0 Charg\u00e9 au service \u00e0 la client\u00e8le info@af.ca 613-234-9470 &nbsp; Val Stills Directeur Administratif admin@af.ca &nbsp; Sami Atallah Responsable Comptabilit\u00e9 compta@af.ca P\u00e9dagogie...En savoir plus\" \/>\n<meta property=\"og:url\" content=\"https:\/\/af.ca\/ottawa\/qui-sommes-nous\/lequipe\/\" \/>\n<meta property=\"og:site_name\" content=\"Alliance Fran\u00e7aise Ottawa\" \/>\n<meta property=\"article:modified_time\" content=\"2026-03-12T18:13:15+00:00\" \/>\n<meta name=\"twitter:card\" content=\"summary_large_image\" \/>\n<meta name=\"twitter:label1\" content=\"Dur\u00e9e de lecture estim\u00e9e\" \/>\n\t<meta name=\"twitter:data1\" content=\"2 minutes\" \/>\n<script type=\"application\/ld+json\" class=\"yoast-schema-graph\">{\"@context\":\"https:\\\/\\\/schema.org\",\"@graph\":[{\"@type\":\"WebPage\",\"@id\":\"https:\\\/\\\/af.ca\\\/ottawa\\\/qui-sommes-nous\\\/lequipe\\\/\",\"url\":\"https:\\\/\\\/af.ca\\\/ottawa\\\/qui-sommes-nous\\\/lequipe\\\/\",\"name\":\"L'\u00e9quipe - Alliance Fran\u00e7aise Ottawa\",\"isPartOf\":{\"@id\":\"https:\\\/\\\/af.ca\\\/ottawa\\\/#website\"},\"datePublished\":\"2024-06-18T14:08:57+00:00\",\"dateModified\":\"2026-03-12T18:13:15+00:00\",\"breadcrumb\":{\"@id\":\"https:\\\/\\\/af.ca\\\/ottawa\\\/qui-sommes-nous\\\/lequipe\\\/#breadcrumb\"},\"inLanguage\":\"fr-FR\",\"potentialAction\":[{\"@type\":\"ReadAction\",\"target\":[\"https:\\\/\\\/af.ca\\\/ottawa\\\/qui-sommes-nous\\\/lequipe\\\/\"]}]},{\"@type\":\"BreadcrumbList\",\"@id\":\"https:\\\/\\\/af.ca\\\/ottawa\\\/qui-sommes-nous\\\/lequipe\\\/#breadcrumb\",\"itemListElement\":[{\"@type\":\"ListItem\",\"position\":1,\"name\":\"Home\",\"item\":\"https:\\\/\\\/af.ca\\\/ottawa\\\/\"},{\"@type\":\"ListItem\",\"position\":2,\"name\":\"Qui sommes-nous?\",\"item\":\"https:\\\/\\\/af.ca\\\/ottawa\\\/qui-sommes-nous\\\/\"},{\"@type\":\"ListItem\",\"position\":3,\"name\":\"L&#8217;\u00e9quipe\"}]},{\"@type\":\"WebSite\",\"@id\":\"https:\\\/\\\/af.ca\\\/ottawa\\\/#website\",\"url\":\"https:\\\/\\\/af.ca\\\/ottawa\\\/\",\"name\":\"Alliance Fran\u00e7aise Ottawa\",\"description\":\"\u00c9cole de langue fran\u00e7aise et centre culturel\",\"potentialAction\":[{\"@type\":\"SearchAction\",\"target\":{\"@type\":\"EntryPoint\",\"urlTemplate\":\"https:\\\/\\\/af.ca\\\/ottawa\\\/?s={search_term_string}\"},\"query-input\":{\"@type\":\"PropertyValueSpecification\",\"valueRequired\":true,\"valueName\":\"search_term_string\"}}],\"inLanguage\":\"fr-FR\"}]}<\/script>\n<!-- \/ Yoast SEO plugin. -->","yoast_head_json":{"title":"L'\u00e9quipe - Alliance Fran\u00e7aise Ottawa","robots":{"index":"index","follow":"follow","max-snippet":"max-snippet:-1","max-image-preview":"max-image-preview:large","max-video-preview":"max-video-preview:-1"},"canonical":"https:\/\/af.ca\/ottawa\/qui-sommes-nous\/lequipe\/","og_locale":"fr_FR","og_type":"article","og_title":"L'\u00e9quipe - Alliance Fran\u00e7aise Ottawa","og_description":"\u00c9quipe administrative\u200b Direction G\u00e9n\u00e9rale \u00a0 Samuel Coeytaux Directeur de l\u2019Alliance Fran\u00e7aise Ottawa direction@af.ca Relation client \/ Administration \/ Comptabilit\u00e9 \u00a0 &nbsp; Youssra Elbouanani\u00a0 Coordinatrice de la Relation Clients payment@af.ca 613-234-9470 \u00a0 &nbsp; Achour Hebib\u00a0 Charg\u00e9 au service \u00e0 la client\u00e8le info@af.ca 613-234-9470 &nbsp; Val Stills Directeur Administratif admin@af.ca &nbsp; Sami Atallah Responsable Comptabilit\u00e9 compta@af.ca P\u00e9dagogie...En savoir plus","og_url":"https:\/\/af.ca\/ottawa\/qui-sommes-nous\/lequipe\/","og_site_name":"Alliance Fran\u00e7aise Ottawa","article_modified_time":"2026-03-12T18:13:15+00:00","twitter_card":"summary_large_image","twitter_misc":{"Dur\u00e9e de lecture estim\u00e9e":"2 minutes"},"schema":{"@context":"https:\/\/schema.org","@graph":[{"@type":"WebPage","@id":"https:\/\/af.ca\/ottawa\/qui-sommes-nous\/lequipe\/","url":"https:\/\/af.ca\/ottawa\/qui-sommes-nous\/lequipe\/","name":"L'\u00e9quipe - Alliance Fran\u00e7aise Ottawa","isPartOf":{"@id":"https:\/\/af.ca\/ottawa\/#website"},"datePublished":"2024-06-18T14:08:57+00:00","dateModified":"2026-03-12T18:13:15+00:00","breadcrumb":{"@id":"https:\/\/af.ca\/ottawa\/qui-sommes-nous\/lequipe\/#breadcrumb"},"inLanguage":"fr-FR","potentialAction":[{"@type":"ReadAction","target":["https:\/\/af.ca\/ottawa\/qui-sommes-nous\/lequipe\/"]}]},{"@type":"BreadcrumbList","@id":"https:\/\/af.ca\/ottawa\/qui-sommes-nous\/lequipe\/#breadcrumb","itemListElement":[{"@type":"ListItem","position":1,"name":"Home","item":"https:\/\/af.ca\/ottawa\/"},{"@type":"ListItem","position":2,"name":"Qui sommes-nous?","item":"https:\/\/af.ca\/ottawa\/qui-sommes-nous\/"},{"@type":"ListItem","position":3,"name":"L&#8217;\u00e9quipe"}]},{"@type":"WebSite","@id":"https:\/\/af.ca\/ottawa\/#website","url":"https:\/\/af.ca\/ottawa\/","name":"Alliance Fran\u00e7aise Ottawa","description":"\u00c9cole de langue fran\u00e7aise et centre culturel","potentialAction":[{"@type":"SearchAction","target":{"@type":"EntryPoint","urlTemplate":"https:\/\/af.ca\/ottawa\/?s={search_term_string}"},"query-input":{"@type":"PropertyValueSpecification","valueRequired":true,"valueName":"search_term_string"}}],"inLanguage":"fr-FR"}]}},"blog_post_layout_featured_media_urls":{"thumbnail":"","full":""},"categories_names":null,"comments_number":"0","_links":{"self":[{"href":"https:\/\/af.ca\/ottawa\/wp-json\/wp\/v2\/pages\/2439","targetHints":{"allow":["GET"]}}],"collection":[{"href":"https:\/\/af.ca\/ottawa\/wp-json\/wp\/v2\/pages"}],"about":[{"href":"https:\/\/af.ca\/ottawa\/wp-json\/wp\/v2\/types\/page"}],"author":[{"embeddable":true,"href":"https:\/\/af.ca\/ottawa\/wp-json\/wp\/v2\/users\/6"}],"replies":[{"embeddable":true,"href":"https:\/\/af.ca\/ottawa\/wp-json\/wp\/v2\/comments?post=2439"}],"version-history":[{"count":5,"href":"https:\/\/af.ca\/ottawa\/wp-json\/wp\/v2\/pages\/2439\/revisions"}],"predecessor-version":[{"id":25245,"href":"https:\/\/af.ca\/ottawa\/wp-json\/wp\/v2\/pages\/2439\/revisions\/25245"}],"up":[{"embeddable":true,"href":"https:\/\/af.ca\/ottawa\/wp-json\/wp\/v2\/pages\/2437"}],"wp:attachment":[{"href":"https:\/\/af.ca\/ottawa\/wp-json\/wp\/v2\/media?parent=2439"}],"curies":[{"name":"wp","href":"https:\/\/api.w.org\/{rel}","templated":true}]}}