{"id":2441,"date":"2024-01-30T16:53:58","date_gmt":"2024-01-30T21:53:58","guid":{"rendered":"https:\/\/af.ca\/ottawa\/les-offres-demploi\/"},"modified":"2026-04-14T09:49:32","modified_gmt":"2026-04-14T13:49:32","slug":"les-offres-demploi","status":"publish","type":"page","link":"https:\/\/af.ca\/ottawa\/qui-sommes-nous\/les-offres-demploi\/","title":{"rendered":"Offres d&#8217;emploi"},"content":{"rendered":"<h2>Offres d&#8217;emploi disponibles :<\/h2>\n<p>&nbsp;<\/p>\n<p><a href=\"https:\/\/af.ca\/ottawa\/wp-content\/uploads\/2021\/03\/PAGE-AGENDA-SITE-2.png\"><img loading=\"lazy\" decoding=\"async\" class=\"alignnone wp-image-12928\" src=\"https:\/\/af.ca\/ottawa\/wp-content\/uploads\/2021\/03\/PAGE-AGENDA-SITE-2.png\" alt=\"Offres d'emploi\" width=\"519\" height=\"405\" srcset=\"https:\/\/af.ca\/ottawa\/wp-content\/uploads\/2021\/03\/PAGE-AGENDA-SITE-2.png 500w, https:\/\/af.ca\/ottawa\/wp-content\/uploads\/2021\/03\/PAGE-AGENDA-SITE-2-300x234.png 300w\" sizes=\"auto, (max-width: 519px) 100vw, 519px\" \/><\/a><\/p>\n<h2>B\u00e9n\u00e9voles<\/h2>\n<p style=\"text-align: left;\">L\u2019Alliance Fran\u00e7aise Ottawa cherche r\u00e9guli\u00e8rement des b\u00e9n\u00e9voles ayant des comp\u00e9tences vari\u00e9es.<\/p>\n<p style=\"text-align: left;\">Envoyez CV et lettre de motivation par courriel \u00e0 : <a href=\"mailto:com@af.ca?subject=candidature\">info@af.ca<\/a><\/p>\n<p style=\"text-align: left;\">Merci d\u2019avoir pens\u00e9 \u00e0 l\u2019Alliance Fran\u00e7aise Ottawa.<\/p>\n","protected":false},"excerpt":{"rendered":"<p>Offres d&#8217;emploi disponibles : &nbsp; B\u00e9n\u00e9voles L\u2019Alliance Fran\u00e7aise Ottawa cherche r\u00e9guli\u00e8rement des b\u00e9n\u00e9voles ayant des comp\u00e9tences vari\u00e9es. Envoyez CV et lettre de motivation par courriel \u00e0 : info@af.ca Merci d\u2019avoir pens\u00e9 \u00e0 l\u2019Alliance Fran\u00e7aise Ottawa.<\/p>\n","protected":false},"author":6,"featured_media":0,"parent":2437,"menu_order":256,"comment_status":"closed","ping_status":"closed","template":"","meta":{"_acf_changed":false,"om_disable_all_campaigns":false,"_monsterinsights_skip_tracking":false,"_monsterinsights_sitenote_active":false,"_monsterinsights_sitenote_note":"","_monsterinsights_sitenote_category":0,"footnotes":""},"class_list":["post-2441","page","type-page","status-publish","hentry"],"acf":[],"yoast_head":"<!-- This site is optimized with the Yoast SEO plugin v27.4 - https:\/\/yoast.com\/product\/yoast-seo-wordpress\/ -->\n<title>Offres d&#039;emploi - Alliance Fran\u00e7aise Ottawa<\/title>\n<meta name=\"description\" content=\"L&#039; Alliance Fran\u00e7aise Ottawa vous propose plusieurs Offres d&#039;emploi: Gestionnaire du bureau, Expert comptable, Enseignant de fran\u00e7ais...\" \/>\n<meta name=\"robots\" content=\"index, follow, max-snippet:-1, max-image-preview:large, max-video-preview:-1\" \/>\n<link rel=\"canonical\" href=\"https:\/\/af.ca\/ottawa\/qui-sommes-nous\/les-offres-demploi\/\" \/>\n<meta property=\"og:locale\" content=\"fr_FR\" \/>\n<meta property=\"og:type\" content=\"article\" \/>\n<meta property=\"og:title\" content=\"Offres d&#039;emploi - Alliance Fran\u00e7aise Ottawa\" \/>\n<meta property=\"og:description\" content=\"L&#039; Alliance Fran\u00e7aise Ottawa vous propose plusieurs Offres d&#039;emploi: Gestionnaire du bureau, Expert comptable, Enseignant de fran\u00e7ais...\" \/>\n<meta property=\"og:url\" content=\"https:\/\/af.ca\/ottawa\/qui-sommes-nous\/les-offres-demploi\/\" \/>\n<meta property=\"og:site_name\" content=\"Alliance Fran\u00e7aise Ottawa\" \/>\n<meta property=\"article:modified_time\" content=\"2026-04-14T13:49:32+00:00\" \/>\n<meta property=\"og:image\" content=\"https:\/\/af.ca\/ottawa\/wp-content\/uploads\/2021\/03\/PAGE-AGENDA-SITE-2.png\" \/>\n\t<meta property=\"og:image:width\" content=\"500\" \/>\n\t<meta property=\"og:image:height\" content=\"390\" \/>\n\t<meta property=\"og:image:type\" content=\"image\/png\" \/>\n<meta name=\"twitter:card\" content=\"summary_large_image\" \/>\n<meta name=\"twitter:label1\" content=\"Dur\u00e9e de lecture estim\u00e9e\" \/>\n\t<meta name=\"twitter:data1\" content=\"1 minute\" \/>\n<script type=\"application\/ld+json\" class=\"yoast-schema-graph\">{\"@context\":\"https:\\\/\\\/schema.org\",\"@graph\":[{\"@type\":\"WebPage\",\"@id\":\"https:\\\/\\\/af.ca\\\/ottawa\\\/qui-sommes-nous\\\/les-offres-demploi\\\/\",\"url\":\"https:\\\/\\\/af.ca\\\/ottawa\\\/qui-sommes-nous\\\/les-offres-demploi\\\/\",\"name\":\"Offres d'emploi - Alliance Fran\u00e7aise Ottawa\",\"isPartOf\":{\"@id\":\"https:\\\/\\\/af.ca\\\/ottawa\\\/#website\"},\"primaryImageOfPage\":{\"@id\":\"https:\\\/\\\/af.ca\\\/ottawa\\\/qui-sommes-nous\\\/les-offres-demploi\\\/#primaryimage\"},\"image\":{\"@id\":\"https:\\\/\\\/af.ca\\\/ottawa\\\/qui-sommes-nous\\\/les-offres-demploi\\\/#primaryimage\"},\"thumbnailUrl\":\"https:\\\/\\\/af.ca\\\/ottawa\\\/wp-content\\\/uploads\\\/2021\\\/03\\\/PAGE-AGENDA-SITE-2.png\",\"datePublished\":\"2024-01-30T21:53:58+00:00\",\"dateModified\":\"2026-04-14T13:49:32+00:00\",\"description\":\"L' Alliance Fran\u00e7aise Ottawa vous propose plusieurs Offres d'emploi: Gestionnaire du bureau, Expert comptable, Enseignant de fran\u00e7ais...\",\"breadcrumb\":{\"@id\":\"https:\\\/\\\/af.ca\\\/ottawa\\\/qui-sommes-nous\\\/les-offres-demploi\\\/#breadcrumb\"},\"inLanguage\":\"fr-FR\",\"potentialAction\":[{\"@type\":\"ReadAction\",\"target\":[\"https:\\\/\\\/af.ca\\\/ottawa\\\/qui-sommes-nous\\\/les-offres-demploi\\\/\"]}]},{\"@type\":\"ImageObject\",\"inLanguage\":\"fr-FR\",\"@id\":\"https:\\\/\\\/af.ca\\\/ottawa\\\/qui-sommes-nous\\\/les-offres-demploi\\\/#primaryimage\",\"url\":\"https:\\\/\\\/af.ca\\\/ottawa\\\/wp-content\\\/uploads\\\/2021\\\/03\\\/PAGE-AGENDA-SITE-2.png\",\"contentUrl\":\"https:\\\/\\\/af.ca\\\/ottawa\\\/wp-content\\\/uploads\\\/2021\\\/03\\\/PAGE-AGENDA-SITE-2.png\",\"width\":500,\"height\":390,\"caption\":\"Offres d'emploi\"},{\"@type\":\"BreadcrumbList\",\"@id\":\"https:\\\/\\\/af.ca\\\/ottawa\\\/qui-sommes-nous\\\/les-offres-demploi\\\/#breadcrumb\",\"itemListElement\":[{\"@type\":\"ListItem\",\"position\":1,\"name\":\"Home\",\"item\":\"https:\\\/\\\/af.ca\\\/ottawa\\\/\"},{\"@type\":\"ListItem\",\"position\":2,\"name\":\"Qui sommes-nous?\",\"item\":\"https:\\\/\\\/af.ca\\\/ottawa\\\/qui-sommes-nous\\\/\"},{\"@type\":\"ListItem\",\"position\":3,\"name\":\"Offres d&#8217;emploi\"}]},{\"@type\":\"WebSite\",\"@id\":\"https:\\\/\\\/af.ca\\\/ottawa\\\/#website\",\"url\":\"https:\\\/\\\/af.ca\\\/ottawa\\\/\",\"name\":\"Alliance Fran\u00e7aise Ottawa\",\"description\":\"\u00c9cole de langue fran\u00e7aise et centre culturel\",\"potentialAction\":[{\"@type\":\"SearchAction\",\"target\":{\"@type\":\"EntryPoint\",\"urlTemplate\":\"https:\\\/\\\/af.ca\\\/ottawa\\\/?s={search_term_string}\"},\"query-input\":{\"@type\":\"PropertyValueSpecification\",\"valueRequired\":true,\"valueName\":\"search_term_string\"}}],\"inLanguage\":\"fr-FR\"}]}<\/script>\n<!-- \/ Yoast SEO plugin. -->","yoast_head_json":{"title":"Offres d'emploi - Alliance Fran\u00e7aise Ottawa","description":"L' Alliance Fran\u00e7aise Ottawa vous propose plusieurs Offres d'emploi: Gestionnaire du bureau, Expert comptable, Enseignant de fran\u00e7ais...","robots":{"index":"index","follow":"follow","max-snippet":"max-snippet:-1","max-image-preview":"max-image-preview:large","max-video-preview":"max-video-preview:-1"},"canonical":"https:\/\/af.ca\/ottawa\/qui-sommes-nous\/les-offres-demploi\/","og_locale":"fr_FR","og_type":"article","og_title":"Offres d'emploi - Alliance Fran\u00e7aise Ottawa","og_description":"L' Alliance Fran\u00e7aise Ottawa vous propose plusieurs Offres d'emploi: Gestionnaire du bureau, Expert comptable, Enseignant de fran\u00e7ais...","og_url":"https:\/\/af.ca\/ottawa\/qui-sommes-nous\/les-offres-demploi\/","og_site_name":"Alliance Fran\u00e7aise Ottawa","article_modified_time":"2026-04-14T13:49:32+00:00","og_image":[{"width":500,"height":390,"url":"https:\/\/af.ca\/ottawa\/wp-content\/uploads\/2021\/03\/PAGE-AGENDA-SITE-2.png","type":"image\/png"}],"twitter_card":"summary_large_image","twitter_misc":{"Dur\u00e9e de lecture estim\u00e9e":"1 minute"},"schema":{"@context":"https:\/\/schema.org","@graph":[{"@type":"WebPage","@id":"https:\/\/af.ca\/ottawa\/qui-sommes-nous\/les-offres-demploi\/","url":"https:\/\/af.ca\/ottawa\/qui-sommes-nous\/les-offres-demploi\/","name":"Offres d'emploi - Alliance Fran\u00e7aise Ottawa","isPartOf":{"@id":"https:\/\/af.ca\/ottawa\/#website"},"primaryImageOfPage":{"@id":"https:\/\/af.ca\/ottawa\/qui-sommes-nous\/les-offres-demploi\/#primaryimage"},"image":{"@id":"https:\/\/af.ca\/ottawa\/qui-sommes-nous\/les-offres-demploi\/#primaryimage"},"thumbnailUrl":"https:\/\/af.ca\/ottawa\/wp-content\/uploads\/2021\/03\/PAGE-AGENDA-SITE-2.png","datePublished":"2024-01-30T21:53:58+00:00","dateModified":"2026-04-14T13:49:32+00:00","description":"L' Alliance Fran\u00e7aise Ottawa vous propose plusieurs Offres d'emploi: Gestionnaire du bureau, Expert comptable, Enseignant de fran\u00e7ais...","breadcrumb":{"@id":"https:\/\/af.ca\/ottawa\/qui-sommes-nous\/les-offres-demploi\/#breadcrumb"},"inLanguage":"fr-FR","potentialAction":[{"@type":"ReadAction","target":["https:\/\/af.ca\/ottawa\/qui-sommes-nous\/les-offres-demploi\/"]}]},{"@type":"ImageObject","inLanguage":"fr-FR","@id":"https:\/\/af.ca\/ottawa\/qui-sommes-nous\/les-offres-demploi\/#primaryimage","url":"https:\/\/af.ca\/ottawa\/wp-content\/uploads\/2021\/03\/PAGE-AGENDA-SITE-2.png","contentUrl":"https:\/\/af.ca\/ottawa\/wp-content\/uploads\/2021\/03\/PAGE-AGENDA-SITE-2.png","width":500,"height":390,"caption":"Offres d'emploi"},{"@type":"BreadcrumbList","@id":"https:\/\/af.ca\/ottawa\/qui-sommes-nous\/les-offres-demploi\/#breadcrumb","itemListElement":[{"@type":"ListItem","position":1,"name":"Home","item":"https:\/\/af.ca\/ottawa\/"},{"@type":"ListItem","position":2,"name":"Qui sommes-nous?","item":"https:\/\/af.ca\/ottawa\/qui-sommes-nous\/"},{"@type":"ListItem","position":3,"name":"Offres d&#8217;emploi"}]},{"@type":"WebSite","@id":"https:\/\/af.ca\/ottawa\/#website","url":"https:\/\/af.ca\/ottawa\/","name":"Alliance Fran\u00e7aise Ottawa","description":"\u00c9cole de langue fran\u00e7aise et centre culturel","potentialAction":[{"@type":"SearchAction","target":{"@type":"EntryPoint","urlTemplate":"https:\/\/af.ca\/ottawa\/?s={search_term_string}"},"query-input":{"@type":"PropertyValueSpecification","valueRequired":true,"valueName":"search_term_string"}}],"inLanguage":"fr-FR"}]}},"blog_post_layout_featured_media_urls":{"thumbnail":"","full":""},"categories_names":null,"comments_number":"0","_links":{"self":[{"href":"https:\/\/af.ca\/ottawa\/wp-json\/wp\/v2\/pages\/2441","targetHints":{"allow":["GET"]}}],"collection":[{"href":"https:\/\/af.ca\/ottawa\/wp-json\/wp\/v2\/pages"}],"about":[{"href":"https:\/\/af.ca\/ottawa\/wp-json\/wp\/v2\/types\/page"}],"author":[{"embeddable":true,"href":"https:\/\/af.ca\/ottawa\/wp-json\/wp\/v2\/users\/6"}],"replies":[{"embeddable":true,"href":"https:\/\/af.ca\/ottawa\/wp-json\/wp\/v2\/comments?post=2441"}],"version-history":[{"count":6,"href":"https:\/\/af.ca\/ottawa\/wp-json\/wp\/v2\/pages\/2441\/revisions"}],"predecessor-version":[{"id":25398,"href":"https:\/\/af.ca\/ottawa\/wp-json\/wp\/v2\/pages\/2441\/revisions\/25398"}],"up":[{"embeddable":true,"href":"https:\/\/af.ca\/ottawa\/wp-json\/wp\/v2\/pages\/2437"}],"wp:attachment":[{"href":"https:\/\/af.ca\/ottawa\/wp-json\/wp\/v2\/media?parent=2441"}],"curies":[{"name":"wp","href":"https:\/\/api.w.org\/{rel}","templated":true}]}}