{"id":24708,"date":"2026-01-16T12:07:46","date_gmt":"2026-01-16T17:07:46","guid":{"rendered":"https:\/\/af.ca\/ottawa\/?page_id=24708"},"modified":"2026-04-02T08:46:02","modified_gmt":"2026-04-02T12:46:02","slug":"demande-de-recorrection-des-epreuves-du-tcf","status":"publish","type":"page","link":"https:\/\/af.ca\/ottawa\/demande-de-recorrection-des-epreuves-du-tcf\/","title":{"rendered":"Demande de recorrection des \u00e9preuves du TCF"},"content":{"rendered":"<p>&nbsp;<\/p>\n<p><strong>La recorrection des \u00e9preuves d\u2019expression \u00e9crite et\/ou d\u2019expression orale du TCF est possible par France \u00c9ducation international, sous certaines conditions. Merci de lire attentivement les informations ci-dessous avant d\u2019effectuer votre demande.<\/strong><\/p>\n<h3><span style=\"color: #ff0000;\"><strong>Informations importantes <\/strong><\/span><\/h3>\n<ul>\n<li>Les demandes de recorrection sont payantes : les frais s\u2019\u00e9l\u00e8vent \u00e0 100 $ par \u00e9preuve, conform\u00e9ment aux Conditions G\u00e9n\u00e9rales de Vente.<\/li>\n<li>La demande doit \u00eatre soumise dans les <span style=\"color: #ff0000;\">30 jours<\/span> <span style=\"color: #ff0000;\">suivants<\/span> la date de d\u00e9livrance des r\u00e9sultats.<\/li>\n<li>Les d\u00e9lais de traitement peuvent \u00eatre de 4 \u00e0 6 semaines \u00e0 compter de la transmission du dossier \u00e0 France \u00c9ducation international.<\/li>\n<li>La recorrection peut entra\u00eener une modification des r\u00e9sultats \u00e0 la hausse ou \u00e0 la baisse.<\/li>\n<li>En cas de modification, seule la nouvelle attestation (issue de la recorrection) fera foi aupr\u00e8s des autorit\u00e9s qu\u00e9b\u00e9coises, canadiennes, pr\u00e9fectorales et des \u00e9tablissements d\u2019enseignement sup\u00e9rieur.<\/li>\n<li>Si les r\u00e9sultats sont modifi\u00e9s, l\u2019attestation d\u2019origine sera consid\u00e9r\u00e9e comme invalide.<\/li>\n<\/ul>\n<h3><span style=\"color: #ff0000;\"><strong>Proc\u00e9dure de demande de recorrection<\/strong><\/span><\/h3>\n<p>Pour effectuer une demande de recorrection, veuillez suivre toutes les \u00e9tapes ci-dessous :<\/p>\n<ol>\n<li>Lire attentivement les informations importantes au-dessus. <strong>ATTENTION : NOUS TRAITONS UNIQUEMENT LES DEMANDES DES CANDIDATS QUI ONT PASS\u00c9 UN TCF DANS NOTRE CENTRE \u00c0 OTTAWA.<\/strong><\/li>\n<li>Acheter le(s) produit(s) de recorrection correspondant(s) \u00e0 votre demande (expression orale et\/ou expression \u00e9crite). Vous les trouverez en bas de cette page.<\/li>\n<li>T\u00e9l\u00e9charger le re\u00e7u de paiement, qui devra \u00eatre joint \u00e0 votre demande.<\/li>\n<li>T\u00e9l\u00e9charger le(s) formulaire(s) de demande de recorrection qui se trouvent dans l&#8217;email avec le re\u00e7u\n<ul>\n<li>\u00a0Compl\u00e9ter le(s) formulaire(s) requis<\/li>\n<li>\u00a0Les signer <strong>obligatoirement de fa\u00e7on manuscrite<\/strong> (signature faite \u00e0 la main)<\/li>\n<li>\u00a0Renommer le fichier pdf :<\/li>\n<\/ul>\n<\/li>\n<\/ol>\n<p>Pour l\u2019expression \u00e9crite\u00a0: <strong>nom_prenom_recorrection_EE _date du test<\/strong><br \/>\nPour l\u2019expression orale\u00a0: <strong>nom_prenom_recorrection_EO _date du test<br \/>\n<\/strong><em>Exemple\u00a0: DUPONT_Jean_recorrection_EO_18-01-2026<\/em><\/p>\n<ol start=\"5\">\n<li>Envoyer le re\u00e7u + le\/les formulaires <span style=\"color: #ff0000;\"><strong>en format PDF<\/strong><\/span> par courriel \u00e0 l\u2019adresse\u00a0: <a href=\"mailto:certifications@af.ca\">accueil@af.ca<br \/>\n<\/a><strong>Objet du courriel : <em>Recorrection TCF (ins\u00e9rer la date de passation de l\u2019examen)<\/em><\/strong><\/li>\n<\/ol>\n<p>Une fois votre dossier complet et les frais acquitt\u00e9s, votre demande sera transmise \u00e0 France \u00c9ducation international pour traitement. <strong>Les d\u00e9lais de traitement sont de 4 \u00e0 6 semaines \u00e0 compter de l\u2019envoi du dossier. Durant cette p\u00e9riode, notre centre n\u2019a acc\u00e8s \u00e0 aucune information concernant l\u2019\u00e9tat d\u2019avancement de votre demande. Aucune r\u00e9ponse ne sera apport\u00e9e aux demandes de suivi envoy\u00e9es avant l\u2019expiration du d\u00e9lai de 6 semaines.<\/strong><\/p>\n<p>Pour ne pas retarder votre demande, veuillez respecter ces consignes.<\/p>\n","protected":false},"excerpt":{"rendered":"<p>&nbsp; La recorrection des \u00e9preuves d\u2019expression \u00e9crite et\/ou d\u2019expression orale du TCF est possible par France \u00c9ducation international, sous certaines conditions. Merci de lire attentivement les informations ci-dessous avant d\u2019effectuer votre demande. Informations importantes Les demandes de recorrection sont payantes : les frais s\u2019\u00e9l\u00e8vent \u00e0 100 $ par \u00e9preuve, conform\u00e9ment aux Conditions G\u00e9n\u00e9rales de Vente&#8230;.<\/p>\n<p><a class=\"button invert-primary\" href=\"https:\/\/af.ca\/ottawa\/demande-de-recorrection-des-epreuves-du-tcf\/\">En savoir plus<\/a><\/p>\n","protected":false},"author":3,"featured_media":0,"parent":0,"menu_order":18,"comment_status":"closed","ping_status":"closed","template":"templates\/cours.php","meta":{"_acf_changed":false,"om_disable_all_campaigns":false,"_monsterinsights_skip_tracking":false,"_monsterinsights_sitenote_active":false,"_monsterinsights_sitenote_note":"","_monsterinsights_sitenote_category":0,"footnotes":""},"class_list":["post-24708","page","type-page","status-publish","hentry"],"acf":[],"yoast_head":"<!-- This site is optimized with the Yoast SEO plugin v27.4 - https:\/\/yoast.com\/product\/yoast-seo-wordpress\/ -->\n<title>Demande de recorrection des \u00e9preuves du TCF - Alliance Fran\u00e7aise Ottawa<\/title>\n<meta name=\"description\" content=\"Renforcez vos comp\u00e9tences orales ou am\u00e9liorez votre communication dans des situations professionnelles complexes gr\u00e2ce \u00e0 nos ateliers d&#039;anglais professionnel.\" \/>\n<meta name=\"robots\" content=\"index, follow, max-snippet:-1, max-image-preview:large, max-video-preview:-1\" \/>\n<link rel=\"canonical\" href=\"https:\/\/af.ca\/ottawa\/demande-de-recorrection-des-epreuves-du-tcf\/\" \/>\n<meta property=\"og:locale\" content=\"fr_FR\" \/>\n<meta property=\"og:type\" content=\"article\" \/>\n<meta property=\"og:title\" content=\"Ateliers d\u2019anglais professionnel\" \/>\n<meta property=\"og:description\" content=\"Renforcez vos comp\u00e9tences orales ou am\u00e9liorez votre communication dans des situations professionnelles complexes gr\u00e2ce \u00e0 nos ateliers d&#039;anglais professionnel.\" \/>\n<meta property=\"og:url\" content=\"https:\/\/af.ca\/ottawa\/demande-de-recorrection-des-epreuves-du-tcf\/\" \/>\n<meta property=\"og:site_name\" content=\"Alliance Fran\u00e7aise Ottawa\" \/>\n<meta property=\"article:modified_time\" content=\"2026-04-02T12:46:02+00:00\" \/>\n<meta property=\"og:image\" content=\"https:\/\/af.ca\/ottawa\/wp-content\/uploads\/2024\/07\/fgjhepee-1024x576.png\" \/>\n\t<meta property=\"og:image:width\" content=\"1024\" \/>\n\t<meta property=\"og:image:height\" content=\"576\" \/>\n\t<meta property=\"og:image:type\" content=\"image\/png\" \/>\n<meta name=\"twitter:card\" content=\"summary_large_image\" \/>\n<meta name=\"twitter:label1\" content=\"Dur\u00e9e de lecture estim\u00e9e\" \/>\n\t<meta name=\"twitter:data1\" content=\"2 minutes\" \/>\n<script type=\"application\/ld+json\" class=\"yoast-schema-graph\">{\"@context\":\"https:\\\/\\\/schema.org\",\"@graph\":[{\"@type\":\"WebPage\",\"@id\":\"https:\\\/\\\/af.ca\\\/ottawa\\\/demande-de-recorrection-des-epreuves-du-tcf\\\/\",\"url\":\"https:\\\/\\\/af.ca\\\/ottawa\\\/demande-de-recorrection-des-epreuves-du-tcf\\\/\",\"name\":\"Demande de recorrection des \u00e9preuves du TCF - Alliance Fran\u00e7aise Ottawa\",\"isPartOf\":{\"@id\":\"https:\\\/\\\/af.ca\\\/ottawa\\\/#website\"},\"datePublished\":\"2026-01-16T17:07:46+00:00\",\"dateModified\":\"2026-04-02T12:46:02+00:00\",\"description\":\"Renforcez vos comp\u00e9tences orales ou am\u00e9liorez votre communication dans des situations professionnelles complexes gr\u00e2ce \u00e0 nos ateliers d'anglais professionnel.\",\"breadcrumb\":{\"@id\":\"https:\\\/\\\/af.ca\\\/ottawa\\\/demande-de-recorrection-des-epreuves-du-tcf\\\/#breadcrumb\"},\"inLanguage\":\"fr-FR\",\"potentialAction\":[{\"@type\":\"ReadAction\",\"target\":[\"https:\\\/\\\/af.ca\\\/ottawa\\\/demande-de-recorrection-des-epreuves-du-tcf\\\/\"]}]},{\"@type\":\"BreadcrumbList\",\"@id\":\"https:\\\/\\\/af.ca\\\/ottawa\\\/demande-de-recorrection-des-epreuves-du-tcf\\\/#breadcrumb\",\"itemListElement\":[{\"@type\":\"ListItem\",\"position\":1,\"name\":\"Home\",\"item\":\"https:\\\/\\\/af.ca\\\/ottawa\\\/\"},{\"@type\":\"ListItem\",\"position\":2,\"name\":\"Demande de recorrection des \u00e9preuves du TCF\"}]},{\"@type\":\"WebSite\",\"@id\":\"https:\\\/\\\/af.ca\\\/ottawa\\\/#website\",\"url\":\"https:\\\/\\\/af.ca\\\/ottawa\\\/\",\"name\":\"Alliance Fran\u00e7aise Ottawa\",\"description\":\"\u00c9cole de langue fran\u00e7aise et centre culturel\",\"potentialAction\":[{\"@type\":\"SearchAction\",\"target\":{\"@type\":\"EntryPoint\",\"urlTemplate\":\"https:\\\/\\\/af.ca\\\/ottawa\\\/?s={search_term_string}\"},\"query-input\":{\"@type\":\"PropertyValueSpecification\",\"valueRequired\":true,\"valueName\":\"search_term_string\"}}],\"inLanguage\":\"fr-FR\"}]}<\/script>\n<!-- \/ Yoast SEO plugin. -->","yoast_head_json":{"title":"Demande de recorrection des \u00e9preuves du TCF - Alliance Fran\u00e7aise Ottawa","description":"Renforcez vos comp\u00e9tences orales ou am\u00e9liorez votre communication dans des situations professionnelles complexes gr\u00e2ce \u00e0 nos ateliers d'anglais professionnel.","robots":{"index":"index","follow":"follow","max-snippet":"max-snippet:-1","max-image-preview":"max-image-preview:large","max-video-preview":"max-video-preview:-1"},"canonical":"https:\/\/af.ca\/ottawa\/demande-de-recorrection-des-epreuves-du-tcf\/","og_locale":"fr_FR","og_type":"article","og_title":"Ateliers d\u2019anglais professionnel","og_description":"Renforcez vos comp\u00e9tences orales ou am\u00e9liorez votre communication dans des situations professionnelles complexes gr\u00e2ce \u00e0 nos ateliers d'anglais professionnel.","og_url":"https:\/\/af.ca\/ottawa\/demande-de-recorrection-des-epreuves-du-tcf\/","og_site_name":"Alliance Fran\u00e7aise Ottawa","article_modified_time":"2026-04-02T12:46:02+00:00","og_image":[{"width":1024,"height":576,"url":"https:\/\/af.ca\/ottawa\/wp-content\/uploads\/2024\/07\/fgjhepee-1024x576.png","type":"image\/png"}],"twitter_card":"summary_large_image","twitter_misc":{"Dur\u00e9e de lecture estim\u00e9e":"2 minutes"},"schema":{"@context":"https:\/\/schema.org","@graph":[{"@type":"WebPage","@id":"https:\/\/af.ca\/ottawa\/demande-de-recorrection-des-epreuves-du-tcf\/","url":"https:\/\/af.ca\/ottawa\/demande-de-recorrection-des-epreuves-du-tcf\/","name":"Demande de recorrection des \u00e9preuves du TCF - Alliance Fran\u00e7aise Ottawa","isPartOf":{"@id":"https:\/\/af.ca\/ottawa\/#website"},"datePublished":"2026-01-16T17:07:46+00:00","dateModified":"2026-04-02T12:46:02+00:00","description":"Renforcez vos comp\u00e9tences orales ou am\u00e9liorez votre communication dans des situations professionnelles complexes gr\u00e2ce \u00e0 nos ateliers d'anglais professionnel.","breadcrumb":{"@id":"https:\/\/af.ca\/ottawa\/demande-de-recorrection-des-epreuves-du-tcf\/#breadcrumb"},"inLanguage":"fr-FR","potentialAction":[{"@type":"ReadAction","target":["https:\/\/af.ca\/ottawa\/demande-de-recorrection-des-epreuves-du-tcf\/"]}]},{"@type":"BreadcrumbList","@id":"https:\/\/af.ca\/ottawa\/demande-de-recorrection-des-epreuves-du-tcf\/#breadcrumb","itemListElement":[{"@type":"ListItem","position":1,"name":"Home","item":"https:\/\/af.ca\/ottawa\/"},{"@type":"ListItem","position":2,"name":"Demande de recorrection des \u00e9preuves du TCF"}]},{"@type":"WebSite","@id":"https:\/\/af.ca\/ottawa\/#website","url":"https:\/\/af.ca\/ottawa\/","name":"Alliance Fran\u00e7aise Ottawa","description":"\u00c9cole de langue fran\u00e7aise et centre culturel","potentialAction":[{"@type":"SearchAction","target":{"@type":"EntryPoint","urlTemplate":"https:\/\/af.ca\/ottawa\/?s={search_term_string}"},"query-input":{"@type":"PropertyValueSpecification","valueRequired":true,"valueName":"search_term_string"}}],"inLanguage":"fr-FR"}]}},"blog_post_layout_featured_media_urls":{"thumbnail":"","full":""},"categories_names":null,"comments_number":"0","_links":{"self":[{"href":"https:\/\/af.ca\/ottawa\/wp-json\/wp\/v2\/pages\/24708","targetHints":{"allow":["GET"]}}],"collection":[{"href":"https:\/\/af.ca\/ottawa\/wp-json\/wp\/v2\/pages"}],"about":[{"href":"https:\/\/af.ca\/ottawa\/wp-json\/wp\/v2\/types\/page"}],"author":[{"embeddable":true,"href":"https:\/\/af.ca\/ottawa\/wp-json\/wp\/v2\/users\/3"}],"replies":[{"embeddable":true,"href":"https:\/\/af.ca\/ottawa\/wp-json\/wp\/v2\/comments?post=24708"}],"version-history":[{"count":5,"href":"https:\/\/af.ca\/ottawa\/wp-json\/wp\/v2\/pages\/24708\/revisions"}],"predecessor-version":[{"id":25341,"href":"https:\/\/af.ca\/ottawa\/wp-json\/wp\/v2\/pages\/24708\/revisions\/25341"}],"wp:attachment":[{"href":"https:\/\/af.ca\/ottawa\/wp-json\/wp\/v2\/media?parent=24708"}],"curies":[{"name":"wp","href":"https:\/\/api.w.org\/{rel}","templated":true}]}}