{"id":24766,"date":"2026-01-20T06:35:57","date_gmt":"2026-01-20T11:35:57","guid":{"rendered":"https:\/\/af.ca\/ottawa\/?page_id=24766"},"modified":"2026-02-04T10:58:15","modified_gmt":"2026-02-04T15:58:15","slug":"type-examen-details","status":"publish","type":"page","link":"https:\/\/af.ca\/ottawa\/type-examen-details\/","title":{"rendered":"D\u00e9tails des sessions"},"content":{"rendered":"<h3 style=\"text-align: center;\"><u>Important<\/u><\/h3>\n<ul>\n<li>Il n\u2019est pas possible de passer le test ou l&rsquo;examen en ligne : le test a lieu dans les locaux de l&rsquo;Alliance Fran\u00e7aise \u00e0 Ottawa.<\/li>\n<li>Des frais de 100 $ non remboursables seront retenus en cas de demande d\u2019annulation ou de changement de date de test avant la date limite d\u2019inscription.<\/li>\n<li>Aucun remboursement ou changement de date de test ne sera accept\u00e9 apr\u00e8s la date limite d\u2019inscription.<\/li>\n<li>En cas d\u2019interdiction d\u2019entrer dans la salle d\u2019examen (par exemple pour un candidat sans pi\u00e8ce d\u2019identit\u00e9), les frais ne seront pas rembours\u00e9s et une nouvelle demande d\u2019inscription devra \u00eatre effectu\u00e9e.<\/li>\n<li>Aucun avoir ou remboursement accord\u00e9 en dehors des d\u00e9lais cit\u00e9s ci-dessus sauf en cas d\u2019annulation par l\u2019Alliance Fran\u00e7aise, auquel cas une autre date sera propos\u00e9e, ou le remboursement complet sera effectu\u00e9.<\/li>\n<li>Les candidats recevront une convocation officielle contenant les horaires exacts des \u00e9preuves et le manuel du candidat par courriel environ 7 jours avant le test.<\/li>\n<li>Merci de pr\u00e9voir une journ\u00e9e compl\u00e8te pour la passation des \u00e9preuves (8h-17h).<\/li>\n<li>TEF\/TCF : Il est possible de vous pr\u00e9senter plusieurs fois au test, \u00e0 condition de respecter un d\u00e9lai de vingt (20) jours minimum entre deux inscriptions.<\/li>\n<li><strong><span class=\"ui-provider ga b c d e f g h i j k l m n o p q r s t u v w x y z ab ac ae af ag ah ai aj ak\" dir=\"ltr\">Les attestations de r\u00e9sultats sont personnelles et confidentielles. Nous ne pourrons pas les transmettre \u00e0 quiconque en dehors du candidat.<\/span><\/strong><\/li>\n<\/ul>\n<div class='kiosque-aec'><ngx-element\n selector='examinationTypeDetail'\n data-examination-type-id=''\n data-etablishment-branch-id=''\n data-lang='fr_FR'><\/ngx-element><\/div>\n","protected":false},"excerpt":{"rendered":"<p>Important Il n\u2019est pas possible de passer le test ou l&rsquo;examen en ligne : le test a lieu dans les locaux de l&rsquo;Alliance Fran\u00e7aise \u00e0 Ottawa. Des frais de 100 $ non remboursables seront retenus en cas de demande d\u2019annulation ou de changement de date de test avant la date limite d\u2019inscription. Aucun remboursement ou&#8230;<\/p>\n<p><a class=\"button invert-primary\" href=\"https:\/\/af.ca\/ottawa\/type-examen-details\/\">En savoir plus<\/a><\/p>\n","protected":false},"author":6,"featured_media":0,"parent":0,"menu_order":171,"comment_status":"closed","ping_status":"closed","template":"templates\/template-default-no-sidebar.php","meta":{"_acf_changed":false,"om_disable_all_campaigns":false,"_monsterinsights_skip_tracking":false,"_monsterinsights_sitenote_active":false,"_monsterinsights_sitenote_note":"","_monsterinsights_sitenote_category":0,"footnotes":""},"class_list":["post-24766","page","type-page","status-publish","hentry"],"acf":[],"yoast_head":"<!-- This site is optimized with the Yoast SEO plugin v27.3 - https:\/\/yoast.com\/product\/yoast-seo-wordpress\/ -->\n<title>D\u00e9tails des sessions - Alliance Fran\u00e7aise Ottawa<\/title>\n<meta name=\"robots\" content=\"index, follow, max-snippet:-1, max-image-preview:large, max-video-preview:-1\" \/>\n<link rel=\"canonical\" href=\"https:\/\/af.ca\/ottawa\/type-examen-details\/\" \/>\n<meta property=\"og:locale\" content=\"fr_FR\" \/>\n<meta property=\"og:type\" content=\"article\" \/>\n<meta property=\"og:title\" content=\"D\u00e9tails des sessions - Alliance Fran\u00e7aise Ottawa\" \/>\n<meta property=\"og:description\" content=\"Important Il n\u2019est pas possible de passer le test ou l&rsquo;examen en ligne : le test a lieu dans les locaux de l&rsquo;Alliance Fran\u00e7aise \u00e0 Ottawa. Des frais de 100 $ non remboursables seront retenus en cas de demande d\u2019annulation ou de changement de date de test avant la date limite d\u2019inscription. Aucun remboursement ou...En savoir plus\" \/>\n<meta property=\"og:url\" content=\"https:\/\/af.ca\/ottawa\/type-examen-details\/\" \/>\n<meta property=\"og:site_name\" content=\"Alliance Fran\u00e7aise Ottawa\" \/>\n<meta property=\"article:modified_time\" content=\"2026-02-04T15:58:15+00:00\" \/>\n<meta name=\"twitter:card\" content=\"summary_large_image\" \/>\n<meta name=\"twitter:label1\" content=\"Dur\u00e9e de lecture estim\u00e9e\" \/>\n\t<meta name=\"twitter:data1\" content=\"2 minutes\" \/>\n<script type=\"application\/ld+json\" class=\"yoast-schema-graph\">{\"@context\":\"https:\\\/\\\/schema.org\",\"@graph\":[{\"@type\":\"WebPage\",\"@id\":\"https:\\\/\\\/af.ca\\\/ottawa\\\/type-examen-details\\\/\",\"url\":\"https:\\\/\\\/af.ca\\\/ottawa\\\/type-examen-details\\\/\",\"name\":\"D\u00e9tails des sessions - Alliance Fran\u00e7aise Ottawa\",\"isPartOf\":{\"@id\":\"https:\\\/\\\/af.ca\\\/ottawa\\\/#website\"},\"datePublished\":\"2026-01-20T11:35:57+00:00\",\"dateModified\":\"2026-02-04T15:58:15+00:00\",\"breadcrumb\":{\"@id\":\"https:\\\/\\\/af.ca\\\/ottawa\\\/type-examen-details\\\/#breadcrumb\"},\"inLanguage\":\"fr-FR\",\"potentialAction\":[{\"@type\":\"ReadAction\",\"target\":[\"https:\\\/\\\/af.ca\\\/ottawa\\\/type-examen-details\\\/\"]}]},{\"@type\":\"BreadcrumbList\",\"@id\":\"https:\\\/\\\/af.ca\\\/ottawa\\\/type-examen-details\\\/#breadcrumb\",\"itemListElement\":[{\"@type\":\"ListItem\",\"position\":1,\"name\":\"Home\",\"item\":\"https:\\\/\\\/af.ca\\\/ottawa\\\/\"},{\"@type\":\"ListItem\",\"position\":2,\"name\":\"D\u00e9tails des sessions\"}]},{\"@type\":\"WebSite\",\"@id\":\"https:\\\/\\\/af.ca\\\/ottawa\\\/#website\",\"url\":\"https:\\\/\\\/af.ca\\\/ottawa\\\/\",\"name\":\"Alliance Fran\u00e7aise Ottawa\",\"description\":\"\u00c9cole de langue fran\u00e7aise et centre culturel\",\"potentialAction\":[{\"@type\":\"SearchAction\",\"target\":{\"@type\":\"EntryPoint\",\"urlTemplate\":\"https:\\\/\\\/af.ca\\\/ottawa\\\/?s={search_term_string}\"},\"query-input\":{\"@type\":\"PropertyValueSpecification\",\"valueRequired\":true,\"valueName\":\"search_term_string\"}}],\"inLanguage\":\"fr-FR\"}]}<\/script>\n<!-- \/ Yoast SEO plugin. -->","yoast_head_json":{"title":"D\u00e9tails des sessions - Alliance Fran\u00e7aise Ottawa","robots":{"index":"index","follow":"follow","max-snippet":"max-snippet:-1","max-image-preview":"max-image-preview:large","max-video-preview":"max-video-preview:-1"},"canonical":"https:\/\/af.ca\/ottawa\/type-examen-details\/","og_locale":"fr_FR","og_type":"article","og_title":"D\u00e9tails des sessions - Alliance Fran\u00e7aise Ottawa","og_description":"Important Il n\u2019est pas possible de passer le test ou l&rsquo;examen en ligne : le test a lieu dans les locaux de l&rsquo;Alliance Fran\u00e7aise \u00e0 Ottawa. Des frais de 100 $ non remboursables seront retenus en cas de demande d\u2019annulation ou de changement de date de test avant la date limite d\u2019inscription. Aucun remboursement ou...En savoir plus","og_url":"https:\/\/af.ca\/ottawa\/type-examen-details\/","og_site_name":"Alliance Fran\u00e7aise Ottawa","article_modified_time":"2026-02-04T15:58:15+00:00","twitter_card":"summary_large_image","twitter_misc":{"Dur\u00e9e de lecture estim\u00e9e":"2 minutes"},"schema":{"@context":"https:\/\/schema.org","@graph":[{"@type":"WebPage","@id":"https:\/\/af.ca\/ottawa\/type-examen-details\/","url":"https:\/\/af.ca\/ottawa\/type-examen-details\/","name":"D\u00e9tails des sessions - Alliance Fran\u00e7aise Ottawa","isPartOf":{"@id":"https:\/\/af.ca\/ottawa\/#website"},"datePublished":"2026-01-20T11:35:57+00:00","dateModified":"2026-02-04T15:58:15+00:00","breadcrumb":{"@id":"https:\/\/af.ca\/ottawa\/type-examen-details\/#breadcrumb"},"inLanguage":"fr-FR","potentialAction":[{"@type":"ReadAction","target":["https:\/\/af.ca\/ottawa\/type-examen-details\/"]}]},{"@type":"BreadcrumbList","@id":"https:\/\/af.ca\/ottawa\/type-examen-details\/#breadcrumb","itemListElement":[{"@type":"ListItem","position":1,"name":"Home","item":"https:\/\/af.ca\/ottawa\/"},{"@type":"ListItem","position":2,"name":"D\u00e9tails des sessions"}]},{"@type":"WebSite","@id":"https:\/\/af.ca\/ottawa\/#website","url":"https:\/\/af.ca\/ottawa\/","name":"Alliance Fran\u00e7aise Ottawa","description":"\u00c9cole de langue fran\u00e7aise et centre culturel","potentialAction":[{"@type":"SearchAction","target":{"@type":"EntryPoint","urlTemplate":"https:\/\/af.ca\/ottawa\/?s={search_term_string}"},"query-input":{"@type":"PropertyValueSpecification","valueRequired":true,"valueName":"search_term_string"}}],"inLanguage":"fr-FR"}]}},"blog_post_layout_featured_media_urls":{"thumbnail":"","full":""},"categories_names":null,"comments_number":"0","_links":{"self":[{"href":"https:\/\/af.ca\/ottawa\/wp-json\/wp\/v2\/pages\/24766","targetHints":{"allow":["GET"]}}],"collection":[{"href":"https:\/\/af.ca\/ottawa\/wp-json\/wp\/v2\/pages"}],"about":[{"href":"https:\/\/af.ca\/ottawa\/wp-json\/wp\/v2\/types\/page"}],"author":[{"embeddable":true,"href":"https:\/\/af.ca\/ottawa\/wp-json\/wp\/v2\/users\/6"}],"replies":[{"embeddable":true,"href":"https:\/\/af.ca\/ottawa\/wp-json\/wp\/v2\/comments?post=24766"}],"version-history":[{"count":5,"href":"https:\/\/af.ca\/ottawa\/wp-json\/wp\/v2\/pages\/24766\/revisions"}],"predecessor-version":[{"id":24970,"href":"https:\/\/af.ca\/ottawa\/wp-json\/wp\/v2\/pages\/24766\/revisions\/24970"}],"wp:attachment":[{"href":"https:\/\/af.ca\/ottawa\/wp-json\/wp\/v2\/media?parent=24766"}],"curies":[{"name":"wp","href":"https:\/\/api.w.org\/{rel}","templated":true}]}}