{"id":25006,"date":"2026-02-06T12:33:36","date_gmt":"2026-02-06T17:33:36","guid":{"rendered":"https:\/\/af.ca\/ottawa\/?page_id=25006"},"modified":"2026-02-06T12:39:03","modified_gmt":"2026-02-06T17:39:03","slug":"atelier-tcf-preparation-a-lexamen","status":"publish","type":"page","link":"https:\/\/af.ca\/ottawa\/atelier-tcf-preparation-a-lexamen\/","title":{"rendered":"Atelier TCF"},"content":{"rendered":"<p><strong>8 heures de formation\u00a0<\/strong><\/p>\n<p><strong>Niveau minimum requis : B1.3 acquis<\/strong><\/p>\n<p>Cet atelier s\u2019adresse aux apprenants qui souhaitent se pr\u00e9parer efficacement au Test de Connaissance du Fran\u00e7ais (TCF). Il ne s\u2019agit pas d\u2019un atelier linguistique : l\u2019objectif est de d\u00e9couvrir le format de l\u2019examen, d\u2019en comprendre les exigences et de s\u2019entra\u00eener de mani\u00e8re cibl\u00e9e aux diff\u00e9rentes \u00e9preuves.<\/p>\n<p>Au fil des s\u00e9ances, les participants travailleront de fa\u00e7on guid\u00e9e sur les strat\u00e9gies, les types de questions et les comp\u00e9tences techniques n\u00e9cessaires pour r\u00e9ussir chacune des t\u00e2ches du TCF.<\/p>\n<p>&nbsp;<\/p>\n<h3><span style=\"color: #ff0000;\"><strong>Objectifs de l\u2019atelier<\/strong><\/span><\/h3>\n<p><strong>Comprendre le format de l\u2019examen<\/strong><\/p>\n<p>\u00b7 D\u00e9couvrir la structure compl\u00e8te du TCF.<\/p>\n<p>\u00b7 Explorer les consignes, le fonctionnement des \u00e9preuves et les crit\u00e8res d\u2019\u00e9valuation.<\/p>\n<p>\u00b7 Identifier les comp\u00e9tences r\u00e9ellement test\u00e9es.<\/p>\n<p>&nbsp;<\/p>\n<p><strong>S\u2019entra\u00eener aux \u00e9preuves de compr\u00e9hension<\/strong><\/p>\n<p>\u00b7 Compr\u00e9hension orale<\/p>\n<p>\u00b7 Compr\u00e9hension \u00e9crite<\/p>\n<p>&nbsp;<\/p>\n<p><strong>Expression \u00e9crite<\/strong><\/p>\n<p>\u00b7 Comprendre les attentes des trois t\u00e2ches.<\/p>\n<p>\u00b7 Organiser ses id\u00e9es de mani\u00e8re claire.<\/p>\n<p>\u00b7 R\u00e9diger de fa\u00e7on concise et efficace, en respectant les consignes.<\/p>\n<p>&nbsp;<\/p>\n<p><strong>Expression orale<\/strong><\/p>\n<p>\u00b7 Structurer un discours adapt\u00e9 \u00e0 chaque t\u00e2che.<\/p>\n<p>\u00b7 Utiliser des strat\u00e9gies pour maintenir la fluidit\u00e9 et la clart\u00e9.<\/p>\n<p>\u00b7 Gagner en assurance pour l\u2019entretien avec l\u2019examinateur.<\/p>\n<p>&nbsp;<\/p>\n<h3><span style=\"color: #ff0000;\"><strong>Un atelier con\u00e7u par des experts<\/strong><\/span><\/h3>\n<p>Cet atelier utilise du mat\u00e9riel p\u00e9dagogique enti\u00e8rement con\u00e7u par l\u2019<strong>Alliance Fran\u00e7aise de Moncton<\/strong>, bas\u00e9 sur les supports officiels du TCF pour garantir une pr\u00e9paration fid\u00e8le \u00e0 l\u2019examen. Le cours est anim\u00e9 par un\u00b7e examinateur\u00b7trice-correcteur\u00b7trice habilit\u00e9\u00b7e, parfaitement familier\u00b7\u00e8re avec les attentes du test et les crit\u00e8res d\u2019\u00e9valuation.<\/p>\n<p>&nbsp;<\/p>\n<h3><span style=\"color: #ff0000;\"><strong>Cours suppl\u00e9mentaires sur demande<\/strong><\/span><\/h3>\n<p>Selon la demande, des cours suppl\u00e9mentaires pourraient \u00eatre ouverts.<\/p>\n<p>Merci de contacter info@af.ca pour manifester votre int\u00e9r\u00eat.<\/p>\n<p><strong><a href=\"https:\/\/af.ca\/ottawa\/quel-est-mon-niveau\/#\/\" target=\"_blank\" rel=\"noopener\"><span style=\"color: #ff0000;\"><span style=\"text-decoration: underline;\">Le test d\u2019orientation <\/span><\/span><\/a>est obligatoire pour les nouveaux \u00e9tudiants.<\/strong><\/p>\n","protected":false},"excerpt":{"rendered":"<p>8 heures de formation\u00a0 Niveau minimum requis : B1.3 acquis Cet atelier s\u2019adresse aux apprenants qui souhaitent se pr\u00e9parer efficacement au Test de Connaissance du Fran\u00e7ais (TCF). Il ne s\u2019agit pas d\u2019un atelier linguistique : l\u2019objectif est de d\u00e9couvrir le format de l\u2019examen, d\u2019en comprendre les exigences et de s\u2019entra\u00eener de mani\u00e8re cibl\u00e9e aux diff\u00e9rentes&#8230;<\/p>\n<p><a class=\"button invert-primary\" href=\"https:\/\/af.ca\/ottawa\/atelier-tcf-preparation-a-lexamen\/\">En savoir plus<\/a><\/p>\n","protected":false},"author":3,"featured_media":0,"parent":0,"menu_order":12,"comment_status":"closed","ping_status":"closed","template":"templates\/cours.php","meta":{"_acf_changed":false,"om_disable_all_campaigns":false,"_monsterinsights_skip_tracking":false,"_monsterinsights_sitenote_active":false,"_monsterinsights_sitenote_note":"","_monsterinsights_sitenote_category":0,"footnotes":""},"class_list":["post-25006","page","type-page","status-publish","hentry"],"acf":[],"yoast_head":"<!-- This site is optimized with the Yoast SEO plugin v27.3 - https:\/\/yoast.com\/product\/yoast-seo-wordpress\/ -->\n<title>Atelier TCF - Alliance Fran\u00e7aise Ottawa<\/title>\n<meta name=\"description\" content=\"Renforcez vos comp\u00e9tences orales ou am\u00e9liorez votre communication dans des situations professionnelles complexes gr\u00e2ce \u00e0 nos ateliers d&#039;anglais professionnel.\" \/>\n<meta name=\"robots\" content=\"index, follow, max-snippet:-1, max-image-preview:large, max-video-preview:-1\" \/>\n<link rel=\"canonical\" href=\"https:\/\/af.ca\/ottawa\/atelier-tcf-preparation-a-lexamen\/\" \/>\n<meta property=\"og:locale\" content=\"fr_FR\" \/>\n<meta property=\"og:type\" content=\"article\" \/>\n<meta property=\"og:title\" content=\"Ateliers d\u2019anglais professionnel\" \/>\n<meta property=\"og:description\" content=\"Renforcez vos comp\u00e9tences orales ou am\u00e9liorez votre communication dans des situations professionnelles complexes gr\u00e2ce \u00e0 nos ateliers d&#039;anglais professionnel.\" \/>\n<meta property=\"og:url\" content=\"https:\/\/af.ca\/ottawa\/atelier-tcf-preparation-a-lexamen\/\" \/>\n<meta property=\"og:site_name\" content=\"Alliance Fran\u00e7aise Ottawa\" \/>\n<meta property=\"article:modified_time\" content=\"2026-02-06T17:39:03+00:00\" \/>\n<meta property=\"og:image\" content=\"https:\/\/af.ca\/ottawa\/wp-content\/uploads\/2024\/07\/fgjhepee-1024x576.png\" \/>\n\t<meta property=\"og:image:width\" content=\"1024\" \/>\n\t<meta property=\"og:image:height\" content=\"576\" \/>\n\t<meta property=\"og:image:type\" content=\"image\/png\" \/>\n<meta name=\"twitter:card\" content=\"summary_large_image\" \/>\n<meta name=\"twitter:label1\" content=\"Dur\u00e9e de lecture estim\u00e9e\" \/>\n\t<meta name=\"twitter:data1\" content=\"2 minutes\" \/>\n<script type=\"application\/ld+json\" class=\"yoast-schema-graph\">{\"@context\":\"https:\\\/\\\/schema.org\",\"@graph\":[{\"@type\":\"WebPage\",\"@id\":\"https:\\\/\\\/af.ca\\\/ottawa\\\/atelier-tcf-preparation-a-lexamen\\\/\",\"url\":\"https:\\\/\\\/af.ca\\\/ottawa\\\/atelier-tcf-preparation-a-lexamen\\\/\",\"name\":\"Atelier TCF - Alliance Fran\u00e7aise Ottawa\",\"isPartOf\":{\"@id\":\"https:\\\/\\\/af.ca\\\/ottawa\\\/#website\"},\"datePublished\":\"2026-02-06T17:33:36+00:00\",\"dateModified\":\"2026-02-06T17:39:03+00:00\",\"description\":\"Renforcez vos comp\u00e9tences orales ou am\u00e9liorez votre communication dans des situations professionnelles complexes gr\u00e2ce \u00e0 nos ateliers d'anglais professionnel.\",\"breadcrumb\":{\"@id\":\"https:\\\/\\\/af.ca\\\/ottawa\\\/atelier-tcf-preparation-a-lexamen\\\/#breadcrumb\"},\"inLanguage\":\"fr-FR\",\"potentialAction\":[{\"@type\":\"ReadAction\",\"target\":[\"https:\\\/\\\/af.ca\\\/ottawa\\\/atelier-tcf-preparation-a-lexamen\\\/\"]}]},{\"@type\":\"BreadcrumbList\",\"@id\":\"https:\\\/\\\/af.ca\\\/ottawa\\\/atelier-tcf-preparation-a-lexamen\\\/#breadcrumb\",\"itemListElement\":[{\"@type\":\"ListItem\",\"position\":1,\"name\":\"Home\",\"item\":\"https:\\\/\\\/af.ca\\\/ottawa\\\/\"},{\"@type\":\"ListItem\",\"position\":2,\"name\":\"Atelier TCF\"}]},{\"@type\":\"WebSite\",\"@id\":\"https:\\\/\\\/af.ca\\\/ottawa\\\/#website\",\"url\":\"https:\\\/\\\/af.ca\\\/ottawa\\\/\",\"name\":\"Alliance Fran\u00e7aise Ottawa\",\"description\":\"\u00c9cole de langue fran\u00e7aise et centre culturel\",\"potentialAction\":[{\"@type\":\"SearchAction\",\"target\":{\"@type\":\"EntryPoint\",\"urlTemplate\":\"https:\\\/\\\/af.ca\\\/ottawa\\\/?s={search_term_string}\"},\"query-input\":{\"@type\":\"PropertyValueSpecification\",\"valueRequired\":true,\"valueName\":\"search_term_string\"}}],\"inLanguage\":\"fr-FR\"}]}<\/script>\n<!-- \/ Yoast SEO plugin. -->","yoast_head_json":{"title":"Atelier TCF - Alliance Fran\u00e7aise Ottawa","description":"Renforcez vos comp\u00e9tences orales ou am\u00e9liorez votre communication dans des situations professionnelles complexes gr\u00e2ce \u00e0 nos ateliers d'anglais professionnel.","robots":{"index":"index","follow":"follow","max-snippet":"max-snippet:-1","max-image-preview":"max-image-preview:large","max-video-preview":"max-video-preview:-1"},"canonical":"https:\/\/af.ca\/ottawa\/atelier-tcf-preparation-a-lexamen\/","og_locale":"fr_FR","og_type":"article","og_title":"Ateliers d\u2019anglais professionnel","og_description":"Renforcez vos comp\u00e9tences orales ou am\u00e9liorez votre communication dans des situations professionnelles complexes gr\u00e2ce \u00e0 nos ateliers d'anglais professionnel.","og_url":"https:\/\/af.ca\/ottawa\/atelier-tcf-preparation-a-lexamen\/","og_site_name":"Alliance Fran\u00e7aise Ottawa","article_modified_time":"2026-02-06T17:39:03+00:00","og_image":[{"width":1024,"height":576,"url":"https:\/\/af.ca\/ottawa\/wp-content\/uploads\/2024\/07\/fgjhepee-1024x576.png","type":"image\/png"}],"twitter_card":"summary_large_image","twitter_misc":{"Dur\u00e9e de lecture estim\u00e9e":"2 minutes"},"schema":{"@context":"https:\/\/schema.org","@graph":[{"@type":"WebPage","@id":"https:\/\/af.ca\/ottawa\/atelier-tcf-preparation-a-lexamen\/","url":"https:\/\/af.ca\/ottawa\/atelier-tcf-preparation-a-lexamen\/","name":"Atelier TCF - Alliance Fran\u00e7aise Ottawa","isPartOf":{"@id":"https:\/\/af.ca\/ottawa\/#website"},"datePublished":"2026-02-06T17:33:36+00:00","dateModified":"2026-02-06T17:39:03+00:00","description":"Renforcez vos comp\u00e9tences orales ou am\u00e9liorez votre communication dans des situations professionnelles complexes gr\u00e2ce \u00e0 nos ateliers d'anglais professionnel.","breadcrumb":{"@id":"https:\/\/af.ca\/ottawa\/atelier-tcf-preparation-a-lexamen\/#breadcrumb"},"inLanguage":"fr-FR","potentialAction":[{"@type":"ReadAction","target":["https:\/\/af.ca\/ottawa\/atelier-tcf-preparation-a-lexamen\/"]}]},{"@type":"BreadcrumbList","@id":"https:\/\/af.ca\/ottawa\/atelier-tcf-preparation-a-lexamen\/#breadcrumb","itemListElement":[{"@type":"ListItem","position":1,"name":"Home","item":"https:\/\/af.ca\/ottawa\/"},{"@type":"ListItem","position":2,"name":"Atelier TCF"}]},{"@type":"WebSite","@id":"https:\/\/af.ca\/ottawa\/#website","url":"https:\/\/af.ca\/ottawa\/","name":"Alliance Fran\u00e7aise Ottawa","description":"\u00c9cole de langue fran\u00e7aise et centre culturel","potentialAction":[{"@type":"SearchAction","target":{"@type":"EntryPoint","urlTemplate":"https:\/\/af.ca\/ottawa\/?s={search_term_string}"},"query-input":{"@type":"PropertyValueSpecification","valueRequired":true,"valueName":"search_term_string"}}],"inLanguage":"fr-FR"}]}},"blog_post_layout_featured_media_urls":{"thumbnail":"","full":""},"categories_names":null,"comments_number":"0","_links":{"self":[{"href":"https:\/\/af.ca\/ottawa\/wp-json\/wp\/v2\/pages\/25006","targetHints":{"allow":["GET"]}}],"collection":[{"href":"https:\/\/af.ca\/ottawa\/wp-json\/wp\/v2\/pages"}],"about":[{"href":"https:\/\/af.ca\/ottawa\/wp-json\/wp\/v2\/types\/page"}],"author":[{"embeddable":true,"href":"https:\/\/af.ca\/ottawa\/wp-json\/wp\/v2\/users\/3"}],"replies":[{"embeddable":true,"href":"https:\/\/af.ca\/ottawa\/wp-json\/wp\/v2\/comments?post=25006"}],"version-history":[{"count":3,"href":"https:\/\/af.ca\/ottawa\/wp-json\/wp\/v2\/pages\/25006\/revisions"}],"predecessor-version":[{"id":25013,"href":"https:\/\/af.ca\/ottawa\/wp-json\/wp\/v2\/pages\/25006\/revisions\/25013"}],"wp:attachment":[{"href":"https:\/\/af.ca\/ottawa\/wp-json\/wp\/v2\/media?parent=25006"}],"curies":[{"name":"wp","href":"https:\/\/api.w.org\/{rel}","templated":true}]}}