{"id":25015,"date":"2026-02-06T12:51:48","date_gmt":"2026-02-06T17:51:48","guid":{"rendered":"https:\/\/af.ca\/ottawa\/?page_id=25015"},"modified":"2026-03-04T12:11:18","modified_gmt":"2026-03-04T17:11:18","slug":"programme-de-bourses","status":"publish","type":"page","link":"https:\/\/af.ca\/ottawa\/programme-de-bourses\/","title":{"rendered":"Programme de bourses"},"content":{"rendered":"<p>Lanc\u00e9 en novembre 2025, le <strong>Programme de bourses de l\u2019Alliance Fran\u00e7aise Ottawa <\/strong>vise \u00e0 r\u00e9duire les barri\u00e8res financi\u00e8res auxquelles font face de nombreux apprenants souhaitant apprendre ou perfectionner leur fran\u00e7ais.<\/p>\n<p>Ce programme a pour objectif de rendre l\u2019apprentissage de la langue <strong>plus accessible, inclusif et \u00e9quitable<\/strong>, en offrant un cours de groupe gratuit \u00e0 toute personne motiv\u00e9e \u00e0 d\u00e9velopper ses comp\u00e9tences linguistiques afin de <strong>mieux s\u2019int\u00e9grer, \u00e9tudier ou travailler en fran\u00e7ais.<\/strong><\/p>\n<p>Gr\u00e2ce au soutien de partenaires engag\u00e9s et aux fonds recueillis lors de notre Gala, l\u2019Alliance Fran\u00e7aise Ottawa souhaite faire de ce programme une <strong>initiative p\u00e9renne<\/strong>, au service de la communaut\u00e9.<\/p>\n<p>&nbsp;<\/p>\n<p><span style=\"color: #ff0000;\"><strong>\u00c0 propos des bourses<\/strong><\/span><\/p>\n<p>Les bourses de l\u2019Alliance Fran\u00e7aise Ottawa peuvent couvrir <strong>les frais de cours de fran\u00e7ais g\u00e9n\u00e9ral<\/strong>, selon le profil du candidat et les fonds disponibles.<\/p>\n<p>Les bourses sont attribu\u00e9es pour :<\/p>\n<ul>\n<li>Des <strong>cours de groupe de fran\u00e7ais \u00e0 l\u2019Alliance Fran\u00e7aise Ottawa (selon disponibilit\u00e9s)<\/strong><\/li>\n<li>pour une <strong>session donn\u00e9e<\/strong><\/li>\n<\/ul>\n<p>Les manuels et frais d\u2019inscription ne sont g\u00e9n\u00e9ralement pas inclus, sauf indication contraire.<\/p>\n<p>Le nombre de bourses est limit\u00e9 chaque ann\u00e9e. La disponibilit\u00e9 d\u00e9pend des fonds recueillis et des d\u00e9cisions du comit\u00e9 de s\u00e9lection.<\/p>\n<p>&nbsp;<\/p>\n<p><span style=\"color: #ff0000;\"><strong>Crit\u00e8res d\u2019admissibilit\u00e9<\/strong><\/span><\/p>\n<p>Le programme de bourses est <strong>ouvert \u00e0 tous<\/strong>, sans distinction d\u2019\u00e2ge, sous r\u00e9serve de r\u00e9pondre aux crit\u00e8res suivants :<\/p>\n<ul>\n<li>N\u2019avoir jamais \u00e9t\u00e9 inscrit pr\u00e9alablement \u00e0 l\u2019Alliance Fran\u00e7aise Ottawa<\/li>\n<li>D\u00e9montrer une motivation r\u00e9elle et un engagement s\u00e9rieux envers l\u2019apprentissage du fran\u00e7ais<\/li>\n<li>Pr\u00e9senter une situation socio-\u00e9conomique justifiant un soutien financier (des documents justificatifs pourront \u00eatre demand\u00e9s)<\/li>\n<li>Compl\u00e9ter une \u00e9valuation de niveau afin d\u2019assurer un placement appropri\u00e9<\/li>\n<li>\u00catre disponible pour suivre un cours correspondant \u00e0 son niveau et \u00e0 l\u2019horaire propos\u00e9<\/li>\n<li><span data-olk-copy-source=\"MessageBody\">Vivre dans la r\u00e9gion de la capitale nationale du Canada<\/span><\/li>\n<\/ul>\n<p>\u274c Ce programme ne s\u2019adresse pas aux personnes pr\u00e9parant exclusivement les examens TEF ou TCF.<\/p>\n<p>Les candidats s\u00e9lectionn\u00e9s devront s\u2019engager \u00e0 :<\/p>\n<ul>\n<li>Suivre leur programme jusqu\u2019\u00e0 son terme<\/li>\n<li>Respecter les valeurs de l\u2019Alliance Fran\u00e7aise Ottawa : respect, int\u00e9grit\u00e9, diversit\u00e9 et engagement.<\/li>\n<\/ul>\n<p>Les dossiers incomplets ou ne d\u00e9montrant pas une motivation suffisante ne seront pas retenus.<\/p>\n<p>&nbsp;<\/p>\n<p><span style=\"color: #ff0000;\"><strong>Comment postuler ?<\/strong><\/span><\/p>\n<p><strong>\u00c9tape 1 \u2013 V\u00e9rifier la disponibilit\u00e9<\/strong><\/p>\n<p>Avant de soumettre votre demande, nous vous invitons \u00e0 v\u00e9rifier la disponibilit\u00e9 des bourses en contactant notre \u00e9quipe.<\/p>\n<p><strong>Contact :<\/strong> info@af.ca<\/p>\n<p>&nbsp;<\/p>\n<p><strong>\u00c9tape 2 \u2013 Soumettre votre candidature<\/strong><\/p>\n<p>Veuillez remplir le <strong>formulaire de demande de bourse<\/strong> ci-dessous en prenant soin de fournir des informations compl\u00e8tes et d\u00e9taill\u00e9es.<\/p>\n<p>\ud83d\udccc La soumission du formulaire <strong>ne garantit pas l\u2019attribution d\u2019une bourse<\/strong>. Toutes les demandes sont analys\u00e9es par le comit\u00e9 de s\u00e9lection.<\/p>\n<p>\ud83d\udc49 <a href=\"https:\/\/forms.office.com\/Pages\/ResponsePage.aspx?id=GyOT2RVTTUe9bMyBbHnbd5rGHeiTSVVPvW1j7kCKmQtUOFRRME5UTEZBU005WEJJTkw3SFBCR1c5US4u\"><span style=\"color: #ff0000;\"><strong>FORMULAIRE DE DEMANDE <\/strong><\/span><\/a><\/p>\n<p><strong>\u00a0<\/strong><\/p>\n<p><strong>\u00c9tape 3 \u2013 D\u00e9cision<\/strong><\/p>\n<p>Les candidats seront inform\u00e9s de la d\u00e9cision <strong>dans un d\u00e9lai d\u2019environ 4 semaines<\/strong> apr\u00e8s la soumission du formulaire.<\/p>\n","protected":false},"excerpt":{"rendered":"<p>Lanc\u00e9 en novembre 2025, le Programme de bourses de l\u2019Alliance Fran\u00e7aise Ottawa vise \u00e0 r\u00e9duire les barri\u00e8res financi\u00e8res auxquelles font face de nombreux apprenants souhaitant apprendre ou perfectionner leur fran\u00e7ais. Ce programme a pour objectif de rendre l\u2019apprentissage de la langue plus accessible, inclusif et \u00e9quitable, en offrant un cours de groupe gratuit \u00e0 toute&#8230;<\/p>\n<p><a class=\"button invert-primary\" href=\"https:\/\/af.ca\/ottawa\/programme-de-bourses\/\">En savoir plus<\/a><\/p>\n","protected":false},"author":3,"featured_media":0,"parent":0,"menu_order":156,"comment_status":"closed","ping_status":"closed","template":"","meta":{"_acf_changed":false,"om_disable_all_campaigns":false,"_monsterinsights_skip_tracking":false,"_monsterinsights_sitenote_active":false,"_monsterinsights_sitenote_note":"","_monsterinsights_sitenote_category":0,"footnotes":""},"class_list":["post-25015","page","type-page","status-publish","hentry"],"acf":[],"yoast_head":"<!-- This site is optimized with the Yoast SEO plugin v27.4 - https:\/\/yoast.com\/product\/yoast-seo-wordpress\/ -->\n<title>Programme de bourses - Alliance Fran\u00e7aise Ottawa<\/title>\n<meta name=\"description\" content=\"Que vous souhaitiez apprendre le fran\u00e7ais pour le plaisir ou en raison d&#039;exigences professionnelles ou acad\u00e9miques, l&#039;Alliance Fran\u00e7aise est l&#039;endroit id\u00e9al pour le faire. Les cours dispens\u00e9s ici sont un investissement rentable pour votre \u00e9ducation et votre avenir.\" \/>\n<meta name=\"robots\" content=\"index, follow, max-snippet:-1, max-image-preview:large, max-video-preview:-1\" \/>\n<link rel=\"canonical\" href=\"https:\/\/af.ca\/ottawa\/programme-de-bourses\/\" \/>\n<meta property=\"og:locale\" content=\"fr_FR\" \/>\n<meta property=\"og:type\" content=\"article\" \/>\n<meta property=\"og:title\" content=\"T\u00e9moignages \u00e9tudiants - Alliance Francaise Ottawa\" \/>\n<meta property=\"og:description\" content=\"Que ce soit pour vos objectifs personnels ou professionnels, notre \u00e9quipe se fera un plaisir de vous aider.\" \/>\n<meta property=\"og:url\" content=\"https:\/\/af.ca\/ottawa\/programme-de-bourses\/\" \/>\n<meta property=\"og:site_name\" content=\"Alliance Fran\u00e7aise Ottawa\" \/>\n<meta property=\"article:modified_time\" content=\"2026-03-04T17:11:18+00:00\" \/>\n<meta property=\"og:image\" content=\"https:\/\/af.ca\/ottawa\/wp-content\/uploads\/2022\/05\/students-testimonials.png\" \/>\n\t<meta property=\"og:image:width\" content=\"1080\" \/>\n\t<meta property=\"og:image:height\" content=\"1080\" \/>\n\t<meta property=\"og:image:type\" content=\"image\/png\" \/>\n<meta name=\"twitter:card\" content=\"summary_large_image\" \/>\n<meta name=\"twitter:title\" content=\"T\u00e9moignages \u00e9tudiants - Alliance Francaise Ottawa\" \/>\n<meta name=\"twitter:description\" content=\"Que ce soit pour vos objectifs personnels ou professionnels, notre \u00e9quipe se fera un plaisir de vous aider.\" \/>\n<meta name=\"twitter:label1\" content=\"Dur\u00e9e de lecture estim\u00e9e\" \/>\n\t<meta name=\"twitter:data1\" content=\"2 minutes\" \/>\n<script type=\"application\/ld+json\" class=\"yoast-schema-graph\">{\"@context\":\"https:\\\/\\\/schema.org\",\"@graph\":[{\"@type\":\"WebPage\",\"@id\":\"https:\\\/\\\/af.ca\\\/ottawa\\\/programme-de-bourses\\\/\",\"url\":\"https:\\\/\\\/af.ca\\\/ottawa\\\/programme-de-bourses\\\/\",\"name\":\"Programme de bourses - Alliance Fran\u00e7aise Ottawa\",\"isPartOf\":{\"@id\":\"https:\\\/\\\/af.ca\\\/ottawa\\\/#website\"},\"datePublished\":\"2026-02-06T17:51:48+00:00\",\"dateModified\":\"2026-03-04T17:11:18+00:00\",\"description\":\"Que vous souhaitiez apprendre le fran\u00e7ais pour le plaisir ou en raison d'exigences professionnelles ou acad\u00e9miques, l'Alliance Fran\u00e7aise est l'endroit id\u00e9al pour le faire. Les cours dispens\u00e9s ici sont un investissement rentable pour votre \u00e9ducation et votre avenir.\",\"breadcrumb\":{\"@id\":\"https:\\\/\\\/af.ca\\\/ottawa\\\/programme-de-bourses\\\/#breadcrumb\"},\"inLanguage\":\"fr-FR\",\"potentialAction\":[{\"@type\":\"ReadAction\",\"target\":[\"https:\\\/\\\/af.ca\\\/ottawa\\\/programme-de-bourses\\\/\"]}]},{\"@type\":\"BreadcrumbList\",\"@id\":\"https:\\\/\\\/af.ca\\\/ottawa\\\/programme-de-bourses\\\/#breadcrumb\",\"itemListElement\":[{\"@type\":\"ListItem\",\"position\":1,\"name\":\"Home\",\"item\":\"https:\\\/\\\/af.ca\\\/ottawa\\\/\"},{\"@type\":\"ListItem\",\"position\":2,\"name\":\"Programme de bourses\"}]},{\"@type\":\"WebSite\",\"@id\":\"https:\\\/\\\/af.ca\\\/ottawa\\\/#website\",\"url\":\"https:\\\/\\\/af.ca\\\/ottawa\\\/\",\"name\":\"Alliance Fran\u00e7aise Ottawa\",\"description\":\"\u00c9cole de langue fran\u00e7aise et centre culturel\",\"potentialAction\":[{\"@type\":\"SearchAction\",\"target\":{\"@type\":\"EntryPoint\",\"urlTemplate\":\"https:\\\/\\\/af.ca\\\/ottawa\\\/?s={search_term_string}\"},\"query-input\":{\"@type\":\"PropertyValueSpecification\",\"valueRequired\":true,\"valueName\":\"search_term_string\"}}],\"inLanguage\":\"fr-FR\"}]}<\/script>\n<!-- \/ Yoast SEO plugin. -->","yoast_head_json":{"title":"Programme de bourses - Alliance Fran\u00e7aise Ottawa","description":"Que vous souhaitiez apprendre le fran\u00e7ais pour le plaisir ou en raison d'exigences professionnelles ou acad\u00e9miques, l'Alliance Fran\u00e7aise est l'endroit id\u00e9al pour le faire. Les cours dispens\u00e9s ici sont un investissement rentable pour votre \u00e9ducation et votre avenir.","robots":{"index":"index","follow":"follow","max-snippet":"max-snippet:-1","max-image-preview":"max-image-preview:large","max-video-preview":"max-video-preview:-1"},"canonical":"https:\/\/af.ca\/ottawa\/programme-de-bourses\/","og_locale":"fr_FR","og_type":"article","og_title":"T\u00e9moignages \u00e9tudiants - Alliance Francaise Ottawa","og_description":"Que ce soit pour vos objectifs personnels ou professionnels, notre \u00e9quipe se fera un plaisir de vous aider.","og_url":"https:\/\/af.ca\/ottawa\/programme-de-bourses\/","og_site_name":"Alliance Fran\u00e7aise Ottawa","article_modified_time":"2026-03-04T17:11:18+00:00","og_image":[{"width":1080,"height":1080,"url":"https:\/\/af.ca\/ottawa\/wp-content\/uploads\/2022\/05\/students-testimonials.png","type":"image\/png"}],"twitter_card":"summary_large_image","twitter_title":"T\u00e9moignages \u00e9tudiants - Alliance Francaise Ottawa","twitter_description":"Que ce soit pour vos objectifs personnels ou professionnels, notre \u00e9quipe se fera un plaisir de vous aider.","twitter_misc":{"Dur\u00e9e de lecture estim\u00e9e":"2 minutes"},"schema":{"@context":"https:\/\/schema.org","@graph":[{"@type":"WebPage","@id":"https:\/\/af.ca\/ottawa\/programme-de-bourses\/","url":"https:\/\/af.ca\/ottawa\/programme-de-bourses\/","name":"Programme de bourses - Alliance Fran\u00e7aise Ottawa","isPartOf":{"@id":"https:\/\/af.ca\/ottawa\/#website"},"datePublished":"2026-02-06T17:51:48+00:00","dateModified":"2026-03-04T17:11:18+00:00","description":"Que vous souhaitiez apprendre le fran\u00e7ais pour le plaisir ou en raison d'exigences professionnelles ou acad\u00e9miques, l'Alliance Fran\u00e7aise est l'endroit id\u00e9al pour le faire. Les cours dispens\u00e9s ici sont un investissement rentable pour votre \u00e9ducation et votre avenir.","breadcrumb":{"@id":"https:\/\/af.ca\/ottawa\/programme-de-bourses\/#breadcrumb"},"inLanguage":"fr-FR","potentialAction":[{"@type":"ReadAction","target":["https:\/\/af.ca\/ottawa\/programme-de-bourses\/"]}]},{"@type":"BreadcrumbList","@id":"https:\/\/af.ca\/ottawa\/programme-de-bourses\/#breadcrumb","itemListElement":[{"@type":"ListItem","position":1,"name":"Home","item":"https:\/\/af.ca\/ottawa\/"},{"@type":"ListItem","position":2,"name":"Programme de bourses"}]},{"@type":"WebSite","@id":"https:\/\/af.ca\/ottawa\/#website","url":"https:\/\/af.ca\/ottawa\/","name":"Alliance Fran\u00e7aise Ottawa","description":"\u00c9cole de langue fran\u00e7aise et centre culturel","potentialAction":[{"@type":"SearchAction","target":{"@type":"EntryPoint","urlTemplate":"https:\/\/af.ca\/ottawa\/?s={search_term_string}"},"query-input":{"@type":"PropertyValueSpecification","valueRequired":true,"valueName":"search_term_string"}}],"inLanguage":"fr-FR"}]}},"blog_post_layout_featured_media_urls":{"thumbnail":"","full":""},"categories_names":null,"comments_number":"0","_links":{"self":[{"href":"https:\/\/af.ca\/ottawa\/wp-json\/wp\/v2\/pages\/25015","targetHints":{"allow":["GET"]}}],"collection":[{"href":"https:\/\/af.ca\/ottawa\/wp-json\/wp\/v2\/pages"}],"about":[{"href":"https:\/\/af.ca\/ottawa\/wp-json\/wp\/v2\/types\/page"}],"author":[{"embeddable":true,"href":"https:\/\/af.ca\/ottawa\/wp-json\/wp\/v2\/users\/3"}],"replies":[{"embeddable":true,"href":"https:\/\/af.ca\/ottawa\/wp-json\/wp\/v2\/comments?post=25015"}],"version-history":[{"count":4,"href":"https:\/\/af.ca\/ottawa\/wp-json\/wp\/v2\/pages\/25015\/revisions"}],"predecessor-version":[{"id":25190,"href":"https:\/\/af.ca\/ottawa\/wp-json\/wp\/v2\/pages\/25015\/revisions\/25190"}],"wp:attachment":[{"href":"https:\/\/af.ca\/ottawa\/wp-json\/wp\/v2\/media?parent=25015"}],"curies":[{"name":"wp","href":"https:\/\/api.w.org\/{rel}","templated":true}]}}