{"id":2516,"date":"2024-04-10T12:58:06","date_gmt":"2024-04-10T16:58:06","guid":{"rendered":"https:\/\/af.ca\/ottawa\/cine-club\/"},"modified":"2026-03-20T15:54:30","modified_gmt":"2026-03-20T19:54:30","slug":"cine-club","status":"publish","type":"page","link":"https:\/\/af.ca\/ottawa\/culture\/cine-club\/","title":{"rendered":"Cinema"},"content":{"rendered":"<h3 style=\"text-align: center;\">Moteur&#8230; action!<\/h3>\n<h3 style=\"text-align: center;\">Chaque mois, regardez un nouveau film au cin\u00e9-club de l&rsquo;Alliance Fran\u00e7aise Ottawa!<\/h3>\n<p>&nbsp;<\/p>\n<p>&nbsp;<\/p>\n<p data-start=\"45\" data-end=\"313\">Plongez dans l\u2019univers du cin\u00e9ma francophone gr\u00e2ce \u00e0 nos projections mensuelles !<br data-start=\"126\" data-end=\"129\" \/>Chaque mois, d\u00e9couvrez une s\u00e9lection de films vari\u00e9s \u2014 classiques, \u0153uvres contemporaines, com\u00e9dies, drames ou documentaires \u2014 pour explorer toute la richesse des cultures francophones.<\/p>\n<p data-start=\"315\" data-end=\"417\">\ud83d\udcc5 <strong data-start=\"318\" data-end=\"369\">Rendez-vous tous les premiers vendredis du mois<\/strong> pour une soir\u00e9e cin\u00e9ma conviviale et immersive.<\/p>\n<p data-start=\"419\" data-end=\"560\">\ud83d\udc49 Consultez notre <span style=\"color: #ff0000;\"><strong><a style=\"color: #ff0000;\" href=\"https:\/\/af.ca\/ottawa\/culture\/agenda-2\/\">agenda culturel<\/a><\/strong><\/span> pour conna\u00eetre la programmation \u00e0 venir et r\u00e9server votre place :<\/p>\n<p data-start=\"562\" data-end=\"637\" data-is-last-node=\"\" data-is-only-node=\"\">Installez-vous confortablement\u2026 et laissez-vous emporter par le 7e art !<\/p>\n","protected":false},"excerpt":{"rendered":"<p>Moteur&#8230; action! Chaque mois, regardez un nouveau film au cin\u00e9-club de l&rsquo;Alliance Fran\u00e7aise Ottawa! &nbsp; &nbsp; Plongez dans l\u2019univers du cin\u00e9ma francophone gr\u00e2ce \u00e0 nos projections mensuelles !Chaque mois, d\u00e9couvrez une s\u00e9lection de films vari\u00e9s \u2014 classiques, \u0153uvres contemporaines, com\u00e9dies, drames ou documentaires \u2014 pour explorer toute la richesse des cultures francophones. \ud83d\udcc5 Rendez-vous tous&#8230;<\/p>\n<p><a class=\"button invert-primary\" href=\"https:\/\/af.ca\/ottawa\/culture\/cine-club\/\">En savoir plus<\/a><\/p>\n","protected":false},"author":6,"featured_media":0,"parent":2392,"menu_order":234,"comment_status":"closed","ping_status":"closed","template":"templates\/culture-sous-sections.php","meta":{"_acf_changed":false,"om_disable_all_campaigns":false,"_monsterinsights_skip_tracking":false,"_monsterinsights_sitenote_active":false,"_monsterinsights_sitenote_note":"","_monsterinsights_sitenote_category":0,"footnotes":""},"class_list":["post-2516","page","type-page","status-publish","hentry"],"acf":[],"yoast_head":"<!-- This site is optimized with the Yoast SEO plugin v27.3 - https:\/\/yoast.com\/product\/yoast-seo-wordpress\/ -->\n<title>Cinema - Regardez les films francophones a l&#039;Alliance Fran\u00e7aise Ottawa<\/title>\n<meta name=\"description\" content=\"Cin\u00e9 Club \u00e0 l&#039;Alliance Fran\u00e7aise Ottawa. Tous les mois regardez les films fran\u00e7ais et francophones suivi d&#039;une discussion.\" \/>\n<meta name=\"robots\" content=\"index, follow, max-snippet:-1, max-image-preview:large, max-video-preview:-1\" \/>\n<link rel=\"canonical\" href=\"https:\/\/af.ca\/ottawa\/culture\/cine-club\/\" \/>\n<meta property=\"og:locale\" content=\"fr_FR\" \/>\n<meta property=\"og:type\" content=\"article\" \/>\n<meta property=\"og:title\" content=\"Cinema - Regardez les films francophones a l&#039;Alliance Fran\u00e7aise Ottawa\" \/>\n<meta property=\"og:description\" content=\"Cin\u00e9 Club \u00e0 l&#039;Alliance Fran\u00e7aise Ottawa. Tous les mois regardez les films fran\u00e7ais et francophones suivi d&#039;une discussion.\" \/>\n<meta property=\"og:url\" content=\"https:\/\/af.ca\/ottawa\/culture\/cine-club\/\" \/>\n<meta property=\"og:site_name\" content=\"Alliance Fran\u00e7aise Ottawa\" \/>\n<meta property=\"article:modified_time\" content=\"2026-03-20T19:54:30+00:00\" \/>\n<meta name=\"twitter:card\" content=\"summary_large_image\" \/>\n<meta name=\"twitter:label1\" content=\"Dur\u00e9e de lecture estim\u00e9e\" \/>\n\t<meta name=\"twitter:data1\" content=\"1 minute\" \/>\n<script type=\"application\/ld+json\" class=\"yoast-schema-graph\">{\"@context\":\"https:\\\/\\\/schema.org\",\"@graph\":[{\"@type\":\"WebPage\",\"@id\":\"https:\\\/\\\/af.ca\\\/ottawa\\\/culture\\\/cine-club\\\/\",\"url\":\"https:\\\/\\\/af.ca\\\/ottawa\\\/culture\\\/cine-club\\\/\",\"name\":\"Cinema - Regardez les films francophones a l'Alliance Fran\u00e7aise Ottawa\",\"isPartOf\":{\"@id\":\"https:\\\/\\\/af.ca\\\/ottawa\\\/#website\"},\"datePublished\":\"2024-04-10T16:58:06+00:00\",\"dateModified\":\"2026-03-20T19:54:30+00:00\",\"description\":\"Cin\u00e9 Club \u00e0 l'Alliance Fran\u00e7aise Ottawa. Tous les mois regardez les films fran\u00e7ais et francophones suivi d'une discussion.\",\"breadcrumb\":{\"@id\":\"https:\\\/\\\/af.ca\\\/ottawa\\\/culture\\\/cine-club\\\/#breadcrumb\"},\"inLanguage\":\"fr-FR\",\"potentialAction\":[{\"@type\":\"ReadAction\",\"target\":[\"https:\\\/\\\/af.ca\\\/ottawa\\\/culture\\\/cine-club\\\/\"]}]},{\"@type\":\"BreadcrumbList\",\"@id\":\"https:\\\/\\\/af.ca\\\/ottawa\\\/culture\\\/cine-club\\\/#breadcrumb\",\"itemListElement\":[{\"@type\":\"ListItem\",\"position\":1,\"name\":\"Home\",\"item\":\"https:\\\/\\\/af.ca\\\/ottawa\\\/\"},{\"@type\":\"ListItem\",\"position\":2,\"name\":\"Culture\",\"item\":\"https:\\\/\\\/af.ca\\\/ottawa\\\/culture\\\/\"},{\"@type\":\"ListItem\",\"position\":3,\"name\":\"Cinema\"}]},{\"@type\":\"WebSite\",\"@id\":\"https:\\\/\\\/af.ca\\\/ottawa\\\/#website\",\"url\":\"https:\\\/\\\/af.ca\\\/ottawa\\\/\",\"name\":\"Alliance Fran\u00e7aise Ottawa\",\"description\":\"\u00c9cole de langue fran\u00e7aise et centre culturel\",\"potentialAction\":[{\"@type\":\"SearchAction\",\"target\":{\"@type\":\"EntryPoint\",\"urlTemplate\":\"https:\\\/\\\/af.ca\\\/ottawa\\\/?s={search_term_string}\"},\"query-input\":{\"@type\":\"PropertyValueSpecification\",\"valueRequired\":true,\"valueName\":\"search_term_string\"}}],\"inLanguage\":\"fr-FR\"}]}<\/script>\n<!-- \/ Yoast SEO plugin. -->","yoast_head_json":{"title":"Cinema - Regardez les films francophones a l'Alliance Fran\u00e7aise Ottawa","description":"Cin\u00e9 Club \u00e0 l'Alliance Fran\u00e7aise Ottawa. Tous les mois regardez les films fran\u00e7ais et francophones suivi d'une discussion.","robots":{"index":"index","follow":"follow","max-snippet":"max-snippet:-1","max-image-preview":"max-image-preview:large","max-video-preview":"max-video-preview:-1"},"canonical":"https:\/\/af.ca\/ottawa\/culture\/cine-club\/","og_locale":"fr_FR","og_type":"article","og_title":"Cinema - Regardez les films francophones a l'Alliance Fran\u00e7aise Ottawa","og_description":"Cin\u00e9 Club \u00e0 l'Alliance Fran\u00e7aise Ottawa. Tous les mois regardez les films fran\u00e7ais et francophones suivi d'une discussion.","og_url":"https:\/\/af.ca\/ottawa\/culture\/cine-club\/","og_site_name":"Alliance Fran\u00e7aise Ottawa","article_modified_time":"2026-03-20T19:54:30+00:00","twitter_card":"summary_large_image","twitter_misc":{"Dur\u00e9e de lecture estim\u00e9e":"1 minute"},"schema":{"@context":"https:\/\/schema.org","@graph":[{"@type":"WebPage","@id":"https:\/\/af.ca\/ottawa\/culture\/cine-club\/","url":"https:\/\/af.ca\/ottawa\/culture\/cine-club\/","name":"Cinema - Regardez les films francophones a l'Alliance Fran\u00e7aise Ottawa","isPartOf":{"@id":"https:\/\/af.ca\/ottawa\/#website"},"datePublished":"2024-04-10T16:58:06+00:00","dateModified":"2026-03-20T19:54:30+00:00","description":"Cin\u00e9 Club \u00e0 l'Alliance Fran\u00e7aise Ottawa. Tous les mois regardez les films fran\u00e7ais et francophones suivi d'une discussion.","breadcrumb":{"@id":"https:\/\/af.ca\/ottawa\/culture\/cine-club\/#breadcrumb"},"inLanguage":"fr-FR","potentialAction":[{"@type":"ReadAction","target":["https:\/\/af.ca\/ottawa\/culture\/cine-club\/"]}]},{"@type":"BreadcrumbList","@id":"https:\/\/af.ca\/ottawa\/culture\/cine-club\/#breadcrumb","itemListElement":[{"@type":"ListItem","position":1,"name":"Home","item":"https:\/\/af.ca\/ottawa\/"},{"@type":"ListItem","position":2,"name":"Culture","item":"https:\/\/af.ca\/ottawa\/culture\/"},{"@type":"ListItem","position":3,"name":"Cinema"}]},{"@type":"WebSite","@id":"https:\/\/af.ca\/ottawa\/#website","url":"https:\/\/af.ca\/ottawa\/","name":"Alliance Fran\u00e7aise Ottawa","description":"\u00c9cole de langue fran\u00e7aise et centre culturel","potentialAction":[{"@type":"SearchAction","target":{"@type":"EntryPoint","urlTemplate":"https:\/\/af.ca\/ottawa\/?s={search_term_string}"},"query-input":{"@type":"PropertyValueSpecification","valueRequired":true,"valueName":"search_term_string"}}],"inLanguage":"fr-FR"}]}},"blog_post_layout_featured_media_urls":{"thumbnail":"","full":""},"categories_names":null,"comments_number":"0","_links":{"self":[{"href":"https:\/\/af.ca\/ottawa\/wp-json\/wp\/v2\/pages\/2516","targetHints":{"allow":["GET"]}}],"collection":[{"href":"https:\/\/af.ca\/ottawa\/wp-json\/wp\/v2\/pages"}],"about":[{"href":"https:\/\/af.ca\/ottawa\/wp-json\/wp\/v2\/types\/page"}],"author":[{"embeddable":true,"href":"https:\/\/af.ca\/ottawa\/wp-json\/wp\/v2\/users\/6"}],"replies":[{"embeddable":true,"href":"https:\/\/af.ca\/ottawa\/wp-json\/wp\/v2\/comments?post=2516"}],"version-history":[{"count":3,"href":"https:\/\/af.ca\/ottawa\/wp-json\/wp\/v2\/pages\/2516\/revisions"}],"predecessor-version":[{"id":25266,"href":"https:\/\/af.ca\/ottawa\/wp-json\/wp\/v2\/pages\/2516\/revisions\/25266"}],"up":[{"embeddable":true,"href":"https:\/\/af.ca\/ottawa\/wp-json\/wp\/v2\/pages\/2392"}],"wp:attachment":[{"href":"https:\/\/af.ca\/ottawa\/wp-json\/wp\/v2\/media?parent=2516"}],"curies":[{"name":"wp","href":"https:\/\/api.w.org\/{rel}","templated":true}]}}