{"id":2517,"date":"2023-05-24T15:36:06","date_gmt":"2023-05-24T19:36:06","guid":{"rendered":"https:\/\/af.ca\/ottawa\/evenements\/"},"modified":"2023-03-14T15:59:00","modified_gmt":"2023-03-14T19:59:00","slug":"evenements","status":"publish","type":"page","link":"https:\/\/af.ca\/ottawa\/culture\/evenements\/","title":{"rendered":"\u00c9v\u00e9nements"},"content":{"rendered":"<h2><\/h2>\n<p>&nbsp;<\/p>\n<p><a href=\"https:\/\/af.ca\/ottawa\/wp-content\/uploads\/2023\/04\/Affiche-La-Foret-ebouriffee-FR.png\"><img loading=\"lazy\" decoding=\"async\" class=\"wp-image-20384 alignleft\" src=\"https:\/\/af.ca\/ottawa\/wp-content\/uploads\/2023\/04\/Affiche-La-Foret-ebouriffee-FR-232x300.png\" alt=\"\" width=\"291\" height=\"376\" srcset=\"https:\/\/af.ca\/ottawa\/wp-content\/uploads\/2023\/04\/Affiche-La-Foret-ebouriffee-FR-232x300.png 232w, https:\/\/af.ca\/ottawa\/wp-content\/uploads\/2023\/04\/Affiche-La-Foret-ebouriffee-FR-791x1024.png 791w, https:\/\/af.ca\/ottawa\/wp-content\/uploads\/2023\/04\/Affiche-La-Foret-ebouriffee-FR-768x994.png 768w, https:\/\/af.ca\/ottawa\/wp-content\/uploads\/2023\/04\/Affiche-La-Foret-ebouriffee-FR.png 1004w\" sizes=\"auto, (max-width: 291px) 100vw, 291px\" \/><\/a><\/p>\n<h3 style=\"text-align: left;\"><a href=\"https:\/\/af.ca\/ottawa\/20173-2\/#\/\"><i>La For\u00eat \u00e9bouriff\u00e9e &#8211; Une pi\u00e8ce tout public<\/i><\/a><\/h3>\n<p style=\"text-align: left;\">Dans La For\u00eat \u00c9bouriff\u00e9e, il est question de Racine, un petit gar\u00e7on pas comme les autres, dont personne n\u2019a remarqu\u00e9 la for\u00eat qui a pouss\u00e9e sur sa t\u00eate. Fuyant sa grand-m\u00e8re inqui\u00e9tante et ses camarades railleurs, il court s\u2019y r\u00e9fugier. C\u2019est alors le d\u00e9but d\u2019une course effr\u00e9n\u00e9e, provoquant une extraordinaire s\u00e9rie de m\u00e9tamorphoses. Aid\u00e9 dans ses p\u00e9rip\u00e9ties par sa fid\u00e8le amie Me\u00ef, il va peu \u00e0 peu grandir et apprendre \u00e0 surmonter ses peurs pour mieux aller \u00e0 la rencontre de lui-m\u00eame et des autres.<\/p>\n<p style=\"text-align: left;\">A travers ce cheminement initiatique, les chor\u00e9graphes d\u00e9peignent avec gr\u00e2ce et douceur l\u2019univers de l\u2019enfance, la difficult\u00e9 et le plaisir de grandir.<\/p>\n<p style=\"text-align: left;\">Lieu de repli et d\u2019abandon, du danger et du merveilleux, la for\u00eat nourrit depuis la nuit des temps les imaginaires. Elle devient pour Racine un lieu ambivalent qu\u2019il va devoir d\u00e9couvrir et apprivoiser pour mieux grandir et se conna\u00eetre.<\/p>\n<p>&nbsp;<\/p>\n<hr \/>\n<p>&nbsp;<\/p>\n<h3 style=\"text-align: left;\"><i><\/i><i><a href=\"https:\/\/af.ca\/ottawa\/details-de-levenement\/?eventId=662#\/\"><img loading=\"lazy\" decoding=\"async\" class=\"size-medium wp-image-19751 alignleft\" src=\"https:\/\/af.ca\/ottawa\/wp-content\/uploads\/2022\/11\/Uramado-AR-AF-Ottawa.-300x300.png\" alt=\"\" width=\"300\" height=\"300\" srcset=\"https:\/\/af.ca\/ottawa\/wp-content\/uploads\/2022\/11\/Uramado-AR-AF-Ottawa.-300x300.png 300w, https:\/\/af.ca\/ottawa\/wp-content\/uploads\/2022\/11\/Uramado-AR-AF-Ottawa.-1024x1024.png 1024w, https:\/\/af.ca\/ottawa\/wp-content\/uploads\/2022\/11\/Uramado-AR-AF-Ottawa.-150x150.png 150w, https:\/\/af.ca\/ottawa\/wp-content\/uploads\/2022\/11\/Uramado-AR-AF-Ottawa.-768x768.png 768w, https:\/\/af.ca\/ottawa\/wp-content\/uploads\/2022\/11\/Uramado-AR-AF-Ottawa.-125x125.png 125w, https:\/\/af.ca\/ottawa\/wp-content\/uploads\/2022\/11\/Uramado-AR-AF-Ottawa..png 1080w\" sizes=\"auto, (max-width: 300px) 100vw, 300px\" \/><\/a>Visite r\u00e9alit\u00e9 augment\u00e9e &#8211;<\/i> Uramado<\/h3>\n<p style=\"text-align: left;\">Inspir\u00e9 du folklore japonais, Uramado d\u00e9voile l\u2019histoire des Tanukis, des esprits de la nature qui vivent cach\u00e9s parmi nous et qui peuvent se transformer en tout ce qu\u2019ils d\u00e9sirent. Chaque participant est invit\u00e9 \u00e0 les chercher et \u00e0 les r\u00e9veiller pour d\u00e9couvrir leur message.<\/p>\n<p style=\"text-align: left;\">Les Tanukis, esprits de la nature issus de la mythologie japonaise, viennent envahir l&rsquo;Alliance Fran\u00e7aise Ottawa. Ces cr\u00e9atures fantastiques interrogent notre quotidien et interagissent avec vos r\u00e9ponses, vous faisant d\u00e9couvrir votre vrai vous!<\/p>\n<p style=\"text-align: left;\">En travaillant ses images color\u00e9es avec de la r\u00e9alit\u00e9 augment\u00e9e, Julie Stephen Chheng utilise le t\u00e9l\u00e9phone comme un filtre merveilleux sur le r\u00e9el, m\u00ealant ainsi \u00e9troitement l\u2019espace dans lequel sont pos\u00e9es les images et l\u2019univers virtuel propos\u00e9.<\/p>\n<p>&nbsp;<\/p>\n<hr \/>\n<p><a href=\"https:\/\/af.ca\/ottawa\/details-de-levenement\/?eventId=695#\/\"><img loading=\"lazy\" decoding=\"async\" class=\"size-medium wp-image-17461 alignleft\" src=\"https:\/\/af.ca\/ottawa\/wp-content\/uploads\/2022\/03\/cafe-discussion-248x300.png\" alt=\"Caf\u00e9 discussion en ligne\" width=\"248\" height=\"300\" srcset=\"https:\/\/af.ca\/ottawa\/wp-content\/uploads\/2022\/03\/cafe-discussion-248x300.png 248w, https:\/\/af.ca\/ottawa\/wp-content\/uploads\/2022\/03\/cafe-discussion.png 260w\" sizes=\"auto, (max-width: 248px) 100vw, 248px\" \/><\/a><\/p>\n<h3 style=\"text-align: left;\"><a href=\"https:\/\/af.ca\/ottawa\/details-de-levenement\/?eventId=695#\/\">Caf\u00e9 discussion<\/a><\/h3>\n<p style=\"text-align: left;\">Partagez un caf\u00e9 en fran\u00e7ais et parlez de l&rsquo;actualit\u00e9 !<\/p>\n<p style=\"text-align: left;\">Activit\u00e9 anim\u00e9e par un.e professeur.e de fran\u00e7ais.<\/p>\n<p style=\"text-align: left;\">Ouverte \u00e0 tous les niveaux de fran\u00e7ais<\/p>\n<p>&nbsp;<\/p>\n<p>&nbsp;<\/p>\n<p>&nbsp;<\/p>\n<p>&nbsp;<\/p>\n<p>&nbsp;<\/p>\n<hr \/>\n<h3 style=\"text-align: left;\"><\/h3>\n<h3><a href=\"https:\/\/af.ca\/ottawa\/culture\/agenda-2\/#\/\"><img loading=\"lazy\" decoding=\"async\" class=\"size-medium wp-image-17463 alignleft\" src=\"https:\/\/af.ca\/ottawa\/wp-content\/uploads\/2022\/03\/zumba-248x300.png\" alt=\"Cours de Zumba \u00e0 Ottawa - Decathlon\" width=\"248\" height=\"300\" srcset=\"https:\/\/af.ca\/ottawa\/wp-content\/uploads\/2022\/03\/zumba-248x300.png 248w, https:\/\/af.ca\/ottawa\/wp-content\/uploads\/2022\/03\/zumba.png 260w\" sizes=\"auto, (max-width: 248px) 100vw, 248px\" \/><\/a><\/h3>\n<h3 style=\"text-align: left;\"><a href=\"https:\/\/af.ca\/ottawa\/culture\/agenda-2\/#\/\">Cours de Zumba en fran\u00e7ais<\/a><\/h3>\n<p style=\"text-align: left;\">Pr\u00eats \u00e0 vous d\u00e9penser ? Rejoignez-nous tous les samedi \u00e0 16h30 pour un cours de Zumba enflamm\u00e9 avec notre super prof de fran\u00e7ais et de Zumba Marianna !<\/p>\n<p style=\"text-align: left;\">On fait du sport tout en pratiquant son fran\u00e7ais !<\/p>\n<p style=\"text-align: left;\">$5 &#8211; Gratuit pour les membres<\/p>\n<p style=\"text-align: left;\">Le cours aura lieu au D\u00e9cathlon d&rsquo;Ottawa<\/p>\n<p style=\"text-align: left;\">1055 St. Laurent Blvd, Ottawa, ON K1K 3B1<\/p>\n<p>&nbsp;<\/p>\n<p>&nbsp;<\/p>\n<hr \/>\n<h2><\/h2>\n<p><a href=\"https:\/\/af.ca\/ottawa\/wp-content\/uploads\/2022\/03\/speak-dating.png\"><img loading=\"lazy\" decoding=\"async\" class=\"size-medium wp-image-17471 alignleft\" src=\"https:\/\/af.ca\/ottawa\/wp-content\/uploads\/2022\/03\/speak-dating-248x300.png\" alt=\"\" width=\"248\" height=\"300\" srcset=\"https:\/\/af.ca\/ottawa\/wp-content\/uploads\/2022\/03\/speak-dating-248x300.png 248w, https:\/\/af.ca\/ottawa\/wp-content\/uploads\/2022\/03\/speak-dating.png 260w\" sizes=\"auto, (max-width: 248px) 100vw, 248px\" \/><\/a><\/p>\n<h3 style=\"text-align: left;\">Speak Dating en ligne<\/h3>\n<p style=\"text-align: left;\">Une activit\u00e9 originale et amusante pour parler en fran\u00e7ais : vous discutez en fran\u00e7ais et changez d\u2019interlocuteur toutes les 5 minutes.<\/p>\n<p style=\"text-align: left;\">Activit\u00e9 ouverte \u00e0 tous les niveaux de fran\u00e7ais<\/p>\n","protected":false},"excerpt":{"rendered":"<p>&nbsp; La For\u00eat \u00e9bouriff\u00e9e &#8211; Une pi\u00e8ce tout public Dans La For\u00eat \u00c9bouriff\u00e9e, il est question de Racine, un petit gar\u00e7on pas comme les autres, dont personne n\u2019a remarqu\u00e9 la for\u00eat qui a pouss\u00e9e sur sa t\u00eate. Fuyant sa grand-m\u00e8re inqui\u00e9tante et ses camarades railleurs, il court s\u2019y r\u00e9fugier. C\u2019est alors le d\u00e9but d\u2019une course&#8230;<\/p>\n<p><a class=\"button invert-primary\" href=\"https:\/\/af.ca\/ottawa\/culture\/evenements\/\">En savoir plus<\/a><\/p>\n","protected":false},"author":6,"featured_media":0,"parent":2392,"menu_order":238,"comment_status":"closed","ping_status":"closed","template":"templates\/culture-sous-sections.php","meta":{"_acf_changed":false,"om_disable_all_campaigns":false,"_monsterinsights_skip_tracking":false,"_monsterinsights_sitenote_active":false,"_monsterinsights_sitenote_note":"","_monsterinsights_sitenote_category":0,"footnotes":""},"class_list":["post-2517","page","type-page","status-publish","hentry"],"acf":[],"yoast_head":"<!-- This site is optimized with the Yoast SEO plugin v27.4 - https:\/\/yoast.com\/product\/yoast-seo-wordpress\/ -->\n<title>\u00c9v\u00e9nements - Alliance Fran\u00e7aise Ottawa<\/title>\n<meta name=\"robots\" content=\"index, follow, max-snippet:-1, max-image-preview:large, max-video-preview:-1\" \/>\n<link rel=\"canonical\" href=\"https:\/\/af.ca\/ottawa\/culture\/evenements\/\" \/>\n<meta property=\"og:locale\" content=\"fr_FR\" \/>\n<meta property=\"og:type\" content=\"article\" \/>\n<meta property=\"og:title\" content=\"\u00c9v\u00e9nements - Alliance Fran\u00e7aise Ottawa\" \/>\n<meta property=\"og:description\" content=\"&nbsp; La For\u00eat \u00e9bouriff\u00e9e &#8211; Une pi\u00e8ce tout public Dans La For\u00eat \u00c9bouriff\u00e9e, il est question de Racine, un petit gar\u00e7on pas comme les autres, dont personne n\u2019a remarqu\u00e9 la for\u00eat qui a pouss\u00e9e sur sa t\u00eate. Fuyant sa grand-m\u00e8re inqui\u00e9tante et ses camarades railleurs, il court s\u2019y r\u00e9fugier. C\u2019est alors le d\u00e9but d\u2019une course...En savoir plus\" \/>\n<meta property=\"og:url\" content=\"https:\/\/af.ca\/ottawa\/culture\/evenements\/\" \/>\n<meta property=\"og:site_name\" content=\"Alliance Fran\u00e7aise Ottawa\" \/>\n<meta property=\"og:image\" content=\"https:\/\/af.ca\/ottawa\/wp-content\/uploads\/2023\/04\/Affiche-La-Foret-ebouriffee-FR-232x300.png\" \/>\n<meta name=\"twitter:card\" content=\"summary_large_image\" \/>\n<meta name=\"twitter:label1\" content=\"Dur\u00e9e de lecture estim\u00e9e\" \/>\n\t<meta name=\"twitter:data1\" content=\"3 minutes\" \/>\n<script type=\"application\/ld+json\" class=\"yoast-schema-graph\">{\"@context\":\"https:\\\/\\\/schema.org\",\"@graph\":[{\"@type\":\"WebPage\",\"@id\":\"https:\\\/\\\/af.ca\\\/ottawa\\\/culture\\\/evenements\\\/\",\"url\":\"https:\\\/\\\/af.ca\\\/ottawa\\\/culture\\\/evenements\\\/\",\"name\":\"\u00c9v\u00e9nements - Alliance Fran\u00e7aise Ottawa\",\"isPartOf\":{\"@id\":\"https:\\\/\\\/af.ca\\\/ottawa\\\/#website\"},\"primaryImageOfPage\":{\"@id\":\"https:\\\/\\\/af.ca\\\/ottawa\\\/culture\\\/evenements\\\/#primaryimage\"},\"image\":{\"@id\":\"https:\\\/\\\/af.ca\\\/ottawa\\\/culture\\\/evenements\\\/#primaryimage\"},\"thumbnailUrl\":\"https:\\\/\\\/af.ca\\\/ottawa\\\/wp-content\\\/uploads\\\/2023\\\/04\\\/Affiche-La-Foret-ebouriffee-FR-232x300.png\",\"datePublished\":\"2023-05-24T19:36:06+00:00\",\"breadcrumb\":{\"@id\":\"https:\\\/\\\/af.ca\\\/ottawa\\\/culture\\\/evenements\\\/#breadcrumb\"},\"inLanguage\":\"fr-FR\",\"potentialAction\":[{\"@type\":\"ReadAction\",\"target\":[\"https:\\\/\\\/af.ca\\\/ottawa\\\/culture\\\/evenements\\\/\"]}]},{\"@type\":\"ImageObject\",\"inLanguage\":\"fr-FR\",\"@id\":\"https:\\\/\\\/af.ca\\\/ottawa\\\/culture\\\/evenements\\\/#primaryimage\",\"url\":\"https:\\\/\\\/af.ca\\\/ottawa\\\/wp-content\\\/uploads\\\/2023\\\/04\\\/Affiche-La-Foret-ebouriffee-FR.png\",\"contentUrl\":\"https:\\\/\\\/af.ca\\\/ottawa\\\/wp-content\\\/uploads\\\/2023\\\/04\\\/Affiche-La-Foret-ebouriffee-FR.png\",\"width\":1004,\"height\":1299},{\"@type\":\"BreadcrumbList\",\"@id\":\"https:\\\/\\\/af.ca\\\/ottawa\\\/culture\\\/evenements\\\/#breadcrumb\",\"itemListElement\":[{\"@type\":\"ListItem\",\"position\":1,\"name\":\"Home\",\"item\":\"https:\\\/\\\/af.ca\\\/ottawa\\\/\"},{\"@type\":\"ListItem\",\"position\":2,\"name\":\"Culture\",\"item\":\"https:\\\/\\\/af.ca\\\/ottawa\\\/culture\\\/\"},{\"@type\":\"ListItem\",\"position\":3,\"name\":\"\u00c9v\u00e9nements\"}]},{\"@type\":\"WebSite\",\"@id\":\"https:\\\/\\\/af.ca\\\/ottawa\\\/#website\",\"url\":\"https:\\\/\\\/af.ca\\\/ottawa\\\/\",\"name\":\"Alliance Fran\u00e7aise Ottawa\",\"description\":\"\u00c9cole de langue fran\u00e7aise et centre culturel\",\"potentialAction\":[{\"@type\":\"SearchAction\",\"target\":{\"@type\":\"EntryPoint\",\"urlTemplate\":\"https:\\\/\\\/af.ca\\\/ottawa\\\/?s={search_term_string}\"},\"query-input\":{\"@type\":\"PropertyValueSpecification\",\"valueRequired\":true,\"valueName\":\"search_term_string\"}}],\"inLanguage\":\"fr-FR\"}]}<\/script>\n<!-- \/ Yoast SEO plugin. -->","yoast_head_json":{"title":"\u00c9v\u00e9nements - Alliance Fran\u00e7aise Ottawa","robots":{"index":"index","follow":"follow","max-snippet":"max-snippet:-1","max-image-preview":"max-image-preview:large","max-video-preview":"max-video-preview:-1"},"canonical":"https:\/\/af.ca\/ottawa\/culture\/evenements\/","og_locale":"fr_FR","og_type":"article","og_title":"\u00c9v\u00e9nements - Alliance Fran\u00e7aise Ottawa","og_description":"&nbsp; La For\u00eat \u00e9bouriff\u00e9e &#8211; Une pi\u00e8ce tout public Dans La For\u00eat \u00c9bouriff\u00e9e, il est question de Racine, un petit gar\u00e7on pas comme les autres, dont personne n\u2019a remarqu\u00e9 la for\u00eat qui a pouss\u00e9e sur sa t\u00eate. Fuyant sa grand-m\u00e8re inqui\u00e9tante et ses camarades railleurs, il court s\u2019y r\u00e9fugier. C\u2019est alors le d\u00e9but d\u2019une course...En savoir plus","og_url":"https:\/\/af.ca\/ottawa\/culture\/evenements\/","og_site_name":"Alliance Fran\u00e7aise Ottawa","og_image":[{"url":"https:\/\/af.ca\/ottawa\/wp-content\/uploads\/2023\/04\/Affiche-La-Foret-ebouriffee-FR-232x300.png","type":"","width":"","height":""}],"twitter_card":"summary_large_image","twitter_misc":{"Dur\u00e9e de lecture estim\u00e9e":"3 minutes"},"schema":{"@context":"https:\/\/schema.org","@graph":[{"@type":"WebPage","@id":"https:\/\/af.ca\/ottawa\/culture\/evenements\/","url":"https:\/\/af.ca\/ottawa\/culture\/evenements\/","name":"\u00c9v\u00e9nements - Alliance Fran\u00e7aise Ottawa","isPartOf":{"@id":"https:\/\/af.ca\/ottawa\/#website"},"primaryImageOfPage":{"@id":"https:\/\/af.ca\/ottawa\/culture\/evenements\/#primaryimage"},"image":{"@id":"https:\/\/af.ca\/ottawa\/culture\/evenements\/#primaryimage"},"thumbnailUrl":"https:\/\/af.ca\/ottawa\/wp-content\/uploads\/2023\/04\/Affiche-La-Foret-ebouriffee-FR-232x300.png","datePublished":"2023-05-24T19:36:06+00:00","breadcrumb":{"@id":"https:\/\/af.ca\/ottawa\/culture\/evenements\/#breadcrumb"},"inLanguage":"fr-FR","potentialAction":[{"@type":"ReadAction","target":["https:\/\/af.ca\/ottawa\/culture\/evenements\/"]}]},{"@type":"ImageObject","inLanguage":"fr-FR","@id":"https:\/\/af.ca\/ottawa\/culture\/evenements\/#primaryimage","url":"https:\/\/af.ca\/ottawa\/wp-content\/uploads\/2023\/04\/Affiche-La-Foret-ebouriffee-FR.png","contentUrl":"https:\/\/af.ca\/ottawa\/wp-content\/uploads\/2023\/04\/Affiche-La-Foret-ebouriffee-FR.png","width":1004,"height":1299},{"@type":"BreadcrumbList","@id":"https:\/\/af.ca\/ottawa\/culture\/evenements\/#breadcrumb","itemListElement":[{"@type":"ListItem","position":1,"name":"Home","item":"https:\/\/af.ca\/ottawa\/"},{"@type":"ListItem","position":2,"name":"Culture","item":"https:\/\/af.ca\/ottawa\/culture\/"},{"@type":"ListItem","position":3,"name":"\u00c9v\u00e9nements"}]},{"@type":"WebSite","@id":"https:\/\/af.ca\/ottawa\/#website","url":"https:\/\/af.ca\/ottawa\/","name":"Alliance Fran\u00e7aise Ottawa","description":"\u00c9cole de langue fran\u00e7aise et centre culturel","potentialAction":[{"@type":"SearchAction","target":{"@type":"EntryPoint","urlTemplate":"https:\/\/af.ca\/ottawa\/?s={search_term_string}"},"query-input":{"@type":"PropertyValueSpecification","valueRequired":true,"valueName":"search_term_string"}}],"inLanguage":"fr-FR"}]}},"blog_post_layout_featured_media_urls":{"thumbnail":"","full":""},"categories_names":null,"comments_number":"0","_links":{"self":[{"href":"https:\/\/af.ca\/ottawa\/wp-json\/wp\/v2\/pages\/2517","targetHints":{"allow":["GET"]}}],"collection":[{"href":"https:\/\/af.ca\/ottawa\/wp-json\/wp\/v2\/pages"}],"about":[{"href":"https:\/\/af.ca\/ottawa\/wp-json\/wp\/v2\/types\/page"}],"author":[{"embeddable":true,"href":"https:\/\/af.ca\/ottawa\/wp-json\/wp\/v2\/users\/6"}],"replies":[{"embeddable":true,"href":"https:\/\/af.ca\/ottawa\/wp-json\/wp\/v2\/comments?post=2517"}],"version-history":[{"count":0,"href":"https:\/\/af.ca\/ottawa\/wp-json\/wp\/v2\/pages\/2517\/revisions"}],"up":[{"embeddable":true,"href":"https:\/\/af.ca\/ottawa\/wp-json\/wp\/v2\/pages\/2392"}],"wp:attachment":[{"href":"https:\/\/af.ca\/ottawa\/wp-json\/wp\/v2\/media?parent=2517"}],"curies":[{"name":"wp","href":"https:\/\/api.w.org\/{rel}","templated":true}]}}