{"id":3382,"date":"2024-03-20T15:11:05","date_gmt":"2024-03-20T19:11:05","guid":{"rendered":"https:\/\/af.ca\/ottawa\/?page_id=3382"},"modified":"2025-01-10T11:44:12","modified_gmt":"2025-01-10T16:44:12","slug":"test-de-competence-orale-niveau-b-et-ou-c","status":"publish","type":"page","link":"https:\/\/af.ca\/ottawa\/test-de-competence-orale-niveau-b-et-ou-c\/","title":{"rendered":"Pr\u00e9paration au test d&rsquo;\u00e9valuation de la langue seconde \u2013 Oral B \/ Oral C"},"content":{"rendered":"<hr \/>\n<p><em><strong>Les cours de pr\u00e9paration au test de comp\u00e9tence orale de gouvernement du Canada (Oral B\/C) ont lieu <span style=\"color: #ff0000;\">EN LIGNE.<\/span><\/strong><\/em><\/p>\n<p>&nbsp;<\/p>\n<p><span style=\"color: #ff0000;\"><strong><a style=\"color: #ff0000;\" href=\"https:\/\/af.ca\/ottawa\/wp-content\/uploads\/2025\/01\/Calendriers-SLE-Spring-1-2025.pdf\">CALENDRIER DES COURS ELS (SPRING 1 2025)<\/a><\/strong><\/span><\/p>\n<p><span style=\"color: #ff0000;\"><strong><a style=\"color: #ff0000;\" href=\"https:\/\/af.ca\/ottawa\/wp-content\/uploads\/2025\/01\/Calendriers-SLE-Winter-2025-Autre-proposition.pdf\">CALENDRIER DES COURS ELS (WINTER 2025)<\/a><\/strong><\/span><\/p>\n<p>&nbsp;<\/p>\n<p>&nbsp;<\/p>\n<p><a href=\"https:\/\/af.ca\/ottawa\/wp-content\/uploads\/2021\/04\/ORAL.png\"><img loading=\"lazy\" decoding=\"async\" class=\"alignleft wp-image-13559\" src=\"https:\/\/af.ca\/ottawa\/wp-content\/uploads\/2021\/04\/ORAL.png\" alt=\"test de comp\u00e9tence orale du gouvernement du Canada\" width=\"230\" height=\"193\" srcset=\"https:\/\/af.ca\/ottawa\/wp-content\/uploads\/2021\/04\/ORAL.png 940w, https:\/\/af.ca\/ottawa\/wp-content\/uploads\/2021\/04\/ORAL-300x251.png 300w, https:\/\/af.ca\/ottawa\/wp-content\/uploads\/2021\/04\/ORAL-768x644.png 768w\" sizes=\"auto, (max-width: 230px) 100vw, 230px\" \/><\/a><\/p>\n<p>&nbsp;<\/p>\n<p><span data-contrast=\"auto\">Pr\u00e9parez-vous avec succ\u00e8s \u00e0 l\u2019<\/span><a href=\"https:\/\/www.canada.ca\/fr\/commission-fonction-publique\/services\/evaluation-langue-seconde\/evaluation-linguistique-oral-els.html\"><span data-contrast=\"none\">\u00e9valuation de la langue seconde &#8211; \u00e9valuation linguistique \u00e0 l&rsquo;oral (ELS-\u00c9LO)<\/span><\/a><span data-contrast=\"auto\">\u202fen d\u00e9veloppant vos comp\u00e9tences orales en fran\u00e7ais, que vous visiez le niveau B ou le niveau C.<\/span><span data-ccp-props=\"{&quot;201341983&quot;:0,&quot;335551550&quot;:6,&quot;335551620&quot;:6,&quot;335559739&quot;:160,&quot;335559740&quot;:259}\">\u00a0<\/span><\/p>\n<p>&nbsp;<\/p>\n<p>&nbsp;<\/p>\n<p>&nbsp;<\/p>\n<p><span data-contrast=\"auto\">Ces cours, anim\u00e9s <\/span><span data-contrast=\"auto\">par nos professeurs exp\u00e9riment\u00e9s vous permettra de vous pr\u00e9parer de mani\u00e8re approfondie en vous concentrant sur les cinq crit\u00e8res d\u2019\u00e9valuation:\u202f<\/span><span data-ccp-props=\"{&quot;201341983&quot;:0,&quot;335551550&quot;:6,&quot;335551620&quot;:6,&quot;335559739&quot;:160,&quot;335559740&quot;:259}\">\u00a0<\/span><\/p>\n<ul>\n<li data-leveltext=\"\uf0b7\" data-font=\"Symbol\" data-listid=\"3\" data-list-defn-props=\"{&quot;335552541&quot;:1,&quot;335559684&quot;:-2,&quot;335559685&quot;:720,&quot;335559991&quot;:360,&quot;469769226&quot;:&quot;Symbol&quot;,&quot;469769242&quot;:[8226],&quot;469777803&quot;:&quot;left&quot;,&quot;469777804&quot;:&quot;\uf0b7&quot;,&quot;469777815&quot;:&quot;hybridMultilevel&quot;}\" aria-setsize=\"-1\" data-aria-posinset=\"1\" data-aria-level=\"1\"><span data-contrast=\"auto\">Ai<\/span><span data-contrast=\"auto\">sance et \u00e9laboration ;<\/span><span data-ccp-props=\"{&quot;201341983&quot;:0,&quot;335551550&quot;:6,&quot;335551620&quot;:6,&quot;335559739&quot;:160,&quot;335559740&quot;:259}\">\u00a0<\/span><\/li>\n<li data-leveltext=\"\uf0b7\" data-font=\"Symbol\" data-listid=\"2\" data-list-defn-props=\"{&quot;335552541&quot;:1,&quot;335559684&quot;:-2,&quot;335559685&quot;:720,&quot;335559991&quot;:360,&quot;469769226&quot;:&quot;Symbol&quot;,&quot;469769242&quot;:[8226],&quot;469777803&quot;:&quot;left&quot;,&quot;469777804&quot;:&quot;\uf0b7&quot;,&quot;469777815&quot;:&quot;hybridMultilevel&quot;}\" aria-setsize=\"-1\" data-aria-posinset=\"2\" data-aria-level=\"1\"><span data-contrast=\"auto\">Compr\u00e9hension ;<\/span><span data-ccp-props=\"{&quot;201341983&quot;:0,&quot;335551550&quot;:6,&quot;335551620&quot;:6,&quot;335559739&quot;:160,&quot;335559740&quot;:259}\">\u00a0<\/span><\/li>\n<li data-leveltext=\"\uf0b7\" data-font=\"Symbol\" data-listid=\"2\" data-list-defn-props=\"{&quot;335552541&quot;:1,&quot;335559684&quot;:-2,&quot;335559685&quot;:720,&quot;335559991&quot;:360,&quot;469769226&quot;:&quot;Symbol&quot;,&quot;469769242&quot;:[8226],&quot;469777803&quot;:&quot;left&quot;,&quot;469777804&quot;:&quot;\uf0b7&quot;,&quot;469777815&quot;:&quot;hybridMultilevel&quot;}\" aria-setsize=\"-1\" data-aria-posinset=\"2\" data-aria-level=\"1\"><span data-contrast=\"auto\">Prononciation ;<\/span><span data-ccp-props=\"{&quot;201341983&quot;:0,&quot;335551550&quot;:6,&quot;335551620&quot;:6,&quot;335559739&quot;:160,&quot;335559740&quot;:259}\">\u00a0<\/span><\/li>\n<li data-leveltext=\"\uf0b7\" data-font=\"Symbol\" data-listid=\"2\" data-list-defn-props=\"{&quot;335552541&quot;:1,&quot;335559684&quot;:-2,&quot;335559685&quot;:720,&quot;335559991&quot;:360,&quot;469769226&quot;:&quot;Symbol&quot;,&quot;469769242&quot;:[8226],&quot;469777803&quot;:&quot;left&quot;,&quot;469777804&quot;:&quot;\uf0b7&quot;,&quot;469777815&quot;:&quot;hybridMultilevel&quot;}\" aria-setsize=\"-1\" data-aria-posinset=\"2\" data-aria-level=\"1\"><span data-contrast=\"auto\">\u00c9tendue et maitrise de la grammaire ; et<\/span><span data-ccp-props=\"{&quot;201341983&quot;:0,&quot;335551550&quot;:6,&quot;335551620&quot;:6,&quot;335559739&quot;:160,&quot;335559740&quot;:259}\">\u00a0<\/span><\/li>\n<li data-leveltext=\"\uf0b7\" data-font=\"Symbol\" data-listid=\"2\" data-list-defn-props=\"{&quot;335552541&quot;:1,&quot;335559684&quot;:-2,&quot;335559685&quot;:720,&quot;335559991&quot;:360,&quot;469769226&quot;:&quot;Symbol&quot;,&quot;469769242&quot;:[8226],&quot;469777803&quot;:&quot;left&quot;,&quot;469777804&quot;:&quot;\uf0b7&quot;,&quot;469777815&quot;:&quot;hybridMultilevel&quot;}\" aria-setsize=\"-1\" data-aria-posinset=\"2\" data-aria-level=\"1\"><span data-contrast=\"auto\">\u00c9tendue et maitrise du vocabulaire.<\/span><span data-ccp-props=\"{&quot;201341983&quot;:0,&quot;335551550&quot;:6,&quot;335551620&quot;:6,&quot;335559739&quot;:160,&quot;335559740&quot;:259}\">\u00a0<\/span><\/li>\n<\/ul>\n<p><b><span data-contrast=\"auto\">En classe, vous participerez \u00e0 des activit\u00e9s dynamiques :<\/span><\/b><span data-ccp-props=\"{&quot;201341983&quot;:0,&quot;335551550&quot;:6,&quot;335551620&quot;:6,&quot;335559739&quot;:160,&quot;335559740&quot;:259}\">\u00a0<\/span><\/p>\n<ul>\n<li data-leveltext=\"\uf0b7\" data-font=\"Symbol\" data-listid=\"10\" data-list-defn-props=\"{&quot;335552541&quot;:1,&quot;335559684&quot;:-2,&quot;335559685&quot;:720,&quot;335559991&quot;:360,&quot;469769226&quot;:&quot;Symbol&quot;,&quot;469769242&quot;:[8226],&quot;469777803&quot;:&quot;left&quot;,&quot;469777804&quot;:&quot;\uf0b7&quot;,&quot;469777815&quot;:&quot;hybridMultilevel&quot;}\" aria-setsize=\"-1\" data-aria-posinset=\"1\" data-aria-level=\"1\"><span data-contrast=\"auto\">Travail sur des documents authentiques cibl\u00e9s (articles et vid\u00e9os) s\u00e9lectionn\u00e9s par l\u2019\u00e9quipe p\u00e9dagogique pour acqu\u00e9rir du vocabulaire et travailler votre aisance \u00e0 discuter sur des sujets familiers et non familiers ;<\/span><span data-ccp-props=\"{&quot;201341983&quot;:0,&quot;335551550&quot;:6,&quot;335551620&quot;:6,&quot;335559739&quot;:160,&quot;335559740&quot;:259}\">\u00a0<\/span><\/li>\n<li data-leveltext=\"\uf0b7\" data-font=\"Symbol\" data-listid=\"10\" data-list-defn-props=\"{&quot;335552541&quot;:1,&quot;335559684&quot;:-2,&quot;335559685&quot;:720,&quot;335559991&quot;:360,&quot;469769226&quot;:&quot;Symbol&quot;,&quot;469769242&quot;:[8226],&quot;469777803&quot;:&quot;left&quot;,&quot;469777804&quot;:&quot;\uf0b7&quot;,&quot;469777815&quot;:&quot;hybridMultilevel&quot;}\" aria-setsize=\"-1\" data-aria-posinset=\"2\" data-aria-level=\"1\"><span data-contrast=\"auto\">Simulations du test oral et travail sur les r\u00e9ponses aux questions de niveau B et niveau C ;\u00a0<\/span><span data-ccp-props=\"{&quot;201341983&quot;:0,&quot;335551550&quot;:6,&quot;335551620&quot;:6,&quot;335559739&quot;:160,&quot;335559740&quot;:259}\">\u00a0<\/span><\/li>\n<li data-leveltext=\"\uf0b7\" data-font=\"Symbol\" data-listid=\"10\" data-list-defn-props=\"{&quot;335552541&quot;:1,&quot;335559684&quot;:-2,&quot;335559685&quot;:720,&quot;335559991&quot;:360,&quot;469769226&quot;:&quot;Symbol&quot;,&quot;469769242&quot;:[8226],&quot;469777803&quot;:&quot;left&quot;,&quot;469777804&quot;:&quot;\uf0b7&quot;,&quot;469777815&quot;:&quot;hybridMultilevel&quot;}\" aria-setsize=\"-1\" data-aria-posinset=\"3\" data-aria-level=\"1\"><span data-contrast=\"auto\">Activit\u00e9s orales et discussions de groupes sur des th\u00e8mes li\u00e9s \u00e0 l\u2019environnement de travail ;<\/span><span data-ccp-props=\"{&quot;201341983&quot;:0,&quot;335551550&quot;:6,&quot;335551620&quot;:6,&quot;335559739&quot;:160,&quot;335559740&quot;:259}\">\u00a0<\/span><\/li>\n<li data-leveltext=\"\uf0b7\" data-font=\"Symbol\" data-listid=\"10\" data-list-defn-props=\"{&quot;335552541&quot;:1,&quot;335559684&quot;:-2,&quot;335559685&quot;:720,&quot;335559991&quot;:360,&quot;469769226&quot;:&quot;Symbol&quot;,&quot;469769242&quot;:[8226],&quot;469777803&quot;:&quot;left&quot;,&quot;469777804&quot;:&quot;\uf0b7&quot;,&quot;469777815&quot;:&quot;hybridMultilevel&quot;}\" aria-setsize=\"-1\" data-aria-posinset=\"4\" data-aria-level=\"1\"><span data-contrast=\"auto\">R\u00e9visions de notions de grammaire cibl\u00e9es.<\/span><span data-ccp-props=\"{&quot;201341983&quot;:0,&quot;335551550&quot;:6,&quot;335551620&quot;:6,&quot;335559739&quot;:160,&quot;335559740&quot;:259}\">\u00a0<\/span><\/li>\n<\/ul>\n<p><span data-contrast=\"auto\">Si vous avez rencontr\u00e9 des difficult\u00e9s lors de vos pr\u00e9c\u00e9dents tests, notre \u00e9quipe p\u00e9dagogique chevronn\u00e9e vous apportera les conseils et techniques n\u00e9cessaires pour surmonter ces obstacles.<\/span><span data-ccp-props=\"{&quot;201341983&quot;:0,&quot;335551550&quot;:6,&quot;335551620&quot;:6,&quot;335559739&quot;:160,&quot;335559740&quot;:259}\">\u00a0<\/span><\/p>\n<p><span data-ccp-props=\"{&quot;201341983&quot;:0,&quot;335551550&quot;:6,&quot;335551620&quot;:6,&quot;335559739&quot;:160,&quot;335559740&quot;:259}\">\u00a0<\/span><\/p>\n<p aria-level=\"3\">Conditions d\u2019admission<\/p>\n<ul>\n<li data-leveltext=\"\uf0b7\" data-font=\"Symbol\" data-listid=\"13\" data-list-defn-props=\"{&quot;335552541&quot;:1,&quot;335559684&quot;:-2,&quot;335559685&quot;:720,&quot;335559991&quot;:360,&quot;469769226&quot;:&quot;Symbol&quot;,&quot;469769242&quot;:[8226],&quot;469777803&quot;:&quot;left&quot;,&quot;469777804&quot;:&quot;\uf0b7&quot;,&quot;469777815&quot;:&quot;hybridMultilevel&quot;}\" aria-setsize=\"-1\" data-aria-posinset=\"1\" data-aria-level=\"1\"><b><span data-contrast=\"auto\">Oral B :\u202f \u00e0 partir du niveau B1.1<\/span><\/b><span data-ccp-props=\"{&quot;201341983&quot;:0,&quot;335551550&quot;:6,&quot;335551620&quot;:6,&quot;335559739&quot;:160,&quot;335559740&quot;:259}\">\u00a0<\/span><\/li>\n<li data-leveltext=\"\uf0b7\" data-font=\"Symbol\" data-listid=\"13\" data-list-defn-props=\"{&quot;335552541&quot;:1,&quot;335559684&quot;:-2,&quot;335559685&quot;:720,&quot;335559991&quot;:360,&quot;469769226&quot;:&quot;Symbol&quot;,&quot;469769242&quot;:[8226],&quot;469777803&quot;:&quot;left&quot;,&quot;469777804&quot;:&quot;\uf0b7&quot;,&quot;469777815&quot;:&quot;hybridMultilevel&quot;}\" aria-setsize=\"-1\" data-aria-posinset=\"2\" data-aria-level=\"1\"><b><span data-contrast=\"auto\">Oral C : \u00e0 partir du niveau B1.5<\/span><\/b><\/li>\n<li data-leveltext=\"\uf0b7\" data-font=\"Symbol\" data-listid=\"13\" data-list-defn-props=\"{&quot;335552541&quot;:1,&quot;335559684&quot;:-2,&quot;335559685&quot;:720,&quot;335559991&quot;:360,&quot;469769226&quot;:&quot;Symbol&quot;,&quot;469769242&quot;:[8226],&quot;469777803&quot;:&quot;left&quot;,&quot;469777804&quot;:&quot;\uf0b7&quot;,&quot;469777815&quot;:&quot;hybridMultilevel&quot;}\" aria-setsize=\"-1\" data-aria-posinset=\"2\" data-aria-level=\"1\"><span style=\"text-decoration: underline; color: #ff0000;\"><a style=\"color: #ff0000; text-decoration: underline;\" href=\"https:\/\/af.ca\/ottawa\/quel-est-mon-niveau\/#\/\">Le test d\u2019orientation est obligatoire<\/a><\/span><span data-contrast=\"auto\">\u202fpour les nouveaux \u00e9tudiants.<\/span><span data-ccp-props=\"{&quot;201341983&quot;:0,&quot;335551550&quot;:6,&quot;335551620&quot;:6,&quot;335559739&quot;:160,&quot;335559740&quot;:259}\">\u00a0<\/span><\/li>\n<\/ul>\n<p><span data-ccp-props=\"{&quot;201341983&quot;:0,&quot;335551550&quot;:6,&quot;335551620&quot;:6,&quot;335559739&quot;:160,&quot;335559740&quot;:259}\">\u00a0<\/span><\/p>\n<p><span data-contrast=\"auto\">Rejoignez-nous d\u00e8s maintenant et b\u00e9n\u00e9ficiez de l\u2019expertise de notre \u00e9quipe de professeurs qualifi\u00e9s pour d\u00e9velopper vos comp\u00e9tences orales en fran\u00e7ais pour r\u00e9ussir brillamment votre \u00e9valuation de la langue seconde.\u00a0<\/span><span data-ccp-props=\"{&quot;201341983&quot;:0,&quot;335551550&quot;:6,&quot;335551620&quot;:6,&quot;335559739&quot;:160,&quot;335559740&quot;:259}\">\u00a0<\/span><\/p>\n<p><span data-contrast=\"auto\">Ensemble, nous surmonterons les d\u00e9fis et atteindrons vos objectifs linguistiques !<\/span><span data-ccp-props=\"{&quot;201341983&quot;:0,&quot;335551550&quot;:6,&quot;335551620&quot;:6,&quot;335559739&quot;:160,&quot;335559740&quot;:259}\">\u00a0<\/span><\/p>\n","protected":false},"excerpt":{"rendered":"<p>Les cours de pr\u00e9paration au test de comp\u00e9tence orale de gouvernement du Canada (Oral B\/C) ont lieu EN LIGNE. &nbsp; CALENDRIER DES COURS ELS (SPRING 1 2025) CALENDRIER DES COURS ELS (WINTER 2025) &nbsp; &nbsp; &nbsp; Pr\u00e9parez-vous avec succ\u00e8s \u00e0 l\u2019\u00e9valuation de la langue seconde &#8211; \u00e9valuation linguistique \u00e0 l&rsquo;oral (ELS-\u00c9LO)\u202fen d\u00e9veloppant vos comp\u00e9tences orales&#8230;<\/p>\n<p><a class=\"button invert-primary\" href=\"https:\/\/af.ca\/ottawa\/test-de-competence-orale-niveau-b-et-ou-c\/\">En savoir plus<\/a><\/p>\n","protected":false},"author":6,"featured_media":0,"parent":0,"menu_order":283,"comment_status":"closed","ping_status":"closed","template":"templates\/cours.php","meta":{"_acf_changed":false,"om_disable_all_campaigns":false,"_monsterinsights_skip_tracking":false,"_monsterinsights_sitenote_active":false,"_monsterinsights_sitenote_note":"","_monsterinsights_sitenote_category":0,"footnotes":""},"class_list":["post-3382","page","type-page","status-publish","hentry"],"acf":[],"yoast_head":"<!-- This site is optimized with the Yoast SEO plugin v27.4 - https:\/\/yoast.com\/product\/yoast-seo-wordpress\/ -->\n<title>Test de comp\u00e9tence orale du gouvernement du canada<\/title>\n<meta name=\"description\" content=\"Cours pour obtenir le niveau B ou C du test de comp\u00e9tence orale pour le gouvernement du Canada : compr\u00e9hension orale, production orale, conversation...\" \/>\n<meta name=\"robots\" content=\"index, follow, max-snippet:-1, max-image-preview:large, max-video-preview:-1\" \/>\n<link rel=\"canonical\" href=\"https:\/\/af.ca\/ottawa\/test-de-competence-orale-niveau-b-et-ou-c\/\" \/>\n<meta property=\"og:locale\" content=\"fr_FR\" \/>\n<meta property=\"og:type\" content=\"article\" \/>\n<meta property=\"og:title\" content=\"Test de comp\u00e9tence orale du gouvernement du canada\" \/>\n<meta property=\"og:description\" content=\"Cours pour obtenir le niveau B ou C du test de comp\u00e9tence orale pour le gouvernement du Canada : compr\u00e9hension orale, production orale, conversation...\" \/>\n<meta property=\"og:url\" content=\"https:\/\/af.ca\/ottawa\/test-de-competence-orale-niveau-b-et-ou-c\/\" \/>\n<meta property=\"og:site_name\" content=\"Alliance Fran\u00e7aise Ottawa\" \/>\n<meta property=\"article:modified_time\" content=\"2025-01-10T16:44:12+00:00\" \/>\n<meta property=\"og:image\" content=\"https:\/\/af.ca\/ottawa\/wp-content\/uploads\/2021\/04\/ORAL.png\" \/>\n\t<meta property=\"og:image:width\" content=\"940\" \/>\n\t<meta property=\"og:image:height\" content=\"788\" \/>\n\t<meta property=\"og:image:type\" content=\"image\/png\" \/>\n<meta name=\"twitter:card\" content=\"summary_large_image\" \/>\n<meta name=\"twitter:label1\" content=\"Dur\u00e9e de lecture estim\u00e9e\" \/>\n\t<meta name=\"twitter:data1\" content=\"2 minutes\" \/>\n<script type=\"application\/ld+json\" class=\"yoast-schema-graph\">{\"@context\":\"https:\\\/\\\/schema.org\",\"@graph\":[{\"@type\":\"WebPage\",\"@id\":\"https:\\\/\\\/af.ca\\\/ottawa\\\/test-de-competence-orale-niveau-b-et-ou-c\\\/\",\"url\":\"https:\\\/\\\/af.ca\\\/ottawa\\\/test-de-competence-orale-niveau-b-et-ou-c\\\/\",\"name\":\"Test de comp\u00e9tence orale du gouvernement du canada\",\"isPartOf\":{\"@id\":\"https:\\\/\\\/af.ca\\\/ottawa\\\/#website\"},\"primaryImageOfPage\":{\"@id\":\"https:\\\/\\\/af.ca\\\/ottawa\\\/test-de-competence-orale-niveau-b-et-ou-c\\\/#primaryimage\"},\"image\":{\"@id\":\"https:\\\/\\\/af.ca\\\/ottawa\\\/test-de-competence-orale-niveau-b-et-ou-c\\\/#primaryimage\"},\"thumbnailUrl\":\"https:\\\/\\\/af.ca\\\/ottawa\\\/wp-content\\\/uploads\\\/2021\\\/04\\\/ORAL.png\",\"datePublished\":\"2024-03-20T19:11:05+00:00\",\"dateModified\":\"2025-01-10T16:44:12+00:00\",\"description\":\"Cours pour obtenir le niveau B ou C du test de comp\u00e9tence orale pour le gouvernement du Canada : compr\u00e9hension orale, production orale, conversation...\",\"breadcrumb\":{\"@id\":\"https:\\\/\\\/af.ca\\\/ottawa\\\/test-de-competence-orale-niveau-b-et-ou-c\\\/#breadcrumb\"},\"inLanguage\":\"fr-FR\",\"potentialAction\":[{\"@type\":\"ReadAction\",\"target\":[\"https:\\\/\\\/af.ca\\\/ottawa\\\/test-de-competence-orale-niveau-b-et-ou-c\\\/\"]}]},{\"@type\":\"ImageObject\",\"inLanguage\":\"fr-FR\",\"@id\":\"https:\\\/\\\/af.ca\\\/ottawa\\\/test-de-competence-orale-niveau-b-et-ou-c\\\/#primaryimage\",\"url\":\"https:\\\/\\\/af.ca\\\/ottawa\\\/wp-content\\\/uploads\\\/2021\\\/04\\\/ORAL.png\",\"contentUrl\":\"https:\\\/\\\/af.ca\\\/ottawa\\\/wp-content\\\/uploads\\\/2021\\\/04\\\/ORAL.png\",\"width\":940,\"height\":788,\"caption\":\"Pr\u00e9paration aux tests f\u00e9d\u00e9raux\"},{\"@type\":\"BreadcrumbList\",\"@id\":\"https:\\\/\\\/af.ca\\\/ottawa\\\/test-de-competence-orale-niveau-b-et-ou-c\\\/#breadcrumb\",\"itemListElement\":[{\"@type\":\"ListItem\",\"position\":1,\"name\":\"Home\",\"item\":\"https:\\\/\\\/af.ca\\\/ottawa\\\/\"},{\"@type\":\"ListItem\",\"position\":2,\"name\":\"Pr\u00e9paration au test d&#8217;\u00e9valuation de la langue seconde \u2013 Oral B \\\/ Oral C\"}]},{\"@type\":\"WebSite\",\"@id\":\"https:\\\/\\\/af.ca\\\/ottawa\\\/#website\",\"url\":\"https:\\\/\\\/af.ca\\\/ottawa\\\/\",\"name\":\"Alliance Fran\u00e7aise Ottawa\",\"description\":\"\u00c9cole de langue fran\u00e7aise et centre culturel\",\"potentialAction\":[{\"@type\":\"SearchAction\",\"target\":{\"@type\":\"EntryPoint\",\"urlTemplate\":\"https:\\\/\\\/af.ca\\\/ottawa\\\/?s={search_term_string}\"},\"query-input\":{\"@type\":\"PropertyValueSpecification\",\"valueRequired\":true,\"valueName\":\"search_term_string\"}}],\"inLanguage\":\"fr-FR\"}]}<\/script>\n<!-- \/ Yoast SEO plugin. -->","yoast_head_json":{"title":"Test de comp\u00e9tence orale du gouvernement du canada","description":"Cours pour obtenir le niveau B ou C du test de comp\u00e9tence orale pour le gouvernement du Canada : compr\u00e9hension orale, production orale, conversation...","robots":{"index":"index","follow":"follow","max-snippet":"max-snippet:-1","max-image-preview":"max-image-preview:large","max-video-preview":"max-video-preview:-1"},"canonical":"https:\/\/af.ca\/ottawa\/test-de-competence-orale-niveau-b-et-ou-c\/","og_locale":"fr_FR","og_type":"article","og_title":"Test de comp\u00e9tence orale du gouvernement du canada","og_description":"Cours pour obtenir le niveau B ou C du test de comp\u00e9tence orale pour le gouvernement du Canada : compr\u00e9hension orale, production orale, conversation...","og_url":"https:\/\/af.ca\/ottawa\/test-de-competence-orale-niveau-b-et-ou-c\/","og_site_name":"Alliance Fran\u00e7aise Ottawa","article_modified_time":"2025-01-10T16:44:12+00:00","og_image":[{"width":940,"height":788,"url":"https:\/\/af.ca\/ottawa\/wp-content\/uploads\/2021\/04\/ORAL.png","type":"image\/png"}],"twitter_card":"summary_large_image","twitter_misc":{"Dur\u00e9e de lecture estim\u00e9e":"2 minutes"},"schema":{"@context":"https:\/\/schema.org","@graph":[{"@type":"WebPage","@id":"https:\/\/af.ca\/ottawa\/test-de-competence-orale-niveau-b-et-ou-c\/","url":"https:\/\/af.ca\/ottawa\/test-de-competence-orale-niveau-b-et-ou-c\/","name":"Test de comp\u00e9tence orale du gouvernement du canada","isPartOf":{"@id":"https:\/\/af.ca\/ottawa\/#website"},"primaryImageOfPage":{"@id":"https:\/\/af.ca\/ottawa\/test-de-competence-orale-niveau-b-et-ou-c\/#primaryimage"},"image":{"@id":"https:\/\/af.ca\/ottawa\/test-de-competence-orale-niveau-b-et-ou-c\/#primaryimage"},"thumbnailUrl":"https:\/\/af.ca\/ottawa\/wp-content\/uploads\/2021\/04\/ORAL.png","datePublished":"2024-03-20T19:11:05+00:00","dateModified":"2025-01-10T16:44:12+00:00","description":"Cours pour obtenir le niveau B ou C du test de comp\u00e9tence orale pour le gouvernement du Canada : compr\u00e9hension orale, production orale, conversation...","breadcrumb":{"@id":"https:\/\/af.ca\/ottawa\/test-de-competence-orale-niveau-b-et-ou-c\/#breadcrumb"},"inLanguage":"fr-FR","potentialAction":[{"@type":"ReadAction","target":["https:\/\/af.ca\/ottawa\/test-de-competence-orale-niveau-b-et-ou-c\/"]}]},{"@type":"ImageObject","inLanguage":"fr-FR","@id":"https:\/\/af.ca\/ottawa\/test-de-competence-orale-niveau-b-et-ou-c\/#primaryimage","url":"https:\/\/af.ca\/ottawa\/wp-content\/uploads\/2021\/04\/ORAL.png","contentUrl":"https:\/\/af.ca\/ottawa\/wp-content\/uploads\/2021\/04\/ORAL.png","width":940,"height":788,"caption":"Pr\u00e9paration aux tests f\u00e9d\u00e9raux"},{"@type":"BreadcrumbList","@id":"https:\/\/af.ca\/ottawa\/test-de-competence-orale-niveau-b-et-ou-c\/#breadcrumb","itemListElement":[{"@type":"ListItem","position":1,"name":"Home","item":"https:\/\/af.ca\/ottawa\/"},{"@type":"ListItem","position":2,"name":"Pr\u00e9paration au test d&#8217;\u00e9valuation de la langue seconde \u2013 Oral B \/ Oral C"}]},{"@type":"WebSite","@id":"https:\/\/af.ca\/ottawa\/#website","url":"https:\/\/af.ca\/ottawa\/","name":"Alliance Fran\u00e7aise Ottawa","description":"\u00c9cole de langue fran\u00e7aise et centre culturel","potentialAction":[{"@type":"SearchAction","target":{"@type":"EntryPoint","urlTemplate":"https:\/\/af.ca\/ottawa\/?s={search_term_string}"},"query-input":{"@type":"PropertyValueSpecification","valueRequired":true,"valueName":"search_term_string"}}],"inLanguage":"fr-FR"}]}},"blog_post_layout_featured_media_urls":{"thumbnail":"","full":""},"categories_names":null,"comments_number":"0","_links":{"self":[{"href":"https:\/\/af.ca\/ottawa\/wp-json\/wp\/v2\/pages\/3382","targetHints":{"allow":["GET"]}}],"collection":[{"href":"https:\/\/af.ca\/ottawa\/wp-json\/wp\/v2\/pages"}],"about":[{"href":"https:\/\/af.ca\/ottawa\/wp-json\/wp\/v2\/types\/page"}],"author":[{"embeddable":true,"href":"https:\/\/af.ca\/ottawa\/wp-json\/wp\/v2\/users\/6"}],"replies":[{"embeddable":true,"href":"https:\/\/af.ca\/ottawa\/wp-json\/wp\/v2\/comments?post=3382"}],"version-history":[{"count":0,"href":"https:\/\/af.ca\/ottawa\/wp-json\/wp\/v2\/pages\/3382\/revisions"}],"wp:attachment":[{"href":"https:\/\/af.ca\/ottawa\/wp-json\/wp\/v2\/media?parent=3382"}],"curies":[{"name":"wp","href":"https:\/\/api.w.org\/{rel}","templated":true}]}}