{"id":7332,"date":"2024-03-26T15:20:14","date_gmt":"2024-03-26T19:20:14","guid":{"rendered":"https:\/\/af.ca\/ottawa\/?page_id=7332"},"modified":"2026-04-01T11:06:28","modified_gmt":"2026-04-01T15:06:28","slug":"club-de-lecture","status":"publish","type":"page","link":"https:\/\/af.ca\/ottawa\/club-de-lecture\/","title":{"rendered":"Club de lecture"},"content":{"rendered":"<p class=\"_2bZs5FGitKbReTGm_P5_bY direction-ltr align-center para-style-body\"><span style=\"color: #000000;\">Vous aimez la litt\u00e9rature ? Vous apprenez le fran\u00e7ais ou vous \u00eates francophones ? D\u00e9couvrez chaque mois un\u00b7e auteur\u00b7e francophone, classique ou contemporain\u00b7e autour d\u2019une lecture et d\u2019une discussion.<\/span><\/p>\n<p data-start=\"54\" data-end=\"329\">Rejoignez notre Club de lecture et partagez votre passion pour la litt\u00e9rature dans une ambiance conviviale et stimulante !<br data-start=\"176\" data-end=\"179\" \/>Chaque rencontre est l\u2019occasion de d\u00e9couvrir de nouveaux ouvrages, d\u2019\u00e9changer des id\u00e9es et d\u2019explorer ensemble la richesse des \u00e9critures francophones.<\/p>\n<p data-start=\"331\" data-end=\"441\">Rendez-vous<strong data-start=\"334\" data-end=\"374\"> tous les derniers samedis du mois<\/strong> pour des discussions anim\u00e9es et de belles d\u00e9couvertes litt\u00e9raires.<\/p>\n<p data-start=\"443\" data-end=\"636\">\u2615 <strong data-start=\"445\" data-end=\"480\">Ne manquez pas notre Caf\u00e9 Philo<\/strong>, organis\u00e9 <strong data-start=\"491\" data-end=\"527\">le premier samedi de chaque mois<\/strong> \u2014 un moment privil\u00e9gi\u00e9 pour r\u00e9fl\u00e9chir, d\u00e9battre et partager vos points de vue sur des th\u00e8mes philosophiques.<\/p>\n<p data-start=\"638\" data-end=\"756\">\ud83d\udc49 Consultez notre <strong><span style=\"color: #ff0000;\"><a style=\"color: #ff0000;\" href=\"https:\/\/af.ca\/ottawa\/culture\/agenda-2\/\">agenda culturel<\/a><\/span><\/strong> pour conna\u00eetre les prochaines rencontres :<br data-start=\"715\" data-end=\"718\" \/><\/p>\n<p data-start=\"758\" data-end=\"799\" data-is-last-node=\"\" data-is-only-node=\"\">Lire, r\u00e9fl\u00e9chir et \u00e9changer\u2026 ensemble !\u00a0<\/p>\n","protected":false},"excerpt":{"rendered":"<p>Vous aimez la litt\u00e9rature ? Vous apprenez le fran\u00e7ais ou vous \u00eates francophones ? D\u00e9couvrez chaque mois un\u00b7e auteur\u00b7e francophone, classique ou contemporain\u00b7e autour d\u2019une lecture et d\u2019une discussion. Rejoignez notre Club de lecture et partagez votre passion pour la litt\u00e9rature dans une ambiance conviviale et stimulante !Chaque rencontre est l\u2019occasion de d\u00e9couvrir de nouveaux&#8230;<\/p>\n<p><a class=\"button invert-primary\" href=\"https:\/\/af.ca\/ottawa\/club-de-lecture\/\">En savoir plus<\/a><\/p>\n","protected":false},"author":3,"featured_media":6959,"parent":0,"menu_order":217,"comment_status":"open","ping_status":"closed","template":"","meta":{"_acf_changed":false,"om_disable_all_campaigns":false,"_monsterinsights_skip_tracking":false,"_monsterinsights_sitenote_active":false,"_monsterinsights_sitenote_note":"","_monsterinsights_sitenote_category":0,"footnotes":""},"class_list":["post-7332","page","type-page","status-publish","has-post-thumbnail","hentry"],"acf":[],"yoast_head":"<!-- This site is optimized with the Yoast SEO plugin v27.3 - https:\/\/yoast.com\/product\/yoast-seo-wordpress\/ -->\n<title>Club de lecture - Alliance Fran\u00e7aise Ottawa<\/title>\n<meta name=\"description\" content=\"Vous aimez lire ? Vous apprenez le fran\u00e7ais ou vous \u00eates francophones ? D\u00e9couvrez chaque mois un\u00b7e auteur\u00b7e francophone, classique ou contemporain\u00b7e autour d\u2019une lecture et d\u2019une discussion sur des th\u00e8mes propos\u00e9s par Sol\u00e8ne, une de nos professeurs de fran\u00e7ais.10 $ par s\u00e9ance, gratuit pour les membres et \u00e9tudiants (niveau de fran\u00e7ais B1 conseill\u00e9)\" \/>\n<meta name=\"robots\" content=\"index, follow, max-snippet:-1, max-image-preview:large, max-video-preview:-1\" \/>\n<link rel=\"canonical\" href=\"https:\/\/af.ca\/ottawa\/club-de-lecture\/\" \/>\n<meta property=\"og:locale\" content=\"fr_FR\" \/>\n<meta property=\"og:type\" content=\"article\" \/>\n<meta property=\"og:title\" content=\"Club de lecture - Alliance Fran\u00e7aise Ottawa\" \/>\n<meta property=\"og:description\" content=\"Vous aimez lire ? Vous apprenez le fran\u00e7ais ou vous \u00eates francophones ? D\u00e9couvrez chaque mois un\u00b7e auteur\u00b7e francophone, classique ou contemporain\u00b7e autour d\u2019une lecture et d\u2019une discussion sur des th\u00e8mes propos\u00e9s par Sol\u00e8ne, une de nos professeurs de fran\u00e7ais.10 $ par s\u00e9ance, gratuit pour les membres et \u00e9tudiants (niveau de fran\u00e7ais B1 conseill\u00e9)\" \/>\n<meta property=\"og:url\" content=\"https:\/\/af.ca\/ottawa\/club-de-lecture\/\" \/>\n<meta property=\"og:site_name\" content=\"Alliance Fran\u00e7aise Ottawa\" \/>\n<meta property=\"article:modified_time\" content=\"2026-04-01T15:06:28+00:00\" \/>\n<meta property=\"og:image\" content=\"https:\/\/af.ca\/ottawa\/wp-content\/uploads\/2019\/11\/5-2.png\" \/>\n\t<meta property=\"og:image:width\" content=\"414\" \/>\n\t<meta property=\"og:image:height\" content=\"555\" \/>\n\t<meta property=\"og:image:type\" content=\"image\/png\" \/>\n<meta name=\"twitter:card\" content=\"summary_large_image\" \/>\n<meta name=\"twitter:label1\" content=\"Dur\u00e9e de lecture estim\u00e9e\" \/>\n\t<meta name=\"twitter:data1\" content=\"1 minute\" \/>\n<script type=\"application\/ld+json\" class=\"yoast-schema-graph\">{\"@context\":\"https:\\\/\\\/schema.org\",\"@graph\":[{\"@type\":\"WebPage\",\"@id\":\"https:\\\/\\\/af.ca\\\/ottawa\\\/club-de-lecture\\\/\",\"url\":\"https:\\\/\\\/af.ca\\\/ottawa\\\/club-de-lecture\\\/\",\"name\":\"Club de lecture - Alliance Fran\u00e7aise Ottawa\",\"isPartOf\":{\"@id\":\"https:\\\/\\\/af.ca\\\/ottawa\\\/#website\"},\"primaryImageOfPage\":{\"@id\":\"https:\\\/\\\/af.ca\\\/ottawa\\\/club-de-lecture\\\/#primaryimage\"},\"image\":{\"@id\":\"https:\\\/\\\/af.ca\\\/ottawa\\\/club-de-lecture\\\/#primaryimage\"},\"thumbnailUrl\":\"https:\\\/\\\/af.ca\\\/ottawa\\\/wp-content\\\/uploads\\\/2019\\\/11\\\/5-2.png\",\"datePublished\":\"2024-03-26T19:20:14+00:00\",\"dateModified\":\"2026-04-01T15:06:28+00:00\",\"description\":\"Vous aimez lire ? Vous apprenez le fran\u00e7ais ou vous \u00eates francophones ? D\u00e9couvrez chaque mois un\u00b7e auteur\u00b7e francophone, classique ou contemporain\u00b7e autour d\u2019une lecture et d\u2019une discussion sur des th\u00e8mes propos\u00e9s par Sol\u00e8ne, une de nos professeurs de fran\u00e7ais.10 $ par s\u00e9ance, gratuit pour les membres et \u00e9tudiants (niveau de fran\u00e7ais B1 conseill\u00e9)\",\"breadcrumb\":{\"@id\":\"https:\\\/\\\/af.ca\\\/ottawa\\\/club-de-lecture\\\/#breadcrumb\"},\"inLanguage\":\"fr-FR\",\"potentialAction\":[{\"@type\":\"ReadAction\",\"target\":[\"https:\\\/\\\/af.ca\\\/ottawa\\\/club-de-lecture\\\/\"]}]},{\"@type\":\"ImageObject\",\"inLanguage\":\"fr-FR\",\"@id\":\"https:\\\/\\\/af.ca\\\/ottawa\\\/club-de-lecture\\\/#primaryimage\",\"url\":\"https:\\\/\\\/af.ca\\\/ottawa\\\/wp-content\\\/uploads\\\/2019\\\/11\\\/5-2.png\",\"contentUrl\":\"https:\\\/\\\/af.ca\\\/ottawa\\\/wp-content\\\/uploads\\\/2019\\\/11\\\/5-2.png\",\"width\":414,\"height\":555},{\"@type\":\"BreadcrumbList\",\"@id\":\"https:\\\/\\\/af.ca\\\/ottawa\\\/club-de-lecture\\\/#breadcrumb\",\"itemListElement\":[{\"@type\":\"ListItem\",\"position\":1,\"name\":\"Home\",\"item\":\"https:\\\/\\\/af.ca\\\/ottawa\\\/\"},{\"@type\":\"ListItem\",\"position\":2,\"name\":\"Club de lecture\"}]},{\"@type\":\"WebSite\",\"@id\":\"https:\\\/\\\/af.ca\\\/ottawa\\\/#website\",\"url\":\"https:\\\/\\\/af.ca\\\/ottawa\\\/\",\"name\":\"Alliance Fran\u00e7aise Ottawa\",\"description\":\"\u00c9cole de langue fran\u00e7aise et centre culturel\",\"potentialAction\":[{\"@type\":\"SearchAction\",\"target\":{\"@type\":\"EntryPoint\",\"urlTemplate\":\"https:\\\/\\\/af.ca\\\/ottawa\\\/?s={search_term_string}\"},\"query-input\":{\"@type\":\"PropertyValueSpecification\",\"valueRequired\":true,\"valueName\":\"search_term_string\"}}],\"inLanguage\":\"fr-FR\"}]}<\/script>\n<!-- \/ Yoast SEO plugin. -->","yoast_head_json":{"title":"Club de lecture - Alliance Fran\u00e7aise Ottawa","description":"Vous aimez lire ? Vous apprenez le fran\u00e7ais ou vous \u00eates francophones ? D\u00e9couvrez chaque mois un\u00b7e auteur\u00b7e francophone, classique ou contemporain\u00b7e autour d\u2019une lecture et d\u2019une discussion sur des th\u00e8mes propos\u00e9s par Sol\u00e8ne, une de nos professeurs de fran\u00e7ais.10 $ par s\u00e9ance, gratuit pour les membres et \u00e9tudiants (niveau de fran\u00e7ais B1 conseill\u00e9)","robots":{"index":"index","follow":"follow","max-snippet":"max-snippet:-1","max-image-preview":"max-image-preview:large","max-video-preview":"max-video-preview:-1"},"canonical":"https:\/\/af.ca\/ottawa\/club-de-lecture\/","og_locale":"fr_FR","og_type":"article","og_title":"Club de lecture - Alliance Fran\u00e7aise Ottawa","og_description":"Vous aimez lire ? Vous apprenez le fran\u00e7ais ou vous \u00eates francophones ? D\u00e9couvrez chaque mois un\u00b7e auteur\u00b7e francophone, classique ou contemporain\u00b7e autour d\u2019une lecture et d\u2019une discussion sur des th\u00e8mes propos\u00e9s par Sol\u00e8ne, une de nos professeurs de fran\u00e7ais.10 $ par s\u00e9ance, gratuit pour les membres et \u00e9tudiants (niveau de fran\u00e7ais B1 conseill\u00e9)","og_url":"https:\/\/af.ca\/ottawa\/club-de-lecture\/","og_site_name":"Alliance Fran\u00e7aise Ottawa","article_modified_time":"2026-04-01T15:06:28+00:00","og_image":[{"width":414,"height":555,"url":"https:\/\/af.ca\/ottawa\/wp-content\/uploads\/2019\/11\/5-2.png","type":"image\/png"}],"twitter_card":"summary_large_image","twitter_misc":{"Dur\u00e9e de lecture estim\u00e9e":"1 minute"},"schema":{"@context":"https:\/\/schema.org","@graph":[{"@type":"WebPage","@id":"https:\/\/af.ca\/ottawa\/club-de-lecture\/","url":"https:\/\/af.ca\/ottawa\/club-de-lecture\/","name":"Club de lecture - Alliance Fran\u00e7aise Ottawa","isPartOf":{"@id":"https:\/\/af.ca\/ottawa\/#website"},"primaryImageOfPage":{"@id":"https:\/\/af.ca\/ottawa\/club-de-lecture\/#primaryimage"},"image":{"@id":"https:\/\/af.ca\/ottawa\/club-de-lecture\/#primaryimage"},"thumbnailUrl":"https:\/\/af.ca\/ottawa\/wp-content\/uploads\/2019\/11\/5-2.png","datePublished":"2024-03-26T19:20:14+00:00","dateModified":"2026-04-01T15:06:28+00:00","description":"Vous aimez lire ? Vous apprenez le fran\u00e7ais ou vous \u00eates francophones ? D\u00e9couvrez chaque mois un\u00b7e auteur\u00b7e francophone, classique ou contemporain\u00b7e autour d\u2019une lecture et d\u2019une discussion sur des th\u00e8mes propos\u00e9s par Sol\u00e8ne, une de nos professeurs de fran\u00e7ais.10 $ par s\u00e9ance, gratuit pour les membres et \u00e9tudiants (niveau de fran\u00e7ais B1 conseill\u00e9)","breadcrumb":{"@id":"https:\/\/af.ca\/ottawa\/club-de-lecture\/#breadcrumb"},"inLanguage":"fr-FR","potentialAction":[{"@type":"ReadAction","target":["https:\/\/af.ca\/ottawa\/club-de-lecture\/"]}]},{"@type":"ImageObject","inLanguage":"fr-FR","@id":"https:\/\/af.ca\/ottawa\/club-de-lecture\/#primaryimage","url":"https:\/\/af.ca\/ottawa\/wp-content\/uploads\/2019\/11\/5-2.png","contentUrl":"https:\/\/af.ca\/ottawa\/wp-content\/uploads\/2019\/11\/5-2.png","width":414,"height":555},{"@type":"BreadcrumbList","@id":"https:\/\/af.ca\/ottawa\/club-de-lecture\/#breadcrumb","itemListElement":[{"@type":"ListItem","position":1,"name":"Home","item":"https:\/\/af.ca\/ottawa\/"},{"@type":"ListItem","position":2,"name":"Club de lecture"}]},{"@type":"WebSite","@id":"https:\/\/af.ca\/ottawa\/#website","url":"https:\/\/af.ca\/ottawa\/","name":"Alliance Fran\u00e7aise Ottawa","description":"\u00c9cole de langue fran\u00e7aise et centre culturel","potentialAction":[{"@type":"SearchAction","target":{"@type":"EntryPoint","urlTemplate":"https:\/\/af.ca\/ottawa\/?s={search_term_string}"},"query-input":{"@type":"PropertyValueSpecification","valueRequired":true,"valueName":"search_term_string"}}],"inLanguage":"fr-FR"}]}},"blog_post_layout_featured_media_urls":{"thumbnail":["https:\/\/af.ca\/ottawa\/wp-content\/uploads\/2019\/11\/5-2-150x150.png",150,150,true],"full":["https:\/\/af.ca\/ottawa\/wp-content\/uploads\/2019\/11\/5-2.png",414,555,false]},"categories_names":null,"comments_number":"0","_links":{"self":[{"href":"https:\/\/af.ca\/ottawa\/wp-json\/wp\/v2\/pages\/7332","targetHints":{"allow":["GET"]}}],"collection":[{"href":"https:\/\/af.ca\/ottawa\/wp-json\/wp\/v2\/pages"}],"about":[{"href":"https:\/\/af.ca\/ottawa\/wp-json\/wp\/v2\/types\/page"}],"author":[{"embeddable":true,"href":"https:\/\/af.ca\/ottawa\/wp-json\/wp\/v2\/users\/3"}],"replies":[{"embeddable":true,"href":"https:\/\/af.ca\/ottawa\/wp-json\/wp\/v2\/comments?post=7332"}],"version-history":[{"count":5,"href":"https:\/\/af.ca\/ottawa\/wp-json\/wp\/v2\/pages\/7332\/revisions"}],"predecessor-version":[{"id":25325,"href":"https:\/\/af.ca\/ottawa\/wp-json\/wp\/v2\/pages\/7332\/revisions\/25325"}],"wp:featuredmedia":[{"embeddable":true,"href":"https:\/\/af.ca\/ottawa\/wp-json\/wp\/v2\/media\/6959"}],"wp:attachment":[{"href":"https:\/\/af.ca\/ottawa\/wp-json\/wp\/v2\/media?parent=7332"}],"curies":[{"name":"wp","href":"https:\/\/api.w.org\/{rel}","templated":true}]}}