{"id":8996,"date":"2023-01-03T08:08:22","date_gmt":"2023-01-03T13:08:22","guid":{"rendered":"https:\/\/af.ca\/ottawa\/?page_id=8996"},"modified":"2025-11-11T15:43:07","modified_gmt":"2025-11-11T20:43:07","slug":"cours-sur-mesure","status":"publish","type":"page","link":"https:\/\/af.ca\/ottawa\/cours-sur-mesure\/","title":{"rendered":"Cours sur mesure"},"content":{"rendered":"\r\n<p>L&rsquo;Alliance Fran\u00e7aise Ottawa offre une <strong>gamme \u00e9tendue de cours priv\u00e9s<\/strong> <strong>de fran\u00e7ais<\/strong> <strong>en ligne<\/strong> pour tous les apprenants, \u00a0<strong>du niveau d\u00e9butant au niveau avanc\u00e9<\/strong>. Choisissez le\u00a0<strong>tutorat priv\u00e9<\/strong>\u00a0et b\u00e9n\u00e9ficiez de la meilleure formation linguistique en fran\u00e7ais, totalement adapt\u00e9e \u00e0 vos besoins et vos objectifs\u00a0:<\/p>\r\n<ul>\r\n<li>Am\u00e9liorez vos comp\u00e9tences en lecture et \u00e9criture (compr\u00e9hension de l\u2019\u00e9crit et expression \u00e9crite)<\/li>\r\n<li>Am\u00e9liorez vos comp\u00e9tences orales (\u00e9couter et parler)<\/li>\r\n<li>Pr\u00e9parez-vous pour vos tests de comp\u00e9tence en langue seconde (compr\u00e9hension de l\u2019\u00e9crit, expression \u00e9crite, comp\u00e9tence orale)<\/li>\r\n<li>Entra\u00eenez-vous avant un examen<\/li>\r\n<li>Pratiquez avant un entretien d\u2019embauche<\/li>\r\n<li>Pratiquez avant un voyage dans un pays francophone<\/li>\r\n<\/ul>\r\n<p>Ces\u00a0<strong>cours sur mesure<\/strong>\u00a0sont con\u00e7us pour vous aider \u00e0 atteindre vos objectifs, \u00e0 votre rythme.<\/p>\r\n<p><strong><span style=\"color: #ff0000;\">Trouvez toutes les informations<\/span><span style=\"color: #ff0000;\"> ici:\u00a0<\/span><\/strong><span style=\"color: #ff0000;\"><strong><a style=\"color: #ff0000;\" href=\"https:\/\/af.ca\/ottawa\/wp-content\/uploads\/2025\/11\/AF-OTTAWA-Cours-sur-mesure-Information-2025-6.pdf\">AF OTTAWA &#8211; Cours Priv\u00e9s &#8211; Information 2025<\/a><\/strong><\/span><\/p>\r\n<p>Avant de vous inscrire, <a href=\"https:\/\/af.ca\/ottawa\/quel-est-mon-niveau\/#\/\" target=\"_blank\" rel=\"noopener\">testez votre niveau de fran\u00e7ais<\/a> !<\/p>\r\n<p><strong>Qu&rsquo;est-ce que nos \u00e9tudiants pensent de nos cours en ligne?<\/strong><\/p>\r\n<p><iframe loading=\"lazy\" src=\"\/\/www.youtube.com\/embed\/Xd5hSaZtS_U?t=4s\" width=\"560\" height=\"314\" allowfullscreen=\"allowfullscreen\"><\/iframe><\/p>\r\n<p>&nbsp;<\/p>\r\n","protected":false},"excerpt":{"rendered":"<p>L&rsquo;Alliance Fran\u00e7aise Ottawa offre une gamme \u00e9tendue de cours priv\u00e9s de fran\u00e7ais en ligne pour tous les apprenants, \u00a0du niveau d\u00e9butant au niveau avanc\u00e9. Choisissez le\u00a0tutorat priv\u00e9\u00a0et b\u00e9n\u00e9ficiez de la meilleure formation linguistique en fran\u00e7ais, totalement adapt\u00e9e \u00e0 vos besoins et vos objectifs\u00a0: Am\u00e9liorez vos comp\u00e9tences en lecture et \u00e9criture (compr\u00e9hension de l\u2019\u00e9crit et expression&#8230;<\/p>\n<p><a class=\"button invert-primary\" href=\"https:\/\/af.ca\/ottawa\/cours-sur-mesure\/\">En savoir plus<\/a><\/p>\n","protected":false},"author":3,"featured_media":0,"parent":0,"menu_order":208,"comment_status":"closed","ping_status":"closed","template":"","meta":{"_acf_changed":false,"om_disable_all_campaigns":false,"_monsterinsights_skip_tracking":false,"_monsterinsights_sitenote_active":false,"_monsterinsights_sitenote_note":"","_monsterinsights_sitenote_category":0,"footnotes":""},"class_list":["post-8996","page","type-page","status-publish","hentry"],"acf":[],"yoast_head":"<!-- This site is optimized with the Yoast SEO plugin v27.3 - https:\/\/yoast.com\/product\/yoast-seo-wordpress\/ -->\n<title>Cours sur mesure de fran\u00e7ais - Apprendre le fran\u00e7ais - Alliance Fran\u00e7aise Ottawa<\/title>\n<meta name=\"description\" content=\"Cours priv\u00e9 de fran\u00e7ais. Une\u00a0gamme \u00e9tendue de cours priv\u00e9s\u00a0de fran\u00e7ais en ligne du niveau d\u00e9butant au niveau avanc\u00e9 avec un enseignant de fran\u00e7ais qualifi\u00e9\" \/>\n<meta name=\"robots\" content=\"index, follow, max-snippet:-1, max-image-preview:large, max-video-preview:-1\" \/>\n<link rel=\"canonical\" href=\"https:\/\/af.ca\/ottawa\/cours-sur-mesure\/\" \/>\n<meta property=\"og:locale\" content=\"fr_FR\" \/>\n<meta property=\"og:type\" content=\"article\" \/>\n<meta property=\"og:title\" content=\"Cours sur mesure de fran\u00e7ais - Apprendre le fran\u00e7ais - Alliance Fran\u00e7aise Ottawa\" \/>\n<meta property=\"og:description\" content=\"Cours priv\u00e9 de fran\u00e7ais. Une\u00a0gamme \u00e9tendue de cours priv\u00e9s\u00a0de fran\u00e7ais en ligne du niveau d\u00e9butant au niveau avanc\u00e9 avec un enseignant de fran\u00e7ais qualifi\u00e9\" \/>\n<meta property=\"og:url\" content=\"https:\/\/af.ca\/ottawa\/cours-sur-mesure\/\" \/>\n<meta property=\"og:site_name\" content=\"Alliance Fran\u00e7aise Ottawa\" \/>\n<meta property=\"article:modified_time\" content=\"2025-11-11T20:43:07+00:00\" \/>\n<meta name=\"twitter:card\" content=\"summary_large_image\" \/>\n<meta name=\"twitter:label1\" content=\"Dur\u00e9e de lecture estim\u00e9e\" \/>\n\t<meta name=\"twitter:data1\" content=\"1 minute\" \/>\n<script type=\"application\/ld+json\" class=\"yoast-schema-graph\">{\"@context\":\"https:\\\/\\\/schema.org\",\"@graph\":[{\"@type\":\"WebPage\",\"@id\":\"https:\\\/\\\/af.ca\\\/ottawa\\\/cours-sur-mesure\\\/\",\"url\":\"https:\\\/\\\/af.ca\\\/ottawa\\\/cours-sur-mesure\\\/\",\"name\":\"Cours sur mesure de fran\u00e7ais - Apprendre le fran\u00e7ais - Alliance Fran\u00e7aise Ottawa\",\"isPartOf\":{\"@id\":\"https:\\\/\\\/af.ca\\\/ottawa\\\/#website\"},\"datePublished\":\"2023-01-03T13:08:22+00:00\",\"dateModified\":\"2025-11-11T20:43:07+00:00\",\"description\":\"Cours priv\u00e9 de fran\u00e7ais. Une\u00a0gamme \u00e9tendue de cours priv\u00e9s\u00a0de fran\u00e7ais en ligne du niveau d\u00e9butant au niveau avanc\u00e9 avec un enseignant de fran\u00e7ais qualifi\u00e9\",\"breadcrumb\":{\"@id\":\"https:\\\/\\\/af.ca\\\/ottawa\\\/cours-sur-mesure\\\/#breadcrumb\"},\"inLanguage\":\"fr-FR\",\"potentialAction\":[{\"@type\":\"ReadAction\",\"target\":[\"https:\\\/\\\/af.ca\\\/ottawa\\\/cours-sur-mesure\\\/\"]}]},{\"@type\":\"BreadcrumbList\",\"@id\":\"https:\\\/\\\/af.ca\\\/ottawa\\\/cours-sur-mesure\\\/#breadcrumb\",\"itemListElement\":[{\"@type\":\"ListItem\",\"position\":1,\"name\":\"Home\",\"item\":\"https:\\\/\\\/af.ca\\\/ottawa\\\/\"},{\"@type\":\"ListItem\",\"position\":2,\"name\":\"Cours sur mesure\"}]},{\"@type\":\"WebSite\",\"@id\":\"https:\\\/\\\/af.ca\\\/ottawa\\\/#website\",\"url\":\"https:\\\/\\\/af.ca\\\/ottawa\\\/\",\"name\":\"Alliance Fran\u00e7aise Ottawa\",\"description\":\"\u00c9cole de langue fran\u00e7aise et centre culturel\",\"potentialAction\":[{\"@type\":\"SearchAction\",\"target\":{\"@type\":\"EntryPoint\",\"urlTemplate\":\"https:\\\/\\\/af.ca\\\/ottawa\\\/?s={search_term_string}\"},\"query-input\":{\"@type\":\"PropertyValueSpecification\",\"valueRequired\":true,\"valueName\":\"search_term_string\"}}],\"inLanguage\":\"fr-FR\"}]}<\/script>\n<!-- \/ Yoast SEO plugin. -->","yoast_head_json":{"title":"Cours sur mesure de fran\u00e7ais - Apprendre le fran\u00e7ais - Alliance Fran\u00e7aise Ottawa","description":"Cours priv\u00e9 de fran\u00e7ais. Une\u00a0gamme \u00e9tendue de cours priv\u00e9s\u00a0de fran\u00e7ais en ligne du niveau d\u00e9butant au niveau avanc\u00e9 avec un enseignant de fran\u00e7ais qualifi\u00e9","robots":{"index":"index","follow":"follow","max-snippet":"max-snippet:-1","max-image-preview":"max-image-preview:large","max-video-preview":"max-video-preview:-1"},"canonical":"https:\/\/af.ca\/ottawa\/cours-sur-mesure\/","og_locale":"fr_FR","og_type":"article","og_title":"Cours sur mesure de fran\u00e7ais - Apprendre le fran\u00e7ais - Alliance Fran\u00e7aise Ottawa","og_description":"Cours priv\u00e9 de fran\u00e7ais. Une\u00a0gamme \u00e9tendue de cours priv\u00e9s\u00a0de fran\u00e7ais en ligne du niveau d\u00e9butant au niveau avanc\u00e9 avec un enseignant de fran\u00e7ais qualifi\u00e9","og_url":"https:\/\/af.ca\/ottawa\/cours-sur-mesure\/","og_site_name":"Alliance Fran\u00e7aise Ottawa","article_modified_time":"2025-11-11T20:43:07+00:00","twitter_card":"summary_large_image","twitter_misc":{"Dur\u00e9e de lecture estim\u00e9e":"1 minute"},"schema":{"@context":"https:\/\/schema.org","@graph":[{"@type":"WebPage","@id":"https:\/\/af.ca\/ottawa\/cours-sur-mesure\/","url":"https:\/\/af.ca\/ottawa\/cours-sur-mesure\/","name":"Cours sur mesure de fran\u00e7ais - Apprendre le fran\u00e7ais - Alliance Fran\u00e7aise Ottawa","isPartOf":{"@id":"https:\/\/af.ca\/ottawa\/#website"},"datePublished":"2023-01-03T13:08:22+00:00","dateModified":"2025-11-11T20:43:07+00:00","description":"Cours priv\u00e9 de fran\u00e7ais. Une\u00a0gamme \u00e9tendue de cours priv\u00e9s\u00a0de fran\u00e7ais en ligne du niveau d\u00e9butant au niveau avanc\u00e9 avec un enseignant de fran\u00e7ais qualifi\u00e9","breadcrumb":{"@id":"https:\/\/af.ca\/ottawa\/cours-sur-mesure\/#breadcrumb"},"inLanguage":"fr-FR","potentialAction":[{"@type":"ReadAction","target":["https:\/\/af.ca\/ottawa\/cours-sur-mesure\/"]}]},{"@type":"BreadcrumbList","@id":"https:\/\/af.ca\/ottawa\/cours-sur-mesure\/#breadcrumb","itemListElement":[{"@type":"ListItem","position":1,"name":"Home","item":"https:\/\/af.ca\/ottawa\/"},{"@type":"ListItem","position":2,"name":"Cours sur mesure"}]},{"@type":"WebSite","@id":"https:\/\/af.ca\/ottawa\/#website","url":"https:\/\/af.ca\/ottawa\/","name":"Alliance Fran\u00e7aise Ottawa","description":"\u00c9cole de langue fran\u00e7aise et centre culturel","potentialAction":[{"@type":"SearchAction","target":{"@type":"EntryPoint","urlTemplate":"https:\/\/af.ca\/ottawa\/?s={search_term_string}"},"query-input":{"@type":"PropertyValueSpecification","valueRequired":true,"valueName":"search_term_string"}}],"inLanguage":"fr-FR"}]}},"blog_post_layout_featured_media_urls":{"thumbnail":"","full":""},"categories_names":null,"comments_number":"0","_links":{"self":[{"href":"https:\/\/af.ca\/ottawa\/wp-json\/wp\/v2\/pages\/8996","targetHints":{"allow":["GET"]}}],"collection":[{"href":"https:\/\/af.ca\/ottawa\/wp-json\/wp\/v2\/pages"}],"about":[{"href":"https:\/\/af.ca\/ottawa\/wp-json\/wp\/v2\/types\/page"}],"author":[{"embeddable":true,"href":"https:\/\/af.ca\/ottawa\/wp-json\/wp\/v2\/users\/3"}],"replies":[{"embeddable":true,"href":"https:\/\/af.ca\/ottawa\/wp-json\/wp\/v2\/comments?post=8996"}],"version-history":[{"count":5,"href":"https:\/\/af.ca\/ottawa\/wp-json\/wp\/v2\/pages\/8996\/revisions"}],"predecessor-version":[{"id":24453,"href":"https:\/\/af.ca\/ottawa\/wp-json\/wp\/v2\/pages\/8996\/revisions\/24453"}],"wp:attachment":[{"href":"https:\/\/af.ca\/ottawa\/wp-json\/wp\/v2\/media?parent=8996"}],"curies":[{"name":"wp","href":"https:\/\/api.w.org\/{rel}","templated":true}]}}